{"id":29162,"date":"2019-03-15T13:55:33","date_gmt":"2019-03-15T13:55:33","guid":{"rendered":"https:\/\/abconlinehold.wpengine.com\/league-city\/"},"modified":"2021-08-19T11:43:40","modified_gmt":"2021-08-19T16:43:40","slug":"league-city-abogado-de-lesiones-personales","status":"publish","type":"page","link":"https:\/\/mcdonaldworley.com\/es\/league-city\/abogado-de-lesiones-personales","title":{"rendered":"Abogado de Lesiones Personales en League City"},"content":{"rendered":"<p>Si lo piensa, todos conocemos a alguien que ha estado involucrado en un caso de lesiones personales. Tal vez fue tu amigo o vecino. O tal vez haya tenido que presentar una demanda por lesiones personales contra alguien en el pasado. Si es as\u00ed, entonces sabe lo importante que es tener un buen <a href=\"https:\/\/mcdonaldworley.com\/es\/oxnard\/abogado-lesiones-personales\/\" target=\"_blank\" rel=\"noopener\">abogado de lesiones personales<\/a>.<\/p>\n<p>Tener un buen abogado puede marcar la diferencia entre ganar y perder su reclamo. No desea contratar a alguien que no sabe lo que est\u00e1 haciendo. Podr\u00edas terminar sin compensaci\u00f3n alguna. Adem\u00e1s, un buen abogado le conseguir\u00e1 el dinero que se merece.<\/p>\n<p>Es importante tener en cuenta que el trabajo de su abogado es hacer que se recupere. No es su trabajo hacerte rico. Solo puede recuperarse por los da\u00f1os que realmente sufre. Si en realidad no ha sufrido ninguna lesi\u00f3n, no espere recuperar millones en su demanda.<\/p>\n<p>En la vida real, la mayor\u00eda de los casos se conforman con mucho menos de lo que piensas. Su reclamo tiene que ser probado. Si no sufri\u00f3 lesiones graves, no espere recuperarse tanto, a pesar de lo que ve en la televisi\u00f3n y en las pel\u00edculas, la mayor\u00eda de los casos no le pagan millones en dolor y sufrimiento.<\/p>\n<p>Debido a que los accidentes ocurren en todo momento, nos aseguramos de brindarle asistencia las 24 horas del d\u00eda. Tambi\u00e9n siempre tenemos a alguien disponible para responder cualquier pregunta que pueda tener. Una vez que se re\u00fana con uno de nuestros abogados, \u00e9l puede ayudarlo a presentar su reclamo inicial. Dependiendo de su caso, puede tener derecho a ciertos<a href=\"https:\/\/www.nolo.com\/legal-encyclopedia\/damages-how-much-personal-injury-32264.html\" target=\"_blank\" rel=\"noopener noreferrer nofollow\"> tipos de compensaci\u00f3n<\/a>, que incluyen:<\/p>\n<ul>\n<li>Facturas m\u00e9dicas<\/li>\n<li>Salarios perdidos<\/li>\n<li>Da\u00f1o a la propiedad<\/li>\n<li>Incapacidad permanente<\/li>\n<li>Dolor y sufrimiento<\/li>\n<\/ul>\n<p>Si necesita los servicios de un <a href=\"https:\/\/mcdonaldworley.com\/es\/north-las-vegas\/abogado-lesiones-personales\/\" target=\"_blank\" rel=\"noopener\">abogado de lesiones personales<\/a>, llame y programe una consulta con nuestra oficina..<\/p>\n\n<h2>\u00bfQu\u00e9 hace que los abogados de lesiones personales de League City McDonald Worley sean especiales?<\/h2>\n<p>Conocemos la diferencia entre experiencia y falsas promesas. Nuestros abogados se enorgullecen de pasar a\u00f1os perfeccionando su oficio para que sean expertos. Nuestro personal est\u00e1 calificado para manejar su caso, sin importar qu\u00e9 tipo de lesi\u00f3n haya sufrido.<\/p>\n<p>En McDonald Worley, entendemos lo importante que es que elija el abogado adecuado. Necesita a alguien que pueda escucharlo y responder sus preguntas. Tambi\u00e9n necesitas a alguien que pueda hacerte justicia.<\/p>\n<p>Si ha estado involucrado en un caso de lesiones personales, ha sufrido da\u00f1os. Tiene derecho a ser compensado por estas lesiones. Sabemos lo que se necesita para que nuestros clientes obtengan el dinero que se merecen.<\/p>\n<p>Hemos pasado a\u00f1os manejando todo tipo de casos de lesiones personales. Su principal preocupaci\u00f3n es recuperarse de sus lesiones. Es por eso que necesita que manejemos el aspecto legal de las cosas mientras se recupera.<\/p>\n<p>Cuando llama a McDonald Worley, sabe que obtendr\u00e1 lo siguiente:<\/p>\n<ul>\n<li>Acceso 24\/7<\/li>\n<li>Consulta inicial gratuita<\/li>\n<li>Abogados experimentados que conocen la ley.<\/li>\n<li>Compasi\u00f3n<\/li>\n<li>Profesionales honestos que tienen sus mejores intereses en el coraz\u00f3n.<\/li>\n<\/ul>\n<p>Llame y programe su consulta inicial gratuita hoy.<\/p>\n<h2>Manejamos todo tipo de casos de lesiones personales en League City<\/h2>\n<p>Nuestros abogados pueden ayudarlo, independientemente del tipo de lesi\u00f3n que haya sufrido. <a href=\"https:\/\/mcdonaldworley.com\/es\/que-pasa-si-te-lastimas-en-juego-houston-texans\/\" target=\"_blank\" rel=\"noopener\">Los abogados de McDonald Worley han pasado<\/a> a\u00f1os manejando casos como el suyo.. Sabemos <a href=\"https:\/\/mcdonaldworley.com\/es\/texas\/mediacion-caso-de-lesiones-personales\/\" target=\"_blank\" rel=\"noopener\">que la mayor\u00eda de los casos de lesiones personales<\/a> implican negligencia.. Tenemos que demostrar que el acusado incumpli\u00f3 su deber de cuidado y, como resultado, result\u00f3 herido.<\/p>\n<p>No deber\u00eda tener que ser financieramente responsable de sus lesiones. Si alguien m\u00e1s caus\u00f3 su accidente, debe rendir cuentas. Ah\u00ed es donde entramos nosotros. Trabajaremos duro para obtener la compensaci\u00f3n que te mereces.<\/p>\n<p>Cuando se re\u00fana con su <a href=\"https:\/\/mcdonaldworley.com\/es\/santa-ana\/abogado-lesiones-personales\/\" target=\"_blank\" rel=\"noopener\">abogado de lesiones personales<\/a> de McDonald Worley por primera vez, traiga lo siguiente:<\/p>\n<ul>\n<li>Copias de sus facturas m\u00e9dicas.<\/li>\n<li>Prueba de cualquier tiempo perdido del trabajo<\/li>\n<li>Sus registros m\u00e9dicos<\/li>\n<li>Una copia del informe policial o del informe del accidente.<\/li>\n<li>Cualquier correspondencia recibida de la compa\u00f1\u00eda de seguros o del abogado del acusado<\/li>\n<li>Informaci\u00f3n de contacto para cualquier testigo<\/li>\n<li>Cualquier foto que tenga de la escena o de sus heridas.<\/li>\n<\/ul>\n<p>Su <a href=\"https:\/\/mcdonaldworley.com\/es\/new-york-city\/abogado-de-lesiones-personales\/\" target=\"_blank\" rel=\"noopener\">abogado de lesiones personales<\/a> de McDonald Worley revisar\u00e1 toda esta informaci\u00f3n con usted. De esta manera, \u00e9l puede hacerle saber si su caso es s\u00f3lido. Tambi\u00e9n puede hacerle saber cu\u00e1nto puede valer.<\/p>\n<p>Echemos un vistazo a algunos de los tipos m\u00e1s comunes de casos de lesiones personales que manejamos.<\/p>\n<h3>Accidentes automovil\u00edsticos<\/h3>\n<p>Vemos docenas de casos de accidentes automovil\u00edsticos cada a\u00f1o. Afortunadamente, la mayor\u00eda de ellos no causan lesiones graves. La mayor\u00eda de los accidentes automovil\u00edsticos son menores. A menudo manejamos casos que involucran accidentes en la parte trasera y dobladores de guardabarros. Sin embargo, tambi\u00e9n manejamos algunos accidentes automovil\u00edsticos graves. Las causas m\u00e1s comunes de accidentes automovil\u00edsticos en Texas son:<\/p>\n<ul>\n<li>Exceso de velocidad<\/li>\n<li>Cabeza en colisiones<\/li>\n<li>Conducci\u00f3n temeraria<\/li>\n<li>Conducci\u00f3n distraida<\/li>\n<li>Conducir en estado de ebriedad o bajo la influencia de drogas.<\/li>\n<li>Mensajes de texto y conducir<\/li>\n<\/ul>\n<p>Cualquier accidente automovil\u00edstico puede provocar lesiones graves. Por lo tanto, su abogado de lesiones personales de McDonald Worley luchar\u00e1 para asegurarse de que obtenga una compensaci\u00f3n por sus lesiones.<\/p>\n<h3>Accidentes de camiones<\/h3>\n<p>Los accidentes de camiones son muy peligrosos. Esto se debe a que un autom\u00f3vil no tiene ninguna posibilidad contra un cami\u00f3n con remolque. Tambi\u00e9n son demasiado grandes. Cuando consideramos que los conductores de camiones a veces trabajan 10 horas al d\u00eda, no es sorprendente que ocasionen accidentes de vez en cuando.<\/p>\n<p>Nos guste o no, tenemos que compartir el camino con los camiones. La gente se queja de ellos todo el tiempo. Pero sin ellos, no podr\u00edamos comprar y vender nuestros productos.<\/p>\n<p>Las causas de la mayor\u00eda de los accidentes de camiones son:<\/p>\n<ul>\n<li>Conducci\u00f3n distraida<\/li>\n<li>El conductor est\u00e1 sobrecargado<\/li>\n<li>Una carga demasiado grande<\/li>\n<li>Conducir deteriorado<\/li>\n<li>Exceso de velocidad o conducci\u00f3n descuidada<\/li>\n<li>Mantenimiento inadecuado del equipo.<\/li>\n<\/ul>\n<p>Si est\u00e1 involucrado en un accidente de cami\u00f3n, necesita un abogado experimentado en accidentes de cami\u00f3n como el que tenemos en McDonald Worley.<\/p>\n<h3>Accidentes de motos<\/h3>\n<p>Las motocicletas son peligrosas. Lo \u00fanico que se interpone entre usted y la carretera es un casco de pl\u00e1stico. Su cuerpo est\u00e1 a merced u otros conductores y en la carretera. Si no tiene cuidado, podr\u00eda terminar gravemente herido en un accidente de motocicleta.<\/p>\n<p>Si sufre un accidente de motocicleta, sufrir\u00e1 algunas lesiones bastante graves. Algunas de las lesiones causadas por accidentes de motocicleta son:<\/p>\n<ul>\n<li>Heridas en la cabeza<\/li>\n<li><a href=\"https:\/\/mcdonaldworley.com\/es\/houston\/lesiones-cerebrales-de-la-nfl\/\" target=\"_blank\" rel=\"noopener\">Lesiones cerebrales<\/a> traum\u00e1ticas..<\/li>\n<li>Laceraciones<\/li>\n<li>Quemaduras<\/li>\n<li>Huesos rotos<\/li>\n<li>Heridas internas<\/li>\n<\/ul>\n<p>Si se lastima en un accidente de motocicleta, debe llamar a nuestra oficina y programar una consulta. Revisaremos su caso y lo ayudaremos a decidir qui\u00e9n tuvo la culpa.<\/p>\n<h3>Accidentes de peatones<\/h3>\n<p>Los accidentes de peatones son dif\u00edciles de manejar. No tiene nada que ver con probar la causalidad. No es muy dif\u00edcil demostrar que sus lesiones fueron causadas por su accidente. El problema es que sus lesiones ser\u00e1n bastante graves.<\/p>\n<p>Probablemente perder\u00e1 mucho tiempo del trabajo. Tambi\u00e9n puede incluso quedar discapacitado permanentemente. Su abogado tendr\u00e1 que trabajar duro para asegurarse de que reciba una compensaci\u00f3n justa por esto.<\/p>\n<p>Como peat\u00f3n, debes tener mucho cuidado. Otros conductores pueden no verte. Si te atropella un autom\u00f3vil, probablemente terminar\u00e1s en el hospital. Esto se debe a que no hay nada que lo proteja del impacto. Por lo tanto, si esto le sucede, tendr\u00e1 derecho a da\u00f1os significativos por sus lesiones.<\/p>\n<h3>Accidentes de bicicleta<\/h3>\n<p>A la gente le gusta andar en bicicleta. Es bueno para la salud y el medio ambiente. Lamentablemente, \u00abvolverse verde\u00bb podr\u00eda terminar con que te golpee un autom\u00f3vil<\/p>\n<p>Sabemos que los conductores de autom\u00f3viles no siempre prestan atenci\u00f3n a la carretera. Se preocupan por otros autos. Pero no siempre buscan bicicletas. Si lo atropella un autom\u00f3vil, necesitar\u00e1 un <a href=\"https:\/\/mcdonaldworley.com\/es\/sunrise-manor\/abogado-lesiones-personales\/\" target=\"_blank\" rel=\"noopener\">abogado con experiencia en lesiones personales<\/a> como los de McDonald Worley..<\/p>\n<h3>Responsabilidad del local<\/h3>\n<p>Los casos de responsabilidad de locales constituyen una gran parte de nuestro n\u00famero de casos. Muchos de nuestros clientes se <a href=\"https:\/\/mcdonaldworley.com\/es\/demandar-a-su-vecino-si-se-lastima-en-su-propiedad\/\" target=\"_blank\" rel=\"noopener\">lastiman en la propiedad<\/a> de otras personas.. Los propietarios tienen la responsabilidad de mantener sus instalaciones limpias y seguras. Si no hacen esto, la gente se lastima. Si se cae o se lastima en la propiedad de alguien, debe comunicarse con nuestra oficina.<\/p>\n<p>Lo primero que deber\u00e1 hacer es presentar un reclamo contra la compa\u00f1\u00eda de seguros del demandado. Su abogado puede ayudarlo a hacer esto. Si su reclamo es denegado, deber\u00e1 presentar una demanda.<\/p>\n<p>Algunos de los tipos m\u00e1s comunes de casos de responsabilidad de locales son:<\/p>\n<ul>\n<li>Resbalones y ca\u00eddas en los grandes almacenes.<\/li>\n<li>Cortes y laceraciones en restaurantes y tiendas.<\/li>\n<li>Quemaduras en un restaurante<\/li>\n<li>Ca\u00eddas en estacionamientos<\/li>\n<li>Mordidas de perro<\/li>\n<li>Falla en el equipo<\/li>\n<\/ul>\n<p>Su <a href=\"https:\/\/mcdonaldworley.com\/es\/irvine\/abogado-lesiones-personales\/\" target=\"_blank\" rel=\"noopener\">abogado de lesiones personales<\/a> en McDonald Worley luchar\u00e1 para obtener la compensaci\u00f3n que se merece. Intentar\u00e1n negociar un arreglo de su caso. Lo \u00faltimo que quieren hacer es presentar una demanda, pero lo har\u00e1n si es necesario.<\/p>\n<h2>Manejamos otros tipos de casos de lesiones personales en League City<\/h2>\n<p>Manejamos mucho m\u00e1s que solo casos de accidentes. La mayor\u00eda de los casos de lesiones personales no involucran accidentes en absoluto. Un caso de lesiones personales es aquel en el que sus lesiones son causadas a manos de otro. Los accidentes automovil\u00edsticos son comunes. Pero no hay l\u00edmite para la cantidad de personas que pueden lastimarse.<\/p>\n<p>Nuestros <a href=\"https:\/\/mcdonaldworley.com\/es\/baytown\/abogado-de-lesiones-personales\/\" target=\"_blank\" rel=\"noopener\">abogados pueden manejar cualquier tipo de caso de lesiones personales.<\/a>. Tenemos a\u00f1os de experiencia manejando todo tipo de reclamos por lesiones personales. Lo m\u00e1s probable es que su reclamo se base en negligencia. Por lo tanto, su <a href=\"https:\/\/mcdonaldworley.com\/es\/houston\/abogado-de-lesiones-en-la-cabeza-de-houston\/\" target=\"_blank\" rel=\"noopener\">abogado demostrar\u00e1 que el acusado es responsable de sus lesiones.<\/a>.<\/p>\n<p>Echemos un vistazo a los tipos m\u00e1s comunes de casos de lesiones personales aqu\u00ed.<\/p>\n<h3>Abuso de hogar de ancianos<\/h3>\n<p>Muchas personas hoy en d\u00eda dependen de hogares de ancianos para cuidar a sus padres ancianos. Cuando ya no podemos cuidarlos, recurrimos a cuidadores profesionales. Nuestra esperanza es que podamos confiar en las enfermeras y los m\u00e9dicos para que cuiden bien de nuestros seres queridos.<\/p>\n<p>Lamentablemente, no todos en el sector de la salud se toman en serio su trabajo. Algunos residentes de hogares de ancianos son lastimados por el personal. Otros son heridos por otros residentes. A\u00fan as\u00ed, para otros, terceros abusan de ellos.<\/p>\n<p>Algunos de los tipos comunes de casos de abuso en hogares de ancianos que vemos incluyen:<\/p>\n<ul>\n<li>\u00dalceras por presi\u00f3n<\/li>\n<li>Negligencia<\/li>\n<li>Ca\u00eddas<\/li>\n<li>Abuso sexual<\/li>\n<li>Abuso f\u00edsico<\/li>\n<li>Abuso mental y emocional<\/li>\n<li>Abuso financiero<\/li>\n<\/ul>\n<p>Si su ser querido ha sido v\u00edctima de abuso en hogares de ancianos, debe llamar a nuestra oficina. El abuso puede estar en manos de un empleado de un hogar de ancianos u otro residente. De cualquier manera, nuestros abogados experimentados pueden revisar su caso y hacerle saber lo que se puede hacer.<\/p>\n<h3>Drogas Peligrosas<\/h3>\n<p>Si alguna vez le recetaron un medicamento, probablemente recibi\u00f3 instrucciones que le indicaron cu\u00e1les podr\u00edan ser los efectos secundarios negativos. Los comerciales de televisi\u00f3n para medicamentos enumeran docenas de efectos secundarios y peligros. Esto se debe a que se est\u00e1n poniendo m\u00e1s y m\u00e1s drogas en el mercado. Algunas de estas drogas terminan siendo bastante peligrosas para los consumidores.<\/p>\n<p>Desafortunadamente, no todos los medicamentos se prueban de la manera en que la FDA deber\u00eda hacerlo. Algunas drogas en el mercado no deber\u00edan serlo.<\/p>\n<p>Algunas de las drogas m\u00e1s peligrosas en el mercado hoy en d\u00eda son:<\/p>\n<ul>\n<li>Antidepresivos como Prozac y Zoloft<\/li>\n<li>Medicamentos para el dolor como fentanilo y oxicodona.<\/li>\n<li>Adem\u00e1s, medicamentos para la diabetes como Avandia y Actos.<\/li>\n<li>Medicamentos anticonceptivos.<\/li>\n<\/ul>\n<p>Si usted o un ser querido ha resultado lesionado por alguna droga peligrosa, puede tener derecho a una indemnizaci\u00f3n.<\/p>\n<h3>Productos defectuosos<\/h3>\n<p>Los <a href=\"https:\/\/mcdonaldworley.com\/es\/san-bernardino\/abogado-lesiones-personales\/\" target=\"_blank\" rel=\"noopener\">abogados de lesiones personales<\/a> manejan muchos casos de productos defectuosos.. Hay dos (2) tipos de defectos: defectos de dise\u00f1o y defectos de fabricaci\u00f3n.<\/p>\n<p>Un defecto de dise\u00f1o ocurre cuando un producto es inherentemente peligroso. No importa cu\u00e1nto control de calidad se use, el producto representar\u00e1 un peligro para sus usuarios.<\/p>\n<p>Un defecto de fabricaci\u00f3n es causado por un problema con la producci\u00f3n. Por ejemplo, un pestillo de seguridad puede no estar incluido en una herramienta determinada. Si se hubiera hecho correctamente, habr\u00eda sido seguro para su uso.<\/p>\n<p>Nuestros <a href=\"https:\/\/mcdonaldworley.com\/es\/sugarland\/abogado-de-lesiones-personales\/\" target=\"_blank\" rel=\"noopener\">abogados de lesiones personales<\/a> presentar\u00e1n reclamos contra el fabricante de estos productos.. Intentar\u00e1n negociar un acuerdo con la compa\u00f1\u00eda de seguros de la compa\u00f1\u00eda. Si esto no es posible, \u00e9l presentar\u00e1 una demanda en su nombre.<\/p>\n<h3>Reclamaciones de mesotelioma<\/h3>\n<p>Cada vez m\u00e1s, estamos viendo casos de <a href=\"https:\/\/mcdonaldworley.com\/es\/washington-dc\/abogado-de-lesiones-personales\/\" target=\"_blank\" rel=\"noopener\">lesiones personales<\/a> que involucran reclamos de mesotelioma.. Estos casos sol\u00edan resolverse mediante acciones de clase. Ahora que hay tan pocas personas con la enfermedad, se manejan de forma individual. La mayor\u00eda de las personas diagnosticadas con mesotelioma ya han fallecido.<\/p>\n<p>El mesotelioma es causado por la exposici\u00f3n al asbesto. Aunque es ilegal usar asbesto hoy en d\u00eda, todav\u00eda hay personas que estuvieron expuestas a la sustancia por largos per\u00edodos de tiempo. Una vez que se les diagnostica esta enfermedad, ya es demasiado tarde para hacer algo al respecto.<\/p>\n<p>Si a su ser querido le diagnosticaron mesotelioma, comun\u00edquese con nuestra oficina de inmediato. Tiene derecho a una indemnizaci\u00f3n y tampoco puede permitirse el lujo de esperar.<\/p>\n<h2>\u00bfCu\u00e1les son los tipos m\u00e1s comunes de lesiones personales?<\/h2>\n<p>Manejamos todo tipo de lesiones personales. Algunos de ellos requieren cirug\u00eda y fisioterapia. Nuestros clientes a menudo pierden semanas o meses de trabajo. Tambi\u00e9n terminan con una tonelada en facturas m\u00e9dicas.<\/p>\n<p>Muchas de sus lesiones pueden requerir cirug\u00eda o fisioterapia. Puede pasar d\u00edas o semanas en el hospital.<\/p>\n<p>Algunos de los <a href=\"https:\/\/www.nolo.com\/legal-encyclopedia\/what-the-most-common-vehicle-accident-injuries.html\" target=\"_blank\" rel=\"noopener noreferrer nofollow\">tipos m\u00e1s comunes de lesiones<\/a> que vemos incluyen:<\/p>\n<ul>\n<li>Lesiones de espalda<\/li>\n<li>Heridas en la cabeza<\/li>\n<li>Lesiones cerebrales traum\u00e1ticas.<\/li>\n<li>Lesiones en el cuello<\/li>\n<li>Heridas internas<\/li>\n<li>Laceraciones<\/li>\n<li>Huesos rotos<\/li>\n<\/ul>\n<p>No todas las lesiones son obvias de inmediato. Algunas lesiones, como una lesi\u00f3n cerebral traum\u00e1tica o lesiones internas, pueden tardar horas o d\u00edas en aparecer. Es por eso que debe ir al hospital de inmediato. Pueden hacer las pruebas que necesita para descubrir qu\u00e9 lesiones ha sufrido.<\/p>\n<p>Nuestros abogados trabajan arduamente para obtener la compensaci\u00f3n que usted merece.<\/p>\n<h2>McDonald Worley proteger\u00e1 sus derechos en League City, Texas<\/h2>\n<p>Si se lastima en un accidente de lesiones personales, merece una indemnizaci\u00f3n. Es posible que tenga que presentar un reclamo contra un individuo o una compa\u00f1\u00eda de seguros. De cualquier manera, su abogado intentar\u00e1 resolver su caso.<\/p>\n<p>La mayor\u00eda de los casos se resuelven fuera de los tribunales. Nadie quiere un juicio. Los ensayos son caros y requieren mucho tiempo.<\/p>\n<p>Podr\u00eda presentar un reclamo contra varias partes, que incluyen:<\/p>\n<ul>\n<li><strong>Individuos<\/strong>: puede presentar un reclamo contra el conductor de un autom\u00f3vil. O puede que tenga que presentar una demanda contra el due\u00f1o de un perro.<\/li>\n<li><strong>Negocios:<\/strong> podr\u00eda ser atropellado por un remolque de tractor. Si este es el caso, tendr\u00e1 un reclamo contra la compa\u00f1\u00eda que emplea al conductor.<\/li>\n<li><strong>Compa\u00f1\u00edas de seguros<\/strong>: con la mayor\u00eda de los casos de lesiones personales, el acusado tiene seguro. Su abogado har\u00e1 todo lo posible para negociar un acuerdo para que no tenga que presentar una demanda.<\/li>\n<li><strong>Agencias gubernamentales y locales<\/strong>: estos casos son poco frecuentes. Sin embargo, es posible que tenga un reclamo contra un municipio o ciudad.<\/li>\n<\/ul>\n<p>Su abogado demostrar\u00e1 que los acusados \u200b\u200bson responsables de sus lesiones. Entonces, \u00e9l te conseguir\u00e1 la compensaci\u00f3n que te mereces.<\/p>\n<h2>Contacte a un abogado de lesiones personales en McDonald Worley en League City, Texas<\/h2>\n<p>Si ha resultado herido en un caso de lesiones personales, comun\u00edquese con nuestra oficina. Llame y programe una consulta inicial gratuita con uno de <a href=\"https:\/\/mcdonaldworley.com\/es\/\">nuestros abogados con experiencia en lesiones personales<\/a> hoy. Les damos a nuestros amigos en <a href=\"https:\/\/mcdonaldworley.com\/es\/league-city\/abogado-accidentes-automovilisticos\/\" target=\"_blank\" rel=\"noopener\">League City<\/a> la tranquilidad que necesitan durante un momento dif\u00edcil.<\/p>\n<p>Por \u00faltimo, nuestros abogados luchar\u00e1n por conseguirle cada centavo que se merece. Le haremos justicia. Su primera consulta es gratis. Y recuerde: no paga nada hasta que gane su caso.<\/p>\n","protected":false},"excerpt":{"rendered":"<p>Si lo piensa, todos conocemos a alguien que ha estado involucrado en un caso de lesiones personales. Tal vez fue tu amigo o vecino. O tal vez haya tenido que presentar una demanda por lesiones personales contra alguien en el pasado. Si es as\u00ed, entonces sabe lo importante que es tener un buen abogado de [&hellip;]<\/p>\n","protected":false},"author":65,"featured_media":0,"parent":32744,"menu_order":0,"comment_status":"closed","ping_status":"closed","template":"","meta":{"_acf_changed":false,"site-sidebar-layout":"default","site-content-layout":"","ast-site-content-layout":"default","site-content-style":"default","site-sidebar-style":"default","ast-global-header-display":"","ast-banner-title-visibility":"","ast-main-header-display":"","ast-hfb-above-header-display":"","ast-hfb-below-header-display":"","ast-hfb-mobile-header-display":"","site-post-title":"","ast-breadcrumbs-content":"","ast-featured-img":"","footer-sml-layout":"","ast-disable-related-posts":"","theme-transparent-header-meta":"","adv-header-id-meta":"","stick-header-meta":"","header-above-stick-meta":"","header-main-stick-meta":"","header-below-stick-meta":"","astra-migrate-meta-layouts":"default","ast-page-background-enabled":"default","ast-page-background-meta":{"desktop":{"background-color":"var(--ast-global-color-4)","background-image":"","background-repeat":"repeat","background-position":"center center","background-size":"auto","background-attachment":"scroll","background-type":"","background-media":"","overlay-type":"","overlay-color":"","overlay-opacity":"","overlay-gradient":""},"tablet":{"background-color":"","background-image":"","background-repeat":"repeat","background-position":"center center","background-size":"auto","background-attachment":"scroll","background-type":"","background-media":"","overlay-type":"","overlay-color":"","overlay-opacity":"","overlay-gradient":""},"mobile":{"background-color":"","background-image":"","background-repeat":"repeat","background-position":"center center","background-size":"auto","background-attachment":"scroll","background-type":"","background-media":"","overlay-type":"","overlay-color":"","overlay-opacity":"","overlay-gradient":""}},"ast-content-background-meta":{"desktop":{"background-color":"var(--ast-global-color-5)","background-image":"","background-repeat":"repeat","background-position":"center center","background-size":"auto","background-attachment":"scroll","background-type":"","background-media":"","overlay-type":"","overlay-color":"","overlay-opacity":"","overlay-gradient":""},"tablet":{"background-color":"var(--ast-global-color-5)","background-image":"","background-repeat":"repeat","background-position":"center center","background-size":"auto","background-attachment":"scroll","background-type":"","background-media":"","overlay-type":"","overlay-color":"","overlay-opacity":"","overlay-gradient":""},"mobile":{"background-color":"var(--ast-global-color-5)","background-image":"","background-repeat":"repeat","background-position":"center center","background-size":"auto","background-attachment":"scroll","background-type":"","background-media":"","overlay-type":"","overlay-color":"","overlay-opacity":"","overlay-gradient":""}},"footnotes":""},"class_list":["post-29162","page","type-page","status-publish","hentry"],"acf":[],"_links":{"self":[{"href":"https:\/\/mcdonaldworley.com\/es\/wp-json\/wp\/v2\/pages\/29162","targetHints":{"allow":["GET"]}}],"collection":[{"href":"https:\/\/mcdonaldworley.com\/es\/wp-json\/wp\/v2\/pages"}],"about":[{"href":"https:\/\/mcdonaldworley.com\/es\/wp-json\/wp\/v2\/types\/page"}],"author":[{"embeddable":true,"href":"https:\/\/mcdonaldworley.com\/es\/wp-json\/wp\/v2\/users\/65"}],"replies":[{"embeddable":true,"href":"https:\/\/mcdonaldworley.com\/es\/wp-json\/wp\/v2\/comments?post=29162"}],"version-history":[{"count":0,"href":"https:\/\/mcdonaldworley.com\/es\/wp-json\/wp\/v2\/pages\/29162\/revisions"}],"up":[{"embeddable":true,"href":"https:\/\/mcdonaldworley.com\/es\/wp-json\/wp\/v2\/pages\/32744"}],"wp:attachment":[{"href":"https:\/\/mcdonaldworley.com\/es\/wp-json\/wp\/v2\/media?parent=29162"}],"curies":[{"name":"wp","href":"https:\/\/api.w.org\/{rel}","templated":true}]}}