{"id":29159,"date":"2019-03-15T14:46:15","date_gmt":"2019-03-15T14:46:15","guid":{"rendered":"https:\/\/abconlinehold.wpengine.com\/baytown\/"},"modified":"2021-08-17T07:30:39","modified_gmt":"2021-08-17T12:30:39","slug":"baytown-abogado-de-lesiones-personales","status":"publish","type":"page","link":"https:\/\/mcdonaldworley.com\/es\/baytown\/abogado-de-lesiones-personales","title":{"rendered":"Abogado de Lesiones Personales en Baytown"},"content":{"rendered":"<p>Los accidentes ocurren todos los d\u00edas. Si pas\u00e1ramos todo nuestro tiempo preocup\u00e1ndonos por eso, no har\u00edamos nada m\u00e1s. Pero es una buena idea saber qu\u00e9 hacer si resulta herido en un accidente de lesiones personales. \u00bfA qui\u00e9n llamas? \u00bfQu\u00e9 haces? Si alguna vez has sido v\u00edctima de un caso de lesiones personales, sabes exactamente lo importante que es esto.<\/p>\n<p>Cuando escuchamos sobre personas que resultan heridas en accidentes, siempre decimos una peque\u00f1a oraci\u00f3n, agradeciendo a nuestras estrellas de la suerte que no fuimos nosotros. No solo tiene que preocuparse por posibles lesiones. Tienes que preocuparte por los inconvenientes y la frustraci\u00f3n involucrados. Tambi\u00e9n tendr\u00e1 que presentar un reclamo de seguro. Puede que tenga que presentar una demanda. Afortunadamente, los <a href=\"https:\/\/mcdonaldworley.com\/es\/houston\/abogado-de-lesiones-en-la-cabeza-de-houston\/\" target=\"_blank\" rel=\"noopener\">abogados de lesiones<\/a> personales en McDonald Worley pueden hacerlo sin problemas..<\/p>\n<p>Si te lastimas por la acci\u00f3n de otra persona, es necesario que rindan cuentas. Lo \u00faltimo que desea hacer es pagar de su bolsillo por su atenci\u00f3n m\u00e9dica. La persona que caus\u00f3 su accidente deber\u00eda compensarlo por sus lesiones. Esto es lo que hacen los abogados de McDonald Worley. Se aseguran de que obtenga la compensaci\u00f3n que se merece.<\/p>\n<p>Sabemos que los accidentes pueden ocurrir en cualquier momento del d\u00eda o de la noche. Es por eso que tenemos a alguien listo para responder sus preguntas 24\/7. Llame a nuestra oficina o chatee con nosotros en l\u00ednea y d\u00edganos c\u00f3mo podemos ayudarlo. Si se lastima por las acciones de otra persona, tiene derecho a ciertos <a href=\"https:\/\/www.nolo.com\/legal-encyclopedia\/damages-how-much-personal-injury-32264.html\" target=\"_blank\" rel=\"noopener noreferrer nofollow\">tipos de compensaci\u00f3n<\/a>, que incluyen:<\/p>\n<ul>\n<li>Facturas m\u00e9dicas<\/li>\n<li>Salarios perdidos<\/li>\n<li>Da\u00f1o a la propiedad<\/li>\n<li>Incapacidad permanente<\/li>\n<li>Dolor y sufrimiento<\/li>\n<\/ul>\n<p>Si necesita los servicios de un abogado de lesiones personales, llame y programe una consulta con nuestra oficina.<\/p>\n<h2>\u00bfQu\u00e9 hace que los Abogados de Lesiones Personales McDonald Worley de Baytown sean especiales?<\/h2>\n<p>El hecho de que un <a href=\"https:\/\/mcdonaldworley.com\/fontana\/personal-injury-attorney\/\" target=\"_blank\" rel=\"noopener\">abogado diga que puede manejar su caso de lesiones personales<\/a> no significa que sea un experto. Desea utilizar un abogado que pase sus d\u00edas y noches trabajando en casos de lesiones personales. Si se divorciara, no querr\u00eda recurrir a un abogado de lesiones personales. Entonces, \u00bfpor qu\u00e9 usar\u00eda un <a href=\"https:\/\/mcdonaldworley.com\/es\/houston\/abogado-de-divorcios\/\" target=\"_blank\" rel=\"noopener\">abogado de divorcio<\/a> para manejar su caso de lesiones personales.?<\/p>\n<p>En McDonald Worley, sabemos lo importante que es la experiencia. Nuestros abogados tienen d\u00e9cadas de experiencia manejando casos de lesiones personales. Sabemos lo que se necesita para que nuestros clientes obtengan el dinero que se merecen.<\/p>\n<p>Sabemos c\u00f3mo manejar todo tipo de casos de lesiones personales. Adem\u00e1s, sabemos que su principal preocupaci\u00f3n es recuperarse de sus lesiones. Es por eso que estamos aqu\u00ed para manejar el aspecto legal de las cosas mientras se recupera.<\/p>\n<p>Cuando llama a McDonald Worley, sabe que obtendr\u00e1 lo siguiente:<\/p>\n<ul>\n<li><strong>Acceso 24\/7<\/strong><\/li>\n<li><strong>Consulta inicial gratuita<\/strong><\/li>\n<li><strong>Abogados experimentados que conocen la ley<\/strong><\/li>\n<li><strong>Compasi\u00f3n<\/strong><\/li>\n<li><strong>Profesionales honestos que tienen sus mejores intereses en el coraz\u00f3n<\/strong><\/li>\n<\/ul>\n<p>Llame y programe su consulta inicial gratuita hoy.<\/p>\n<h2>Manejamos todo tipo de casos de lesiones personales en Baytown<\/h2>\n<p>No importa qu\u00e9 tipo de lesi\u00f3n personal tenga, nuestro abogado de McDonald Worley puede ayudarlo. Llevamos a\u00f1os manejando casos como el suyo. Entendemos que la mayor\u00eda de los casos de lesiones personales implican negligencia. Sabemos que tenemos que demostrar que el acusado no se comport\u00f3 de la manera que debi\u00f3 hacerlo y, como resultado, usted result\u00f3 herido.<\/p>\n<p>No hay ninguna raz\u00f3n por la que deba sufrir sus heridas solo. Si alguien es responsable de su accidente, debe rendir cuentas. Ah\u00ed es donde entra McDonald Worley. Trabajamos duro para obtener la compensaci\u00f3n que te mereces.<\/p>\n<p>Cuando se re\u00fana con su <a href=\"https:\/\/mcdonaldworley.com\/es\/abogado-de-lesiones-por-talco\/\" target=\"_blank\" rel=\"noopener\">abogado de lesiones personales de McDonald Worley por<\/a> primera vez, espere lo siguiente:<\/p>\n<ul>\n<li>Un abogado experimentado revisar\u00e1 su caso y responder\u00e1 cualquier pregunta que pueda tener<\/li>\n<li>Su abogado le dar\u00e1 una idea de lo que puede valer su caso<\/li>\n<li>Uno de nuestros <a href=\"https:\/\/mcdonaldworley.com\/es\/sugarland\/abogado-de-lesiones-personales\/\" target=\"_blank\" rel=\"noopener\">abogados de lesiones personales<\/a> explicar\u00e1 c\u00f3mo funciona el proceso legal.<\/li>\n<\/ul>\n<p>Echemos un vistazo a algunos de los tipos m\u00e1s comunes de casos de lesiones personales que manejamos.<\/p>\n<h3>Accidentes automovil\u00edsticos<\/h3>\n<p>Texas ve miles de <a href=\"https:\/\/mcdonaldworley.com\/es\/riverside\/abogado-accidentes-automovilisticos\/\" target=\"_blank\" rel=\"noopener\">accidentes automovil\u00edsticos<\/a> cada a\u00f1o.. La buena noticia es que la mayor\u00eda de ellos no causan lesiones muy graves. La mayor\u00eda de los accidentes automovil\u00edsticos son menores. Vemos cosas como accidentes traseros y dobladores de guardabarros. Sin embargo, tambi\u00e9n manejamos algunos accidentes automovil\u00edsticos muy graves. Las causas m\u00e1s comunes de <a href=\"https:\/\/mcdonaldworley.com\/es\/baytown\/abogado-accidentes-automovilisticos\/\" target=\"_blank\" rel=\"noopener\">accidentes automovil\u00edsticos<\/a> en Texas son:<\/p>\n<ul>\n<li>Exceso de velocidad<\/li>\n<li>Cabeza en colisiones<\/li>\n<li>Conducci\u00f3n temeraria<\/li>\n<li>Conducci\u00f3n distraida<\/li>\n<li>Conducir en estado de ebriedad o bajo la influencia de drogas.<\/li>\n<li>Mensajes de texto y conducir<\/li>\n<\/ul>\n<p>Cualquiera de estos puede provocar lesiones muy graves. Su <a href=\"https:\/\/mcdonaldworley.com\/es\/sunrise-manor\/abogado-lesiones-personales\/\" target=\"_blank\" rel=\"noopener\">abogado de lesiones personales<\/a> de McDonald Worley luchar\u00e1 para asegurarse de que obtenga justicia..<\/p>\n<h3>Accidentes de camiones<\/h3>\n<p>Los accidentes de camiones pueden ser los tipos de accidentes m\u00e1s peligrosos. Su autom\u00f3vil no tiene ninguna posibilidad contra un veh\u00edculo comercial. Los camiones son tan grandes y pesados \u200b\u200bque ning\u00fan veh\u00edculo de pasajeros puede soportar su impacto. Lamentablemente, son los veh\u00edculos de pasajeros los que generalmente sufren las consecuencias.<\/p>\n<p>Por mucho que no queramos, tenemos que compartir el camino con los tractores. No es que los conductores comerciales sean malas personas. Solo tienen que manejar m\u00e1quinas grandes todo el d\u00eda. Esto los hace muy vulnerables a verse involucrados en accidentes de camiones. La mayor\u00eda de los accidentes de camiones son causados \u200b\u200bpor:<\/p>\n<ul>\n<li>Conducci\u00f3n distraida<\/li>\n<li>El conductor est\u00e1 sobrecargado<\/li>\n<li>Una carga demasiado grande<\/li>\n<li>Conducir deteriorado<\/li>\n<li>Exceso de velocidad o conducci\u00f3n descuidada<\/li>\n<li>Mantenimiento inadecuado del equipo.<\/li>\n<\/ul>\n<p>Si est\u00e1 involucrado en un accidente de cami\u00f3n, necesita un abogado experimentado en accidentes de cami\u00f3n como el que tenemos en McDonald Worley.<\/p>\n<h3>Accidentes de motos<\/h3>\n<p>Si manejas una motocicleta, sabes lo peligrosos que pueden ser. Podr\u00edas ser el piloto m\u00e1s cuidadoso del mundo. Sin embargo, eso no cambia el hecho de que otros autos no siempre te ven en la carretera. El otro problema es que no tiene nada que se interponga entre usted y la carretera.<\/p>\n<p>Lo \u00fanico que lo protege de un veh\u00edculo de dos toneladas es un casco de pl\u00e1stico. Si tiene un accidente, sufrir\u00e1 algunas lesiones bastante graves. Algunas de las lesiones causadas por accidentes de motocicleta son:<\/p>\n<ul>\n<li>Heridas en la cabeza<\/li>\n<li>Lesiones cerebrales traum\u00e1ticas.<\/li>\n<li>Laceraciones<\/li>\n<li>Quemaduras<\/li>\n<li>Huesos rotos<\/li>\n<li>Heridas internas<\/li>\n<\/ul>\n<p>Si se lastima en un accidente de motocicleta, debe llamar a nuestra oficina y programar una consulta. Revisaremos su caso y lo ayudaremos a decidir qui\u00e9n tuvo la culpa.<\/p>\n<h3>Accidentes de peatones<\/h3>\n<p>El problema con los accidentes de peatones es que pueden dar miedo a todos los involucrados. Nadie quiere chocar contra un peat\u00f3n. Los conductores se esfuerzan por tener cuidado y vigilar a las personas a pie. Sin embargo, no siempre es f\u00e1cil notar que las personas caminan por el camino.<\/p>\n<p>Como peat\u00f3n, debes tener mucho cuidado. Es posible que no sea visible para los conductores en la carretera. Si te atropella un autom\u00f3vil, probablemente terminar\u00e1s en el hospital. Esto se debe a que no hay nada que lo proteja del impacto. Si esto le sucede, tendr\u00e1 derecho a da\u00f1os significativos por sus lesiones.<\/p>\n<h3>Accidentes de bicicleta<\/h3>\n<p>Andar en bicicleta es bueno para su salud y para el medio ambiente. Lamentablemente, \u00abvolverse verde\u00bb podr\u00eda terminar en un accidente de bicicleta. Te guste o no, debes compartir el camino con autos y camiones.<\/p>\n<p>Sabemos que los conductores de autom\u00f3viles no siempre prestan atenci\u00f3n a la carretera. Se preocupan por otros autos. No siempre buscan bicicletas. Esto es especialmente cierto si est\u00e1s en una carretera estatal o una avenida principal. Si lo atropella un autom\u00f3vil, necesitar\u00e1 un <a href=\"https:\/\/mcdonaldworley.com\/atascocita\/personal-injury-lawyer\/\" target=\"_blank\" rel=\"noopener\">abogado con experiencia en lesiones personales<\/a> como los de McDonald Worley..<\/p>\n<h3>Responsabilidad del local<\/h3>\n<p>Los casos de responsabilidad de locales constituyen una gran cantidad de los casos que manejamos. Si se cae o se <a href=\"https:\/\/mcdonaldworley.com\/es\/demandar-a-su-vecino-si-se-lastima-en-su-propiedad\/\" target=\"_blank\" rel=\"noopener\">lastima mientras est\u00e1 en la propiedad<\/a> de otra persona, es posible que tenga un reclamo por lesiones personales.. Los propietarios tienen la responsabilidad de mantener sus instalaciones limpias y seguras. Si no hacen esto, podr\u00edas lastimarte.<\/p>\n<p>Si esto le sucede, lo primero que tendr\u00e1 que hacer es presentar un reclamo contra su compa\u00f1\u00eda de seguros. Su abogado puede ayudarlo a hacer esto. Si por alguna raz\u00f3n el seguro no paga su reclamo, tendr\u00e1 que presentar una demanda.<\/p>\n<p>Algunos de los tipos m\u00e1s comunes de casos de responsabilidad de locales son:<\/p>\n<ul>\n<li>Resbalones y ca\u00eddas en los grandes almacenes.<\/li>\n<li>Cortes y laceraciones en restaurantes y tiendas.<\/li>\n<li>Quemaduras en un restaurante<\/li>\n<li>Ca\u00eddas en estacionamientos<\/li>\n<li>Mordidas de perro<\/li>\n<li>Falla en el equipo<\/li>\n<\/ul>\n<p>Su <a href=\"https:\/\/mcdonaldworley.com\/es\/cypress\/abogado-lesiones-personales\/\" target=\"_blank\" rel=\"noopener\">abogado de lesiones personales<\/a> en McDonald Worley trabajar\u00e1 arduamente para obtener la compensaci\u00f3n que se merece.. Intentar\u00e1n resolver su reclamo con la compa\u00f1\u00eda de seguros. Y, si todo lo dem\u00e1s falla, presentar\u00e1n una demanda contra todas las partes responsables.<\/p>\n<h2>Manejamos otros tipos de casos de lesiones personales en Baytown<\/h2>\n<p>No todos los casos de lesiones personales involucran accidentes. De hecho, la mayor\u00eda no. Un caso de lesiones personales puede involucrar cualquier lesi\u00f3n causada a manos de otro. Claro, los <a href=\"https:\/\/mcdonaldworley.com\/es\/fontana\/abogado-accidentes-automovilisticos\/\" target=\"_blank\" rel=\"noopener\">accidentes automovil\u00edsticos<\/a> son muy comunes.. Pero hay docenas de otras formas en que las personas pueden salir lastimadas.<\/p>\n<p>Nuestros <a href=\"https:\/\/mcdonaldworley.com\/es\/league-city\/abogado-de-lesiones-personales\/\" target=\"_blank\" rel=\"noopener\">abogados est\u00e1n listos para manejar su caso de lesiones personales<\/a>. Tenemos d\u00e9cadas de experiencia manejando todo tipo de casos de lesiones personales. Independientemente del tipo de caso, su reclamo probablemente se basa en negligencia. Su abogado tendr\u00e1 que demostrar que otra persona es responsable de sus lesiones. Tambi\u00e9n revisaremos los tipos m\u00e1s comunes de casos de lesiones personales aqu\u00ed.<\/p>\n<h3>Abuso de hogar de ancianos<\/h3>\n<p>En los \u00faltimos veinte a\u00f1os, m\u00e1s de nosotros confiamos en hogares de ancianos para cuidar a nuestros familiares mayores. Los asilos de ancianos no tienen el mismo tab\u00fa que ten\u00edan hace a\u00f1os. De hecho, los hogares de ancianos y las instalaciones de vivienda asistida est\u00e1n apareciendo en todas partes.<\/p>\n<p>La conclusi\u00f3n es que las personas viven m\u00e1s y no estamos calificados para cuidarlas. Es bueno saber que hay profesionales por ah\u00ed que brindar\u00e1n la atenci\u00f3n que necesitan.<\/p>\n<p>Lo \u00faltimo que esperamos es que nuestro ser querido se lastime mientras est\u00e1 en el hogar de ancianos. El objetivo de ponerlos all\u00ed era asegurarse de que estuvieran a salvo. Lamentablemente, los accidentes suceden. Por lo tanto, si su ser querido es v\u00edctima de negligencia o abuso, necesita un abogado de lesiones personales.<\/p>\n<p>Algunos de los tipos comunes de casos de abuso en hogares de ancianos que vemos incluyen:<\/p>\n<ul>\n<li>\u00dalceras por presi\u00f3n<\/li>\n<li>Negligencia<\/li>\n<li>Ca\u00eddas<\/li>\n<li>Abuso sexual<\/li>\n<li>Abuso f\u00edsico<\/li>\n<li>Abuso mental y emocional<\/li>\n<li>Abuso financiero<\/li>\n<\/ul>\n<p>Si su ser querido ha sido v\u00edctima de abuso en hogares de ancianos, debe llamar a nuestra oficina. El abuso puede estar en manos de un empleado de un hogar de ancianos u otro residente. De cualquier manera, nuestros abogados experimentados pueden revisar su caso y hacerle saber lo que se puede hacer.<\/p>\n<h3>Medicamentos Peligrosos<\/h3>\n<p>Si miras televisi\u00f3n, entonces has visto algunos de los nuevos comerciales de drogas. Todos hablan sobre todos los posibles peligros y efectos secundarios de la medicaci\u00f3n. De hecho, generalmente lleva m\u00e1s tiempo explicar los riesgos que los beneficios.<\/p>\n<p>Con tantas drogas nuevas en el mercado, no es sorprendente que m\u00e1s personas se vean perjudicadas por las drogas peligrosas. No todos los medicamentos son completamente probados por la FDA. Esto significa que algunos medicamentos en el mercado no deber\u00edan serlo.<\/p>\n<p>Algunas de las drogas m\u00e1s peligrosas en el mercado hoy en d\u00eda son:<\/p>\n<ul>\n<li>Antidepresivos como Prozac y Zoloft<\/li>\n<li>Medicamentos para el dolor como fentanilo y oxicodona.<\/li>\n<li>Medicamentos para la diabetes como Avandia y Actos.<\/li>\n<li>Medicamentos anticonceptivos.<\/li>\n<\/ul>\n<p>Si usted o un ser querido ha resultado lesionado por alguna droga peligrosa, puede tener derecho a una indemnizaci\u00f3n.<\/p>\n<h3>Productos defectuosos<\/h3>\n<p>En los \u00faltimos a\u00f1os, hemos visto un aumento en el n\u00famero de productos defectuosos en el mercado. Muchos de estos casos involucran juguetes para ni\u00f1os. Otros casos involucran herramientas el\u00e9ctricas, cortadoras de c\u00e9sped y autom\u00f3viles.<\/p>\n<p>Cuando se trata de productos defectuosos, hay dos (2) tipos de defectos: defectos de dise\u00f1o y defectos de fabricaci\u00f3n.<\/p>\n<p>Existe un defecto de dise\u00f1o cuando un producto es inherentemente peligroso. No importa cu\u00e1nto control de calidad se use, el producto representar\u00e1 un peligro para sus usuarios.<\/p>\n<p>Un defecto de fabricaci\u00f3n es el resultado de un problema en la etapa de producci\u00f3n. Por ejemplo, un pestillo de seguridad puede no estar incluido en una herramienta determinada. Si se hubiera hecho correctamente, habr\u00eda sido seguro para su uso.<\/p>\n<h3>Reclamaciones de mesotelioma<\/h3>\n<p>Algunos de los casos m\u00e1s tristes que vemos involucran reclamos de mesotelioma. El mesotelioma es causado por la exposici\u00f3n prolongada al asbesto. Quitaron el asbesto del mercado hace a\u00f1os. Sin embargo, para mucha gente, ya era demasiado tarde.<\/p>\n<p>Lamentablemente, muy pocas personas diagnosticadas con mesotelioma sobreviven. Casi todos los pacientes con mesotelioma mueren dentro del primer a\u00f1o. Si a su ser querido le diagnosticaron esta enfermedad, comun\u00edquese con nuestra oficina de inmediato. Tiene derecho a una compensaci\u00f3n y no puede permitirse el lujo de esperar.<\/p>\n<p>Debe concentrarse en cuidar a su familia durante este momento dif\u00edcil. Deje que nuestros <a href=\"https:\/\/mcdonaldworley.com\/es\/oxnard\/abogado-lesiones-personales\/\" target=\"_blank\" rel=\"noopener\">abogados compasivos en lesiones personales<\/a> se encarguen del lado legal de las cosas por usted..<\/p>\n<h2>\u00bfCu\u00e1les son los tipos m\u00e1s comunes de lesiones personales?<\/h2>\n<p>Los accidentes menores pueden causar lesiones muy graves. Es por eso que siempre les decimos a nuestros clientes que busquen tratamiento m\u00e9dico inmediatamente despu\u00e9s de un accidente. Hay dos razones para esto. En primer lugar, debes asegurarte de estar f\u00edsicamente bien. En segundo lugar, necesitar\u00e1 documentaci\u00f3n m\u00e9dica de sus lesiones.<\/p>\n<p>Manejamos todo tipo de lesiones personales. Algunos de ellos requieren cirug\u00eda y fisioterapia. Nuestros clientes a menudo pierden semanas o meses de trabajo. Tambi\u00e9n terminan con una tonelada en facturas m\u00e9dicas.<\/p>\n<p>Algunos de los <a href=\"https:\/\/www.nolo.com\/legal-encyclopedia\/what-the-most-common-vehicle-accident-injuries.html\" target=\"_blank\" rel=\"noopener noreferrer nofollow\">tipos m\u00e1s comunes de lesiones<\/a> que vemos incluyen:<\/p>\n<ul>\n<li>Lesiones de espalda<\/li>\n<li>Heridas en la cabeza<\/li>\n<li>Lesiones cerebrales traum\u00e1ticas.<\/li>\n<li>Lesiones en el cuello<\/li>\n<li>Heridas internas<\/li>\n<li>Laceraciones<\/li>\n<li>Huesos rotos<\/li>\n<\/ul>\n<p>No todas las lesiones son obvias de inmediato. Algunas lesiones, como una lesi\u00f3n cerebral traum\u00e1tica o lesiones internas, pueden tardar horas o d\u00edas en aparecer. Es por eso que debe ir al hospital de inmediato. Pueden hacer las pruebas que necesita para descubrir qu\u00e9 lesiones ha sufrido.<\/p>\n<p>Nuestros abogados trabajan arduamente para obtener la compensaci\u00f3n que usted merece.<\/p>\n<h2>McDonald Worley proteger\u00e1 sus derechos en Baytown, Texas<\/h2>\n<p>Si se lastima en un accidente de lesiones personales, merece una indemnizaci\u00f3n. Por lo tanto, es posible que deba presentar un reclamo contra un individuo o una compa\u00f1\u00eda de seguros. De cualquier manera, su abogado intentar\u00e1 resolver su caso.<\/p>\n<p>La mayor\u00eda de los casos se resuelven fuera de los tribunales. Nadie quiere un juicio. Los ensayos son caros y requieren mucho tiempo.<\/p>\n<p>Podr\u00eda presentar un reclamo contra varias partes, que incluyen:<\/p>\n<ul>\n<li><strong>Individuos<\/strong>: puede presentar un reclamo contra un propietario. O puede que tenga que presentar una demanda contra un conductor.<\/li>\n<li><strong>Negocios<\/strong>: podr\u00eda caerse y lastimarse en una tienda por departamentos. Si este es el caso, deber\u00e1 perseguir a la compa\u00f1\u00eda y a su compa\u00f1\u00eda de seguros.<\/li>\n<li><strong>Compa\u00f1\u00edas de seguros:<\/strong> con la mayor\u00eda de los casos de lesiones personales, el acusado tiene seguro. Su abogado har\u00e1 todo lo posible para negociar un acuerdo para que no tenga que presentar <a href=\"https:\/\/mcdonaldworley.com\/es\/houston\/puede-demandar-escuela-hijo-herido\/\" target=\"_blank\" rel=\"noopener\">una demanda.<\/a>.<\/li>\n<li><strong>Agencias gubernamentales y locales<\/strong>: estos casos son poco frecuentes. Sin embargo, es posible que tenga un reclamo contra un municipio o ciudad.<\/li>\n<\/ul>\n<p>Su abogado demostrar\u00e1 que los acusados \u200b\u200bson responsables de sus lesiones. Entonces, \u00e9l te conseguir\u00e1 la compensaci\u00f3n que te mereces.<\/p>\n<h2>Contacte a un abogado de lesiones personales en McDonald Worley en Baytown, Texas<\/h2>\n<p>Si ha resultado herido en un caso de lesiones personales, comun\u00edquese con nuestra oficina. <a href=\"https:\/\/mcdonaldworley.com\/es\/contacto\/\">Llame y programe una consulta inicial gratuita<\/a> con uno de nuestros abogados con experiencia en lesiones personales hoy. Les damos a nuestros amigos en <a href=\"https:\/\/mcdonaldworley.com\/baytown\/\" target=\"_blank\" rel=\"noopener\">Baytown<\/a> la tranquilidad que necesitan durante un momento dif\u00edcil..<\/p>\n<p>Por \u00faltimo, nuestros abogados luchar\u00e1n por conseguirle cada centavo que se merece. Le haremos justicia. Su primera consulta es gratis. Y recuerde: no paga nada hasta que gane su caso.<\/p>\n","protected":false},"excerpt":{"rendered":"<p>Los accidentes ocurren todos los d\u00edas. Si pas\u00e1ramos todo nuestro tiempo preocup\u00e1ndonos por eso, no har\u00edamos nada m\u00e1s. Pero es una buena idea saber qu\u00e9 hacer si resulta herido en un accidente de lesiones personales. \u00bfA qui\u00e9n llamas? \u00bfQu\u00e9 haces? Si alguna vez has sido v\u00edctima de un caso de lesiones personales, sabes exactamente lo [&hellip;]<\/p>\n","protected":false},"author":65,"featured_media":0,"parent":32705,"menu_order":0,"comment_status":"closed","ping_status":"closed","template":"","meta":{"_acf_changed":false,"site-sidebar-layout":"default","site-content-layout":"","ast-site-content-layout":"default","site-content-style":"default","site-sidebar-style":"default","ast-global-header-display":"","ast-banner-title-visibility":"","ast-main-header-display":"","ast-hfb-above-header-display":"","ast-hfb-below-header-display":"","ast-hfb-mobile-header-display":"","site-post-title":"","ast-breadcrumbs-content":"","ast-featured-img":"","footer-sml-layout":"","ast-disable-related-posts":"","theme-transparent-header-meta":"","adv-header-id-meta":"","stick-header-meta":"","header-above-stick-meta":"","header-main-stick-meta":"","header-below-stick-meta":"","astra-migrate-meta-layouts":"default","ast-page-background-enabled":"default","ast-page-background-meta":{"desktop":{"background-color":"var(--ast-global-color-4)","background-image":"","background-repeat":"repeat","background-position":"center center","background-size":"auto","background-attachment":"scroll","background-type":"","background-media":"","overlay-type":"","overlay-color":"","overlay-opacity":"","overlay-gradient":""},"tablet":{"background-color":"","background-image":"","background-repeat":"repeat","background-position":"center center","background-size":"auto","background-attachment":"scroll","background-type":"","background-media":"","overlay-type":"","overlay-color":"","overlay-opacity":"","overlay-gradient":""},"mobile":{"background-color":"","background-image":"","background-repeat":"repeat","background-position":"center center","background-size":"auto","background-attachment":"scroll","background-type":"","background-media":"","overlay-type":"","overlay-color":"","overlay-opacity":"","overlay-gradient":""}},"ast-content-background-meta":{"desktop":{"background-color":"var(--ast-global-color-5)","background-image":"","background-repeat":"repeat","background-position":"center center","background-size":"auto","background-attachment":"scroll","background-type":"","background-media":"","overlay-type":"","overlay-color":"","overlay-opacity":"","overlay-gradient":""},"tablet":{"background-color":"var(--ast-global-color-5)","background-image":"","background-repeat":"repeat","background-position":"center center","background-size":"auto","background-attachment":"scroll","background-type":"","background-media":"","overlay-type":"","overlay-color":"","overlay-opacity":"","overlay-gradient":""},"mobile":{"background-color":"var(--ast-global-color-5)","background-image":"","background-repeat":"repeat","background-position":"center center","background-size":"auto","background-attachment":"scroll","background-type":"","background-media":"","overlay-type":"","overlay-color":"","overlay-opacity":"","overlay-gradient":""}},"footnotes":""},"class_list":["post-29159","page","type-page","status-publish","hentry"],"acf":[],"_links":{"self":[{"href":"https:\/\/mcdonaldworley.com\/es\/wp-json\/wp\/v2\/pages\/29159","targetHints":{"allow":["GET"]}}],"collection":[{"href":"https:\/\/mcdonaldworley.com\/es\/wp-json\/wp\/v2\/pages"}],"about":[{"href":"https:\/\/mcdonaldworley.com\/es\/wp-json\/wp\/v2\/types\/page"}],"author":[{"embeddable":true,"href":"https:\/\/mcdonaldworley.com\/es\/wp-json\/wp\/v2\/users\/65"}],"replies":[{"embeddable":true,"href":"https:\/\/mcdonaldworley.com\/es\/wp-json\/wp\/v2\/comments?post=29159"}],"version-history":[{"count":0,"href":"https:\/\/mcdonaldworley.com\/es\/wp-json\/wp\/v2\/pages\/29159\/revisions"}],"up":[{"embeddable":true,"href":"https:\/\/mcdonaldworley.com\/es\/wp-json\/wp\/v2\/pages\/32705"}],"wp:attachment":[{"href":"https:\/\/mcdonaldworley.com\/es\/wp-json\/wp\/v2\/media?parent=29159"}],"curies":[{"name":"wp","href":"https:\/\/api.w.org\/{rel}","templated":true}]}}