{"id":29143,"date":"2019-02-21T14:24:34","date_gmt":"2019-02-21T14:24:34","guid":{"rendered":"https:\/\/abconlinehold.wpengine.com\/los-angeles-abogado-de-lesiones-personales\/truck-accident-attorneys\/"},"modified":"2021-08-12T13:04:09","modified_gmt":"2021-08-12T18:04:09","slug":"los-angeles-abogados-de-accidentes-de-camiones","status":"publish","type":"page","link":"https:\/\/mcdonaldworley.com\/es\/los-angeles\/abogados-de-accidentes-de-camiones","title":{"rendered":"Abogado de Accidentes de Camiones en Los Angeles"},"content":{"rendered":"\n<p>Los accidentes de camiones son algunos de los accidentes m\u00e1s peligrosos en la carretera. Los tractores-remolques est\u00e1n en nuestras carreteras ahora m\u00e1s que nunca. Parte de esto se debe al aumento de las compras en l\u00ednea. La gente ya no sale a comprar sus propias cosas. Lo piden con el clic de su mouse y esperan a que sea entregado en su casa. Si ha resultado lesionado en un accidente de cami\u00f3n, es muy recomendable que tenga un abogado experimentado en accidentes de cami\u00f3n de Los \u00c1ngeles con<a href=\"https:\/\/mcdonaldworley.com\/es\/\"> McDonald Worley<\/a> a su lado.<\/p>\n\n\n\n<p>Los conductores de camiones son responsables de transportar grandes cargas de mercanc\u00edas de un lado del pa\u00eds al otro. Trabajan largas y duras horas. Intentan registrar tantas millas como sea posible. Esto puede conducir a un comportamiento inseguro o negligente. No importa cu\u00e1n cuidadoso pueda ser el conductor de un cami\u00f3n, en alg\u00fan momento los alcanza.<\/p>\n\n\n\n\n\n\n<h2 class=\"wp-block-heading\">Causas comunes de accidentes de camiones<\/h2>\n\n\n\n<p>No puede esperar conducir un veh\u00edculo de varias toneladas en carreteras concurridas sin crear alg\u00fan riesgo. Este riesgo aumenta cuando los conductores no tienen cuidado. Algunas de las principales causas de accidentes de camiones son:<\/p>\n\n\n\n<ul class=\"wp-block-list\"><li>Fatiga del conductor<\/li><li>Conducci\u00f3n distraida<\/li><li>Exceso de velocidad<\/li><li>Conduccion descuidada e imprudente<\/li><li>Llevar una carga demasiado grande<\/li><li>Conducir ebrio y conducir mientras usa drogas<\/li><\/ul>\n\n\n\n<p>Todas estas cosas son una se\u00f1al de negligencia del conductor. Para probar negligencia, su <a href=\"https:\/\/mcdonaldworley.com\/es\/irvine\/abogado-especialista-accidentes-automovilisticos\/\" target=\"_blank\" rel=\"noopener\">abogado de accidentes<\/a> de camiones debe probar lo siguiente:<\/p>\n\n\n\n<p>El conductor del cami\u00f3n le deb\u00eda un deber de cuidado: todos los conductores deben tener cuidado al ponerse al volante. El mismo deber se extiende a los conductores comerciales. Solo porque est\u00e1n en el reloj, no est\u00e1n exentos de obedecer todas las reglas de tr\u00e1fico. De hecho, los camioneros tienen un nivel de atenci\u00f3n a\u00fan mayor. Deben mantener y operar sus veh\u00edculos de manera segura. Y, debido a la naturaleza peligrosa de los tractores-remolques, deben ser entrenados especialmente antes de salir a la carretera.<br>\u00c9l incumpli\u00f3 su deber: para demostrar que un camionero incumpli\u00f3 su deber, debe demostrar que no tuvo cuidado. Si un conductor no sigue las leyes de tr\u00e1nsito, ser\u00e1 culpable de negligencia. Lo mismo es cierto si cae en alguna de las categor\u00edas descritas anteriormente.<br>Usted result\u00f3 herido: su abogado de accidentes de camiones en Los \u00c1ngeles le proporcionar\u00e1 pruebas de sus lesiones. \u00c9l confiar\u00e1 en sus registros m\u00e9dicos inmediatamente despu\u00e9s del accidente. Por eso es tan importante que siempre busque tratamiento inmediatamente despu\u00e9s de un choque.<br>Sus lesiones fueron causadas por su incumplimiento del deber: esto no deber\u00eda ser demasiado dif\u00edcil de probar. Si est\u00e1 involucrado en un accidente de cami\u00f3n, ser\u00e1 bastante obvio que el accidente caus\u00f3 sus lesiones. A menos que haya resultado herido en alg\u00fan momento antes o despu\u00e9s del accidente.<\/p>\n\n\n\n<p>Su abogado de accidentes de cami\u00f3n en <a href=\"https:\/\/en.wikipedia.org\/wiki\/Los_Angeles\" target=\"_blank\" rel=\"noopener noreferrer nofollow\">Los \u00c1ngeles, California,<\/a> va a trabajar duro para demostrar que el otro conductor fue negligente. Su objetivo es obtener la compensaci\u00f3n que mereces.<\/p>\n\n\n\n<h2 class=\"wp-block-heading\">Los accidentes de camiones se encuentran entre los m\u00e1s peligrosos<\/h2>\n\n\n\n<p>Imagine la diferencia de tama\u00f1o entre un tractor-remolque y un veh\u00edculo de pasajeros. Ahora imagine esa enorme m\u00e1quina chocando contra un autom\u00f3vil. El impacto ser\u00e1 tremendo. Muy pocos autos son capaces de soportar tal impacto.<\/p>\n\n\n\n<p>Esta es la raz\u00f3n por la cual los accidentes de camiones causan algunas de las peores lesiones de todos los accidentes de tr\u00e1nsito. De hecho, los accidentes de camiones causan m\u00e1s muertes que cualquier otro tipo. Miles de personas mueren cada a\u00f1o en accidentes de camiones.<\/p>\n\n\n\n<p>Solo en California, hay un promedio de 6,000 <a href=\"https:\/\/en.wikipedia.org\/wiki\/Los_Angeles\" target=\"_blank\" rel=\"noopener noreferrer nofollow\">accidentes de camiones cada a\u00f1o<\/a>. Los \u00c1ngeles lidera el estado en el mayor n\u00famero de muertes de camiones con m\u00e1s de 2,500 por a\u00f1o. Muchos de estos accidentes podr\u00edan haberse evitado.<\/p>\n\n\n\n<p>La mayor\u00eda de los accidentes de camiones son causados \u200b\u200bpor negligencia. En cuanto al tipo de accidentes de camiones, <a href=\"https:\/\/mcdonaldworley.com\/es\/texas\/cinco-tipos-de-accidentes-auto-mas-comunes\/\" target=\"_blank\" rel=\"noopener\">los tipos m\u00e1s comunes son:<\/a><\/p>\n\n\n\n<ul class=\"wp-block-list\"><li>Accidente de tractor-remolque Jackknife<\/li><li>Cami\u00f3n volcado<\/li><li>Accidentes de camiones sobrecargados<\/li><li>Accidentes de vuelco<\/li><li>Accidentes de mal tiempo<\/li><\/ul>\n\n\n\n<p>Estos accidentes generalmente involucran a otros autom\u00f3viles. Para los camioneros, aunque el accidente es peligroso, el resultado no es tan malo. En casi todos los accidentes de camiones, es el conductor del autom\u00f3vil quien resulta herido. Los conductores de autom\u00f3viles son las v\u00edctimas en m\u00e1s del 95% de todos los accidentes de camiones que resultan en la muerte.<\/p>\n\n\n\n<figure class=\"wp-block-image alignnone\"><img decoding=\"async\" src=\"https:\/\/mcdonaldworley.com\/wp-content\/uploads\/2019\/08\/truck-accident-attorneys-los-angeles.jpg\" alt=\"Un autom\u00f3vil que ha sido chocado por una camioneta.\" title=\"\"><figcaption>El tama\u00f1o y el peso de los camiones hacen que los accidentes con ellos sean mucho m\u00e1s perjudiciales. P\u00f3ngase en contacto con un abogado para solicitar un reembolso.<\/figcaption><\/figure>\n\n\n\n<h2 class=\"wp-block-heading\">Perseguir a todos los posibles acusados \u200b\u200ben un caso de accidente de cami\u00f3n<\/h2>\n\n\n\n<p>Cuando se trata de obtener la compensaci\u00f3n que se merece, su abogado debe considerar todas sus opciones. Es posible que tenga un reclamo contra mucho m\u00e1s que solo el conductor del cami\u00f3n. En cualquier caso, involucrando un veh\u00edculo comercial, podr\u00eda haber m\u00faltiples acusados.<\/p>\n\n\n\n<p>Algunas de las partes que buscar\u00e1 su <a href=\"\/es\/los-angeles\/abogado-accidentes-auto\">abogado de accidentes automovil\u00edsticos<\/a> incluyen:<\/p>\n\n\n\n<ul class=\"wp-block-list\"><li>El conductor<\/li><li>La empresa para la que trabaja<\/li><li>La compa\u00f1\u00eda que da servicio y mantiene los veh\u00edculos.<\/li><li>Cualquier tercero que mantenga registros de seguridad<\/li><li>Una empresa que cargaba demasiada carga en el cami\u00f3n.<\/li><li>El fabricante del cami\u00f3n si hubo alg\u00fan defecto.<\/li><li>La compa\u00f1\u00eda de seguros tanto para el conductor como para el negocio.<\/li><\/ul>\n\n\n\n<p>Obviamente, cuantas m\u00e1s partes persigas, mejores ser\u00e1n tus posibilidades de recuperaci\u00f3n. La compa\u00f1\u00eda probablemente tendr\u00e1 la mayor parte de la responsabilidad ya que el conductor trabaja para ellos. Tienen su propia p\u00f3liza de seguro para cubrir accidentes como el suyo.<\/p>\n\n\n\n<p>Independientemente de qui\u00e9n ser\u00e1 el responsable, su abogado de accidentes de camiones en Los \u00c1ngeles lo ayudar\u00e1 a presentar un reclamo de seguro.<\/p>\n\n\n\n<h2 class=\"wp-block-heading\">Negociar con la compa\u00f1\u00eda de seguros<\/h2>\n\n\n\n<p>En la mayor\u00eda de los casos, su reclamo de seguro se archivar\u00e1 y pagar\u00e1 en semanas. A menos que haya circunstancias especiales, la compa\u00f1\u00eda de seguros no deber\u00eda molestarlo. Sin embargo, hay momentos en que su reclamo de seguro es denegado.<\/p>\n\n\n\n<p>En California, su reclamo de seguro de accidente de cami\u00f3n se puede denegar por muchas razones, que incluyen:<\/p>\n\n\n\n<ul class=\"wp-block-list\"><li>La pol\u00edtica no era v\u00e1lida en el momento de su accidente.<\/li><li>La pol\u00edtica hab\u00eda expirado por falta de pago<\/li><li>Ellos creen que tuviste la culpa<\/li><li>No creen que tus heridas hayan sido muy graves.<\/li><li>Piensan que ten\u00edas una condici\u00f3n preexistente<\/li><\/ul>\n\n\n\n<p>Su <a href=\"https:\/\/mcdonaldworley.com\/es\/los-angeles\/abogado-de-lesiones-personales\">abogado de lesiones personales en Los \u00c1ngeles<\/a> lo ayudar\u00e1 a presentar una apelaci\u00f3n. Mientras la p\u00f3liza fuera v\u00e1lida en el momento del accidente, \u00e9l podr\u00e1 ayudarlo a aprobar su reclamo. Se comunicar\u00e1 con el ajustador de seguros para analizar su reclamo. Una vez que confirme el motivo de la denegaci\u00f3n, proporcionar\u00e1 la informaci\u00f3n necesaria para apelar su reclamo.<\/p>\n\n\n\n<figure class=\"wp-block-image alignnone\"><img decoding=\"async\" src=\"https:\/\/mcdonaldworley.com\/wp-content\/uploads\/2019\/08\/hire-a-lawyer-for-truck-accident-cases.jpg\" alt=\"Una mujer con una lesi\u00f3n en el cuello que se encuentra con un abogado.\" title=\"\"><figcaption>Deje que un abogado se encargue de los problemas legales despu\u00e9s de un accidente de cami\u00f3n para que pueda sanar.<\/figcaption><\/figure>\n\n\n\n<p>Con suerte, su reclamo ser\u00e1 aprobado. Si no, su abogado no tendr\u00e1 m\u00e1s remedio que presentar una demanda. En casos como este, los acusados \u200b\u200bsaben que una demanda puede causar mucho da\u00f1o:<\/p>\n\n\n\n<ul class=\"wp-block-list\"><li>Una demanda puede ser costosa y lenta<\/li><li>Si las lesiones son graves, puede causar mala prensa para la compa\u00f1\u00eda de camiones<\/li><li>No quieren abrir sus registros de mantenimiento para todos sus veh\u00edculos y exponerse a una mayor exposici\u00f3n<\/li><li>Pueden perder en la corte y tienen que pagar mucho m\u00e1s que el monto de su reclamo<\/li><li>Tendr\u00e1n que pagar a sus abogados para que se encarguen del caso.<\/li><\/ul>\n\n\n\n<p>Su abogado de accidentes de camiones en Los \u00c1ngeles lo sabe. Lo usar\u00e1 como palanca para tratar de negociar un acuerdo alto para usted. Si la compa\u00f1\u00eda de seguros insiste en jugar duro, su abogado no retroceder\u00e1.<\/p>\n\n\n\n<p>Su abogado no est\u00e1 intimidado por la compa\u00f1\u00eda de seguros. Mientras tenga evidencia para probar negligencia, tendr\u00e1 un reclamo s\u00f3lido. Su <a href=\"https:\/\/mcdonaldworley.com\/es\/los-angeles\/abogado-de-lesiones-por-quemadura\/\" target=\"_blank\" rel=\"noopener\">abogado se enfrentar\u00e1 a los<\/a> acusados \u200b\u200by sus abogados..<\/p>\n\n\n\n<h2 class=\"wp-block-heading\">Su abogado de accidentes de camiones en Los \u00c1ngeles necesita el informe policial<\/h2>\n\n\n\n<p>Hay algunas cosas que debe hacer en el momento de su accidente. Primero, debe buscar tratamiento m\u00e9dico. No tienes idea de qu\u00e9 tipo de lesiones has sufrido. Podr\u00edas tener lesiones internas. No parecen a simple vista. Debe hacerse las pruebas necesarias en el hospital para verificar si hay lesiones internas.<\/p>\n\n\n\n<p>Lo segundo que debe hacer es llamar a la polic\u00eda. Nunca hay una buena raz\u00f3n para aceptar no llamar a la polic\u00eda. Su abogado necesitar\u00e1 que la<a href=\"https:\/\/www.nolo.com\/legal-encyclopedia\/car-accidents-police-reports.html\" target=\"_blank\" rel=\"noopener noreferrer nofollow\"> polic\u00eda se informe<\/a> en el futuro. Contiene informaci\u00f3n muy importante, como:<\/p>\n\n\n\n<ul class=\"wp-block-list\"><li>Descripci\u00f3n del accidente y la escena del accidente.<\/li><li>Fotos de la escena<\/li><li>Informaci\u00f3n de contacto de todos los testigos.<\/li><li>Declaraciones hechas por todas las partes<\/li><li>Informaci\u00f3n de seguro para ambas partes<\/li><li>Una descripci\u00f3n de las condiciones del camino.<\/li><\/ul>\n\n\n\n<p>La polic\u00eda tambi\u00e9n puede verificar otras cosas en la escena. Si alguien est\u00e1 borracho o usa drogas en el momento del accidente, la polic\u00eda lo descubrir\u00e1. Los arrestar\u00e1 por DUI. Si el conductor comercial es arrestado y condenado por DUI, puede enviarlo como prueba de responsabilidad.<\/p>\n\n\n\n<p>En California, para ser culpable de DUI, un conductor comercial no tiene que cumplir con el nivel regular de 0.08 BAC. Los conductores comerciales se consideran ebrios con solo .04. Esto significa que existe la posibilidad de que el conductor del tractor-remolque se haya emborrachado despu\u00e9s de solo un trago o dos.<\/p>\n\n\n\n<p>Su abogado de accidentes de camiones en Los \u00c1ngeles revisar\u00e1 las notas de la polic\u00eda para ver si hay alguna otra informaci\u00f3n \u00fatil. Cuanta m\u00e1s munici\u00f3n tenga para probar su caso, mayores ser\u00e1n sus probabilidades de recibir el dinero que se merece.<\/p>\n\n\n\n<p>Su abogado de accidentes de camiones en Los \u00c1ngeles le exigir\u00e1 que sea compensado por sus lesiones<\/p>\n\n\n\n<figure class=\"wp-block-image alignnone\"><img decoding=\"async\" src=\"https:\/\/mcdonaldworley.com\/wp-content\/uploads\/2019\/08\/truck-collision.jpg\" alt=\"Un autom\u00f3vil involucrado en un accidente con un tractor-remolque.\" title=\"\"><figcaption>P\u00f3ngase en contacto con McDonald Worley hoy para una revisi\u00f3n gratuita de su caso.<\/figcaption><\/figure>\n\n\n\n<p>La mayor\u00eda de los accidentes causan alg\u00fan tipo de lesi\u00f3n. Pero los accidentes de camiones causan lesiones m\u00e1s graves que la mayor\u00eda de los otros accidentes. Mucho de esto tiene que ver con el gran tama\u00f1o del cami\u00f3n. Tambi\u00e9n tiene que ver con el impacto que sufre el autom\u00f3vil durante la colisi\u00f3n.<\/p>\n\n\n\n<h2 class=\"wp-block-heading\">Algunas de las lesiones m\u00e1s comunes causadas por accidentes de camiones incluyen:<\/h2>\n\n\n\n<p>Lesiones en la espalda: es dif\u00edcil imaginar un accidente de cami\u00f3n que no cause lesiones en la espalda. Su cuerpo ser\u00e1 arrojado sobre su veh\u00edculo. Incluso puede ser expulsado del autom\u00f3vil. Cuando un <a href=\"https:\/\/mcdonaldworley.com\/es\/houston\/camion-reparto-golpea-su-automovil\/\" target=\"_blank\" rel=\"noopener\">cami\u00f3n con remolque choca con su autom\u00f3vil<\/a>, sufrir\u00e1 lesiones en la espalda.. Estos pueden ser tan simples como problemas de disco o tan graves como una lesi\u00f3n de la m\u00e9dula espinal.<br>Lesiones en la cabeza y el cerebro: los accidentes de camiones suelen causar lesiones en la cabeza y el cerebro. Podr\u00eda romperse los huesos faciales o sufrir una conmoci\u00f3n cerebral. O bien, tambi\u00e9n puede sufrir algo tan grave como una lesi\u00f3n cerebral traum\u00e1tica (LCT). Las LCT ocurren cuando experimenta un impacto severo o un golpe en la cabeza. Esto puede suceder golpeando su cabeza en el tablero o haciendo que los escombros choquen contra su cr\u00e1neo.<\/p>\n\n\n\n<p>Una lesi\u00f3n cerebral traum\u00e1tica es uno de los peores tipos de lesiones que puede sufrir. Algunos de los s\u00edntomas y efectos de una lesi\u00f3n cerebral traum\u00e1tica incluyen:<\/p>\n\n\n\n<ul class=\"wp-block-list\"><li>Dolores de cabeza<\/li><li>P\u00e9rdida de memoria<\/li><li>Problemas de vision<\/li><li>Incapacidad para hablar<\/li><li>Fatiga<\/li><li>N\u00e1usea<\/li><li>V\u00e9rtigo<\/li><li>Discapacidad auditiva<\/li><\/ul>\n\n\n\n<p>Todo esto puede alterar la vida. Har\u00e1n que te pierdas mucho trabajo. Pueden evitar que vuelva a trabajar. Su <a href=\"https:\/\/mcdonaldworley.com\/es\/los-angeles\/abogado-de-accidentes-de-uber\/\" target=\"_blank\" rel=\"noopener\">abogado de accidentes de camiones en Los<\/a> \u00c1ngeles trabajar\u00e1 arduamente para obtener la compensaci\u00f3n que se merece.<\/p>\n\n\n\n<p>Lesiones internas: junto con una lesi\u00f3n cerebral traum\u00e1tica, las lesiones internas pueden ser aterradoras. El problema con las lesiones internas es que no puedes verlas. Muchas veces, ni siquiera puedes sentirlos. No siempre hay dolor asociado con lesiones internas. Pueden ser menores al principio. Si no se trata, las lesiones internas pueden ser fatales. Es por eso que es crucial que siempre busque tratamiento m\u00e9dico despu\u00e9s de un accidente de cami\u00f3n.<\/p>\n\n\n\n<p>Algunos de los <a href=\"https:\/\/www.nolo.com\/legal-encyclopedia\/what-the-most-common-vehicle-accident-injuries.html\" target=\"_blank\" rel=\"noopener noreferrer nofollow\">tipos m\u00e1s comunes de lesiones<\/a> internas incluyen:<\/p>\n\n\n\n<ul class=\"wp-block-list\"><li>Sangrado en el cerebro<\/li><li>Pulmones perforados<\/li><li>Aneurisma<\/li><li>Hemorragia interna<\/li><li>Concusi\u00f3n<\/li><li>Da\u00f1o a los \u00f3rganos<\/li><\/ul>\n\n\n\n<p>Su abogado de accidentes de camiones en Los \u00c1ngeles se asegurar\u00e1 de que reciba compensaci\u00f3n por todas estas lesiones.<\/p>\n\n\n\n<h2 class=\"wp-block-heading\">P\u00f3ngase en contacto con un abogado de accidentes de camiones en Los \u00c1ngeles<\/h2>\n\n\n\n<p>Si resulta herido en un accidente de cami\u00f3n, deber\u00e1 comunicarse con un abogado de accidentes de cami\u00f3n en Los \u00c1ngeles. Su abogado se sentar\u00e1 con usted y discutir\u00e1 su caso. \u00c9l te ayudar\u00e1 a elaborar un plan para perseguir a las partes responsables.<\/p>\n\n\n\n<p>Cuando te atropella un veh\u00edculo comercial, puede volverse complicado. Habr\u00e1 m\u00faltiples fiestas. Puede haber informaci\u00f3n disponible que solo un abogado experimentado conoce. Estas cosas incluyen:<\/p>\n\n\n\n<ul class=\"wp-block-list\"><li>Registros de mantenimiento<\/li><li>Registro de horas del conductor del cami\u00f3n<\/li><li>La historia de accidentes de camiones de la compa\u00f1\u00eda.<\/li><li>Declaraciones de los testigos<\/li><li>Cualquier problema mec\u00e1nico en el cami\u00f3n.<\/li><\/ul>\n\n\n\n<p>Llame y programe su consulta inicial gratuita con un abogado de accidentes de camiones en Los \u00c1ngeles. \u00c9l puede revisar su caso y hacerle saber lo que puede valer. La consulta es gratuita y no paga nada hasta que gane su caso.<\/p>\n\n\n\n<h4 class=\"wp-block-heading\">TIENE UN CASO?<\/h4>\n\n\n\n<h4 class=\"wp-block-heading\"><a title=\"CALL US: 844-707-8422\" href=\"tel:+18447078422\" target=\"_self\" rel=\"noopener noreferrer\">LL\u00c1MENOS: 844-707-8422 <\/a><\/h4>\n","protected":false},"excerpt":{"rendered":"<p>Los accidentes de camiones son algunos de los accidentes m\u00e1s peligrosos en la carretera. Los tractores-remolques est\u00e1n en nuestras carreteras ahora m\u00e1s que nunca. Parte de esto se debe al aumento de las compras en l\u00ednea. La gente ya no sale a comprar sus propias cosas. Lo piden con el clic de su mouse y [&hellip;]<\/p>\n","protected":false},"author":65,"featured_media":0,"parent":31135,"menu_order":0,"comment_status":"closed","ping_status":"closed","template":"","meta":{"_acf_changed":false,"site-sidebar-layout":"default","site-content-layout":"","ast-site-content-layout":"default","site-content-style":"default","site-sidebar-style":"default","ast-global-header-display":"","ast-banner-title-visibility":"","ast-main-header-display":"","ast-hfb-above-header-display":"","ast-hfb-below-header-display":"","ast-hfb-mobile-header-display":"","site-post-title":"","ast-breadcrumbs-content":"","ast-featured-img":"","footer-sml-layout":"","ast-disable-related-posts":"","theme-transparent-header-meta":"","adv-header-id-meta":"","stick-header-meta":"","header-above-stick-meta":"","header-main-stick-meta":"","header-below-stick-meta":"","astra-migrate-meta-layouts":"default","ast-page-background-enabled":"default","ast-page-background-meta":{"desktop":{"background-color":"var(--ast-global-color-4)","background-image":"","background-repeat":"repeat","background-position":"center center","background-size":"auto","background-attachment":"scroll","background-type":"","background-media":"","overlay-type":"","overlay-color":"","overlay-opacity":"","overlay-gradient":""},"tablet":{"background-color":"","background-image":"","background-repeat":"repeat","background-position":"center center","background-size":"auto","background-attachment":"scroll","background-type":"","background-media":"","overlay-type":"","overlay-color":"","overlay-opacity":"","overlay-gradient":""},"mobile":{"background-color":"","background-image":"","background-repeat":"repeat","background-position":"center center","background-size":"auto","background-attachment":"scroll","background-type":"","background-media":"","overlay-type":"","overlay-color":"","overlay-opacity":"","overlay-gradient":""}},"ast-content-background-meta":{"desktop":{"background-color":"var(--ast-global-color-5)","background-image":"","background-repeat":"repeat","background-position":"center center","background-size":"auto","background-attachment":"scroll","background-type":"","background-media":"","overlay-type":"","overlay-color":"","overlay-opacity":"","overlay-gradient":""},"tablet":{"background-color":"var(--ast-global-color-5)","background-image":"","background-repeat":"repeat","background-position":"center center","background-size":"auto","background-attachment":"scroll","background-type":"","background-media":"","overlay-type":"","overlay-color":"","overlay-opacity":"","overlay-gradient":""},"mobile":{"background-color":"var(--ast-global-color-5)","background-image":"","background-repeat":"repeat","background-position":"center center","background-size":"auto","background-attachment":"scroll","background-type":"","background-media":"","overlay-type":"","overlay-color":"","overlay-opacity":"","overlay-gradient":""}},"footnotes":""},"class_list":["post-29143","page","type-page","status-publish","hentry"],"acf":[],"_links":{"self":[{"href":"https:\/\/mcdonaldworley.com\/es\/wp-json\/wp\/v2\/pages\/29143","targetHints":{"allow":["GET"]}}],"collection":[{"href":"https:\/\/mcdonaldworley.com\/es\/wp-json\/wp\/v2\/pages"}],"about":[{"href":"https:\/\/mcdonaldworley.com\/es\/wp-json\/wp\/v2\/types\/page"}],"author":[{"embeddable":true,"href":"https:\/\/mcdonaldworley.com\/es\/wp-json\/wp\/v2\/users\/65"}],"replies":[{"embeddable":true,"href":"https:\/\/mcdonaldworley.com\/es\/wp-json\/wp\/v2\/comments?post=29143"}],"version-history":[{"count":0,"href":"https:\/\/mcdonaldworley.com\/es\/wp-json\/wp\/v2\/pages\/29143\/revisions"}],"up":[{"embeddable":true,"href":"https:\/\/mcdonaldworley.com\/es\/wp-json\/wp\/v2\/pages\/31135"}],"wp:attachment":[{"href":"https:\/\/mcdonaldworley.com\/es\/wp-json\/wp\/v2\/media?parent=29143"}],"curies":[{"name":"wp","href":"https:\/\/api.w.org\/{rel}","templated":true}]}}