{"id":29071,"date":"2019-02-21T14:26:25","date_gmt":"2019-02-21T14:26:25","guid":{"rendered":"https:\/\/abconlinehold.wpengine.com\/los-angeles-abogado-de-lesiones-personales\/bicycle-accident-attorneys\/"},"modified":"2021-08-17T09:00:01","modified_gmt":"2021-08-17T14:00:01","slug":"los-angeles-abogado-de-accidentes-de-bicicleta","status":"publish","type":"page","link":"https:\/\/mcdonaldworley.com\/es\/los-angeles\/abogado-de-accidentes-de-bicicleta","title":{"rendered":"Abogado de Accidentes de Bicicleta en Los Angeles"},"content":{"rendered":"<p>Muchas personas andan en bicicleta para ir a trabajar en estos d\u00edas. Es excelente para tu cuerpo y bueno para el medio ambiente. El problema es que la mayor\u00eda de nosotros no somos ciclistas profesionales. Cuando nos subimos a nuestra bicicleta, montamos como si estuvi\u00e9ramos dando un paseo tranquilo en bicicleta. Es posible que no prestemos tanta atenci\u00f3n a las reglas de tr\u00e1fico como deber\u00edamos. Esto significa que somos m\u00e1s propensos a tener un accidente de lo que normalmente ser\u00edamos. Esto es especialmente cierto si estamos circulando por calles concurridas y carreteras principales. Los autom\u00f3viles y camiones realmente no prestan suficiente atenci\u00f3n a las bicicletas. Realmente no esperan verlos. Los accidentes de bicicleta en Los \u00c1ngeles tienden a causar lesiones muy graves.<\/p>\n<p>Si est\u00e1 en su bicicleta, nada se interpone entre usted y un veh\u00edculo de dos toneladas. Todo lo que tienes para protegerte es un casco de pl\u00e1stico. Este casco no va a hacer mucho cuando te choques con un autom\u00f3vil a toda velocidad. La mayor\u00eda de las v\u00edctimas de accidentes de bicicleta terminan en el hospital. Necesitan cirug\u00eda y fisioterapia a largo plazo. Terminan perdiendo mucho tiempo del trabajo. Si otra persona es responsable del accidente, tiene derecho a una indemnizaci\u00f3n. Lo m\u00e1s importante que debe saber es que debe buscar tratamiento m\u00e9dico inmediatamente <a href=\"https:\/\/mcdonaldworley.com\/es\/presentar-reclamo-de-trastorno-de-estres-postraumatico\/\" target=\"_blank\" rel=\"noopener\">despu\u00e9s de su accidente.<\/a>. Primero, debes asegurarte de que est\u00e1s bien. Podr\u00edas estar sufriendo lesiones internas. En segundo lugar, <a href=\"https:\/\/mcdonaldworley.com\/es\/contacto\/\">comun\u00edquese con un abogado de accidentes de bicicleta de Los \u00c1ngeles<\/a> con la prueba de que result\u00f3 herido.<\/p>\n\n<h2>Accidentes de bicicletas en Los Angeles<\/h2>\n<p><a href=\"https:\/\/mcdonaldworley.com\/es\/texas\/cinco-tipos-de-accidentes-auto-mas-comunes\/\" target=\"_blank\" rel=\"noopener\">Los accidentes de bicicleta son m\u00e1s comunes<\/a> de lo que piensas. Esto es especialmente cierto en una ciudad como <a href=\"https:\/\/en.wikipedia.org\/wiki\/Los_Angeles\" target=\"_blank\" rel=\"noopener noreferrer nofollow\">Los \u00c1ngeles.<\/a> Est\u00e1s lidiando con mucho tr\u00e1fico. Rara vez hay un momento del d\u00eda en que las calles de Los \u00c1ngeles no est\u00e9n llenas de autom\u00f3viles y camiones.<\/p>\n<p>Este tr\u00e1fico puede conducir a un mayor n\u00famero de accidentes. Las personas en sus bicicletas est\u00e1n en desventaja. Los veh\u00edculos de pasajeros tienen puntos ciegos. Muchas veces, los ciclistas no se ven debido a estos puntos ciegos. Agregue esto a la negligencia ordinaria, y tendr\u00e1 una pesadilla esperando que suceda.<\/p>\n<p>Los abogados de accidentes de bicicleta de Los \u00c1ngeles saben que California lidera el pa\u00eds cuando se trata de accidentes de bicicleta. Solo de 2010 a 2012, hubo casi 350 muertes por colisi\u00f3n de bicicletas durante estos a\u00f1os. Y los n\u00fameros est\u00e1n en aumento.<\/p>\n<p>Los \u00c1ngeles, en particular, es una ciudad peligrosa para los ciclistas. De todas las ciudades de California, <a href=\"https:\/\/la.curbed.com\/2018\/1\/11\/16852144\/bike-cyclist-deaths-southern-california-2017\" target=\"_blank\" rel=\"noopener noreferrer nofollow\">Los \u00c1ngeles tiene la mayor cantidad de accidentes de bicicleta<\/a>. Parte de esto se debe al gran volumen de personas que andan en bicicleta en L. A. Parte se debe al intenso tr\u00e1fico que obstruye las carreteras de Los \u00c1ngeles.<\/p>\n<p>El gobierno local pens\u00f3 que si colocaban carriles para bicicletas, el n\u00famero de accidentes de ciclistas disminuir\u00eda. No funcion\u00f3. Hay m\u00e1s accidentes y muertes en bicicleta hoy que en 2012. <a href=\"https:\/\/mcdonaldworley.com\/es\/los-angeles\/abogado-de-lesiones-cerebrales\/\" target=\"_blank\" rel=\"noopener\">Los abogados de lesiones<\/a> personales en Los \u00c1ngeles lo saben.. Es por eso que trabajan tan duro para hacer justicia a las v\u00edctimas de accidentes de bicicleta.<\/p>\n<p>No es dif\u00edcil convencer a un jurado de que un conductor de autom\u00f3vil tuvo la culpa en un accidente de bicicleta. Si una bicicleta golpea un autom\u00f3vil, no causar\u00e1 mucho da\u00f1o. Sin embargo, si un autom\u00f3vil golpea una bicicleta, el da\u00f1o puede ser total. Claro, hay casos en los que el ciclista hizo algo para hacer que el conductor se desviara. Pero, en su mayor parte, probar la causalidad en un accidente de bicicleta no es muy dif\u00edcil.<\/p>\n<h2>Luchando contra la compa\u00f1\u00eda de seguros<\/h2>\n<p>Si usted es la v\u00edctima de un accidente de bicicleta, deber\u00e1 presentar un reclamo contra la p\u00f3liza de seguro del conductor del autom\u00f3vil. La mayor\u00eda de las veces, su reclamo se pagar\u00e1 dentro de una semana o dos. Sin embargo, hay momentos en que la compa\u00f1\u00eda de seguros niega su reclamo.<\/p>\n<figure id=\"attachment_25761\" aria-describedby=\"caption-attachment-25761\" style=\"width: 945px\" class=\"wp-caption alignnone\"><img loading=\"lazy\" decoding=\"async\" class=\"wp-image-25761 size-full\" src=\"https:\/\/mcdonaldworley.com\/wp-content\/uploads\/2019\/08\/bike.jpg\" alt=\"Una bicicleta tirada en el pavimento despu\u00e9s de un accidente con un autom\u00f3vil.\" width=\"945\" height=\"531\" title=\"\" srcset=\"https:\/\/mcdonaldworley.com\/wp-content\/uploads\/2019\/08\/bike.jpg 945w, https:\/\/mcdonaldworley.com\/wp-content\/uploads\/2019\/08\/bike-300x169.jpg 300w, https:\/\/mcdonaldworley.com\/wp-content\/uploads\/2019\/08\/bike-768x432.jpg 768w\" sizes=\"auto, (max-width: 945px) 100vw, 945px\" \/><figcaption id=\"caption-attachment-25761\" class=\"wp-caption-text\">Solicite un reembolso con McDonald Worley si se lesion\u00f3 en un accidente de bicicleta.<\/figcaption><\/figure>\n<p>Su reclamo puede ser denegado por varias razones, que incluyen:<\/p>\n<ul>\n<li>La pol\u00edtica no era v\u00e1lida en el momento de su accidente.<\/li>\n<li>La pol\u00edtica hab\u00eda expirado por falta de pago<\/li>\n<li>Ellos creen que tuviste la culpa<\/li>\n<li>No creen que tus heridas hayan sido muy graves.<\/li>\n<li>Piensan que ten\u00edas una condici\u00f3n preexistente<\/li>\n<\/ul>\n<p>Su <a href=\"\/es\/los-angeles\/abogado-accidentes-auto\">abogado de accidentes automovil\u00edsticos<\/a> puede presentar una apelaci\u00f3n ante la compa\u00f1\u00eda de seguros. Ahora, no hay nada que pueda hacer si la p\u00f3liza de seguro no es v\u00e1lida. No hay forma de que una compa\u00f1\u00eda de seguros pague un reclamo por una p\u00f3liza no v\u00e1lida. Si lo hicieran, se ir\u00edan a la quiebra en poco tiempo.<\/p>\n<p>Sin embargo, por todas las otras razones, su abogado intentar\u00e1 negociar un acuerdo con el ajustador de seguros. Si el ajustador se niega a honrar su reclamo, su abogado no tendr\u00e1 m\u00e1s remedio que presentar una demanda en su nombre.<\/p>\n<p>La mayor\u00eda de las demandas a\u00fan se resuelven fuera de los tribunales. Nadie quiere ir a juicio. Los ensayos llevan mucho tiempo y son caros. La compa\u00f1\u00eda de seguros lo sabe. Se arriesgan a tener que pagar mucho dinero si pierden en la corte. Esta es una raz\u00f3n por la que est\u00e1n motivados para llegar a un acuerdo con su <a href=\"https:\/\/mcdonaldworley.com\/es\/los-angeles\/abogado-de-negligencia-en-asilos-de-ancianos\/\" target=\"_blank\" rel=\"noopener\">abogado de accidentes de bicicleta en Los<\/a> \u00c1ngeles.<\/p>\n<p>No se desanime si su abogado tiene que presentar una demanda. Hasta el d\u00eda de la corte, su <a href=\"https:\/\/mcdonaldworley.com\/es\/league-city\/abogado-accidentes-automovilisticos\/\" target=\"_blank\" rel=\"noopener\">abogado de accidentes automovil\u00edsticos<\/a> a\u00fan puede negociar un acuerdo.. Dicen que muchos casos se resuelven en los escalones del tribunal. Aunque no sucede literalmente en los escalones, puede ocurrir en la v\u00edspera del juicio.<\/p>\n<p>Solo sepa que su <a href=\"https:\/\/mcdonaldworley.com\/es\/los-angeles\/abogados-de-accidentes-de-peatones\/\" target=\"_blank\" rel=\"noopener\">abogado de accidentes de bicicleta en Los<\/a> \u00c1ngeles trabajar\u00e1 arduamente para obtener la compensaci\u00f3n que se merece..<\/p>\n<h2>\u00bfQu\u00e9 tipo de da\u00f1os demandar\u00e1 su abogado de accidentes de bicicleta en Los \u00c1ngeles?<\/h2>\n<p>Si se lesiona en un accidente de bicicleta, tendr\u00e1 derecho a ciertos da\u00f1os. Su abogado de accidentes de bicicleta en Los \u00c1ngeles le exigir\u00e1 que se le pague por estos da\u00f1os. Algunos de los da\u00f1os que reclamar\u00e1 su abogado incluyen:<\/p>\n<ul>\n<li><strong>Facturas m\u00e9dicas:<\/strong> debe recibir un reembolso por sus facturas m\u00e9dicas actuales y futuras. Si va a necesitar atenci\u00f3n a largo plazo, su <a href=\"https:\/\/mcdonaldworley.com\/es\/riverside\/abogado-lesiones-personales\/\" target=\"_blank\" rel=\"noopener\">abogado de lesiones personales<\/a> exigir\u00e1 que se le compense..<\/li>\n<li><strong>Salarios perdidos:<\/strong> si pierde tiempo del trabajo, merece que se le pague por ello. Este podr\u00eda ser el momento que te perdiste debido al accidente. Tambi\u00e9n puede representar ingresos que va a perder en el futuro debido a sus lesiones permanentes.<\/li>\n<li><strong>Da\u00f1o a la propiedad:<\/strong> es probable que su bicicleta se destruya en su accidente. Si este es el caso, puede exigir que le reembolsen una bicicleta nueva. Puede que no parezca mucho, pero algunas bicicletas cuestan cientos o miles de d\u00f3lares. No hay raz\u00f3n para que el acusado no sea responsable de reemplazarlo.<\/li>\n<li><strong>Dolor y sufrimiento:<\/strong> si experimenta mucho dolor debido a sus lesiones, puede exigir da\u00f1os. Tambi\u00e9n puede exigir que se le compense por la angustia mental y emocional.<\/li>\n<\/ul>\n<figure id=\"attachment_25762\" aria-describedby=\"caption-attachment-25762\" style=\"width: 945px\" class=\"wp-caption alignnone\"><img loading=\"lazy\" decoding=\"async\" class=\"wp-image-25762 size-full\" src=\"https:\/\/mcdonaldworley.com\/wp-content\/uploads\/2019\/08\/bike-accident.jpg\" alt=\"Una persona y una bicicleta sentados a un lado de la carretera despu\u00e9s de un accidente.\" width=\"945\" height=\"531\" title=\"\" srcset=\"https:\/\/mcdonaldworley.com\/wp-content\/uploads\/2019\/08\/bike-accident.jpg 500w, https:\/\/mcdonaldworley.com\/wp-content\/uploads\/2019\/08\/bike-accident-300x169.jpg 300w\" sizes=\"auto, (max-width: 945px) 100vw, 945px\" \/><figcaption id=\"caption-attachment-25762\" class=\"wp-caption-text\">Si est\u00e1 involucrado en un accidente de bicicleta, comun\u00edquese con un abogado despu\u00e9s de recibir ayuda m\u00e9dica.<\/figcaption><\/figure>\n<p>Una gran parte de su demanda se basar\u00e1 en el dolor y el sufrimiento. Esto se debe a que un accidente grave en bicicleta puede causar mucho dolor f\u00edsico y angustia mental. Dependiendo de la gravedad de sus lesiones, podr\u00eda tener derecho a mucho dolor y sufrimiento. El tribunal analizar\u00e1 los siguientes factores al determinar el dolor y el sufrimiento:<\/p>\n<ul>\n<li>Qu\u00e9 tan graves son tus lesiones f\u00edsicas<\/li>\n<li>Si todav\u00eda puedes disfrutar la vida como lo hiciste antes del accidente<\/li>\n<li>\u00bfPuedes seguir haciendo las mismas actividades que hiciste antes del accidente?<\/li>\n<li>\u00bfEst\u00e1s siendo tratado por angustia mental o estr\u00e9s emocional?<\/li>\n<li>\u00bfSu dolor ser\u00e1 a largo plazo?<\/li>\n<li>\u00bfHas sufrido m\u00faltiples cirug\u00edas para reparar tus lesiones?<\/li>\n<\/ul>\n<p>Su <a href=\"https:\/\/mcdonaldworley.com\/es\/los-angeles\/abogado-de-accidentes-de-uber\/\" target=\"_blank\" rel=\"noopener\">abogado de accidentes de bicicleta en Los<\/a> \u00c1ngeles no se detendr\u00e1 hasta que le haga justicia.. Aunque intentar\u00e1 resolver su caso, no aceptar\u00e1 ninguna oferta de bajo nivel. Su objetivo es asegurarse de que usted sea compensado por sus lesiones.<\/p>\n<h2>P\u00f3ngase en contacto con un abogado de accidentes de bicicletas en Los \u00c1ngeles hoy<\/h2>\n<p>Si ha resultado lesionado en un accidente de bicicleta, debe <a href=\"https:\/\/mcdonaldworley.com\/es\/contacto\/\">comunicarse con un abogado<\/a> especializado en accidentes de bicicleta en Los \u00c1ngeles. Su abogado har\u00e1 todo lo que est\u00e9 a su alcance para hacerle justicia. Negociar\u00e1 con el ajustador de seguros para que le paguen su reclamo. Si esto no es una posibilidad, \u00e9l presentar\u00e1 una demanda en su nombre.<\/p>\n<p>Si no tiene un abogado, el acusado tratar\u00e1 de aprovecharse de usted. Pueden ofrecerle un acuerdo bajo. Si piensan que est\u00e1s desesperado por el dinero, saben que puedes aceptarlo. Tambi\u00e9n pueden hacer que firme un comunicado de liquidaci\u00f3n. Si esto sucede, no podr\u00e1 cambiar de opini\u00f3n m\u00e1s adelante. Nunca firme un acuerdo de liquidaci\u00f3n sin que un <a href=\"https:\/\/mcdonaldworley.com\/es\/irvine\/abogado-especialista-accidentes-automovilisticos\/\" target=\"_blank\" rel=\"noopener\">abogado de accidentes<\/a> de bicicleta de Los \u00c1ngeles lo revise..<\/p>\n<p>Llame al 877-721-3423 y programe hoy su consulta inicial gratuita. Puede hacerle a su abogado cualquier pregunta que pueda tener. Tambi\u00e9n puede darle una idea de lo que puede valer su caso. Si va a encontrar alg\u00fan problema especial en su caso, usted y su abogado pueden discutirlos.<\/p>\n<p>El acusado tendr\u00e1 abogados trabajando para \u00e9l. Por lo que deber\u00eda. No se enfrente a la compa\u00f1\u00eda de seguros usted mismo. Tenga la tranquilidad de contar con un abogado experimentado en accidentes de bicicleta a su lado.<\/p>\n","protected":false},"excerpt":{"rendered":"<p>Muchas personas andan en bicicleta para ir a trabajar en estos d\u00edas. Es excelente para tu cuerpo y bueno para el medio ambiente. El problema es que la mayor\u00eda de nosotros no somos ciclistas profesionales. Cuando nos subimos a nuestra bicicleta, montamos como si estuvi\u00e9ramos dando un paseo tranquilo en bicicleta. Es posible que no [&hellip;]<\/p>\n","protected":false},"author":65,"featured_media":0,"parent":31135,"menu_order":0,"comment_status":"closed","ping_status":"closed","template":"","meta":{"_acf_changed":false,"site-sidebar-layout":"default","site-content-layout":"","ast-site-content-layout":"default","site-content-style":"default","site-sidebar-style":"default","ast-global-header-display":"","ast-banner-title-visibility":"","ast-main-header-display":"","ast-hfb-above-header-display":"","ast-hfb-below-header-display":"","ast-hfb-mobile-header-display":"","site-post-title":"","ast-breadcrumbs-content":"","ast-featured-img":"","footer-sml-layout":"","ast-disable-related-posts":"","theme-transparent-header-meta":"","adv-header-id-meta":"","stick-header-meta":"","header-above-stick-meta":"","header-main-stick-meta":"","header-below-stick-meta":"","astra-migrate-meta-layouts":"default","ast-page-background-enabled":"default","ast-page-background-meta":{"desktop":{"background-color":"var(--ast-global-color-4)","background-image":"","background-repeat":"repeat","background-position":"center center","background-size":"auto","background-attachment":"scroll","background-type":"","background-media":"","overlay-type":"","overlay-color":"","overlay-opacity":"","overlay-gradient":""},"tablet":{"background-color":"","background-image":"","background-repeat":"repeat","background-position":"center center","background-size":"auto","background-attachment":"scroll","background-type":"","background-media":"","overlay-type":"","overlay-color":"","overlay-opacity":"","overlay-gradient":""},"mobile":{"background-color":"","background-image":"","background-repeat":"repeat","background-position":"center center","background-size":"auto","background-attachment":"scroll","background-type":"","background-media":"","overlay-type":"","overlay-color":"","overlay-opacity":"","overlay-gradient":""}},"ast-content-background-meta":{"desktop":{"background-color":"var(--ast-global-color-5)","background-image":"","background-repeat":"repeat","background-position":"center center","background-size":"auto","background-attachment":"scroll","background-type":"","background-media":"","overlay-type":"","overlay-color":"","overlay-opacity":"","overlay-gradient":""},"tablet":{"background-color":"var(--ast-global-color-5)","background-image":"","background-repeat":"repeat","background-position":"center center","background-size":"auto","background-attachment":"scroll","background-type":"","background-media":"","overlay-type":"","overlay-color":"","overlay-opacity":"","overlay-gradient":""},"mobile":{"background-color":"var(--ast-global-color-5)","background-image":"","background-repeat":"repeat","background-position":"center center","background-size":"auto","background-attachment":"scroll","background-type":"","background-media":"","overlay-type":"","overlay-color":"","overlay-opacity":"","overlay-gradient":""}},"footnotes":""},"class_list":["post-29071","page","type-page","status-publish","hentry"],"acf":[],"_links":{"self":[{"href":"https:\/\/mcdonaldworley.com\/es\/wp-json\/wp\/v2\/pages\/29071","targetHints":{"allow":["GET"]}}],"collection":[{"href":"https:\/\/mcdonaldworley.com\/es\/wp-json\/wp\/v2\/pages"}],"about":[{"href":"https:\/\/mcdonaldworley.com\/es\/wp-json\/wp\/v2\/types\/page"}],"author":[{"embeddable":true,"href":"https:\/\/mcdonaldworley.com\/es\/wp-json\/wp\/v2\/users\/65"}],"replies":[{"embeddable":true,"href":"https:\/\/mcdonaldworley.com\/es\/wp-json\/wp\/v2\/comments?post=29071"}],"version-history":[{"count":0,"href":"https:\/\/mcdonaldworley.com\/es\/wp-json\/wp\/v2\/pages\/29071\/revisions"}],"up":[{"embeddable":true,"href":"https:\/\/mcdonaldworley.com\/es\/wp-json\/wp\/v2\/pages\/31135"}],"wp:attachment":[{"href":"https:\/\/mcdonaldworley.com\/es\/wp-json\/wp\/v2\/media?parent=29071"}],"curies":[{"name":"wp","href":"https:\/\/api.w.org\/{rel}","templated":true}]}}