{"id":29058,"date":"2019-02-21T15:31:03","date_gmt":"2019-02-21T15:31:03","guid":{"rendered":"https:\/\/abconlinehold.wpengine.com\/los-angeles-abogado-de-lesiones-personales\/dog-bite-attorneys\/"},"modified":"2021-08-17T13:44:26","modified_gmt":"2021-08-17T18:44:26","slug":"los-angeles-abogado-de-mordedura-de-perro","status":"publish","type":"page","link":"https:\/\/mcdonaldworley.com\/es\/los-angeles\/abogado-de-mordedura-de-perro","title":{"rendered":"Abogado de Mordedura de Perro en Los Angeles"},"content":{"rendered":"\n<p>Nos encanta ver videos de perros lindos en las redes sociales. Son adorables y tiernos. Realmente son el mejor amigo del hombre. Sin embargo, hay momentos en que los perros no son tan agradables. Un perro puede no ser tan agradable en cualquier momento. Incluso los perros m\u00e1s amigables muerden a las personas de vez en cuando. Por lo general, cuando las personas son mordidas por un perro, conocen al due\u00f1o del perro. Son amigos o vecinos. Incluso podr\u00edan ser un miembro de la familia. Vas a acariciar a su perro y, de la nada, el perro te ataca. Si ha sido mordido o atacado por un perro, debe comunicarse con un abogado especializado en mordeduras de perro en Los \u00c1ngeles. Las mordeduras de perro pueden dejar algunas lesiones bastante desagradables. Es posible que necesite cirug\u00eda e incluso fisioterapia. Podr\u00edas perder el tiempo del trabajo mientras intentas recuperarte. Un abogado con experiencia en mordeduras de perro en Los \u00c1ngeles luchar\u00e1 para obtener la compensaci\u00f3n que usted merece.<\/p>\n\n\n\n\n\n\n<h2 class=\"wp-block-heading\">Comprender la ley de mordedura de perro en California<\/h2>\n\n\n\n<p>Cada estado es un poco diferente cuando se trata de leyes de mordedura de perro. Algunos estados responsabilizan estrictamente a los due\u00f1os de perros por cualquier persona que resulte herida por su perro. Otros solo responsabilizan al due\u00f1o si sab\u00eda que el perro no era un perro amigable.<\/p>\n\n\n\n<p>California es un estado de responsabilidad estricta. Esto significa que el due\u00f1o del perro no puede escapar de la responsabilidad alegando que no sab\u00eda que su perro era peligroso. En California, incluso si el perro nunca hab\u00eda mordido a nadie antes, el due\u00f1o sigue siendo responsable.<\/p>\n\n\n\n<p>El <a href=\"https:\/\/www.alllaw.com\/articles\/nolo\/personal-injury\/dog-bite-laws-liability-california.html\" target=\"_blank\" rel=\"noopener noreferrer nofollow\">estatuto de mordedura de perro de California<\/a> responsabiliza al propietario si se aplica lo siguiente:<\/p>\n\n\n\n<ul class=\"wp-block-list\"><li>Los da\u00f1os fueron causados \u200b\u200bpor una mordedura de perro (y no por alguna otra acci\u00f3n del perro) y<\/li><li>La v\u00edctima fue mordida en un lugar p\u00fablico o legalmente en un lugar privado.<\/li><\/ul>\n\n\n\n<p>El estatuto se limita a las mordeduras de perro. Si un perro lo lastima de alguna otra manera, el estatuto no se aplica. Por ejemplo, si un perro salta sobre su hijo mientras juega y su hijo se cae y se golpea la cabeza, el estatuto no se aplica. Esto no significa que no pueda demandar al due\u00f1o del perro. Simplemente significa que tendr\u00e1 que presentar su demanda por negligencia y no por el estatuto de mordedura de perro.<\/p>\n\n\n\n<p>Tambi\u00e9n notar\u00e1 que esto no se aplica si no se supone que est\u00e9 legalmente en las instalaciones. Si est\u00e1 invadiendo o cometiendo un delito, el estatuto no lo proteger\u00e1.<\/p>\n\n\n\n<figure class=\"wp-block-image alignnone\"><img decoding=\"async\" src=\"https:\/\/mcdonaldworley.com\/wp-content\/uploads\/2019\/08\/dog-bite-attorneys-los-angeles.jpg\" alt=\"Un perro mordiendo a un hombre en el brazo.\" title=\"\"><figcaption>Comun\u00edquese con McDonald Worley para solicitar el reembolso de su lesi\u00f3n por mordedura de perro.<\/figcaption><\/figure>\n\n\n\n<h2 class=\"wp-block-heading\">Qu\u00e9 esperar del lado de la defensa<\/h2>\n\n\n\n<p>Si un perro lo muerde, el acusado no se acostar\u00e1 y admitir\u00e1 su culpa. \u00c9l tambi\u00e9n tendr\u00e1 un abogado. Y su abogado argumentar\u00e1 que su cliente no es responsable de sus lesiones.<\/p>\n\n\n\n<p>Hay ciertas defensas al estatuto de mordedura de perro. Son pocos y distantes entre s\u00ed, pero existen. Algunas de las defensas de un reclamo por mordedura de perro en California incluyen:<\/p>\n\n\n\n<ul class=\"wp-block-list\"><li>Estabas invadiendo en el momento de la mordedura<\/li><li>Fuiste mordido durante la comisi\u00f3n de un crimen<\/li><li>El perro era un perro polic\u00eda que trabajaba en el momento de la mordedura.<\/li><\/ul>\n\n\n\n<p>Hay una excepci\u00f3n general para perros policiales y militares. Si te muerde un perro polic\u00eda, no puedes demandar bajo el estatuto de mordedura de perro. A\u00fan puede tener derecho a da\u00f1os por negligencia. Si eres una parte inocente mordida por un perro polic\u00eda, puedes presentar un reclamo contra el departamento de polic\u00eda. Sin embargo, si eres sospechoso y te muerden mientras huyes de la polic\u00eda, no esperes recibir un centavo.<\/p>\n\n\n\n<p>La otra defensa es contra intrusos. Si estaba invadiendo la propiedad de alguien cuando lo mordieron, el estatuto no se aplicar\u00e1. El estatuto solo protege a las personas que se encuentran en un lugar p\u00fablico o legalmente en un lugar privado.<\/p>\n\n\n\n<p>Digamos que entras en el garaje de un vecino para recuperar una herramienta que le hab\u00eda prestado. No tienes permiso para estar en casa. Mientras est\u00e1 all\u00ed, el perro del vecino entra por la puerta del perro y te muerde el brazo. Necesita puntos y cirug\u00eda para reparar el da\u00f1o.<\/p>\n\n\n\n<p>Debido a que est\u00e1s invadiendo en el momento de la mordedura, el estatuto no te protege. Francamente, es probable que no tenga ning\u00fan reclamo legal en esta situaci\u00f3n. Siempre puede discutir su caso con un <a href=\"https:\/\/mcdonaldworley.com\/es\/los-angeles\/abogado-de-lesiones-personales\">abogado experimentado en lesiones personales de Los \u00c1ngeles<\/a> y ver qu\u00e9 piensa.<\/p>\n\n\n\n<h2 class=\"wp-block-heading\">Su abogado de mordedura de perro en Los \u00c1ngeles le compensar\u00e1 por sus lesiones<\/h2>\n\n\n\n<p>No pensar\u00edas que una mordedura de perro causar\u00eda lesiones muy graves. Sin embargo, a veces las lesiones son muy graves. Esto es especialmente cierto cuando la v\u00edctima es un ni\u00f1o peque\u00f1o. Su abogado de mordeduras de perro en Los \u00c1ngeles, California, luchar\u00e1 para que su familia reciba la compensaci\u00f3n que se merece por sus lesiones.<\/p>\n\n\n\n<p>Algunas de las <a href=\"https:\/\/www.cdc.gov\/es\/disasters\/hurricanes\/pdf\/hurricaneflyer-dogbites-wnv-co.pdf\" target=\"_blank\" rel=\"noopener noreferrer nofollow\">lesiones comunes por mordedura de perro<\/a> incluyen:<\/p>\n\n\n\n<ul class=\"wp-block-list\"><li><strong>Rasgaduras de la piel:<\/strong> la lesi\u00f3n por mordedura de perro m\u00e1s com\u00fan ser\u00eda una rotura de la piel. Es muy probable que el perro te desgarre la carne cuando te hunda los dientes. Es posible que necesite puntos para arreglar estas l\u00e1grimas. Incluso puede necesitar cirug\u00eda pl\u00e1stica para cubrir algunas de estas lesiones.<\/li><li><strong>Contusiones:<\/strong> si tienes suerte, lo \u00fanico que piensas que sufrir\u00e1s por la mordedura de tu perro son contusiones. Solo la presi\u00f3n que los dientes del perro puedan tener sobre tu piel causar\u00e1 moretones.<\/li><li><strong>Huesos rotos:<\/strong> si la mordedura del perro es lo suficientemente fuerte, en realidad puede romper sus huesos. Estos requerir\u00e1n cirug\u00eda para reparar. Probablemente tambi\u00e9n necesitar\u00e1s fisioterapia.<\/li><li><strong>Da\u00f1o a los nervios:<\/strong> si se muerde en un \u00e1rea determinada, podr\u00eda terminar con un da\u00f1o nervioso permanente. Esto es com\u00fan en la mu\u00f1eca, tobillo, espalda y cuello.<\/li><li><strong>Infecci\u00f3n<\/strong>: si el perro tiene una infecci\u00f3n, puede contagiarte. Esto es com\u00fan si se rompe la piel. Afortunadamente, la mayor\u00eda de las mordeduras de perros son de perros domesticados y generalmente no tienen infecci\u00f3n.<\/li><li><strong>Desfiguraci\u00f3n facial:<\/strong> si te muerde la cara, es posible que necesites una cirug\u00eda pl\u00e1stica para corregirlo. Esto puede ser doloroso y causar problemas m\u00e9dicos a largo plazo.<\/li><\/ul>\n\n\n\n<p>Su abogado de mordeduras de perro en Los \u00c1ngeles luchar\u00e1 para asegurarse de que reciba compensaci\u00f3n por estas lesiones.<\/p>\n\n\n\n<h2 class=\"wp-block-heading\">Los abogados de mordeduras de perro de Los \u00c1ngeles luchan contra la compa\u00f1\u00eda de seguros<\/h2>\n\n\n\n<p>Si le muerden la propiedad de alguien, puede presentar un reclamo contra la pol\u00edtica de su propietario. Si alquilan, puede presentarlo contra la pol\u00edtica del arrendador. Idealmente, su reclamo se pagar\u00e1 sin problemas. Sin embargo, si se muerde en p\u00fablico, podr\u00eda ser dif\u00edcil presentar un reclamo de seguro ya que no se realiz\u00f3 en su propiedad.<\/p>\n\n\n\n<p>Incluso si presenta un reclamo, su reclamo podr\u00eda ser denegado. La compa\u00f1\u00eda de seguros puede negarlo por una variedad de razones, que incluyen:<\/p>\n\n\n\n<ul class=\"wp-block-list\"><li>La pol\u00edtica no es v\u00e1lida o cancelada por falta de pago<\/li><li>Este tipo de lesi\u00f3n no est\u00e1 cubierta por el propietario<\/li><li>El propietario le proh\u00edbe a su inquilino tener un perro<\/li><li>La compa\u00f1\u00eda de seguros no cree que haya resultado herido.<\/li><\/ul>\n\n\n\n<p>Si su reclamo es denegado, su abogado de mordeduras de perro en Los \u00c1ngeles luchar\u00e1 contra la compa\u00f1\u00eda de seguros. Presentar\u00e1 una apelaci\u00f3n y hablar\u00e1 con el ajustador de seguros. Har\u00e1 todo lo que pueda para que le paguen.<\/p>\n\n\n\n<p>Si el incidente tuvo lugar en p\u00fablico, es posible que deba recurrir a una demanda civil para recibir el pago. El problema con una demanda civil es que nunca ver\u00e1s un centavo. A menos que el acusado tenga bienes, su fallo no valdr\u00e1 el papel en el que est\u00e1 impreso.<\/p>\n\n\n\n<figure class=\"wp-block-image alignnone\"><img decoding=\"async\" src=\"https:\/\/mcdonaldworley.com\/wp-content\/uploads\/2019\/08\/dog-bite.jpg\" alt=\"Un perro agresivo ladrando \" title=\"\"><figcaption>Llame al 877.721.3423 si un perro lo lastim\u00f3.<\/figcaption><\/figure>\n\n\n\n<h2 class=\"wp-block-heading\">\u00bfC\u00f3mo puede su abogado de mordedura de perro de Los \u00c1ngeles obtener su sentencia pagada?<\/h2>\n\n\n\n<p>Si ganas tu demanda contra el due\u00f1o del perro, querr\u00e1s que te paguen, \u00bfverdad? Su abogado tiene algunas maneras de hacer esto.<\/p>\n\n\n\n<p>Primero, intentar\u00e1 resolver su reclamo fuera de los tribunales. El acusado puede tener suficientes ahorros para pagar el acuerdo. Si este no es el caso, deber\u00e1 ejecutar el fallo. Esto significa que su abogado tendr\u00e1 que obtener su dinero de una de las siguientes maneras:<\/p>\n\n\n\n<ul class=\"wp-block-list\"><li>Impuesto bancario: su abogado puede presentar un <a href=\"https:\/\/www.hg.org\/legal-articles\/the-creditor-s-levy-in-ca-the-most-basic-judgment-collection-tool-33386\" target=\"_blank\" rel=\"noopener noreferrer nofollow\">impuesto contra la cuenta bancaria del demandado<\/a>. A veces, esto es bastante eficiente. Lo bueno de esto es que el acusado nunca sabe cu\u00e1ndo va a ir a su cuenta.<\/li><li><a href=\"https:\/\/www.thebankruptcysite.org\/resources\/bankruptcy\/state-bankruptcy-law\/federal-wage-garnishment-law-vs-ca-wage-garnishment-l\" target=\"_blank\" rel=\"noopener noreferrer nofollow\">Embargo de salario:<\/a> siempre puede presentar un embargo contra el cheque de pago del demandado. No recibe mucho por semana, pero una vez que est\u00e9 en su lugar, continuar\u00e1 recaudando fondos hasta que renuncien o se retiren. Una vez que se paga el fallo (con intereses), se le pagar\u00e1 en su totalidad.<\/li><li>Derecho de retenci\u00f3n personal contra la propiedad: siempre puede convertir su sentencia en un gravamen. Esto significa que el acusado tendr\u00e1 que pagarle la totalidad si alguna vez quiere vender su casa.<\/li><\/ul>\n\n\n\n<p>Con suerte, no llegar\u00e1 a esto. Pero, en el peor de los casos, su abogado har\u00e1 todo lo posible para que le paguen.<\/p>\n\n\n\n<h2 class=\"wp-block-heading\">Contacte a un abogado de mordedura de perro en Los \u00c1ngeles<\/h2>\n\n\n\n<p>Si usted o su hijo ha sido mordido por un perro, necesita un abogado con experiencia en mordeduras de perro en Los \u00c1ngeles. Llame y programe su consulta inicial gratuita hoy. Puede sentarse con un abogado y pedirle que revise su caso. \u00c9l responder\u00e1 cualquier pregunta que pueda tener y le har\u00e1 saber lo que puede valer su caso.<\/p>\n\n\n\n<p><a href=\"https:\/\/mcdonaldworley.com\/es\/contacto\/\">P\u00f3ngase en contacto con nosotros hoy<\/a>. \u00a1La consulta es gratuita y no paga nada hasta que resuelva su caso!<\/p>\n\n\n\n<h4 class=\"wp-block-heading\">TIENE UN CASO?<\/h4>\n\n\n\n<h4 class=\"wp-block-heading\"><a title=\"CALL US: 844-707-8422\" href=\"tel:+18447078422\" target=\"_self\" rel=\"noopener noreferrer\">LLAMENOS: 844-707-8422 <\/a><\/h4>\n","protected":false},"excerpt":{"rendered":"<p>Nos encanta ver videos de perros lindos en las redes sociales. Son adorables y tiernos. Realmente son el mejor amigo del hombre. Sin embargo, hay momentos en que los perros no son tan agradables. Un perro puede no ser tan agradable en cualquier momento. Incluso los perros m\u00e1s amigables muerden a las personas de vez [&hellip;]<\/p>\n","protected":false},"author":65,"featured_media":0,"parent":31135,"menu_order":0,"comment_status":"closed","ping_status":"closed","template":"","meta":{"_acf_changed":false,"site-sidebar-layout":"default","site-content-layout":"","ast-site-content-layout":"default","site-content-style":"default","site-sidebar-style":"default","ast-global-header-display":"","ast-banner-title-visibility":"","ast-main-header-display":"","ast-hfb-above-header-display":"","ast-hfb-below-header-display":"","ast-hfb-mobile-header-display":"","site-post-title":"","ast-breadcrumbs-content":"","ast-featured-img":"","footer-sml-layout":"","ast-disable-related-posts":"","theme-transparent-header-meta":"","adv-header-id-meta":"","stick-header-meta":"","header-above-stick-meta":"","header-main-stick-meta":"","header-below-stick-meta":"","astra-migrate-meta-layouts":"default","ast-page-background-enabled":"default","ast-page-background-meta":{"desktop":{"background-color":"var(--ast-global-color-4)","background-image":"","background-repeat":"repeat","background-position":"center center","background-size":"auto","background-attachment":"scroll","background-type":"","background-media":"","overlay-type":"","overlay-color":"","overlay-opacity":"","overlay-gradient":""},"tablet":{"background-color":"","background-image":"","background-repeat":"repeat","background-position":"center center","background-size":"auto","background-attachment":"scroll","background-type":"","background-media":"","overlay-type":"","overlay-color":"","overlay-opacity":"","overlay-gradient":""},"mobile":{"background-color":"","background-image":"","background-repeat":"repeat","background-position":"center center","background-size":"auto","background-attachment":"scroll","background-type":"","background-media":"","overlay-type":"","overlay-color":"","overlay-opacity":"","overlay-gradient":""}},"ast-content-background-meta":{"desktop":{"background-color":"var(--ast-global-color-5)","background-image":"","background-repeat":"repeat","background-position":"center center","background-size":"auto","background-attachment":"scroll","background-type":"","background-media":"","overlay-type":"","overlay-color":"","overlay-opacity":"","overlay-gradient":""},"tablet":{"background-color":"var(--ast-global-color-5)","background-image":"","background-repeat":"repeat","background-position":"center center","background-size":"auto","background-attachment":"scroll","background-type":"","background-media":"","overlay-type":"","overlay-color":"","overlay-opacity":"","overlay-gradient":""},"mobile":{"background-color":"var(--ast-global-color-5)","background-image":"","background-repeat":"repeat","background-position":"center center","background-size":"auto","background-attachment":"scroll","background-type":"","background-media":"","overlay-type":"","overlay-color":"","overlay-opacity":"","overlay-gradient":""}},"footnotes":""},"class_list":["post-29058","page","type-page","status-publish","hentry"],"acf":[],"_links":{"self":[{"href":"https:\/\/mcdonaldworley.com\/es\/wp-json\/wp\/v2\/pages\/29058","targetHints":{"allow":["GET"]}}],"collection":[{"href":"https:\/\/mcdonaldworley.com\/es\/wp-json\/wp\/v2\/pages"}],"about":[{"href":"https:\/\/mcdonaldworley.com\/es\/wp-json\/wp\/v2\/types\/page"}],"author":[{"embeddable":true,"href":"https:\/\/mcdonaldworley.com\/es\/wp-json\/wp\/v2\/users\/65"}],"replies":[{"embeddable":true,"href":"https:\/\/mcdonaldworley.com\/es\/wp-json\/wp\/v2\/comments?post=29058"}],"version-history":[{"count":0,"href":"https:\/\/mcdonaldworley.com\/es\/wp-json\/wp\/v2\/pages\/29058\/revisions"}],"up":[{"embeddable":true,"href":"https:\/\/mcdonaldworley.com\/es\/wp-json\/wp\/v2\/pages\/31135"}],"wp:attachment":[{"href":"https:\/\/mcdonaldworley.com\/es\/wp-json\/wp\/v2\/media?parent=29058"}],"curies":[{"name":"wp","href":"https:\/\/api.w.org\/{rel}","templated":true}]}}