{"id":29052,"date":"2019-01-04T16:34:07","date_gmt":"2019-01-04T16:34:07","guid":{"rendered":"https:\/\/abconlinehold.wpengine.com\/los-angeles\/"},"modified":"2021-08-12T12:39:41","modified_gmt":"2021-08-12T17:39:41","slug":"los-angeles-abogado-de-lesiones-personales","status":"publish","type":"page","link":"https:\/\/mcdonaldworley.com\/es\/los-angeles\/abogado-de-lesiones-personales","title":{"rendered":"Abogado de Lesiones Personales de Los Angeles"},"content":{"rendered":"\n<p>Vivir en California es excelente. Tienes sol 250 d\u00edas al a\u00f1o. Est\u00e1s cerca de muchos lugares incre\u00edbles y lugares divertidos para llevar a tu familia. Pero incluso las personas en California corren el riesgo de lesionarse en un accidente. De hecho, si vives en cualquier ciudad ocupada, est\u00e1s en mayor riesgo que la mayor\u00eda de las personas. Si est\u00e1 lesionado, es fundamental que tenga a su lado un <a href=\"https:\/\/mcdonaldworley.com\/es\/los-angeles\/abogado-de-lesiones-por-quemadura\/\" target=\"_blank\" rel=\"noopener\">abogado especializado en lesiones personales de Los<\/a> \u00c1ngeles..<\/p>\n\n\n\n<p>Podr\u00edas comprar en un centro comercial al aire libre y caer. O bien, su hijo podr\u00eda lastimarse mientras est\u00e1 en la guarder\u00eda. No hay l\u00edmite para las cosas que podr\u00edan sucederle a usted y a su familia. No puedes vivir tu vida temiendo esto. Solo tiene que asegurarse de saber qu\u00e9 hacer si algo sucede.<\/p>\n\n\n\n<p>T\u00e9cnicamente, si se lastima en un accidente, puede manejarlo usted mismo. No hay nada que le impida presentar una demanda contra el acusado. Sin embargo, siempre estar\u00e1 mejor si tiene a su lado un abogado experimentado en lesiones personales en Los \u00c1ngeles.<\/p>\n\n\n\n<p>La compa\u00f1\u00eda de seguros lo tomar\u00e1 m\u00e1s en serio si est\u00e1 representado. Sin mencionar que los abogados est\u00e1n especialmente capacitados para manejar estos casos. Saben qu\u00e9 evidencia necesita para ganar su caso. Saben c\u00f3mo negociar con las compa\u00f1\u00edas de seguros para que sus clientes lleguen a acuerdos justos.<\/p>\n\n\n\n<p>Si ha resultado herido a manos de otra persona, debe comunicarse con un abogado de lesiones personales en Los \u00c1ngeles. Su abogado luchar\u00e1 para obtener la compensaci\u00f3n que se merece.<\/p>\n\n\n\n\n\n\n<h2 class=\"wp-block-heading\">Los abogados especializados en lesiones personales de Los \u00c1ngeles en McDonald Worley luchar\u00e1n por usted<\/h2>\n\n\n\n<p>Por lo general, si sufre una lesi\u00f3n personal, presentar\u00e1 un reclamo contra la compa\u00f1\u00eda de seguros del demandado. La compa\u00f1\u00eda de seguros paga su reclamo dentro de una semana m\u00e1s o menos. Sin embargo, hay momentos en que su reclamo puede ser denegado. Si esto sucede, hay ciertas cosas que debe hacer. No desea arriesgarse a perder su reclamo por completo.<\/p>\n\n\n\n<figure class=\"wp-block-image alignnone\"><img decoding=\"async\" src=\"https:\/\/mcdonaldworley.com\/wp-content\/uploads\/2019\/08\/why-you-need-a-car-accident-lawyer-psl.jpg\" alt=\"Dos abogados trabajando en un caso.\" title=\"\"><figcaption>P\u00f3ngase en contacto con McDonald Worley para una consulta gratuita si cree que tiene un caso de lesiones personales.<\/figcaption><\/figure>\n\n\n\n<p>La compa\u00f1\u00eda de seguros puede denegar su reclamo por varias razones:<\/p>\n\n\n\n<ul class=\"wp-block-list\"><li>La pol\u00edtica no era v\u00e1lida en el momento de su accidente.<\/li><li>La pol\u00edtica hab\u00eda expirado por falta de pago<\/li><li>Ellos piensan que tienes la culpa<\/li><li>No creen que sus heridas sean leg\u00edtimas.<\/li><li>Piensan que est\u00e1s exigiendo demasiado dinero en tu reclamo<\/li><\/ul>\n\n\n\n<p>Si su reclamo es denegado, su abogado de lesiones personales puede presentar una apelaci\u00f3n. Hablar\u00e1 con el ajustador de seguros e intentar\u00e1 que se pague su reclamo. Dependiendo de la raz\u00f3n, \u00e9l puede hacer esto. Ahora, ninguna compa\u00f1\u00eda de seguros pagar\u00e1 un reclamo por una p\u00f3liza vencida. No tienen que hacerlo. Y, si lo hicieran, se ir\u00edan a la quiebra.<\/p>\n\n\n\n<p>Si la compa\u00f1\u00eda de seguros se niega a honrar su reclamo, su abogado de lesiones personales presentar\u00e1 una demanda en su nombre. Lo mismo es cierto si el acusado no tiene seguro alguno. Una demanda personal tiene su riesgo:<\/p>\n\n\n\n<ul class=\"wp-block-list\"><li>Podr\u00edas perder<\/li><li>Es posible que el acusado no tenga bienes y le dejen un juicio sin valor.<\/li><li>Tarda mucho tiempo en resolverse<\/li><li>Puede ser costoso<\/li><\/ul>\n\n\n\n<p>Por todas estas razones, su abogado trabajar\u00e1 arduamente para resolver su caso. Nadie quiere tomarse la molestia de un juicio. Los ensayos tardan demasiado y son caros. Y existe la posibilidad de que pueda perder. En lugar de tomar estos riesgos, es mejor que te instales.<\/p>\n\n\n\n<p>Llame y programe una consulta con un abogado de lesiones personales en McDonald Worley en <a href=\"https:\/\/en.wikipedia.org\/wiki\/Los_Angeles\" target=\"_blank\" rel=\"noopener noreferrer nofollow\">Los \u00c1ngeles, CA.<\/a> Cuentan con abogados experimentados que pueden ayudarlo a obtener la compensaci\u00f3n que se merece.<\/p>\n\n\n\n<h2 class=\"wp-block-heading\">Nuestros abogados de lesiones personales manejan una variedad de casos de lesiones<\/h2>\n\n\n\n<p>Lo mejor de los abogados de lesiones personales en McDonald Worley en <a href=\"https:\/\/www.lacity.org\/\" target=\"_blank\" rel=\"noopener noreferrer nofollow\">la ciudad de Los \u00c1ngeles<\/a> es que manejan todo tipo de casos. Con los a\u00f1os, su equipo lo ha visto todo. No importa qu\u00e9 tipo de lesi\u00f3n haya sufrido, pueden hacerle justicia.<\/p>\n\n\n\n<p>Algunos de los tipos de casos de lesiones personales que manejan incluyen, entre otros, los siguientes:<\/p>\n\n\n\n<h3 class=\"wp-block-heading\">Accidentes automovil\u00edsticos<\/h3>\n\n\n\n<p>Si est\u00e1 involucrado en un <a href=\"https:\/\/mcdonaldworley.com\/es\/riverside\/abogado-accidentes-automovilisticos\/\" target=\"_blank\" rel=\"noopener\">accidente automovil\u00edstico<\/a>, podr\u00eda sufrir algunas lesiones graves.. Puede estar sin trabajo por un tiempo. Si este es el caso, tiene derecho a una indemnizaci\u00f3n. No deber\u00eda tener que pagar facturas m\u00e9dicas o perder ingresos debido a la negligencia de otra persona. La persona responsable de su accidente ser\u00e1 responsable de todos sus da\u00f1os. Su <a href=\"https:\/\/mcdonaldworley.com\/es\/houston\/abogado-de-accidentes-automovilisticos\/\">abogado de accidentes automovil\u00edsticos<\/a> luchar\u00e1 duro para obtener esta compensaci\u00f3n. \u00c9l lo ayudar\u00e1 a negociar su reclamo de seguro. Y, si es necesario, presentar\u00e1 una demanda en su nombre.<\/p>\n\n\n\n<h3 class=\"wp-block-heading\">Accidentes de camiones<\/h3>\n\n\n\n<p><a href=\"https:\/\/mcdonaldworley.com\/es\/los-angeles\/abogados-de-accidentes-de-camiones\/\" target=\"_blank\" rel=\"noopener\">Los accidentes de camiones<\/a> son algunos de los m\u00e1s peligrosos en la carretera.. Cuando un cami\u00f3n con remolque golpea un veh\u00edculo de pasajeros, los resultados pueden ser desastrosos. De hecho, los accidentes de camiones son responsables de m\u00e1s muertes en promedio que cualquier otro tipo de accidente de tr\u00e1fico. Los camiones son tan grandes y pesados \u200b\u200bque un autom\u00f3vil no tiene ninguna posibilidad contra ellos. Y debido a que los camiones a menudo transportan grandes cargas, son m\u00e1s propensos a sufrir accidentes que otros tipos de veh\u00edculos. Llame a un abogado de accidentes de camiones, puede tener un reclamo contra el conductor, su empleador y sus compa\u00f1\u00edas de seguros.<\/p>\n\n\n\n<figure class=\"wp-block-image alignnone\"><img decoding=\"async\" src=\"https:\/\/mcdonaldworley.com\/wp-content\/uploads\/2019\/08\/truck-crash.jpg\" alt=\"Un cami\u00f3n a punto de chocar con un autom\u00f3vil.\" title=\"\"><figcaption>Los accidentes de camiones son especialmente perjudiciales. McDonald Worley puede obtener una indemnizaci\u00f3n por esos da\u00f1os.<\/figcaption><\/figure>\n\n\n\n<h3 class=\"wp-block-heading\">Accidentes de moto<\/h3>\n\n\n\n<p>En accidentes de motocicleta, no hay nada que se interponga entre usted y la carretera. Todo lo que tienes es un casco de pl\u00e1stico. En general, los autom\u00f3viles no prestan tanta atenci\u00f3n a las motocicletas como deber\u00edan. No es intencional. Simplemente no est\u00e1n acostumbrados a verlos en el camino. Adem\u00e1s de esto, muchos conductores de autom\u00f3viles tienen un sesgo en contra de los motociclistas. Piensan que son imprudentes y un peligro para el camino. Por esta raz\u00f3n, su abogado de accidentes de motocicleta tendr\u00e1 que luchar m\u00e1s para demostrar la causalidad.<\/p>\n\n\n\n<h3 class=\"wp-block-heading\">Accidentes de bicicleta<\/h3>\n\n\n\n<p>Muchas personas andan en bicicleta en estos d\u00edas. En un esfuerzo por ser saludables y amables con el medio ambiente, las personas de todo el mundo est\u00e1n \u00abvolvi\u00e9ndose verdes\u00bb. Esto significa que hay m\u00e1s ciclistas en la carretera. Los autos realmente no prestan suficiente atenci\u00f3n a los ciclistas. Esto se evidencia por el hecho de que muchas ciudades tienen iniciativas especiales para aumentar la atenci\u00f3n del conductor hacia los ciclistas. Si te golpean mientras andas en bicicleta, sufrir\u00e1s lesiones graves, incluso mortales. El conductor que te golpe\u00f3 debe ser responsable. Su <a href=\"https:\/\/mcdonaldworley.com\/es\/los-angeles\/abogado-de-lesiones-cerebrales\/\" target=\"_blank\" rel=\"noopener\">abogado de lesiones en accidentes de bicicleta en Los<\/a> \u00c1ngeles se asegurar\u00e1 de que lo sean..<\/p>\n\n\n\n<h3 class=\"wp-block-heading\">Accidentes de peatones<\/h3>\n\n\n\n<p>Si va a pie, debe tener en cuenta los autom\u00f3viles. Esto se debe a que la mayor\u00eda de los conductores no le prestan atenci\u00f3n. A pesar de los cruces peatonales obvios, muchos conductores no notan que los peatones cruzan la calle. Claramente, un ser humano no sostiene una vela contra un veh\u00edculo en movimiento. El impacto solo podr\u00eda matarlos. Si est\u00e1 involucrado en un accidente peatonal, sufrir\u00e1 lesiones graves. Podr\u00eda estar en el hospital durante d\u00edas o semanas. Es posible que necesite cirug\u00eda y fisioterapia. Un <a href=\"https:\/\/mcdonaldworley.com\/es\/moreno-valley\/abogado-accidentes-automovilisticos\/\" target=\"_blank\" rel=\"noopener\">abogado de accidentes<\/a> de peatones puede responsabilizar al acusado por estas lesiones..<\/p>\n\n\n\n<h3 class=\"wp-block-heading\">Casos de responsabilidad de locales y mordeduras de perro<\/h3>\n\n\n\n<p>Si se lastima en la propiedad de otra persona, tendr\u00e1 un reclamo de responsabilidad del establecimiento. Se requiere que las personas mantengan sus hogares y negocios seguros para los visitantes. Si no lo hacen, las personas pueden salir lastimadas. Cuando esto sucede, los propietarios deben ser responsables. Lo mismo es cierto para los due\u00f1os de perros. Si te muerde el perro de alguien, es posible que tengas un reclamo contra \u00e9l. Depende de la situaci\u00f3n y del perro. Su <a href=\"https:\/\/mcdonaldworley.com\/es\/los-angeles\/abogado-de-mordedura-de-perro\/\" target=\"_blank\" rel=\"noopener\">abogado de mordeduras de perro<\/a> revisar\u00e1 su caso y le informar\u00e1 lo que puede valer..<\/p>\n\n\n\n<h3 class=\"wp-block-heading\">Maltrato en hogares de ancianos<\/h3>\n\n\n\n<p>Cuando nuestros padres envejecen demasiado para que podamos cuidarlos, podemos ponerlos en un hogar de ancianos. Cuando hacemos esto, esperamos que se mantengan seguros y protegidos. Se supone que las enfermeras y los profesionales de la salud deben cuidar a nuestros seres queridos. Lamentablemente, m\u00e1s de unos pocos residentes de hogares de ancianos se convierten en v\u00edctimas de abuso. Este abuso puede tomar la forma de abuso f\u00edsico, mental o emocional. Algunos casos incluso involucran abuso financiero. Puede estar en manos de un miembro del personal u otro residente. Se requiere que el hogar de ancianos se asegure de que su ser querido est\u00e9 protegido de estas cosas. Si sospecha que un miembro de la familia est\u00e1 siendo maltratado, comun\u00edquese con un abogado especializado en abuso de hogares de ancianos.<\/p>\n\n\n\n<h3 class=\"wp-block-heading\">Medicamentos peligrosos<\/h3>\n\n\n\n<p>Cuando enciende su televisor, apenas puede pasar media hora sin ver otro comercial para un medicamento. Nuevos medicamentos se ponen en el mercado todo el tiempo. Algunos ni siquiera necesitan someterse a la aprobaci\u00f3n completa de la FDA. Aunque los vendedores de drogas afirman que nos advierten de todos sus efectos secundarios peligrosos, esto no hace que las drogas sean seguras. Hay drogas que pueden da\u00f1ar a las personas. El medicamento en s\u00ed es peligroso o puede causar interacciones mortales con otros medicamentos. El fabricante y el distribuidor pueden ser responsables y un abogado de drogas peligroso puede obtener la compensaci\u00f3n que usted merece.<\/p>\n\n\n\n<figure class=\"wp-block-image alignnone\">><img decoding=\"async\" src=\"https:\/\/mcdonaldworley.com\/wp-content\/uploads\/2019\/08\/pills.jpg\" alt=\"Pastillas en su envase.\" title=\"\"><figcaption>Si le han recetado medicamentos que le han causado da\u00f1o, busque una compensaci\u00f3n.<\/figcaption><\/figure>\n\n\n\n<h3 class=\"wp-block-heading\">Productos defectuosos<\/h3>\n\n\n\n<p>Si su hijo o ser querido se lastima por un producto defectuoso, necesitar\u00e1 un abogado de responsabilidad del producto en Los \u00c1ngeles. La mayor\u00eda de las cajas de productos defectuosos involucran juguetes, autom\u00f3viles y herramientas para ni\u00f1os. Estos productos pueden ser peligrosos incluso si se fabrican correctamente. Pero cuando no se fabrican correctamente, pueden causar lesiones corporales graves o incluso la muerte por negligencia. Dependiendo del tipo de producto, el fabricante podr\u00eda ser estrictamente responsable. Esto significa que tienen que pagar si sab\u00edan que su producto era peligroso o no.<\/p>\n\n\n\n<h3 class=\"wp-block-heading\">Mesotelioma<\/h3>\n\n\n\n<p>El mesotelioma es una forma de <a href=\"https:\/\/mcdonaldworley.com\/defective-products\/roundup-cancer-link\/\" target=\"_blank\" rel=\"noopener\">c\u00e1ncer causado por<\/a> la exposici\u00f3n al asbesto.. Un diagn\u00f3stico de mesotelioma es equivalente a una sentencia de muerte. La mayor\u00eda de los pacientes mueren dentro del primer a\u00f1o. Ninguno vive m\u00e1s de 5 a\u00f1os, excepto los pocos afortunados. Estos casos fueron tratados como acciones colectivas durante muchos a\u00f1os. Ahora que el asbesto est\u00e1 fuera de la mayor\u00eda de los edificios y productos, se est\u00e1n manejando de manera individual. Si su ser querido est\u00e1 muriendo de mesotelioma, es posible que tenga un reclamo legal. Su reclamo podr\u00eda ser contra su empleador, una ciudad o incluso una empresa privada.<\/p>\n\n\n\n<h2 class=\"wp-block-heading\">No importa qu\u00e9 tipo de lesi\u00f3n personal haya sufrido<\/h2>\n\n\n\n<p>Si ha tenido alg\u00fan tipo de accidente, es probable que tenga algunas lesiones bastante graves. Algunas lesiones requieren cirug\u00eda y fisioterapia. Otros se curan bastante r\u00e1pido. Tiene sentido que reciba m\u00e1s dinero si sus lesiones personales son m\u00e1s graves.<\/p>\n\n\n\n<p>Los abogados de lesiones personales <a href=\"https:\/\/www.google.com\/maps\/place\/Los+%C3%81ngeles,+California\/@34.0201613,-118.6919205,10z\/data=!3m1!4b1!4m5!3m4!1s0x80c2c75ddc27da13:0xe22fdf6f254608f4!8m2!3d34.0522342!4d-118.2436849\" target=\"_blank\" rel=\"noopener noreferrer nofollow\">cerca de Los \u00c1ngeles<\/a> pueden obtener una compensaci\u00f3n por todo tipo de lesiones personales, que incluyen:<\/p>\n\n\n\n<h3 class=\"wp-block-heading\">Lesiones de espalda<\/h3>\n\n\n\n<p>Dado el impacto sufrido en la mayor\u00eda de los accidentes, no sorprende que pueda lastimarse la espalda. Puede sufrir problemas de disco como hernias o desplazamiento. Tambi\u00e9n podr\u00edas experimentar distensiones musculares. Dependiendo del tipo de lesi\u00f3n de espalda que sufra, es posible que necesite cirug\u00eda. Es muy probable que tambi\u00e9n necesites fisioterapia. La mayor\u00eda de las lesiones en la espalda har\u00e1n que pierdas algunas semanas o meses de trabajo. Su abogado de lesiones personales exigir\u00e1 que sea compensado por este tiempo.<\/p>\n\n\n\n<h3 class=\"wp-block-heading\">Lesiones Cerebrales<\/h3>\n\n\n\n<p>Si est\u00e1 involucrado en una ca\u00edda grave o en una colisi\u00f3n frontal, probablemente sufrir\u00e1 alg\u00fan tipo de lesi\u00f3n cerebral. El tipo m\u00e1s grave de lesi\u00f3n cerebral es una lesi\u00f3n cerebral traum\u00e1tica. Los s\u00edntomas de una lesi\u00f3n cerebral traum\u00e1tica (LCT) incluyen:<\/p>\n\n\n\n<ul class=\"wp-block-list\"><li>Dolores de cabeza<\/li><li>N\u00e1useas<\/li><li>P\u00e9rdida de la visi\u00f3n<\/li><li>Problemas de memoria<\/li><li>Insomnio<\/li><li>Fatiga<\/li><li>Incapacidad para concentrarse<\/li><\/ul>\n\n\n\n<p>Su abogado har\u00e1 todo lo posible para obtener la compensaci\u00f3n que merece por su LCT. Debido a que un TBI puede afectarlo por el resto de su vida, esta compensaci\u00f3n puede ser significativa.<\/p>\n\n\n\n<h3 class=\"wp-block-heading\">Huesos rotos<\/h3>\n\n\n\n<p>Muchas personas sufren fracturas de huesos cuando tienen un accidente. Solo el impacto solo puede conducir a piernas y brazos rotos. Si los huesos rotos son la peor de sus lesiones, deber\u00eda estar agradecido. Sin embargo, los huesos rotos tambi\u00e9n requieren cirug\u00eda y fisioterapia. Pueden pasar meses antes de que vuelva a ponerse de pie.<\/p>\n\n\n\n<h3 class=\"wp-block-heading\">Invalidez<\/h3>\n\n\n\n<p>Si sus lesiones son lo suficientemente graves, es posible que nunca pueda volver a trabajar. Incluso si solo estuvieras trabajando por un salario m\u00ednimo, perder\u00e1s miles de d\u00f3lares en el transcurso de tu vida. Para calificar para una discapacidad, su abogado tendr\u00e1 que demostrar que no puede trabajar debido a sus lesiones. Ver\u00e1 la diferencia entre lo que habr\u00eda ganado y lo que ganar\u00eda con la discapacidad. El acusado debe ser considerado responsable de esta diferencia.<\/p>\n\n\n\n<h3 class=\"wp-block-heading\">TEPT<\/h3>\n\n\n\n<p>Accidentes muy graves pueden causar TEPT. TEPT significa trastorno de estr\u00e9s postraum\u00e1tico. Esto es cuando alguien sufre angustia mental y emocional despu\u00e9s de un accidente. La ansiedad y la depresi\u00f3n causadas por revivir su accidente pueden ser inquietantes. Su <a href=\"https:\/\/mcdonaldworley.com\/es\/abogado-de-lesiones-por-talco\/\" target=\"_blank\" rel=\"noopener\">abogado de lesiones personales luchar\u00e1 para obtener una compensaci\u00f3n por<\/a> su TEPT.. El TEPT puede ser dif\u00edcil de probar. Es posible que necesite m\u00e9dicos y psiquiatras para testificar que tiene el trastorno.<\/p>\n\n\n\n<h2 class=\"wp-block-heading\">Usted tiene derechos como v\u00edctima de accidente en Los \u00c1ngeles<\/h2>\n\n\n\n<p>Si se lesiona en un accidente, tiene derecho a <a href=\"https:\/\/www.nolo.com\/legal-encyclopedia\/damages-how-much-personal-injury-32264.html\" target=\"_blank\" rel=\"noopener noreferrer nofollow\">ser compensado por sus lesiones<\/a>. El demandado es responsable de cubrir su:<\/p>\n\n\n\n<h3 class=\"wp-block-heading\">Facturas m\u00e9dicas<\/h3>\n\n\n\n<p>Deber\u00eda recibir un reembolso por sus facturas m\u00e9dicas actuales y futuras. Si va a necesitar atenci\u00f3n a largo plazo, su <a href=\"https:\/\/mcdonaldworley.com\/atascocita\/personal-injury-lawyer\/\">abogado de lesiones personales<\/a> exigir\u00e1 que se le compense.<\/p>\n\n\n\n<h3 class=\"wp-block-heading\">Salarios perdidos<\/h3>\n\n\n\n<p>Si pierde tiempo del trabajo, merece que se le pague por ello. Este podr\u00eda ser el momento que te perdiste debido al accidente. Tambi\u00e9n puede representar ingresos que va a perder en el futuro debido a sus lesiones permanentes.<\/p>\n\n\n\n<h3 class=\"wp-block-heading\">Dolor y sufrimiento<\/h3>\n\n\n\n<p>Si experimenta mucho dolor debido a sus lesiones, puede exigir da\u00f1os. Tambi\u00e9n puede exigir que se le compense por la angustia mental y emocional.<\/p>\n\n\n\n<p>Su <a href=\"https:\/\/mcdonaldworley.com\/es\/los-angeles\/abogado-de-negligencia-en-asilos-de-ancianos\/\" target=\"_blank\" rel=\"noopener\">abogado de lesiones personales en Los<\/a> \u00c1ngeles le exigir\u00e1 que sea compensado por todos sus da\u00f1os.. Tenga en cuenta que probablemente negociar\u00e1 un acuerdo extrajudicial. Esto significa que es posible que no reciba tanto como desea. Sin embargo, a la larga, es lo mejor para usted. Ahorrar\u00e1 el gasto y el tiempo de una prueba.<\/p>\n\n\n\n<p>La compa\u00f1\u00eda de seguros tambi\u00e9n quiere establecerse. Pueden esperar hasta el \u00faltimo minuto, pero no quieren ir a la <a href=\"https:\/\/www.lacourt.org\/\" target=\"_blank\" rel=\"noopener noreferrer nofollow\">corte local.<\/a> Por lo general, har\u00e1n una oferta baja. Su abogado regresar\u00e1 con una oferta m\u00e1s alta. Terminar\u00e1n reuni\u00e9ndose en alg\u00fan punto intermedio.<\/p>\n\n\n\n<h2 class=\"wp-block-heading\">P\u00f3ngase en contacto con los abogados de lesiones personales de Los \u00c1ngeles para una consulta gratuita<\/h2>\n\n\n\n<p>Si ha resultado lesionado en alg\u00fan tipo de accidente, debe comunicarse con un <a href=\"https:\/\/mcdonaldworley.com\/es\/los-angeles\/abogado-de-accidentes-de-motos\/\" target=\"_blank\" rel=\"noopener\">abogado de lesiones personales de Los<\/a> \u00c1ngeles. <a href=\"https:\/\/mcdonaldworley.com\/es\/contacto\/\">Cont\u00e1ctenos<\/a> para programar su consulta inicial gratuita. Puede sentarse con un abogado experimentado que pueda responder cualquiera de sus preguntas. Tambi\u00e9n puede hacerle saber cu\u00e1nto puede valer su caso.<\/p>\n\n\n\n<p>Para su primera reuni\u00f3n, intente llevar la siguiente informaci\u00f3n:<\/p>\n\n\n\n<ul class=\"wp-block-list\"><li>Cualquier accidente o denuncia policial<\/li><li>Fotos del accidente<\/li><li>Sus registros m\u00e9dicos de sus lesiones.<\/li><li>Cualquier factura que haya recibido en relaci\u00f3n con su accidente.<\/li><li>Informaci\u00f3n de contacto para cualquier testigo<\/li><li>Cualquier correspondencia que haya recibido del acusado, su abogado o su compa\u00f1\u00eda de seguros.<\/li><\/ul>\n\n\n\n<p>Su abogado se comunicar\u00e1 con el otro lado e intentar\u00e1 negociar un acuerdo anticipado. Si no puede convencerlos de llegar a un acuerdo, proceder\u00e1 con su reclamo legal.<\/p>\n\n\n\n<p>Puede apostar que el acusado tendr\u00e1 abogados trabajando para ellos. No quieres que traten de aprovecharte de ti. Le conviene contar con un <a href=\"https:\/\/mcdonaldworley.com\/es\/sunrise-manor\/abogado-lesiones-personales\/\" target=\"_blank\" rel=\"noopener\">abogado experto en lesiones personales<\/a> a su lado. Su abogado luchar\u00e1 para obtener la compensaci\u00f3n que se merece.<\/p>\n\n\n\n<center><\/center>\n","protected":false},"excerpt":{"rendered":"<p>Vivir en California es excelente. Tienes sol 250 d\u00edas al a\u00f1o. Est\u00e1s cerca de muchos lugares incre\u00edbles y lugares divertidos para llevar a tu familia. Pero incluso las personas en California corren el riesgo de lesionarse en un accidente. De hecho, si vives en cualquier ciudad ocupada, est\u00e1s en mayor riesgo que la mayor\u00eda de [&hellip;]<\/p>\n","protected":false},"author":65,"featured_media":0,"parent":31135,"menu_order":0,"comment_status":"closed","ping_status":"closed","template":"","meta":{"_acf_changed":false,"site-sidebar-layout":"default","site-content-layout":"","ast-site-content-layout":"default","site-content-style":"default","site-sidebar-style":"default","ast-global-header-display":"","ast-banner-title-visibility":"","ast-main-header-display":"","ast-hfb-above-header-display":"","ast-hfb-below-header-display":"","ast-hfb-mobile-header-display":"","site-post-title":"","ast-breadcrumbs-content":"","ast-featured-img":"","footer-sml-layout":"","ast-disable-related-posts":"","theme-transparent-header-meta":"","adv-header-id-meta":"","stick-header-meta":"","header-above-stick-meta":"","header-main-stick-meta":"","header-below-stick-meta":"","astra-migrate-meta-layouts":"default","ast-page-background-enabled":"default","ast-page-background-meta":{"desktop":{"background-color":"var(--ast-global-color-4)","background-image":"","background-repeat":"repeat","background-position":"center center","background-size":"auto","background-attachment":"scroll","background-type":"","background-media":"","overlay-type":"","overlay-color":"","overlay-opacity":"","overlay-gradient":""},"tablet":{"background-color":"","background-image":"","background-repeat":"repeat","background-position":"center center","background-size":"auto","background-attachment":"scroll","background-type":"","background-media":"","overlay-type":"","overlay-color":"","overlay-opacity":"","overlay-gradient":""},"mobile":{"background-color":"","background-image":"","background-repeat":"repeat","background-position":"center center","background-size":"auto","background-attachment":"scroll","background-type":"","background-media":"","overlay-type":"","overlay-color":"","overlay-opacity":"","overlay-gradient":""}},"ast-content-background-meta":{"desktop":{"background-color":"var(--ast-global-color-5)","background-image":"","background-repeat":"repeat","background-position":"center center","background-size":"auto","background-attachment":"scroll","background-type":"","background-media":"","overlay-type":"","overlay-color":"","overlay-opacity":"","overlay-gradient":""},"tablet":{"background-color":"var(--ast-global-color-5)","background-image":"","background-repeat":"repeat","background-position":"center center","background-size":"auto","background-attachment":"scroll","background-type":"","background-media":"","overlay-type":"","overlay-color":"","overlay-opacity":"","overlay-gradient":""},"mobile":{"background-color":"var(--ast-global-color-5)","background-image":"","background-repeat":"repeat","background-position":"center center","background-size":"auto","background-attachment":"scroll","background-type":"","background-media":"","overlay-type":"","overlay-color":"","overlay-opacity":"","overlay-gradient":""}},"footnotes":""},"class_list":["post-29052","page","type-page","status-publish","hentry"],"acf":[],"_links":{"self":[{"href":"https:\/\/mcdonaldworley.com\/es\/wp-json\/wp\/v2\/pages\/29052","targetHints":{"allow":["GET"]}}],"collection":[{"href":"https:\/\/mcdonaldworley.com\/es\/wp-json\/wp\/v2\/pages"}],"about":[{"href":"https:\/\/mcdonaldworley.com\/es\/wp-json\/wp\/v2\/types\/page"}],"author":[{"embeddable":true,"href":"https:\/\/mcdonaldworley.com\/es\/wp-json\/wp\/v2\/users\/65"}],"replies":[{"embeddable":true,"href":"https:\/\/mcdonaldworley.com\/es\/wp-json\/wp\/v2\/comments?post=29052"}],"version-history":[{"count":0,"href":"https:\/\/mcdonaldworley.com\/es\/wp-json\/wp\/v2\/pages\/29052\/revisions"}],"up":[{"embeddable":true,"href":"https:\/\/mcdonaldworley.com\/es\/wp-json\/wp\/v2\/pages\/31135"}],"wp:attachment":[{"href":"https:\/\/mcdonaldworley.com\/es\/wp-json\/wp\/v2\/media?parent=29052"}],"curies":[{"name":"wp","href":"https:\/\/api.w.org\/{rel}","templated":true}]}}