{"id":29030,"date":"2019-11-21T15:49:18","date_gmt":"2019-11-21T21:49:18","guid":{"rendered":"https:\/\/abconlinehold.wpengine.com\/las-vegas\/motorcycle-accident-lawyer-las-vegas\/"},"modified":"2021-08-17T08:42:25","modified_gmt":"2021-08-17T13:42:25","slug":"las-vegas-abogado-de-accidentes-de-motocicletas","status":"publish","type":"page","link":"https:\/\/mcdonaldworley.com\/es\/las-vegas\/abogado-de-accidentes-de-motocicletas","title":{"rendered":"Abogado de Accidentes de Moto en Las Vegas | Consulta 100% Gratis"},"content":{"rendered":"<p>Un <a href=\"https:\/\/mcdonaldworley.com\/es\/\">abogado con experiencia en lesiones<\/a> en la firma de McDonald Worley en Las Vegas sabr\u00e1 c\u00f3mo ayudarlo despu\u00e9s de un accidente de motocicleta. Necesita compasi\u00f3n, comprensi\u00f3n y asesoramiento legal calificado. Podemos proporcionarle todo esto y m\u00e1s a medida que trabaja en el proceso de recuperaci\u00f3n, y haremos todo lo posible para garantizar que obtenga el mejor resultado posible.<\/p>\n<p>Nuestros abogados entienden completamente el proceso de tratar con compa\u00f1\u00edas de seguros. Nos familiarizaremos con los detalles de su caso, le explicaremos sus opciones y haremos todo lo posible para salvaguardar sus intereses a trav\u00e9s de la negociaci\u00f3n del seguro, reclamo por lesiones o demanda, lo que mejor se adapte a sus circunstancias y necesidades. Ll\u00e1menos hoy al 877-721-3423 para saber c\u00f3mo podemos ayudarlo con una <strong>consulta gratuita.<\/strong><\/p>\n\n<h2>\u00bfCu\u00e1les son mis primeros pasos despu\u00e9s de tener un accidente de motocicleta?<\/h2>\n<p>Reporte el accidente a la polic\u00eda de <a href=\"https:\/\/en.wikipedia.org\/wiki\/Las_Vegas\" target=\"_blank\" rel=\"noopener noreferrer nofollow\">Las Vegas, Nevada.<\/a> Aseg\u00farese de aprender c\u00f3mo puede obtener una copia del informe policial; necesitar\u00e1 mantener una copia en sus registros.<br \/>\nSer revisado por un m\u00e9dico. Incluso si se siente bien inmediatamente despu\u00e9s de su accidente, puede lesionarse de maneras que no son evidentes de inmediato. Necesita que su condici\u00f3n sea evaluada por un profesional m\u00e9dico. Preserve todos los registros de tratamiento, instrucciones m\u00e9dicas y facturas m\u00e9dicas que reciba. Todo esto puede ser importante si presenta un reclamo. P\u00f3ngase en contacto con un <a href=\"https:\/\/mcdonaldworley.com\/es\/north-las-vegas\/abogado-accidentes-auto\/\" target=\"_blank\" rel=\"noopener\">abogado de accidentes de motocicleta en Las Vegas<\/a> para concertar una consulta inicial gratuita..<\/p>\n<h2>Si obtengo un acuerdo de motocicleta, \u00bfcu\u00e1nto dinero puedo obtener?<\/h2>\n<p>Los detalles var\u00edan en cada caso de accidente de motocicleta; No hay dos casos exactamente iguales. Los acuerdos que se otorgan en estos casos est\u00e1n dictados por muchos factores diferentes, lo que dificulta la comparaci\u00f3n de dos casos. Tenga la seguridad de que si pone su caso en manos de McDonald Worley, trabajaremos incansablemente para asegurarnos de que tenga la mejor oportunidad posible en el mayor acuerdo posible.<\/p>\n<h2>\u00bfQu\u00e9 har\u00e1 un abogado de accidentes de motocicleta en Las Vegas por m\u00ed?<\/h2>\n<p>Vale la pena repetirlo temprano y con frecuencia: su principal prioridad despu\u00e9s de un accidente de motocicleta es obtener la atenci\u00f3n m\u00e9dica que necesita para restaurar y salvaguardar su salud. Uno de los mayores beneficios de trabajar con un buen abogado de accidentes de motocicletas es que manejar\u00e1n la mayor\u00eda o la totalidad de la recopilaci\u00f3n de informaci\u00f3n que debe hacerse despu\u00e9s de un accidente. Tendr\u00e1s libertad para concentrarte en lo que realmente importa: curaci\u00f3n y recuperaci\u00f3n.<\/p>\n<p><img loading=\"lazy\" decoding=\"async\" class=\"alignnone wp-image-28120 size-full\" src=\"https:\/\/mcdonaldworley.com\/wp-content\/uploads\/2019\/11\/motorcycle-accident-3-750x500.jpg\" alt=\"Un casco y una motocicleta tirada en el asfalto despu\u00e9s de un accidente en Las Vegas.\" width=\"750\" height=\"500\" title=\"\" srcset=\"https:\/\/mcdonaldworley.com\/wp-content\/uploads\/2019\/11\/motorcycle-accident-3-750x500.jpg 750w, https:\/\/mcdonaldworley.com\/wp-content\/uploads\/2019\/11\/motorcycle-accident-3-750x500-300x200.jpg 300w\" sizes=\"auto, (max-width: 750px) 100vw, 750px\" \/><\/p>\n<p>Contrata a McDonald Worley, y esto es lo que haremos mientras cuidas tu salud:<\/p>\n<ul>\n<li>Investigar la escena del accidente.<\/li>\n<li>Recopile y conserve evidencia que documente sus lesiones y da\u00f1os a su propiedad.<\/li>\n<li>Encuentra y entrevista a testigos<\/li>\n<li>Deponer a los agentes de la ley que presentaron su informe policial y respondieron a su accidente.<\/li>\n<li>Establezca v\u00ednculos con profesionales que puedan fortalecer su caso (por ejemplo, expertos en reconstrucci\u00f3n de accidentes, testigos m\u00e9dicos expertos, etc.) seg\u00fan sea necesario<\/li>\n<li>Haga un seguimiento de sus gastos totales de recuperaci\u00f3n, incluidos los costos m\u00e9dicos existentes y los gastos futuros estimados en los que incurrir\u00e1 su accidente, como salarios perdidos y atenci\u00f3n continua.<\/li>\n<\/ul>\n<p>Los <a href=\"https:\/\/mcdonaldworley.com\/es\/houston\">abogados de lesiones personales en McDonald Worley<\/a> quieren verlo recuperarse de su accidente lo m\u00e1s r\u00e1pido y completo posible. Es por eso que hacemos todo el trabajo de investigaci\u00f3n requerido para asegurarnos de que pueda reclamar una indemnizaci\u00f3n completa de las partes responsables de su accidente.<\/p>\n<h2>Si una compa\u00f1\u00eda de seguros me ofrece un acuerdo, \u00bfdebo tomarlo?<\/h2>\n<p>No acepte ninguna oferta inicial. Las ofertas hechas por las compa\u00f1\u00edas de seguros tienden a ser mucho menos de lo que tiene derecho. Es triste pero cierto: en un caso de accidente de motocicleta, la prioridad de las aseguradoras es resolver su reclamo de la manera m\u00e1s r\u00e1pida y econ\u00f3mica posible.<\/p>\n<p>No firme nada que le haya enviado una compa\u00f1\u00eda de seguros. Siempre debe consultar con su abogado antes de firmar comunicados, exenciones o cualquier otro documento. \u00a1No se arriesgue y se ponga en desventaja al renunciar a derechos importantes! Perm\u00edtanos protegerlo y garantizar que sus mejores intereses est\u00e9n protegidos.<\/p>\n<h2>\u00bfQu\u00e9 leyes tiene el estado de Nevada con respecto a los cascos de motocicleta?<\/h2>\n<p>El estado de Nevada tiene una ley de casco universal. Esto significa que se espera que todos los motociclistas y pasajeros en las carreteras de Nevada usen un casco mientras manejan una motocicleta, incluso los residentes de otros estados que simplemente est\u00e1n de paso.<\/p>\n<h3>Si no llevaba casco, \u00bfpuedo recibir una indemnizaci\u00f3n en un caso de accidente de motocicleta en Nevada?<\/h3>\n<p>Esta pregunta es de m\u00e1xima prioridad para cualquier persona que resulte lesionada en un accidente de motocicleta en Nevada y que no use casco. Si bien la respuesta completa puede ser complicada, el hecho clave que debe saber es que s\u00ed, es posible que pueda obtener da\u00f1os incluso si no llevaba puesto el casco en el momento del accidente.<\/p>\n<p>Las leyes de Nevada, como se indic\u00f3 anteriormente, requieren que todos los motociclistas usen cascos independientemente de su estado de residencia. El estatuto relevante para esto es <a href=\"https:\/\/www.leg.state.nv.us\/NRS\/NRS-486.html\" target=\"_blank\" rel=\"noopener noreferrer nofollow\">NRS 486.231.<\/a> La ley es expl\u00edcita sobre la inclusi\u00f3n de conductores y pasajeros. Los cascos deben estar bien sujetos e incluir gafas protectoras, caretas o gafas protectoras.<\/p>\n<p>Aunque es ilegal andar en motocicleta<a href=\"https:\/\/www.google.com\/maps\/place\/Las+Vegas,+NV\/@36.1246738,-115.4551869,10z\/data=!3m1!4b1!4m5!3m4!1s0x80beb782a4f57dd1:0x3accd5e6d5b379a3!8m2!3d36.1699412!4d-115.1398296?shorturl=1\" target=\"_blank\" rel=\"noopener noreferrer nofollow\"> alrededor de Las Vegas<\/a> (o en cualquier parte del estado de Nevada) sin casco, no necesariamente pierde su derecho a una compensaci\u00f3n financiera si infringe esta ley. La cuesti\u00f3n de la negligencia comparativa se vuelve crucial en los casos de accidentes de motocicletas en los que los conductores y los pasajeros no usaban cascos. Las leyes de negligencia comparativa (NRS 41.141) protegen el derecho de los demandantes a buscar da\u00f1os, incluso en los casos en que la negligencia se comparte entre los demandantes y los demandados.<\/p>\n<p>La estatua de negligencia comparativa de Nevada dice que mientras la responsabilidad de una v\u00edctima de accidente de motocicleta por sus lesiones sea inferior al 51 por ciento, esa v\u00edctima tiene derecho a recuperar los da\u00f1os.<\/p>\n<p><img loading=\"lazy\" decoding=\"async\" class=\"alignnone wp-image-28122 size-full\" src=\"https:\/\/mcdonaldworley.com\/wp-content\/uploads\/2019\/11\/motorcycle-scaled.jpg\" alt=\"Un motociclista en una interestatal en Las Vegas.\" width=\"2560\" height=\"1441\" title=\"\"><\/p>\n<p>Las reclamaciones por lesiones en motocicletas pueden volverse muy complicadas cuando las lesiones espec\u00edficas involucradas estaban directamente relacionadas con la ausencia de un casco (por ejemplo, lesiones cerebrales traum\u00e1ticas o lesiones cerebrales traum\u00e1ticas). Un motociclista que se considera culpable en m\u00e1s del 50 por ciento de sus lesiones espec\u00edficas puede tener prohibido recuperar da\u00f1os. En los casos en que el porcentaje de negligencia del motociclista sea inferior al 50 por ciento, los da\u00f1os recuperados se reducir\u00e1n para reflejar la responsabilidad de la v\u00edctima por las lesiones sufridas.<\/p>\n<p>Para dar ejemplos b\u00e1sicos, en un caso en el que el tribunal determina que el demandante es el 80 por ciento culpable de lesiones en la cabeza incurridas en un accidente de motocicleta sin casco, no podr\u00e1 recuperar ninguna indemnizaci\u00f3n. Sin embargo, si la responsabilidad del demandante se establece en solo el 50 por ciento, puede recuperar los da\u00f1os. La indemnizaci\u00f3n por da\u00f1os y perjuicios en tal caso se reducir\u00eda en un 50 por ciento para reflejar negligencia comparativa.<\/p>\n<h2>Estad\u00edsticas sobre accidentes de motocicletas<\/h2>\n<p>Los registros de estudio mantenidos por la Administraci\u00f3n Nacional de Seguridad del Tr\u00e1fico en Carreteras muestran que en el \u00faltimo a\u00f1o:<\/p>\n<ul>\n<li>Aproximadamente 88,000 motociclistas en los Estados Unidos resultaron heridos en accidentes de tr\u00e1fico<\/li>\n<li>Esos accidentes incluyeron 4,976 muertes de motociclistas (esto es 8 por ciento m\u00e1s que el a\u00f1o anterior)<\/li>\n<li>55 de esos accidentes fatales ocurrieron en Nevada<\/li>\n<\/ul>\n<p>Los Centros para el Control de Enfermedades tienen algunas estad\u00edsticas m\u00e1s sobre la mortalidad de motocicletas a largo plazo para tener en cuenta:<\/p>\n<ul>\n<li><a href=\"https:\/\/mcdonaldworley.com\/es\/las-vegas\/abogado-accidentes-de-camiones\/\" target=\"_blank\" rel=\"noopener\">Las muertes relacionadas con accidentes<\/a> de motocicleta han aumentado en un 55 por ciento desde el a\u00f1o 2000.<\/li>\n<li>La responsabilidad econ\u00f3mica anual promedio por accidentes de motocicleta es de aproximadamente $ 12 mil millones<\/li>\n<\/ul>\n<h2>\u00bfQu\u00e9 causa los accidentes de motocicleta?<\/h2>\n<p>La Administraci\u00f3n Federal de Carreteras y el Departamento de Transporte de EE. UU. Acumulan estad\u00edsticas significativas sobre accidentes de motocicletas. Seg\u00fan sus datos, todas las siguientes causas son comunes:<\/p>\n<ul>\n<li>Veh\u00edculos que circulan por el tr\u00e1fico o cambian de carril sin darse cuenta de la presencia de motocicletas.<\/li>\n<li>Giros a la izquierda frente a motocicletas<\/li>\n<li>Las puertas de los autom\u00f3viles se abren en el camino de las motocicletas.<\/li>\n<li>Conducci\u00f3n distraida<\/li>\n<li>Conducir bajo la influencia<\/li>\n<li>Exceso de velocidad y otras formas de conducci\u00f3n imprudente en veh\u00edculos de pasajeros.<\/li>\n<li>Los conductores de veh\u00edculos no pueden observar motocicletas<\/li>\n<li>Los conductores de veh\u00edculos no obedecen las se\u00f1ales de tr\u00e1fico publicadas<\/li>\n<\/ul>\n<h2>\u00bfQu\u00e9 lesiones son causadas com\u00fanmente por accidentes de motocicleta?<\/h2>\n<p>Los motociclistas, particularmente los nuevos, tienden a tomar muchos pasos para protegerse de las lesiones mientras conducen. Compran y usan cascos para protegerse de las lesiones en la cabeza. Estos incluyen viseras, caretas o gafas para proteger sus ojos. Llevan ropa protectora que les cubre completamente los brazos y las piernas para evitar abrasiones de la piel y \u00aberupci\u00f3n en la carretera\u00bb. Si bien estos son pasos de protecci\u00f3n loables, no siempre pueden evitar lesiones en un accidente de motocicleta. Todas las siguientes lesiones pueden ser causadas por un accidente de motocicleta:<\/p>\n<h3>Lesi\u00f3n p\u00e9lvica y urol\u00f3gica<\/h3>\n<p>La simple disposici\u00f3n f\u00edsica de conducir motocicletas hace que las lesiones p\u00e9lvicas sean probables. Cualquier fuerza dirigida al ciclista desde la direcci\u00f3n correcta puede conducir la pelvis contra el cuadro de su bicicleta. Esto puede ocasionar desde hematomas dolorosos hasta fracturas \u00f3seas altamente peligrosas. Es muy probable que las lesiones en esta \u00e1rea del cuerpo da\u00f1en los \u00f3rganos reproductivos, digestivos y urol\u00f3gicos, as\u00ed como los m\u00fasculos y los huesos. El tratamiento m\u00e9dico adecuado para tales lesiones puede incluir cirug\u00eda compleja y atenci\u00f3n terap\u00e9utica y de rehabilitaci\u00f3n prolongada.<\/p>\n<h3>P\u00e9rdida de extremidades<\/h3>\n<p>La mayor\u00eda de los motociclistas realistas reconocen que un accidente puede causar abrasiones graves y huesos rotos. Pocos quieren detenerse en la posibilidad demasiado real de perder un brazo o una pierna. Esta posibilidad es espantosamente probable si las extremidades est\u00e1n atrapadas, aplastadas o arrastradas entre la motocicleta y otro objeto (generalmente la superficie de la carretera u otro veh\u00edculo). En algunos accidentes, los brazos, piernas, dedos o dedos de los pies pueden perderse inmediatamente debido a la fuerza f\u00edsica del accidente. En otros casos, las extremidades pueden estar tan da\u00f1adas que la amputaci\u00f3n se convierte en una necesidad m\u00e9dica.<\/p>\n<h3>Lesi\u00f3n de la m\u00e9dula espinal<\/h3>\n<p>Un casco es una excelente manera de reducir la probabilidad de lesiones en la cabeza o el cerebro en un accidente de motocicleta. Desafortunadamente, no es tan f\u00e1cil protegerse contra la posibilidad de lesiones graves en la m\u00e9dula espinal. El da\u00f1o de la m\u00e9dula espinal puede ser extremadamente, incluso dolorosamente debilitante. En algunos casos, las lesiones de la m\u00e9dula espinal causan par\u00e1lisis parcial o completa. Si bien mucho depende de la extensi\u00f3n y ubicaci\u00f3n de una lesi\u00f3n en la columna vertebral, el proceso de recuperaci\u00f3n generalmente toma mucho tiempo.<\/p>\n<h3>Trauma psicol\u00f3gico y emocional<\/h3>\n<p>El costo f\u00edsico de un accidente de motocicleta a menudo es lo suficientemente alto como para que se pasen por alto formas menos obvias de lesiones. Los pasajeros involucrados en accidentes graves con frecuencia sufren de depresi\u00f3n, <a href=\"https:\/\/mcdonaldworley.com\/es\/presentar-reclamo-de-trastorno-de-estres-postraumatico\/\" target=\"_blank\" rel=\"noopener\">trastorno de estr\u00e9s postraum\u00e1tico<\/a> y otros problemas psicol\u00f3gicos.. La posibilidad de conducir una motocicleta o incluso viajar de cualquier manera puede ser suficiente para provocar ataques de ansiedad despu\u00e9s de un accidente de motocicleta. Superar estos problemas a menudo requiere una terapia extensa.<\/p>\n<h2>\u00bfPuede un motociclista encontrado parcialmente en falta a\u00fan hacer un reclamo por lesiones?<\/h2>\n<p>Incluso en los casos en que los demandantes se encuentran parcialmente responsables de un accidente de motocicleta o de las lesiones que sufrieron en \u00e9l, a\u00fan pueden construir un caso formidable y exitoso de indemnizaci\u00f3n.<\/p>\n<p>La ley de Nevada incluye estatutos sobre negligencia comparativa (<a href=\"https:\/\/www.leg.state.nv.us\/nrs\/NRS-041.html\" target=\"_blank\" rel=\"noopener noreferrer nofollow\">NRS 41.141<\/a>). Mientras se determine que un demandante es menos del 51 por ciento negligente, la ley le permite recuperar los da\u00f1os. Sin embargo, las indemnizaciones por da\u00f1os en casos de negligencia comparativa se reducen en proporci\u00f3n al porcentaje de negligencia asignado al demandante.<\/p>\n<p><img loading=\"lazy\" decoding=\"async\" class=\"alignnone wp-image-28124 size-full\" src=\"https:\/\/mcdonaldworley.com\/wp-content\/uploads\/2019\/11\/motorcycle-2-750x500.jpg\" alt=\"Una motocicleta de costado despu\u00e9s de un accidente con un autom\u00f3vil en Las Vegas.\" width=\"750\" height=\"500\" title=\"\" srcset=\"https:\/\/mcdonaldworley.com\/wp-content\/uploads\/2019\/11\/motorcycle-2-750x500.jpg 750w, https:\/\/mcdonaldworley.com\/wp-content\/uploads\/2019\/11\/motorcycle-2-750x500-300x200.jpg 300w\" sizes=\"auto, (max-width: 750px) 100vw, 750px\" \/><\/p>\n<p>Considere un caso en el que un conductor ebrio golpea a un motociclista. En la corte, se puede establecer que el motociclista estaba acelerando en ese momento. Seg\u00fan la ley de negligencia comparativa, el 80 por ciento de la culpa del accidente se asigna al conductor ebrio y el 20 por ciento al motociclista. Esto significa que los da\u00f1os otorgados al motociclista se reducir\u00edan en un 20 por ciento. Si la indemnizaci\u00f3n por da\u00f1os totales fuera de $ 100,000, la recuperaci\u00f3n final del demandante se reducir\u00eda en un 20%, resultando en da\u00f1os reales de $ 80,000.<\/p>\n<p>No hay consideraciones especiales en la ley de Nevada para accidentes de motocicleta en t\u00e9rminos de negligencia comparativa y indemnizaci\u00f3n por da\u00f1os. De hecho, los jurados suelen simpatizar con el hecho de que los conductores de veh\u00edculos tienen la responsabilidad de compartir la carretera de manera segura con los motociclistas.<\/p>\n<h2>\u00bfQu\u00e9 debo hacer si estoy en un accidente de motocicleta en Nevada como pasajero?<\/h2>\n<p>Si fue pasajero de una motocicleta y result\u00f3 lesionado en un accidente de tr\u00e1fico, debe consultar con un <a href=\"https:\/\/mcdonaldworley.com\/es\/houston\/abogado-de-accidentes-automovilisticos\/\">abogado experimentado en accidentes automovil\u00edsticos<\/a> para determinar la mejor manera de proceder. Dependiendo de sus circunstancias espec\u00edficas, puede ser mejor presentar una solicitud con su propia compa\u00f1\u00eda de seguros o con la compa\u00f1\u00eda del conductor culpable. Tambi\u00e9n necesita asesoramiento legal para ayudarlo a decidir si un acuerdo concertado a trav\u00e9s de una compa\u00f1\u00eda de seguros satisface sus necesidades o si necesita presentar una demanda.<\/p>\n<h2>\u00bfPor qu\u00e9 es importante cumplir con mis citas m\u00e9dicas?<\/h2>\n<p>Si bien tiene pendiente un reclamo por accidente de motocicleta, debe hacer el mayor esfuerzo posible para cumplir plenamente con todos los consejos e instrucciones que recibe de los profesionales de la salud. Omitir citas o no seguir las instrucciones de tratamiento abre la posibilidad de que los acusados \u200b\u200ble impongan parte o la totalidad de la responsabilidad por sus lesiones.<\/p>\n<p>Tambi\u00e9n debe hacer un esfuerzo para mantenernos actualizados sobre su progreso m\u00e9dico y cualquier intento de contactarlo por parte de los acusados, sus <a href=\"https:\/\/mcdonaldworley.com\/es\/las-vegas\/abogado-accidentes-peatonales\/\" target=\"_blank\" rel=\"noopener\">abogados o las<\/a> compa\u00f1\u00edas de seguros..<\/p>\n<h2>P\u00f3ngase en contacto con McDonald Worley para obtener la ayuda que necesita<\/h2>\n<p>Contamos con un equipo altamente experimentado de <a href=\"https:\/\/mcdonaldworley.com\/es\/missouri-city\/abogado-accidentes-auto\/\" target=\"_blank\" rel=\"noopener\">abogados de accidentes<\/a> de motocicletas que pueden ayudarlo a planificar una estrategia legal integral para obtener la compensaci\u00f3n completa que se merece.. \u00a1Comience el proceso de recuperaci\u00f3n y tenga la seguridad de que sus intereses legales y financieros est\u00e1n en buenas manos con McDonald Worley! Si usted o un ser querido ha sufrido una lesi\u00f3n en un accidente de motocicleta en Nevada, no dude en <a href=\"https:\/\/mcdonaldworley.com\/es\/\">comunicarse con McDonald<\/a> Worley hoy.<\/p>\n","protected":false},"excerpt":{"rendered":"<p>Un abogado con experiencia en lesiones en la firma de McDonald Worley en Las Vegas sabr\u00e1 c\u00f3mo ayudarlo despu\u00e9s de un accidente de motocicleta. Necesita compasi\u00f3n, comprensi\u00f3n y asesoramiento legal calificado. Podemos proporcionarle todo esto y m\u00e1s a medida que trabaja en el proceso de recuperaci\u00f3n, y haremos todo lo posible para garantizar que obtenga [&hellip;]<\/p>\n","protected":false},"author":65,"featured_media":0,"parent":28991,"menu_order":0,"comment_status":"closed","ping_status":"closed","template":"","meta":{"_acf_changed":false,"site-sidebar-layout":"default","site-content-layout":"","ast-site-content-layout":"default","site-content-style":"default","site-sidebar-style":"default","ast-global-header-display":"","ast-banner-title-visibility":"","ast-main-header-display":"","ast-hfb-above-header-display":"","ast-hfb-below-header-display":"","ast-hfb-mobile-header-display":"","site-post-title":"","ast-breadcrumbs-content":"","ast-featured-img":"","footer-sml-layout":"","ast-disable-related-posts":"","theme-transparent-header-meta":"","adv-header-id-meta":"","stick-header-meta":"","header-above-stick-meta":"","header-main-stick-meta":"","header-below-stick-meta":"","astra-migrate-meta-layouts":"default","ast-page-background-enabled":"default","ast-page-background-meta":{"desktop":{"background-color":"var(--ast-global-color-4)","background-image":"","background-repeat":"repeat","background-position":"center center","background-size":"auto","background-attachment":"scroll","background-type":"","background-media":"","overlay-type":"","overlay-color":"","overlay-opacity":"","overlay-gradient":""},"tablet":{"background-color":"","background-image":"","background-repeat":"repeat","background-position":"center center","background-size":"auto","background-attachment":"scroll","background-type":"","background-media":"","overlay-type":"","overlay-color":"","overlay-opacity":"","overlay-gradient":""},"mobile":{"background-color":"","background-image":"","background-repeat":"repeat","background-position":"center center","background-size":"auto","background-attachment":"scroll","background-type":"","background-media":"","overlay-type":"","overlay-color":"","overlay-opacity":"","overlay-gradient":""}},"ast-content-background-meta":{"desktop":{"background-color":"var(--ast-global-color-5)","background-image":"","background-repeat":"repeat","background-position":"center center","background-size":"auto","background-attachment":"scroll","background-type":"","background-media":"","overlay-type":"","overlay-color":"","overlay-opacity":"","overlay-gradient":""},"tablet":{"background-color":"var(--ast-global-color-5)","background-image":"","background-repeat":"repeat","background-position":"center center","background-size":"auto","background-attachment":"scroll","background-type":"","background-media":"","overlay-type":"","overlay-color":"","overlay-opacity":"","overlay-gradient":""},"mobile":{"background-color":"var(--ast-global-color-5)","background-image":"","background-repeat":"repeat","background-position":"center center","background-size":"auto","background-attachment":"scroll","background-type":"","background-media":"","overlay-type":"","overlay-color":"","overlay-opacity":"","overlay-gradient":""}},"footnotes":""},"class_list":["post-29030","page","type-page","status-publish","hentry"],"acf":[],"_links":{"self":[{"href":"https:\/\/mcdonaldworley.com\/es\/wp-json\/wp\/v2\/pages\/29030","targetHints":{"allow":["GET"]}}],"collection":[{"href":"https:\/\/mcdonaldworley.com\/es\/wp-json\/wp\/v2\/pages"}],"about":[{"href":"https:\/\/mcdonaldworley.com\/es\/wp-json\/wp\/v2\/types\/page"}],"author":[{"embeddable":true,"href":"https:\/\/mcdonaldworley.com\/es\/wp-json\/wp\/v2\/users\/65"}],"replies":[{"embeddable":true,"href":"https:\/\/mcdonaldworley.com\/es\/wp-json\/wp\/v2\/comments?post=29030"}],"version-history":[{"count":0,"href":"https:\/\/mcdonaldworley.com\/es\/wp-json\/wp\/v2\/pages\/29030\/revisions"}],"up":[{"embeddable":true,"href":"https:\/\/mcdonaldworley.com\/es\/wp-json\/wp\/v2\/pages\/28991"}],"wp:attachment":[{"href":"https:\/\/mcdonaldworley.com\/es\/wp-json\/wp\/v2\/media?parent=29030"}],"curies":[{"name":"wp","href":"https:\/\/api.w.org\/{rel}","templated":true}]}}