{"id":28997,"date":"2019-11-22T08:16:39","date_gmt":"2019-11-22T14:16:39","guid":{"rendered":"https:\/\/abconlinehold.wpengine.com\/las-vegas\/hotel-injury-lawyer\/"},"modified":"2021-08-17T13:49:54","modified_gmt":"2021-08-17T18:49:54","slug":"las-vegas-abogado-lesiones-en-hotel","status":"publish","type":"page","link":"https:\/\/mcdonaldworley.com\/es\/las-vegas\/abogado-lesiones-en-hotel","title":{"rendered":"Abogado de Lesiones en Hotel de Las Vegas"},"content":{"rendered":"<p>\u00bfRecientemente sufri\u00f3 lesiones mientras se hospedaba en un hotel en Las Vegas? Por ejemplo, \u00bfse ha lastimado recientemente al resbalarse y caerse en el ba\u00f1o de su habitaci\u00f3n de hotel o se resbal\u00f3 y cay\u00f3 en otra parte de la propiedad del hotel? Si tiene, probablemente est\u00e9 buscando un abogado experimentado en lesiones de hotel en Las Vegas.<\/p>\n<p>Si la respuesta a cualquiera de estas preguntas es s\u00ed, debe ponerse en contacto con McDonald Worley, un <a href=\"https:\/\/mcdonaldworley.com\/es\/las-vegas\/abogado-mordeduras-de-perro\/\" target=\"_blank\" rel=\"noopener\">abogado de confianza de lesiones en hoteles de Las Vegas.<\/a>. Es posible que tenga derecho a una indemnizaci\u00f3n del hotel por negligencia fue parte de la raz\u00f3n por la cual tuvo su accidente.<\/p>\n<p>Para obtener m\u00e1s informaci\u00f3n sobre c\u00f3mo solicitar una indemnizaci\u00f3n por las lesiones sufridas durante su estad\u00eda en un hotel de Las Vegas, comun\u00edquese hoy con McDonald Worley, un bufete de abogados de confianza en lesiones de hotel al (877) 721-3423.<\/p>\n\n<h2>\u00bfC\u00f3mo se demuestra la negligencia en los casos de lesiones de hotel en Las Vegas?<\/h2>\n<p>Cuando la gran mayor\u00eda de las personas sufren lesiones mientras se hospedan en un hotel de <a href=\"https:\/\/www.lasvegas.com\/\" target=\"_blank\" rel=\"noopener noreferrer nofollow\">Las Vegas<\/a>, generalmente demandan por negligencia. Seg\u00fan la ley de Nevada, la v\u00edctima (demandante) debe probar los siguientes 4 elementos para demostrar negligencia por parte del hotel (acusado).<\/p>\n<ul>\n<li>El hotel ten\u00eda el deber legal de cuidar a la v\u00edctima.<\/li>\n<li>Se incumpli\u00f3 el deber legal del hotel.<\/li>\n<li>El incumplimiento del deber legal fue la causa inmediata de las lesiones de la v\u00edctima.<\/li>\n<li>La lesi\u00f3n result\u00f3 en da\u00f1os a la v\u00edctima.<\/li>\n<\/ul>\n<p>Nota: Si la v\u00edctima sufri\u00f3 una fatalidad como resultado de la lesi\u00f3n en el hotel, su patrimonio, as\u00ed como su familia, pueden entablar una demanda por homicidio culposo.<\/p>\n<p>La siguiente es una mirada m\u00e1s profunda a cada uno de los 4 elementos necesarios para demostrar negligencia por parte del hotel.<\/p>\n<h2>Obligaci\u00f3n legal<\/h2>\n<p>Seg\u00fan la ley de Nevada, los hoteles tienen el deber b\u00e1sico de garantizar que su propiedad est\u00e9 libre y a salvo de cualquier amenaza que pueda causar lesiones. Los hoteles est\u00e1n obligados a tomar todas las medidas razonables para prevenir cualquier lesi\u00f3n previsible.<\/p>\n<p>Las siguientes son algunas precauciones que los hoteles en Nevada deben tomar para garantizar que sus instalaciones sean seguras para los hu\u00e9spedes.<\/p>\n<ul>\n<li>Las habitaciones de hotel y las \u00e1reas p\u00fablicas siempre deben mantenerse en buen estado.<\/li>\n<li>Las llaves deben reprogramarse una vez que los invitados hayan salido<\/li>\n<li>Los hoteles deben cumplir con las normas de seguridad alimentaria en Nevada<\/li>\n<li>Param\u00e9dicos o personal m\u00e9dico capacitado deben ser llamados en caso de un problema m\u00e9dico.<\/li>\n<li>Siempre debe existir un plan para hacer frente a emergencias, como incendios<\/li>\n<li>Cumplimiento de las leyes federales y de Nevada contra la discriminaci\u00f3n.<\/li>\n<\/ul>\n<p>De acuerdo con las leyes de <a href=\"https:\/\/www.leg.state.nv.us\/NRS\/NRS-651.html\" target=\"_blank\" rel=\"noopener noreferrer nofollow\">responsabilidad de las instalaciones de Nevada<\/a>, los hoteles tienen un mayor deber de cuidado con los hu\u00e9spedes que con los intrusos. Los intrusos que resulten heridos en un hotel tendr\u00e1n m\u00e1s dificultades para demostrar que el hotel es realmente responsable que los hu\u00e9spedes lesionados.<\/p>\n<figure id=\"attachment_28034\" aria-describedby=\"caption-attachment-28034\" style=\"width: 400px\" class=\"wp-caption alignnone\"><img loading=\"lazy\" decoding=\"async\" class=\"wp-image-28034 size-full\" src=\"https:\/\/mcdonaldworley.com\/wp-content\/uploads\/2019\/11\/law-vegas-hotel-injury-mcdonald-worley.jpg\" alt=\"abogado de lesiones en hoteles en Las Vegas.\" width=\"400\" height=\"267\" title=\"\" srcset=\"https:\/\/mcdonaldworley.com\/wp-content\/uploads\/2019\/11\/law-vegas-hotel-injury-mcdonald-worley.jpg 400w, https:\/\/mcdonaldworley.com\/wp-content\/uploads\/2019\/11\/law-vegas-hotel-injury-mcdonald-worley-300x200.jpg 300w\" sizes=\"auto, (max-width: 400px) 100vw, 400px\" \/><figcaption id=\"caption-attachment-28034\" class=\"wp-caption-text\">\u00bfNecesita un abogado de lesiones de hotel? Contactar con McDonald | Worley hoy.<\/figcaption><\/figure>\n<h2>Incumplimiento del deber<\/h2>\n<p>La gran mayor\u00eda de los hoteles en <a href=\"https:\/\/mcdonaldworley.com\/es\/las-vegas\/abogado-lesiones-cerebrales\/\" target=\"_blank\" rel=\"noopener\">Las Vegas<\/a> hacen todo lo posible para garantizar la seguridad de sus hu\u00e9spedes y empleados.. Sin embargo, ocasionalmente incumplen ese deber de cuidado.<\/p>\n<p>Por lo general, se produce una violaci\u00f3n si un hotel no ejerce un deber con el nivel de atenci\u00f3n que un individuo ordinariamente prudente y cuidadoso ejercer\u00eda mientras enfrenta las mismas circunstancias o similares.<\/p>\n<h2>Causalidad<\/h2>\n<p>Ganar un reclamo por negligencia contra un hotel, lo que demuestra que el hotel dej\u00f3 caer la pelota no es suficiente. El demandante tambi\u00e9n debe demostrar que sus lesiones fueron causadas por el incumplimiento del deber. La evidencia com\u00fanmente utilizada para probar la causalidad incluye:<\/p>\n<ul>\n<li>Registros m\u00e9dicos<\/li>\n<li>Testimonio experto<\/li>\n<li>Video de tel\u00e9fonos inteligentes y cuentas de testigos<\/li>\n<li>Video de c\u00e1maras de vigilancia ubicadas en el hotel<\/li>\n<li>Ropa usada por la v\u00edctima (si el accidente involucr\u00f3 pisos fangosos o mojados)<\/li>\n<li>A veces, los hoteles borrar\u00e1n las im\u00e1genes de vigilancia despu\u00e9s de unos pocos d\u00edas, por lo que es tan importante que las v\u00edctimas de accidentes consulten a un abogado de inmediato para obtener copias de las im\u00e1genes antes de que se borren. El video es a veces la \u00fanica evidencia disponible que muestra que el piso estaba mojado cuando el demandante se resbal\u00f3 sobre \u00e9l.<\/li>\n<\/ul>\n<h2>Da\u00f1os y perjuicios<\/h2>\n<p>El \u00faltimo paso para probar la negligencia es que el demandante demuestre que la lesi\u00f3n result\u00f3 en da\u00f1os, lo que se refiere al dinero. Por ejemplo, un brazo roto por un resbal\u00f3n y ca\u00edda generalmente produce los siguientes da\u00f1os:<\/p>\n<ul>\n<li>Salarios perdidos por no trabajar<\/li>\n<li>Facturas del doctor<\/li>\n<li>Dolor y sufrimiento (que aunque subjetivos pueden ser estimados por abogados)<\/li>\n<li>Si una persona se resbala en un piso mojado pero no sufre lesiones adem\u00e1s de la verg\u00fcenza moment\u00e1nea, esa persona tendr\u00eda dificultades para probar los da\u00f1os.<\/li>\n<\/ul>\n<h2>\u00bfQu\u00e9 partes se pueden nombrar en los casos de lesiones en hoteles de Las Vegas?<\/h2>\n<p>Si la lesi\u00f3n se mantiene en los terrenos del hotel, la v\u00edctima obviamente intentar\u00e1 demandar al hotel por negligencia. Las corporaciones que poseen hoteles generalmente tienen bolsillos profundos, pero esto puede funcionar a favor o en contra del demandante. Despu\u00e9s de todo, pueden tener la capacidad de ofrecer acuerdos masivos, pero tambi\u00e9n tienen la capacidad de pagar a los abogados para prolongar el litigio por el mayor tiempo posible.<\/p>\n<p>Dependiendo de las circunstancias que rodearon el accidente, las v\u00edctimas tambi\u00e9n pueden demandar a otras partes por negligencia. Aqu\u00ed hay algunos ejemplos de accidentes de hotel y posibles acusados \u200b\u200ben los juicios de negligencia resultantes:<\/p>\n<h3>Accidentes de resbalones y ca\u00eddas<\/h3>\n<ul>\n<li>La empresa constructora que realmente construy\u00f3 el hotel.<\/li>\n<li>Empleados individuales del hotel que pueden haber sido responsables del peligro.<\/li>\n<li>El decorador de interiores que puede ser parcial o totalmente responsable de la superficie resbaladiza.<\/li>\n<li>Otros clientes del hotel que pueden haber sido responsables del peligro<\/li>\n<\/ul>\n<h3>Comida envenenada<\/h3>\n<ul>\n<li>El servicio de habitaciones o los trabajadores del restaurante que pueden haber contaminado la comida.<\/li>\n<li>La empresa de servicios de habitaciones o restaurante que suministr\u00f3 la comida.<\/li>\n<li>Las compa\u00f1\u00edas de alimentos que suministraron ingredientes contaminados.<\/li>\n<li>El Distrito de Salud del Sur de Nevada por permitir que el hotel se deslice por las grietas.<\/li>\n<li>Pobre control de multitudes que implica pisotear<\/li>\n<li>La compa\u00f1\u00eda que produjo el evento o concierto donde ocurri\u00f3 el accidente.<\/li>\n<li>Seguridad del hotel y \/ o equipos de seguridad externos por su falla en garantizar la seguridad de la v\u00edctima<\/li>\n<li>Ascensores defectuosos<\/li>\n<li>La empresa de mantenimiento de ascensores<\/li>\n<li>El fabricante del ascensor<\/li>\n<\/ul>\n<h2>\u00bfCu\u00e1les son los l\u00edmites de tiempo dentro de los cuales debe presentar un reclamo contra un hotel?<\/h2>\n<p>El estatuto de limitaciones en Nevada para presentar una demanda por negligencia es de <a href=\"https:\/\/www.leg.state.nv.us\/NRS\/NRS-011.html\" target=\"_blank\" rel=\"noopener noreferrer nofollow\">2 a\u00f1os<\/a> despu\u00e9s del descubrimiento de la lesi\u00f3n por parte de la v\u00edctima.<\/p>\n<p>Las v\u00edctimas a menudo se dan cuenta de que han sufrido lesiones inmediatamente despu\u00e9s de los accidentes. Sin embargo, a veces pueden pasar semanas o incluso meses antes de que la v\u00edctima descubra una afecci\u00f3n m\u00e9dica que caus\u00f3 el accidente. Los hematomas y las fracturas por estr\u00e9s son ejemplos de lesiones silenciosas.<\/p>\n<p>De cualquier manera, las v\u00edctimas de accidentes deben consultar a un abogado de lesiones de hotel en Las Vegas en el menor tiempo posible para que el trabajo en el caso pueda comenzar de inmediato. Cuanto m\u00e1s espere la v\u00edctima, menos posibilidades tendr\u00e1 el abogado de encontrar im\u00e1genes de vigilancia y testigos con recuerdos agudos. La evidencia generalmente se desvanece con el tiempo.<\/p>\n<p><img loading=\"lazy\" decoding=\"async\" class=\"alignnone wp-image-28049 size-full\" src=\"https:\/\/mcdonaldworley.com\/wp-content\/uploads\/2019\/11\/las-vegas-hotel-injury-mw.jpg\" alt=\"Lesi\u00f3n en un hotel en Las Vegas.\" width=\"400\" height=\"267\" title=\"\" srcset=\"https:\/\/mcdonaldworley.com\/wp-content\/uploads\/2019\/11\/las-vegas-hotel-injury-mw.jpg 400w, https:\/\/mcdonaldworley.com\/wp-content\/uploads\/2019\/11\/las-vegas-hotel-injury-mw-300x200.jpg 300w\" sizes=\"auto, (max-width: 400px) 100vw, 400px\" \/><\/p>\n<h2>\u00bfCu\u00e1nto valen realmente los casos de demanda de hotel?<\/h2>\n<p>El objetivo inicial de un abogado de lesiones personales es llegar a un acuerdo que pueda cubrir todos los gastos compensatorios pasados, actuales y futuros causados \u200b\u200bpor el accidente de hotel en Nevada. Incluyen:<\/p>\n<ul>\n<li>Salarios perdidos: cualquier propina, salario, promociones y bonos que la v\u00edctima perdi\u00f3 debido a las lesiones.<\/li>\n<li>Facturas relacionadas con la atenci\u00f3n m\u00e9dica: atenci\u00f3n m\u00e9dica a domicilio, hospitalizaciones, rehabilitaci\u00f3n, citas m\u00e9dicas, medicamentos, asesoramiento sobre salud mental, etc.<\/li>\n<li>Dolor y sufrimiento<\/li>\n<li>P\u00e9rdida de ganancias futuras: cualquier propina, salario, promociones y bonos que la v\u00edctima perder\u00e1 debido a las lesiones.<\/li>\n<\/ul>\n<p>Algunos de los gastos anteriores son f\u00e1ciles de probar al producir copias de recibos y facturas. Sin embargo, los gastos como la p\u00e9rdida de ganancias futuras pueden requerir que el abogado proyecte hacia el futuro acerca de cu\u00e1les ser\u00e1n las p\u00e9rdidas.<\/p>\n<p>Si el caso va a juicio, los abogados del demandante pedir\u00e1n al tribunal da\u00f1os compensatorios, as\u00ed como da\u00f1os punitivos en Nevada. Si el tribunal determina que el personal del hotel ha actuado de manera maliciosa o imprudente, los tribunales pueden imponer da\u00f1os punitivos. Los da\u00f1os se utilizan para castigar al hotel y disuadir a otros empleados del hotel de actuar de manera igualmente maliciosa o imprudente.<\/p>\n<p>Un beneficio de los da\u00f1os punitivos es que generalmente exceden los da\u00f1os compensatorios. Los da\u00f1os punitivos generalmente pueden ser hasta 3 veces los da\u00f1os compensatorios. (Si los da\u00f1os compensatorios son inferiores a $ 100,000, entonces $ 300,000 ser\u00eda el l\u00edmite).<\/p>\n<h2>\u00bfQu\u00e9 sucede si tengo parte de la culpa del accidente del hotel?<\/h2>\n<p>Las personas lesionadas en un hotel a\u00fan pueden ser elegibles para da\u00f1os monetarios, incluso si fueran parcialmente responsables del accidente, pero esto depender\u00e1 de las circunstancias del caso.<\/p>\n<p>Todav\u00eda es posible que las v\u00edctimas de accidentes que en parte tuvieron la culpa de su lesi\u00f3n ganaran en el juicio siempre que el acusado tuviera al menos un 50 por ciento de culpa. Las leyes de negligencia comparativa en Nevada no requieren que las v\u00edctimas de accidentes sean perfectas para recuperar da\u00f1os monetarios, sino que simplemente no pueden tener m\u00e1s del 50 por ciento de culpa.<\/p>\n<p>Nota: Los demandantes que son responsables en parte de sus lesiones generalmente reciben menos da\u00f1os monetarios en comparaci\u00f3n con los que no tienen culpa.<\/p>\n<p>Los hoteles en <a href=\"https:\/\/mcdonaldworley.com\/es\/las-vegas\/abogado-lesiones-por-quemaduras\/\" target=\"_blank\" rel=\"noopener\">Las Vegas<\/a> est\u00e1n llenos de oportunidades para lastimarse.. Los gimnasios est\u00e1n llenos de equipos pesados \u200b\u200bque pueden caerse, las piscinas est\u00e1n ahogando peligros mientras que los bares son focos de peleas borrachos.<\/p>\n<p>Si un demandante demanda a un hotel despu\u00e9s de sufrir lesiones mientras participaba en estas u otras actividades, los abogados del hotel podr\u00edan tratar de argumentar que el demandante b\u00e1sicamente \u00abasumi\u00f3 el riesgo\u00bb y que \u00e9l \/ ella sabe exactamente en qu\u00e9 se estaba metiendo. Sin embargo, un tribunal de primera instancia a\u00fan puede responsabilizar al hotel incluso si el demandante ha firmado una exenci\u00f3n de exenci\u00f3n si determina que:<\/p>\n<ul>\n<li>El demandante no acept\u00f3 el riesgo voluntariamente.<\/li>\n<li>El demandante no apreci\u00f3 completamente el peligro resultante del riesgo.<\/li>\n<li>El demandante no ten\u00eda conocimiento real del riesgo involucrado en la actividad o conducta<\/li>\n<\/ul>\n<h2>Contacte a McDonald Worley para sus necesidades legales<\/h2>\n<p>Los casinos y los hoteles son propiedad de corporaciones masivas que contratan abogados de alto poder, as\u00ed como equipos de evaluaci\u00f3n de riesgos que generalmente luchan por una compensaci\u00f3n justa en reclamos leg\u00edtimos por lesiones. Si ha sufrido lesiones, el casino o el hotel pueden ofrecerle un acuerdo de bajo nivel. No debe aceptar ning\u00fan acuerdo de un hotel o casino antes de hablar con un <a href=\"https:\/\/mcdonaldworley.com\/es\/north-las-vegas\/abogado-lesiones-personales\/\" target=\"_blank\" rel=\"noopener\">abogado de lesiones en hoteles en Las Vegas<\/a>. Sus da\u00f1os son probablemente mayores que la cantidad ofrecida.<\/p>\n<p>Nuestro equipo legal en <a href=\"https:\/\/mcdonaldworley.com\/es\/\">McDonald Worley<\/a> re\u00fane todas las pruebas necesarias para presionar al casino o al hotel para que haga lo correcto. Nunca soportamos la intimidaci\u00f3n por parte de los empleados, los departamentos de gesti\u00f3n de riesgos o incluso los abogados para llegar a un acuerdo si la oferta que hacen no satisface sus necesidades. Seguiremos adelante con su caso hasta que acuerden negociar un acuerdo justo.<\/p>\n<p>Cuando se trata de casos de responsabilidad de casinos y hoteles, nunca existe un enfoque de \u00abtalla \u00fanica\u00bb. Sin embargo, podemos prometerle atenci\u00f3n personal y perseguir agresivamente la m\u00e1xima compensaci\u00f3n posible. Incluso lucharemos por usted en la corte si alguna vez se trata de eso.<\/p>\n<p>Si se lesion\u00f3 en un casino o en un hotel, cont\u00e1ctenos al 877-721-3423 para su <strong>consulta gratuita y evaluaci\u00f3n de su caso<\/strong> para encontrar la mejor estrategia posible para seguir adelante.<\/p>\n","protected":false},"excerpt":{"rendered":"<p>\u00bfRecientemente sufri\u00f3 lesiones mientras se hospedaba en un hotel en Las Vegas? Por ejemplo, \u00bfse ha lastimado recientemente al resbalarse y caerse en el ba\u00f1o de su habitaci\u00f3n de hotel o se resbal\u00f3 y cay\u00f3 en otra parte de la propiedad del hotel? Si tiene, probablemente est\u00e9 buscando un abogado experimentado en lesiones de hotel [&hellip;]<\/p>\n","protected":false},"author":65,"featured_media":0,"parent":28991,"menu_order":0,"comment_status":"closed","ping_status":"closed","template":"","meta":{"_acf_changed":false,"site-sidebar-layout":"default","site-content-layout":"","ast-site-content-layout":"default","site-content-style":"default","site-sidebar-style":"default","ast-global-header-display":"","ast-banner-title-visibility":"","ast-main-header-display":"","ast-hfb-above-header-display":"","ast-hfb-below-header-display":"","ast-hfb-mobile-header-display":"","site-post-title":"","ast-breadcrumbs-content":"","ast-featured-img":"","footer-sml-layout":"","ast-disable-related-posts":"","theme-transparent-header-meta":"","adv-header-id-meta":"","stick-header-meta":"","header-above-stick-meta":"","header-main-stick-meta":"","header-below-stick-meta":"","astra-migrate-meta-layouts":"default","ast-page-background-enabled":"default","ast-page-background-meta":{"desktop":{"background-color":"var(--ast-global-color-4)","background-image":"","background-repeat":"repeat","background-position":"center center","background-size":"auto","background-attachment":"scroll","background-type":"","background-media":"","overlay-type":"","overlay-color":"","overlay-opacity":"","overlay-gradient":""},"tablet":{"background-color":"","background-image":"","background-repeat":"repeat","background-position":"center center","background-size":"auto","background-attachment":"scroll","background-type":"","background-media":"","overlay-type":"","overlay-color":"","overlay-opacity":"","overlay-gradient":""},"mobile":{"background-color":"","background-image":"","background-repeat":"repeat","background-position":"center center","background-size":"auto","background-attachment":"scroll","background-type":"","background-media":"","overlay-type":"","overlay-color":"","overlay-opacity":"","overlay-gradient":""}},"ast-content-background-meta":{"desktop":{"background-color":"var(--ast-global-color-5)","background-image":"","background-repeat":"repeat","background-position":"center center","background-size":"auto","background-attachment":"scroll","background-type":"","background-media":"","overlay-type":"","overlay-color":"","overlay-opacity":"","overlay-gradient":""},"tablet":{"background-color":"var(--ast-global-color-5)","background-image":"","background-repeat":"repeat","background-position":"center center","background-size":"auto","background-attachment":"scroll","background-type":"","background-media":"","overlay-type":"","overlay-color":"","overlay-opacity":"","overlay-gradient":""},"mobile":{"background-color":"var(--ast-global-color-5)","background-image":"","background-repeat":"repeat","background-position":"center center","background-size":"auto","background-attachment":"scroll","background-type":"","background-media":"","overlay-type":"","overlay-color":"","overlay-opacity":"","overlay-gradient":""}},"footnotes":""},"class_list":["post-28997","page","type-page","status-publish","hentry"],"acf":[],"_links":{"self":[{"href":"https:\/\/mcdonaldworley.com\/es\/wp-json\/wp\/v2\/pages\/28997","targetHints":{"allow":["GET"]}}],"collection":[{"href":"https:\/\/mcdonaldworley.com\/es\/wp-json\/wp\/v2\/pages"}],"about":[{"href":"https:\/\/mcdonaldworley.com\/es\/wp-json\/wp\/v2\/types\/page"}],"author":[{"embeddable":true,"href":"https:\/\/mcdonaldworley.com\/es\/wp-json\/wp\/v2\/users\/65"}],"replies":[{"embeddable":true,"href":"https:\/\/mcdonaldworley.com\/es\/wp-json\/wp\/v2\/comments?post=28997"}],"version-history":[{"count":0,"href":"https:\/\/mcdonaldworley.com\/es\/wp-json\/wp\/v2\/pages\/28997\/revisions"}],"up":[{"embeddable":true,"href":"https:\/\/mcdonaldworley.com\/es\/wp-json\/wp\/v2\/pages\/28991"}],"wp:attachment":[{"href":"https:\/\/mcdonaldworley.com\/es\/wp-json\/wp\/v2\/media?parent=28997"}],"curies":[{"name":"wp","href":"https:\/\/api.w.org\/{rel}","templated":true}]}}