{"id":28991,"date":"2019-09-09T08:16:46","date_gmt":"2019-09-09T13:16:46","guid":{"rendered":"https:\/\/abconlinehold.wpengine.com\/las-vegas\/"},"modified":"2021-03-03T09:18:09","modified_gmt":"2021-03-03T14:18:09","slug":"las-vegas","status":"publish","type":"page","link":"https:\/\/mcdonaldworley.com\/es\/las-vegas\/","title":{"rendered":"Las Vegas ES"},"content":{"rendered":"<p>Ubicada en el condado de Clark, Las Vegas es una ciudad de los Estados Unidos en el sureste de Nevada. Es la \u00fanica ciudad importante en la parte occidental de los Estados Unidos que se fund\u00f3 en el siglo XX. Comenz\u00f3 como un peque\u00f1o centro de servicio con destino al desierto para el ferrocarril a principios del siglo XX y se convirti\u00f3 en la metr\u00f3poli de m\u00e1s r\u00e1pido crecimiento a finales de siglo.<\/p>\n<p>Esta incre\u00edble transformaci\u00f3n se puede atribuir a una combinaci\u00f3n de leyes estatales permisivas, emprendimiento astuto, mejor acceso al agua, junto con una red de transporte extensa y bien conectada. Todo esto ha ayudado a crear la ciudad que ahora conocemos como Las Vegas: el lugar con espectaculares lugares de entretenimiento, suntuosos hoteles y grandes casinos; que atraen a un gran n\u00famero de visitantes de todo el mundo.<\/p>\n<p>Como la ciudad m\u00e1s grande de Nevada, Las Vegas es el centro econ\u00f3mico del estado, con m\u00e1s del doble de personas fuera de los l\u00edmites de la ciudad que dentro de ellas. El \u00e1rea metropolitana contiene aproximadamente el 75% de la poblaci\u00f3n estatal total.<\/p>\n<p>El crecimiento general de la ciudad se aceler\u00f3 significativamente a fines de la d\u00e9cada de 1980, que coincidi\u00f3 con el de sus industrias de turismo y juegos. La poblaci\u00f3n de Las Vegas aument\u00f3 en casi cien mil entre los a\u00f1os 1980 y 1990, superando as\u00ed la marca de un cuarto de mill\u00f3n. A principios del siglo XXI, la poblaci\u00f3n de la ciudad super\u00f3 la marca de medio mill\u00f3n, y el \u00e1rea metropolitana alcanz\u00f3 el mill\u00f3n de habitantes a mediados de la d\u00e9cada de 1990. una d\u00e9cada despu\u00e9s, la ciudad estaba en camino de duplicar este n\u00famero.<\/p>\n<p>Las Vegas se ha caracterizado durante mucho tiempo por per\u00edodos de cambio radical y crecimiento, y la industria del turismo, junto con sus servicios auxiliares, le ha permitido tener una medida constante de continuidad a lo largo de los a\u00f1os.<\/p>\n<h2>Bibliotecas de Las Vegas<\/h2>\n<p><strong> Biblioteca del Condado de Clark <\/strong><\/p>\n<p>El <a href=\"https:\/\/lvccld.org\/\" target=\"_blank\" rel=\"noopener noreferrer nofollow\"> Clark County Library District <\/a> en Las Vegas fomenta el bienestar educativo, econ\u00f3mico y social de la comunidad . El Distrito hace un buen trabajo al construir comunidades de personas de ideas afines que pueden trabajar juntas para alcanzar sus objetivos grupales e individuales. Para obtener m\u00e1s informaci\u00f3n sobre las diferentes sucursales de la Biblioteca del Condado y los eventos que ocurren en Las Vegas, visite su sitio web.<\/p>\n<h2>Hospitales de Las Vegas<\/h2>\n<p>Hay una serie de excelentes instalaciones m\u00e9dicas y hospitales que ofrecen atenci\u00f3n profesional para una amplia variedad de enfermedades mentales y f\u00edsicas, sin mencionar las lesiones m\u00e9dicas graves. Por ejemplo, durante el infame tiroteo que tuvo lugar en la ciudad en 2017, la mayor\u00eda de los hospitales en el \u00e1rea se vieron abrumados por las personas heridas, y todos respondieron de manera encomiable.<\/p>\n<p>Todos los equipos de respuesta de emergencia disponibles se pusieron inmediatamente en acci\u00f3n, y algunos hospitales terminaron recibiendo a m\u00e1s de 600 v\u00edctimas heridas en solo esa noche. Los hospitales en el \u00e1rea metropolitana de <a href=\"https:\/\/mcdonaldworley.com\/north-las-vegas\/\" target=\"_blank\" rel=\"noopener\">Las Vegas<\/a> est\u00e1n altamente calificados y todos tienen un historial excepcional.. Estos son algunos de los mejores hospitales de la ciudad.<\/p>\n<p><strong> Dignity Health <\/strong><\/p>\n<p>Con un historial de m\u00e1s de 7 d\u00e9cadas brindando atenci\u00f3n m\u00e9dica sin igual para la mente, el cuerpo y el esp\u00edritu tanto en Las Vegas como en Henderson, <a href=\"https:\/\/www.dignityhealth.org\/las-vegas\/locations\/san-martin\" target=\"_blank\" rel=\"noopener noreferrer nofollow\"> Dignity Health <\/a> lleva la atenci\u00f3n m\u00e9dica en el \u00e1rea del sur de Nevada al siguiente nivel. La instalaci\u00f3n est\u00e1 ubicada en la esquina de W. Warm Springs Rd. Con Cimarr\u00f3n en el suroeste de la ciudad, Dignity Health ofrece una amplia gama de servicios relacionados con el hospital a los residentes del \u00e1rea metropolitana de Las Vegas.<\/p>\n<p><strong> Centro M\u00e9dico Elite <\/strong><\/p>\n<p>El <a href=\"https:\/\/elitelv.com\/\" target=\"_blank\" rel=\"noopener noreferrer nofollow\"> Elite Medical Center <\/a> de Las Vegas ofrece todos los servicios que se encuentran en la sala de emergencias del hospital convencional, con tiempos de espera incre\u00edblemente cortos, un ambiente tranquilo, limpio y c\u00f3modo, todo respaldado por un servicio excepcional. Los m\u00e9dicos certificados en la sala de emergencias est\u00e1n altamente calificados y capacitados, y la instalaci\u00f3n est\u00e1 bien equipada con equipos m\u00e9dicos ultramodernos. Su objetivo es que cualquier paciente que necesite servicios de emergencia pueda ver a un m\u00e9dico dentro de los 10 minutos de su llegada, junto con proporcionar a los clientes la atenci\u00f3n y la experiencia m\u00e1s c\u00f3modas y de alta calidad mientras est\u00e9n all\u00ed.<\/p>\n<p><strong>Southern Hills Medical Center<\/strong><\/p>\n<p>Esta instalaci\u00f3n est\u00e1 ubicada en la parte suroeste de Las Vegas, junto a la salida Sunset \/ Durango y la I-215. El cuidado agudo con capacidad para 246 camas <a href=\"https:\/\/southernhillshospital.com\/\" target=\"_blank\" rel=\"noopener noreferrer nofollow\"> Southern Hills Medical Center <\/a> es un centro acreditado que ofrece servicios de emergencia y pedi\u00e1tricos. servicios de emergencia, una unidad dedicada de columna vertebral y ortopedia, un Centro Certificado de Accidentes Cerebrovasculares, OB-GYN, diagn\u00f3stico por im\u00e1genes, UCIN de Nivel II, y un programa ambulatorio y hospitalario de salud conductual (psiqui\u00e1trico geri\u00e1trico) que atiende a personas de 50 a\u00f1os o m\u00e1s.<\/p>\n<p>La instalaci\u00f3n ha estado operando desde 2004 como una instalaci\u00f3n m\u00e9dica de servicio completo. Ofrece una amplia gama de atenci\u00f3n en diferentes departamentos para usted y su familia. Cuenta con suites de parto totalmente privadas para que las futuras madres tengan sus beb\u00e9s, as\u00ed como salas de emergencia duales 24\/7 en el campus y fuera del campus. La instalaci\u00f3n tambi\u00e9n ha sido certificada por la Comisi\u00f3n Conjunta, que es b\u00e1sicamente el principal acreedor de organizaciones de salud en Am\u00e9rica del Norte. El centro puede ofrecer tratamiento para la sepsis y los pacientes con Alzheimer con la atenci\u00f3n de mejor calidad que puede brindar su dedicado personal.<\/p>\n<h2>Polic\u00eda de Las Vegas<\/h2>\n<p><strong> Departamento de Polic\u00eda Metropolitana de Las Vegas <\/strong><\/p>\n<p>El <a href=\"https:\/\/www.lvmpd.com\/en-us\/Pages\/default.aspx\" target=\"_blank\" rel=\"noopener noreferrer nofollow\"> Departamento de Polic\u00eda Metropolitana de Las Vegas <\/a> es un agencia independiente y una unidad conjunta de aplicaci\u00f3n de la ley del condado y la ciudad que atiende al condado de Clark y a Las Vegas en Nevada. La agencia est\u00e1 dirigida por el sheriff del condado de Clark, quien generalmente es elegido democr\u00e1ticamente cada 4 a\u00f1os. Joseph Lombardo es el actual Sheriff.<\/p>\n<p>El departamento de polic\u00eda de Las Vegas y el condado de Clark est\u00e1 comprometido con su misi\u00f3n de proteger a la comunidad a trav\u00e9s del servicio profesional, la prevenci\u00f3n del delito y las alianzas con los lugare\u00f1os. Este tipo de dedicaci\u00f3n y compromiso se extiende a todos los residentes y visitantes de Las Vegas que son millones. El Departamento de Polic\u00eda tambi\u00e9n proporciona una variedad de servicios y recursos asociados con la educaci\u00f3n, la prevenci\u00f3n del delito, la concesi\u00f3n (y revocaci\u00f3n) de permisos, etc.<\/p>\n<p>400 S Martin L King Blvd Edificio C<\/p>\n<p>Las Vegas, Nevada 89106<\/p>\n<p>(702) 828-3111<\/p>\n<h2>Departamento de bomberos de Las Vegas<\/h2>\n<p>El Departamento de Bomberos y Rescate de Las Vegas es un departamento de bomberos de primera clase certificado por la Comisi\u00f3n de Acreditaci\u00f3n de Incendios. El departamento ofrece todo tipo de servicios de bomberos y rescate, incluidos educaci\u00f3n sobre incendios, prevenci\u00f3n de incendios y servicios de extinci\u00f3n de incendios en la metr\u00f3poli, as\u00ed como servicios m\u00e9dicos de emergencia para los visitantes y residentes de Las Vegas.<\/p>\n<h2>Departamento de Bomberos del Condado de Clark<\/h2>\n<p>Este departamento siempre se enorgullece de proteger todas las vidas y propiedades. Con el excelente liderazgo del personal profesional del <a href=\"http:\/\/www.clarkcountynv.gov\/Pages\/default.aspx\" target=\"_blank\" rel=\"noopener noreferrer nofollow\"> Departamento de Bomberos del Condado de Clark <\/a>, los equipos dedicados y bien entrenados pueden responder activamente a todo tipo de emergencias, artificiales o naturales; grande o peque\u00f1o. Siempre est\u00e1n de guardia 24\/7\/365 para asegurarse de que todos los residentes y visitantes de la ciudad tengan acceso a los mejores servicios de bomberos y rescate posibles.<\/p>\n<p>575 E Flamingo Rd<\/p>\n<p>Las Vegas, NV 89119<\/p>\n<p>(702) 455-7311<\/p>\n<h2>Las Vegas Newspapers<\/h2>\n<p><strong>Las Vegas Sun<\/strong><\/p>\n<p><a href=\"https:\/\/lasvegassun.com\/index.html\" target=\"_blank\" rel=\"noopener noreferrer nofollow\">Las Vegas Sun<\/a> provides the city with award-winning breaking news, investigative reporting, sports and more.<\/p>\n<p><strong>Las Vegas Review-Journal<\/strong><\/p>\n<p>The <a href=\"https:\/\/www.reviewjournal.com\/\" target=\"_blank\" rel=\"noopener noreferrer nofollow\">Las Vegas Review-Journal<\/a> is Nevada\u2019s largest newspaper and the most reliable source for news, breaking news, video and information about Las Vegas.<\/p>\n<h2>Las Vegas TV Stations<\/h2>\n<p><strong>KBLR TV- Channel 39<\/strong><\/p>\n<p>5000 W. Oakey Blvd.<br \/>\nLas Vegas, NV 89146<br \/>\n(702) 258-0039<\/p>\n<p><a href=\"https:\/\/www.nbcumv.com\/owned-stations\/telemundo-station-group\/telemundo-las-vegas-kblr\" target=\"_blank\" rel=\"nofollow noopener\">https:\/\/www.nbcumv.com\/owned-stations\/telemundo-station-group\/telemundo-las-vegas-kblr<\/a><\/p>\n<p><strong>KFBT TV- Channel 33<\/strong><\/p>\n<p>3830 S. Jones Blvd.<br \/>\nLas Vegas, NV 89103<br \/>\n(702) 873-0033<\/p>\n<p><a href=\"https:\/\/valleycentral.com\/\" target=\"_blank\" rel=\"nofollow noopener\">https:\/\/valleycentral.com\/<\/a><\/p>\n<h2>Las Vegas Courthouses<\/h2>\n<p><strong>Las Vegas Municipal Courts<\/strong><\/p>\n<p>Centro de justicia regional<\/p>\n<p>200 Lewis Ave<\/p>\n<p>Las Vegas, NV 89101<\/p>\n<p>(702) 382-6878<\/p>\n<p><iframe loading=\"lazy\" style=\"border: 0;\" src=\"https:\/\/www.google.com\/maps\/embed?pb=!1m14!1m8!1m3!1d25762.22468701949!2d-115.1498047!3d36.1841182!3m2!1i1024!2i768!4f13.1!3m3!1m2!1s0x80c8c30ae8cd9957%3A0xd51d482fea1c9cee!2sLas%20Vegas%20Municipal%20Courts!5e0!3m2!1sen!2sus!4v1568033120112!5m2!1sen!2sus\" width=\"600\" height=\"450\" frameborder=\"0\" allowfullscreen=\"allowfullscreen\" data-mce-fragment=\"1\"><\/iframe><\/p>\n<p><strong>Federal Courthouse<\/strong><\/p>\n<p>333 S Las Vegas Blvd<\/p>\n<p>Las Vegas, NV 89101<\/p>\n<p>(702) 464-5400<\/p>\n<p><iframe loading=\"lazy\" style=\"border: 0;\" src=\"https:\/\/www.google.com\/maps\/embed?pb=!1m18!1m12!1m3!1d3221.061079096174!2d-115.14458248472788!3d36.16506828008425!2m3!1f0!2f0!3f0!3m2!1i1024!2i768!4f13.1!3m3!1m2!1s0x80c8c39de291cc1b%3A0x9fd6df7283989180!2sFederal%20Courthouse!5e0!3m2!1sen!2sus!4v1568033141037!5m2!1sen!2sus\" width=\"600\" height=\"450\" frameborder=\"0\" allowfullscreen=\"allowfullscreen\"><\/iframe><\/p>\n<h2>Famous Landmarks in Las Vegas<\/h2>\n<p>Probablemente hay miles de cosas para ver y hacer en Las Vegas. No importa el tipo de viaje en el que se encuentre, ya sea una escapada, un viaje de chicas o unas vacaciones de mitad de semana; Las Vegas te tiene cubierto. \u00a1Sum\u00e9rgete en la ciudad y experimenta las atracciones que te esperan!<br \/>\n<strong>Las Vegas Strip<\/strong><\/p>\n<p><a href=\"https:\/\/www.visitlasvegas.com\/mapexplorer\/\" target=\"_blank\" rel=\"noopener noreferrer nofollow\">Las Vegas Strip<\/a> es una de las avenidas m\u00e1s famosas, popular por sus frentes iluminados con ne\u00f3n de casinos, restaurantes, clubes nocturnos y hoteles. Toda la franja est\u00e1 alineada con hoteles y casinos de lujo, y la avenida se ha convertido en la quintaesencia de Las Vegas. Adem\u00e1s de los pisos de juego, hay grandes complejos hoteleros que cuentan con una variedad de restaurantes, tiendas y lugares de actuaci\u00f3n para comedia, circo y m\u00fasica. Tambi\u00e9n hay atracciones bastante populares como la rueda del observatorio High Roller y las Fuentes del Bellagio.<\/p>\n<p><strong>Bellagio Hotel Casino<\/strong><\/p>\n<p><a href=\"https:\/\/bellagio.mgmresorts.com\/en.html\" target=\"_blank\" rel=\"noopener noreferrer nofollow\">Bellagio Hotel Casino<\/a> es un excelente hotel de lujo con un lujoso casino. Ofrece elegantes restaurantes, un spa, piscinas al aire libre y espect\u00e1culos en vivo.<\/p>\n<p><strong>MGM Grand<\/strong><\/p>\n<p>Otro complejo de casino en expansi\u00f3n, el <a href=\"https:\/\/mgmgrand.mgmresorts.com\/en.html\" target=\"_blank\" rel=\"noopener noreferrer nofollow\">MGM Grand<\/a> Cuenta con un \u00e1rea de piscina de 6 acres, clubes nocturnos de alta potencia y restaurantes de renombre.<\/p>\n<p><strong>Parque Tem\u00e1tico Adventuredome<\/strong><\/p>\n<p>El clima controlado <a href=\"https:\/\/circuscircus.mgmresorts.com\/en.html\" target=\"_blank\" rel=\"noopener noreferrer nofollow\">Advenuredome Theme Park<\/a> ofrece atracciones, golf a medio camino y en miniatura, y una sala de juegos.<\/p>\n<p><strong>Red Rock National Conservation<\/strong><\/p>\n<p>Esta \u00e1rea se encuentra en el desierto de Mojave, Nevada. <a href=\"https:\/\/www.redrockcanyonlv.org\/\" target=\"_blank\" rel=\"noopener noreferrer nofollow\"> Red Rock National Conservation <\/a> es popular por sus caracter\u00edsticas geol\u00f3gicas como la falla de empuje de piedra angular, la torre picos de arenisca roja, as\u00ed como petroglifos nativos americanos. El ca\u00f1\u00f3n de hielo protegido tambi\u00e9n cuenta con algunas cascadas de temporada.<\/p>\n<p><strong> Acuario de arrecife de tibur\u00f3n <\/strong><\/p>\n<p>Ubicado en Mandalay Bay, el <a href=\"http:\/\/www.sharkreef.com\/\" target=\"_blank\" rel=\"noopener noreferrer nofollow\"> Shark Reef Aquarium <\/a> es propiedad y est\u00e1 administrado por Mandalay Bay Resort y Casino. El tanque principal del acuario tiene 1.3 millones de galones, que es uno de los m\u00e1s grandes de toda Am\u00e9rica del Norte.<\/p>\n<p><strong> Museo de ne\u00f3n <\/strong><\/p>\n<p>El <a href=\"https:\/\/www.neonmuseum.org\/\" target=\"_blank\" rel=\"noopener noreferrer nofollow\"> Neon Museum <\/a> presenta letreros de ne\u00f3n de antiguos casinos y negocios famosos de la ciudad. Las se\u00f1ales se muestran afuera en un espacio de 2.62 acres. El centro de visitantes es un vest\u00edbulo restaurado del ahora desaparecido Hotel La Concha.<\/p>\n","protected":false},"excerpt":{"rendered":"<p>Ubicada en el condado de Clark, Las Vegas es una ciudad de los Estados Unidos en el sureste de Nevada. Es la \u00fanica ciudad importante en la parte occidental de los Estados Unidos que se fund\u00f3 en el siglo XX. Comenz\u00f3 como un peque\u00f1o centro de servicio con destino al desierto para el ferrocarril a [&hellip;]<\/p>\n","protected":false},"author":65,"featured_media":0,"parent":0,"menu_order":0,"comment_status":"closed","ping_status":"closed","template":"","meta":{"_acf_changed":false,"site-sidebar-layout":"default","site-content-layout":"","ast-site-content-layout":"default","site-content-style":"default","site-sidebar-style":"default","ast-global-header-display":"","ast-banner-title-visibility":"","ast-main-header-display":"","ast-hfb-above-header-display":"","ast-hfb-below-header-display":"","ast-hfb-mobile-header-display":"","site-post-title":"","ast-breadcrumbs-content":"","ast-featured-img":"","footer-sml-layout":"","ast-disable-related-posts":"","theme-transparent-header-meta":"","adv-header-id-meta":"","stick-header-meta":"","header-above-stick-meta":"","header-main-stick-meta":"","header-below-stick-meta":"","astra-migrate-meta-layouts":"default","ast-page-background-enabled":"default","ast-page-background-meta":{"desktop":{"background-color":"var(--ast-global-color-4)","background-image":"","background-repeat":"repeat","background-position":"center center","background-size":"auto","background-attachment":"scroll","background-type":"","background-media":"","overlay-type":"","overlay-color":"","overlay-opacity":"","overlay-gradient":""},"tablet":{"background-color":"","background-image":"","background-repeat":"repeat","background-position":"center center","background-size":"auto","background-attachment":"scroll","background-type":"","background-media":"","overlay-type":"","overlay-color":"","overlay-opacity":"","overlay-gradient":""},"mobile":{"background-color":"","background-image":"","background-repeat":"repeat","background-position":"center center","background-size":"auto","background-attachment":"scroll","background-type":"","background-media":"","overlay-type":"","overlay-color":"","overlay-opacity":"","overlay-gradient":""}},"ast-content-background-meta":{"desktop":{"background-color":"var(--ast-global-color-5)","background-image":"","background-repeat":"repeat","background-position":"center center","background-size":"auto","background-attachment":"scroll","background-type":"","background-media":"","overlay-type":"","overlay-color":"","overlay-opacity":"","overlay-gradient":""},"tablet":{"background-color":"var(--ast-global-color-5)","background-image":"","background-repeat":"repeat","background-position":"center center","background-size":"auto","background-attachment":"scroll","background-type":"","background-media":"","overlay-type":"","overlay-color":"","overlay-opacity":"","overlay-gradient":""},"mobile":{"background-color":"var(--ast-global-color-5)","background-image":"","background-repeat":"repeat","background-position":"center center","background-size":"auto","background-attachment":"scroll","background-type":"","background-media":"","overlay-type":"","overlay-color":"","overlay-opacity":"","overlay-gradient":""}},"footnotes":""},"class_list":["post-28991","page","type-page","status-publish","hentry"],"acf":[],"_links":{"self":[{"href":"https:\/\/mcdonaldworley.com\/es\/wp-json\/wp\/v2\/pages\/28991","targetHints":{"allow":["GET"]}}],"collection":[{"href":"https:\/\/mcdonaldworley.com\/es\/wp-json\/wp\/v2\/pages"}],"about":[{"href":"https:\/\/mcdonaldworley.com\/es\/wp-json\/wp\/v2\/types\/page"}],"author":[{"embeddable":true,"href":"https:\/\/mcdonaldworley.com\/es\/wp-json\/wp\/v2\/users\/65"}],"replies":[{"embeddable":true,"href":"https:\/\/mcdonaldworley.com\/es\/wp-json\/wp\/v2\/comments?post=28991"}],"version-history":[{"count":0,"href":"https:\/\/mcdonaldworley.com\/es\/wp-json\/wp\/v2\/pages\/28991\/revisions"}],"wp:attachment":[{"href":"https:\/\/mcdonaldworley.com\/es\/wp-json\/wp\/v2\/media?parent=28991"}],"curies":[{"name":"wp","href":"https:\/\/api.w.org\/{rel}","templated":true}]}}