{"id":28989,"date":"2019-10-09T08:34:39","date_gmt":"2019-10-09T13:34:39","guid":{"rendered":"https:\/\/abconlinehold.wpengine.com\/kyle-beale\/"},"modified":"2019-11-27T15:43:44","modified_gmt":"2019-11-27T21:43:44","slug":"kyle-beale","status":"publish","type":"page","link":"https:\/\/mcdonaldworley.com\/es\/kyle-beale\/","title":{"rendered":"Kyle Beale"},"content":{"rendered":"<p><img loading=\"lazy\" decoding=\"async\" class=\"size-full wp-image-26113 alignleft\" src=\"https:\/\/mcdonaldworley.com\/wp-content\/uploads\/2019\/10\/Kyle-Beale.png\" alt=\"\" width=\"200\" height=\"250\" title=\"\"><\/p>\n<p>Kyle Beale se gradu\u00f3 de la Facultad de Derecho de Baylor, as\u00ed como un LL.M. graduado (Derecho de Propiedad Intelectual) del Centro de Derecho de la Universidad de Houston. El Sr. Beale tiene licencia para practicar leyes en Texas, Illinois y Pennsylvania. El Sr. Beale tiene una amplia experiencia en juicios tanto en tribunales federales como estatales en todo el pa\u00eds. De hecho, el Sr. Beale ha tomado veredictos en <a href=\"https:\/\/mcdonaldworley.com\/es\/nueva-york\/la-ley-de-victimas-infantiles\/\" target=\"_blank\" rel=\"noopener\">Nueva York<\/a>, Missouri y Texas en los \u00faltimos a\u00f1os..<\/p>\n<p>El Sr. Beale est\u00e1 certificado por la Junta en Derecho de Juicio por Lesiones Personales por la Junta de Especializaci\u00f3n Legal de Texas (TBLS). La Certificaci\u00f3n de la Junta es un programa de designaci\u00f3n voluntaria que certifica a los abogados de Texas en 21 \u00e1reas espec\u00edficas de la ley. Los abogados certificados por la Junta deben tener una licencia de al menos cinco a\u00f1os, dedicar un porcentaje requerido de pr\u00e1ctica a un \u00e1rea de especialidad durante al menos tres a\u00f1os, asistir a seminarios de educaci\u00f3n continua, aprobar una evaluaci\u00f3n por parte de otros abogados y jueces, tener una experiencia significativa en el juicio de primer presidente y aprobar un examen escrito de 6 horas.<\/p>\n<p>El Sr. Beale tiene experiencia previa en casos de lesiones personales, problemas de cobertura, da\u00f1os comerciales, da\u00f1os personales, da\u00f1os t\u00f3xicos, incumplimiento de contrato, secreto comercial, marca registrada, patente y Ley Federal de Responsabilidad del Empleador (casos de Empleados Ferroviarios), entre muchas otras \u00e1reas de ley. El Sr. Beale tambi\u00e9n es un \u00e1rbitro certificado por FINRA, lo que le permite ser seleccionado por los demandantes y actuar como \u00e1rbitro en la resoluci\u00f3n de disputas financieras y de valores. En mayo de 2011, el Sr. Beale public\u00f3 un art\u00edculo en el bolet\u00edn de la Secci\u00f3n de Litigios de la Asociaci\u00f3n Federal de Abogados sobre el litigio de preferencias del Cap\u00edtulo 11.<\/p>\n<p>El Sr. Beale tambi\u00e9n ha sido orador destacado en el Seminario de Litigios de Asbestos de los Demandantes en <a href=\"https:\/\/mcdonaldworley.com\/las-vegas\/\" target=\"_blank\" rel=\"noopener\">Las Vegas<\/a>, Nevada y la Conferencia de Asbestos del Medio Oeste en St.. Louis, hablando sobre la causa sustancial de factores en Texas y su aplicaci\u00f3n en todo el pa\u00eds.<\/p>\n<p>El Sr. Beale es veterano del Ej\u00e9rcito sirviendo como un soldado de infanter\u00eda en el aire con la 4ta Divisi\u00f3n de Infanter\u00eda durante la primera Guerra del Golfo. Despu\u00e9s de su servicio en servicio activo, el Sr. Beale sirvi\u00f3 como artillero de tanques y comandante de tanques en la 49 Divisi\u00f3n de Armadura con la Guardia Nacional de Texas.<\/p>\n","protected":false},"excerpt":{"rendered":"<p>Kyle Beale se gradu\u00f3 de la Facultad de Derecho de Baylor, as\u00ed como un LL.M. graduado (Derecho de Propiedad Intelectual) del Centro de Derecho de la Universidad de Houston. El Sr. Beale tiene licencia para practicar leyes en Texas, Illinois y Pennsylvania. El Sr. Beale tiene una amplia experiencia en juicios tanto en tribunales federales [&hellip;]<\/p>\n","protected":false},"author":65,"featured_media":0,"parent":0,"menu_order":0,"comment_status":"closed","ping_status":"closed","template":"","meta":{"_acf_changed":false,"site-sidebar-layout":"default","site-content-layout":"","ast-site-content-layout":"default","site-content-style":"default","site-sidebar-style":"default","ast-global-header-display":"","ast-banner-title-visibility":"","ast-main-header-display":"","ast-hfb-above-header-display":"","ast-hfb-below-header-display":"","ast-hfb-mobile-header-display":"","site-post-title":"","ast-breadcrumbs-content":"","ast-featured-img":"","footer-sml-layout":"","ast-disable-related-posts":"","theme-transparent-header-meta":"","adv-header-id-meta":"","stick-header-meta":"","header-above-stick-meta":"","header-main-stick-meta":"","header-below-stick-meta":"","astra-migrate-meta-layouts":"default","ast-page-background-enabled":"default","ast-page-background-meta":{"desktop":{"background-color":"var(--ast-global-color-4)","background-image":"","background-repeat":"repeat","background-position":"center center","background-size":"auto","background-attachment":"scroll","background-type":"","background-media":"","overlay-type":"","overlay-color":"","overlay-opacity":"","overlay-gradient":""},"tablet":{"background-color":"","background-image":"","background-repeat":"repeat","background-position":"center center","background-size":"auto","background-attachment":"scroll","background-type":"","background-media":"","overlay-type":"","overlay-color":"","overlay-opacity":"","overlay-gradient":""},"mobile":{"background-color":"","background-image":"","background-repeat":"repeat","background-position":"center center","background-size":"auto","background-attachment":"scroll","background-type":"","background-media":"","overlay-type":"","overlay-color":"","overlay-opacity":"","overlay-gradient":""}},"ast-content-background-meta":{"desktop":{"background-color":"var(--ast-global-color-5)","background-image":"","background-repeat":"repeat","background-position":"center center","background-size":"auto","background-attachment":"scroll","background-type":"","background-media":"","overlay-type":"","overlay-color":"","overlay-opacity":"","overlay-gradient":""},"tablet":{"background-color":"var(--ast-global-color-5)","background-image":"","background-repeat":"repeat","background-position":"center center","background-size":"auto","background-attachment":"scroll","background-type":"","background-media":"","overlay-type":"","overlay-color":"","overlay-opacity":"","overlay-gradient":""},"mobile":{"background-color":"var(--ast-global-color-5)","background-image":"","background-repeat":"repeat","background-position":"center center","background-size":"auto","background-attachment":"scroll","background-type":"","background-media":"","overlay-type":"","overlay-color":"","overlay-opacity":"","overlay-gradient":""}},"footnotes":""},"class_list":["post-28989","page","type-page","status-publish","hentry"],"acf":[],"_links":{"self":[{"href":"https:\/\/mcdonaldworley.com\/es\/wp-json\/wp\/v2\/pages\/28989","targetHints":{"allow":["GET"]}}],"collection":[{"href":"https:\/\/mcdonaldworley.com\/es\/wp-json\/wp\/v2\/pages"}],"about":[{"href":"https:\/\/mcdonaldworley.com\/es\/wp-json\/wp\/v2\/types\/page"}],"author":[{"embeddable":true,"href":"https:\/\/mcdonaldworley.com\/es\/wp-json\/wp\/v2\/users\/65"}],"replies":[{"embeddable":true,"href":"https:\/\/mcdonaldworley.com\/es\/wp-json\/wp\/v2\/comments?post=28989"}],"version-history":[{"count":0,"href":"https:\/\/mcdonaldworley.com\/es\/wp-json\/wp\/v2\/pages\/28989\/revisions"}],"wp:attachment":[{"href":"https:\/\/mcdonaldworley.com\/es\/wp-json\/wp\/v2\/media?parent=28989"}],"curies":[{"name":"wp","href":"https:\/\/api.w.org\/{rel}","templated":true}]}}