{"id":28985,"date":"2019-10-09T08:33:15","date_gmt":"2019-10-09T13:33:15","guid":{"rendered":"https:\/\/abconlinehold.wpengine.com\/kevin-cox\/"},"modified":"2019-11-27T15:39:36","modified_gmt":"2019-11-27T21:39:36","slug":"kevin-cox","status":"publish","type":"page","link":"https:\/\/mcdonaldworley.com\/es\/kevin-cox\/","title":{"rendered":"Kevin Cox"},"content":{"rendered":"<p style=\"text-align: center;\"><img loading=\"lazy\" decoding=\"async\" class=\"size-full wp-image-26115 alignleft\" src=\"https:\/\/mcdonaldworley.com\/wp-content\/uploads\/2019\/10\/Kevin-Cox.jpg\" alt=\"\" width=\"200\" height=\"250\" title=\"\"><\/p>\n<p>Kevin Cox ayuda a sus clientes que han sido lesionados por otras personas o compa\u00f1\u00edas a navegar el complejo sistema de seguros y litigios para recibir una compensaci\u00f3n justa por sus lesiones. Aborda cada caso con diligente preparaci\u00f3n y conocimiento de la ley que conduce a resultados favorables.<\/p>\n<p>Kevin es nativo de Houston y abogado asociado de McDonald Worley con 10 a\u00f1os de experiencia. Practica en todas las \u00e1reas de litigio civil, con un enfoque en lesiones personales, negligencia en hogares de ancianos y abuso sexual.<\/p>\n<p>Antes de unirse a la firma, Kevin trabaj\u00f3 con el bufete de abogados Mukerji y el bufete de abogados Apffell, donde adquiri\u00f3 una experiencia invaluable y ayud\u00f3 a cientos de clientes a recuperarse de las partes negligentes.<\/p>\n<p>Kevin Cox se gradu\u00f3 de la Universidad Estatal de Texas en San Marcos, Texas, y trabaj\u00f3 para Chevron en Houston, Texas, durante seis a\u00f1os. Adquiri\u00f3 una experiencia profesional vital all\u00ed antes de decidir seguir su sue\u00f1o de convertirse en abogado.<\/p>\n<p>En diciembre de 2009, Kevin recibi\u00f3 su doctorado en Jurisprudencia del South Texas College of Law Houston. Centr\u00f3 sus estudios en clases y profesores para ayudarlo a convertirse en un defensor compasivo de sus clientes.<\/p>\n<p>Kevin est\u00e1 casado con su maravillosa esposa Sara, y juntos cr\u00edan a su encantadora hija Charlotte.<\/p>\n<h2>Conozca a Kevin<\/h2>\n<p><iframe loading=\"lazy\" src=\"https:\/\/www.youtube.com\/embed\/17oMMDUKM9c?controls=0\" width=\"560\" height=\"315\" frameborder=\"0\" allowfullscreen=\"allowfullscreen\"><\/iframe><\/p>\n<h2>Asociaciones profesionales y membres\u00edas:<\/h2>\n<p>Colegio de Abogados del Estado de Texas<br \/>\nColegio de Abogados del Distrito Federal Sur de Texas<br \/>\nSecci\u00f3n de Litigios del Colegio de Abogados del Estado de Texas<br \/>\nAsociaci\u00f3n Americana de Justicia Grupo de Litigios de Hogares de Ancianos<br \/>\nAsociaci\u00f3n Americana para la Justicia Grupo de Litigios de Agresi\u00f3n Sexual<br \/>\nAsociaci\u00f3n de Abogados Litigantes de Texas<\/p>\n","protected":false},"excerpt":{"rendered":"<p>Kevin Cox ayuda a sus clientes que han sido lesionados por otras personas o compa\u00f1\u00edas a navegar el complejo sistema de seguros y litigios para recibir una compensaci\u00f3n justa por sus lesiones. Aborda cada caso con diligente preparaci\u00f3n y conocimiento de la ley que conduce a resultados favorables. Kevin es nativo de Houston y abogado [&hellip;]<\/p>\n","protected":false},"author":65,"featured_media":0,"parent":0,"menu_order":0,"comment_status":"closed","ping_status":"closed","template":"","meta":{"_acf_changed":false,"site-sidebar-layout":"default","site-content-layout":"","ast-site-content-layout":"default","site-content-style":"default","site-sidebar-style":"default","ast-global-header-display":"","ast-banner-title-visibility":"","ast-main-header-display":"","ast-hfb-above-header-display":"","ast-hfb-below-header-display":"","ast-hfb-mobile-header-display":"","site-post-title":"","ast-breadcrumbs-content":"","ast-featured-img":"","footer-sml-layout":"","ast-disable-related-posts":"","theme-transparent-header-meta":"","adv-header-id-meta":"","stick-header-meta":"","header-above-stick-meta":"","header-main-stick-meta":"","header-below-stick-meta":"","astra-migrate-meta-layouts":"default","ast-page-background-enabled":"default","ast-page-background-meta":{"desktop":{"background-color":"var(--ast-global-color-4)","background-image":"","background-repeat":"repeat","background-position":"center center","background-size":"auto","background-attachment":"scroll","background-type":"","background-media":"","overlay-type":"","overlay-color":"","overlay-opacity":"","overlay-gradient":""},"tablet":{"background-color":"","background-image":"","background-repeat":"repeat","background-position":"center center","background-size":"auto","background-attachment":"scroll","background-type":"","background-media":"","overlay-type":"","overlay-color":"","overlay-opacity":"","overlay-gradient":""},"mobile":{"background-color":"","background-image":"","background-repeat":"repeat","background-position":"center center","background-size":"auto","background-attachment":"scroll","background-type":"","background-media":"","overlay-type":"","overlay-color":"","overlay-opacity":"","overlay-gradient":""}},"ast-content-background-meta":{"desktop":{"background-color":"var(--ast-global-color-5)","background-image":"","background-repeat":"repeat","background-position":"center center","background-size":"auto","background-attachment":"scroll","background-type":"","background-media":"","overlay-type":"","overlay-color":"","overlay-opacity":"","overlay-gradient":""},"tablet":{"background-color":"var(--ast-global-color-5)","background-image":"","background-repeat":"repeat","background-position":"center center","background-size":"auto","background-attachment":"scroll","background-type":"","background-media":"","overlay-type":"","overlay-color":"","overlay-opacity":"","overlay-gradient":""},"mobile":{"background-color":"var(--ast-global-color-5)","background-image":"","background-repeat":"repeat","background-position":"center center","background-size":"auto","background-attachment":"scroll","background-type":"","background-media":"","overlay-type":"","overlay-color":"","overlay-opacity":"","overlay-gradient":""}},"footnotes":""},"class_list":["post-28985","page","type-page","status-publish","hentry"],"acf":[],"_links":{"self":[{"href":"https:\/\/mcdonaldworley.com\/es\/wp-json\/wp\/v2\/pages\/28985","targetHints":{"allow":["GET"]}}],"collection":[{"href":"https:\/\/mcdonaldworley.com\/es\/wp-json\/wp\/v2\/pages"}],"about":[{"href":"https:\/\/mcdonaldworley.com\/es\/wp-json\/wp\/v2\/types\/page"}],"author":[{"embeddable":true,"href":"https:\/\/mcdonaldworley.com\/es\/wp-json\/wp\/v2\/users\/65"}],"replies":[{"embeddable":true,"href":"https:\/\/mcdonaldworley.com\/es\/wp-json\/wp\/v2\/comments?post=28985"}],"version-history":[{"count":0,"href":"https:\/\/mcdonaldworley.com\/es\/wp-json\/wp\/v2\/pages\/28985\/revisions"}],"wp:attachment":[{"href":"https:\/\/mcdonaldworley.com\/es\/wp-json\/wp\/v2\/media?parent=28985"}],"curies":[{"name":"wp","href":"https:\/\/api.w.org\/{rel}","templated":true}]}}