{"id":28979,"date":"2018-10-11T16:22:37","date_gmt":"2018-10-11T16:22:37","guid":{"rendered":"https:\/\/abconlinehold.wpengine.com\/abogado-de-lesiones-personales-en-houston\/houston\/traumatic-brain-injury-lawyer\/"},"modified":"2021-08-12T10:49:02","modified_gmt":"2021-08-12T15:49:02","slug":"traumatic-brain-injury-lawyer-houston-tx","status":"publish","type":"page","link":"https:\/\/mcdonaldworley.com\/es\/houston-tx\/abogado-de-lesiones-cerebrales-traumaticas","title":{"rendered":"Abogado de Lesiones Cerebrales Traum\u00e1ticas en Houston"},"content":{"rendered":"<p>Si tiene un accidente automovil\u00edstico o un accidente de resbal\u00f3n y ca\u00edda en Houston, TX, sufrir\u00e1 lesiones. Lamentablemente, miles de personas cada a\u00f1o sufren lesiones graves. Uno de los tipos m\u00e1s graves de lesiones es una lesi\u00f3n cerebral traum\u00e1tica (LCT). Esto ocurre cuando sufres un gran golpe o impacto en tu cabeza. La fuerza realmente puede penetrar en tu cerebro. Causa lesiones cerebrales temporales y permanentes. Cuando el impacto o la fuerza es lo suficientemente grande, sufrir\u00e1 una lesi\u00f3n cerebral traum\u00e1tica. Si esto le sucede, tiene derecho a una indemnizaci\u00f3n por una p\u00e9rdida en la calidad de su vida y cualquier factura m\u00e9dica en la que pueda haber incurrido el accidente. <a href=\"https:\/\/mcdonaldworley.com\/es\/contacto\/\">P\u00f3ngase en contacto con un abogado<\/a> en McDonald Worley hoy si ha sufrido una lesi\u00f3n cerebral traum\u00e1tica en <a href=\"https:\/\/en.wikipedia.org\/wiki\/Houston\" target=\"_blank\" rel=\"noopener noreferrer nofollow\">Houston, Texas.<\/a><\/p>\n\n<h2>S\u00edntomas comunes de una lesi\u00f3n cerebral traum\u00e1tica<\/h2>\n<p>Si tiene una lesi\u00f3n cerebral traum\u00e1tica, es probable que necesite cirug\u00eda. Si sobrevive a la lesi\u00f3n, se someter\u00e1 a fisioterapia a largo plazo. Puede experimentar lo siguiente:<\/p>\n<ul>\n<li>P\u00e9rdida de la memoria a corto plazo<\/li>\n<li>P\u00e9rdida de memoria a largo plazo<\/li>\n<li>P\u00e9rdida de la capacidad de hablar.<\/li>\n<li>Par\u00e1lisis<\/li>\n<li>Dolores de cabeza severos<\/li>\n<li>P\u00e9rdida de la visi\u00f3n<\/li>\n<li>P\u00e9rdida de la audici\u00f3n<\/li>\n<li>Incapacidad permanente<\/li>\n<\/ul>\n<p>Todas estas lesiones son devastadoras. Necesitar\u00e1 un buen <a href=\"https:\/\/mcdonaldworley.com\/es\/houston-tx-abogado-de-accidentes-de-choque-y-huida\/\" target=\"_blank\" rel=\"noopener\">abogado de lesiones cerebrales traum\u00e1ticas en Houston.<\/a>. Perseguir\u00e1n al culpable por una indemnizaci\u00f3n.<\/p>\n<h2>Estad\u00edsticas que sus abogados de lesiones cerebrales traum\u00e1ticas considerar\u00e1n<\/h2>\n<p>Lamentablemente, <a href=\"http:\/\/www.texasbia.org\/about-brain-injury\/brain-injury-statistics\/\" target=\"_blank\" rel=\"noopener noreferrer nofollow\">las estad\u00edsticas en Houston<\/a> de lesiones cerebrales traum\u00e1ticas son alarmantes. Su <a href=\"https:\/\/mcdonaldworley.com\/es\/houston\">abogado de lesiones personales<\/a> est\u00e1 muy familiarizado con estas estad\u00edsticas. Los revisar\u00e1n cuando prepare su caso:<\/p>\n<ul>\n<li>Alguien en Texas sufre un TBI cada 4 minutos<\/li>\n<li>Hay 144,000 TBI en Texas cada a\u00f1o<\/li>\n<li>TBI inhabilita permanentemente a m\u00e1s de 5,000 tejanos cada a\u00f1o<\/li>\n<li>M\u00e1s del 50% de todos los accidentes de motor que causan TBI involucran alcohol<\/li>\n<li>La LCT es una de las principales causas de muerte en ni\u00f1os y adultos j\u00f3venes<\/li>\n<\/ul>\n<p>Estas estad\u00edsticas son bastante evidentes. Es probable que su abogado cite estas estad\u00edsticas cuando elabore su demanda. No puede ignorar el hecho de que muchas personas con TBI terminan en hogares de ancianos o en cama para toda la vida. La compensaci\u00f3n por este tipo de lesiones es merecidamente alta.<\/p>\n<h2>Deje que su abogado de lesiones cerebrales traum\u00e1ticas pelee con la compa\u00f1\u00eda de seguros<\/h2>\n<p>Las compa\u00f1\u00edas de seguros odian ver reclamos por <a href=\"https:\/\/mcdonaldworley.com\/es\/houston\/abogado-de-accidentes-automovilisticos\/\">lesiones cerebrales<\/a> traum\u00e1ticas. Saben que van a tener que pagar un reclamo considerable. Les conviene argumentar que el asegurado no tiene la culpa. Intentar\u00e1n demostrar que usted fue el culpable. Incluso pueden afirmar que no est\u00e1 herido. Necesita un buen <a href=\"https:\/\/mcdonaldworley.com\/es\/santa-ana\/abogado-lesiones-personales\/\" target=\"_blank\" rel=\"noopener\">abogado de lesiones<\/a> cerebrales traum\u00e1ticas para luchar por usted..<\/p>\n<p><img loading=\"lazy\" decoding=\"async\" class=\"alignnone wp-image-26931 size-full\" src=\"https:\/\/mcdonaldworley.com\/wp-content\/uploads\/2019\/10\/TBI-750x498.jpg\" alt=\"Una tabla que muestra im\u00e1genes de una resonancia magn\u00e9tica en busca de lesiones cerebrales traum\u00e1ticas.\" width=\"750\" height=\"498\" title=\"\" srcset=\"https:\/\/mcdonaldworley.com\/wp-content\/uploads\/2019\/10\/TBI-750x498.jpg 750w, https:\/\/mcdonaldworley.com\/wp-content\/uploads\/2019\/10\/TBI-750x498-300x199.jpg 300w\" sizes=\"auto, (max-width: 750px) 100vw, 750px\" \/><\/p>\n<p>Los <a href=\"https:\/\/mcdonaldworley.com\/es\/houston\/abogado-accidentes-de-tren\/\" target=\"_blank\" rel=\"noopener\">abogados McDonald Worley en Houston<\/a>, TX luchar\u00e1n para probar su caso.. Necesita concentrarse en su recuperaci\u00f3n. No desea tener que recibir llamadas y cartas desagradables de la compa\u00f1\u00eda de seguros. Su abogado va a exigir una compensaci\u00f3n por lo siguiente:<\/p>\n<ul>\n<li>Facturas m\u00e9dicas<\/li>\n<li>Facturas m\u00e9dicas futuras<\/li>\n<li>Salarios perdidos<\/li>\n<li>P\u00e9rdida permanente de salarios si se considera discapacitado<\/li>\n<li>Dolor y sufrimiento<\/li>\n<\/ul>\n<p>Los asentamientos por lesiones cerebrales traum\u00e1ticas son altos. Son algunos de los asentamientos m\u00e1s altos que existen. La muerte por negligencia y las lesiones de la m\u00e9dula espinal son posiblemente las \u00fanicas m\u00e1s altas. Esto es especialmente cierto para los <a href=\"https:\/\/mcdonaldworley.com\/es\/oxnard\/abogado-accidentes-automovilisticos\/\" target=\"_blank\" rel=\"noopener\">accidentes automovil\u00edsticos.<\/a>.<\/p>\n<p>Es importante recordar que el plazo de prescripci\u00f3n para una LCT es de dos (2) a\u00f1os. Esto es cierto a pesar de que es probable que reciba tratamiento m\u00e9dico durante mucho m\u00e1s de 2 a\u00f1os. Debe presentar su demanda dentro de los 2 a\u00f1os. Los dos a\u00f1os comienzan la fecha del accidente.<\/p>\n<p>Hay una excepci\u00f3n al estatuto de limitaciones de 2 a\u00f1os. Si, lamentablemente, un ser querido muere como resultado de una <a href=\"https:\/\/mcdonaldworley.com\/es\/houston\/lesiones-cerebrales-de-la-nfl\/\" target=\"_blank\" rel=\"noopener\">lesi\u00f3n cerebral<\/a> traum\u00e1tica, el estatuto es diferente. Si pierde a un ser querido por una lesi\u00f3n cerebral traum\u00e1tica, los 2 a\u00f1os no comienzan hasta la fecha de la muerte. Si este es el caso, absolutamente desea consultar a un <a href=\"https:\/\/mcdonaldworley.com\/es\/houston\/lesiones-cerebrales\/\" target=\"_blank\" rel=\"noopener\">abogado de lesiones cerebrales<\/a> traum\u00e1ticas. El caso ser\u00e1 largo y dif\u00edcil. Necesita un fuerte defensor a su lado.<\/p>\n<h2>\u00bfC\u00f3mo puede ayudarlo un abogado de lesiones cerebrales traum\u00e1ticas?<\/h2>\n<p>Un <a href=\"https:\/\/mcdonaldworley.com\/es\/pasadena\/abogado-lesiones-personales\/\" target=\"_blank\" rel=\"noopener\">abogado de lesiones<\/a> cerebrales traum\u00e1ticas conoce la ley.. Saben qu\u00e9 argumentos har\u00e1 la compa\u00f1\u00eda de seguros. Saben c\u00f3mo probar mejor su caso y trabajar\u00e1n con usted para obtener pruebas de sus lesiones. Un <a href=\"https:\/\/mcdonaldworley.com\/es\/houston\/abogado-de-lesiones-en-la-cabeza-de-houston\/\" target=\"_blank\" rel=\"noopener\">abogado de lesiones<\/a> cerebrales traum\u00e1ticas reunir\u00e1 evidencia de sus p\u00e9rdidas..<\/p>\n<p>Un <a href=\"https:\/\/mcdonaldworley.com\/es\/moreno-valley\/abogado-lesiones-personales\/\" target=\"_blank\" rel=\"noopener\">abogado de lesiones<\/a> cerebrales traum\u00e1ticas tiene mucha experiencia en estos casos.. Los abogados se especializan en este tipo de casos. No hacen m\u00e1s que representar a clientes que han sufrido una lesi\u00f3n cerebral traum\u00e1tica. <a href=\"https:\/\/mcdonaldworley.com\/es\/que-hacer-si-se-lastima-en-juego-texans\/\" target=\"_blank\" rel=\"noopener\">Los abogados de McDonald Worley tienen esta<\/a> experiencia..<\/p>\n<h2>Contacte a un abogado de lesiones cerebrales traum\u00e1ticas<\/h2>\n<p>Llame a <a href=\"https:\/\/mcdonaldworley.com\/es\/\">McDonald Worley<\/a> en Houston, Texas hoy al 877-721-3423 para su consulta inicial gratuita. Un abogado experimentado revisar\u00e1 su caso. \u00c9l le dar\u00e1 una estimaci\u00f3n justa del valor de su caso. \u00c9l te har\u00e1 saber a qu\u00e9 te enfrentar\u00e1s.<\/p>\n<p>Una vez que contrate a su <a href=\"https:\/\/mcdonaldworley.com\/es\/the-woodlands\/abogado-lesiones-personales\/\" target=\"_blank\" rel=\"noopener\">abogado de lesiones<\/a> cerebrales traum\u00e1ticas, no paga nada hasta que gane su caso.. Deje que los abogados con experiencia en McDonald Worley se concentren en la batalla legal. Te enfocas en tu recuperaci\u00f3n lenta y constante.<\/p>\n\n\n<p><\/p>\n","protected":false},"excerpt":{"rendered":"<p>Si tiene un accidente automovil\u00edstico o un accidente de resbal\u00f3n y ca\u00edda en Houston, TX, sufrir\u00e1 lesiones. Lamentablemente, miles de personas cada a\u00f1o sufren lesiones graves. Uno de los tipos m\u00e1s graves de lesiones es una lesi\u00f3n cerebral traum\u00e1tica (LCT). Esto ocurre cuando sufres un gran golpe o impacto en tu cabeza. La fuerza realmente [&hellip;]<\/p>\n","protected":false},"author":65,"featured_media":0,"parent":24889,"menu_order":0,"comment_status":"closed","ping_status":"closed","template":"","meta":{"_acf_changed":false,"site-sidebar-layout":"default","site-content-layout":"","ast-site-content-layout":"default","site-content-style":"default","site-sidebar-style":"default","ast-global-header-display":"","ast-banner-title-visibility":"","ast-main-header-display":"","ast-hfb-above-header-display":"","ast-hfb-below-header-display":"","ast-hfb-mobile-header-display":"","site-post-title":"","ast-breadcrumbs-content":"","ast-featured-img":"","footer-sml-layout":"","ast-disable-related-posts":"","theme-transparent-header-meta":"","adv-header-id-meta":"","stick-header-meta":"","header-above-stick-meta":"","header-main-stick-meta":"","header-below-stick-meta":"","astra-migrate-meta-layouts":"default","ast-page-background-enabled":"default","ast-page-background-meta":{"desktop":{"background-color":"var(--ast-global-color-4)","background-image":"","background-repeat":"repeat","background-position":"center center","background-size":"auto","background-attachment":"scroll","background-type":"","background-media":"","overlay-type":"","overlay-color":"","overlay-opacity":"","overlay-gradient":""},"tablet":{"background-color":"","background-image":"","background-repeat":"repeat","background-position":"center center","background-size":"auto","background-attachment":"scroll","background-type":"","background-media":"","overlay-type":"","overlay-color":"","overlay-opacity":"","overlay-gradient":""},"mobile":{"background-color":"","background-image":"","background-repeat":"repeat","background-position":"center center","background-size":"auto","background-attachment":"scroll","background-type":"","background-media":"","overlay-type":"","overlay-color":"","overlay-opacity":"","overlay-gradient":""}},"ast-content-background-meta":{"desktop":{"background-color":"var(--ast-global-color-5)","background-image":"","background-repeat":"repeat","background-position":"center center","background-size":"auto","background-attachment":"scroll","background-type":"","background-media":"","overlay-type":"","overlay-color":"","overlay-opacity":"","overlay-gradient":""},"tablet":{"background-color":"var(--ast-global-color-5)","background-image":"","background-repeat":"repeat","background-position":"center center","background-size":"auto","background-attachment":"scroll","background-type":"","background-media":"","overlay-type":"","overlay-color":"","overlay-opacity":"","overlay-gradient":""},"mobile":{"background-color":"var(--ast-global-color-5)","background-image":"","background-repeat":"repeat","background-position":"center center","background-size":"auto","background-attachment":"scroll","background-type":"","background-media":"","overlay-type":"","overlay-color":"","overlay-opacity":"","overlay-gradient":""}},"footnotes":""},"class_list":["post-28979","page","type-page","status-publish","hentry"],"acf":[],"_links":{"self":[{"href":"https:\/\/mcdonaldworley.com\/es\/wp-json\/wp\/v2\/pages\/28979","targetHints":{"allow":["GET"]}}],"collection":[{"href":"https:\/\/mcdonaldworley.com\/es\/wp-json\/wp\/v2\/pages"}],"about":[{"href":"https:\/\/mcdonaldworley.com\/es\/wp-json\/wp\/v2\/types\/page"}],"author":[{"embeddable":true,"href":"https:\/\/mcdonaldworley.com\/es\/wp-json\/wp\/v2\/users\/65"}],"replies":[{"embeddable":true,"href":"https:\/\/mcdonaldworley.com\/es\/wp-json\/wp\/v2\/comments?post=28979"}],"version-history":[{"count":0,"href":"https:\/\/mcdonaldworley.com\/es\/wp-json\/wp\/v2\/pages\/28979\/revisions"}],"up":[{"embeddable":true,"href":"https:\/\/mcdonaldworley.com\/es\/wp-json\/wp\/v2\/pages\/24889"}],"wp:attachment":[{"href":"https:\/\/mcdonaldworley.com\/es\/wp-json\/wp\/v2\/media?parent=28979"}],"curies":[{"name":"wp","href":"https:\/\/api.w.org\/{rel}","templated":true}]}}