{"id":28975,"date":"2018-10-11T15:57:41","date_gmt":"2018-10-11T15:57:41","guid":{"rendered":"https:\/\/abconlinehold.wpengine.com\/abogado-de-lesiones-personales-en-houston\/slip-and-fall-lawyer-houston-tx\/"},"modified":"2021-08-12T10:49:35","modified_gmt":"2021-08-12T15:49:35","slug":"houston-tx-abogado-de-resbalones-y-caidas","status":"publish","type":"page","link":"https:\/\/mcdonaldworley.com\/es\/houston-tx\/abogado-de-resbalones-y-caidas","title":{"rendered":"Abogado de Resbalones y Ca\u00eddas en Houston"},"content":{"rendered":"<p>Un resbal\u00f3n y una ca\u00edda pueden ocurrir en cualquier lugar. Puede suceder en el supermercado o centro comercial, puede suceder en el trabajo. Incluso puede suceder en la casa de un amigo o vecino. Los resbalones y ca\u00eddas representan m\u00e1s lesiones en la espalda de lo que piensas. Por eso es importante buscar atenci\u00f3n m\u00e9dica de inmediato.<\/p>\n<p>Si sufre un resbal\u00f3n y una ca\u00edda, es probable que tenga lesiones. Algunas de estas lesiones pueden incluir:<\/p>\n<ul>\n<li>Lesiones de cuello y espalda.<\/li>\n<li>Esguinces y distensiones de mu\u00f1ecas.<\/li>\n<li>Desfiguraci\u00f3n facial<\/li>\n<li>Cortes y huesos rotos.<\/li>\n<li>Lesiones traum\u00e1ticas del cerebro o la cabeza<\/li>\n<\/ul>\n<p>Todo esto puede ser doloroso. Tambi\u00e9n pueden ser costosos. Tendr\u00e1 que pagar facturas m\u00e9dicas. Echar\u00e1s de menos el trabajo. Alguien deber\u00eda <a href=\"https:\/\/mcdonaldworley.com\/civil-litigation\/oil-gas-royalty-underpayment\/\" target=\"_blank\" rel=\"noopener\">pagar por<\/a> estas cosas.. Si alguien m\u00e1s tuvo la culpa, necesita un buen <a href=\"https:\/\/mcdonaldworley.com\/es\/houston-tx-abogado-de-accidentes-de-choque-y-huida\/\" target=\"_blank\" rel=\"noopener\">abogado de resbalones y ca\u00eddas en Houston<\/a>, TX.. <a href=\"https:\/\/mcdonaldworley.com\/es\/contacto\/\">P\u00f3ngase en contacto con McDonald Worley<\/a> para una consulta gratuita.<\/p>\n\n<h2>Los abogados de resbalones y ca\u00eddas conocen la ley<\/h2>\n<p>Texas tiene leyes que lo <a href=\"https:\/\/mcdonaldworley.com\/consumer-protection-law\/save-your-home\/\" target=\"_blank\" rel=\"noopener\">protegen en caso<\/a> de resbal\u00f3n y ca\u00edda.. Dependiendo de qui\u00e9n tuvo la culpa, es posible que tenga un reclamo legal. Si se resbala y cae en la propiedad de otra persona, tendr\u00e1 que decidir a qui\u00e9n perseguir. Esto es cuando es importante tener un abogado de resbalones y ca\u00eddas. Te ayudar\u00e1n a decidir entre:<\/p>\n<ul>\n<li>Buscando la compa\u00f1\u00eda de seguros de la persona<\/li>\n<li>Presentar una demanda contra el individuo por <a href=\"https:\/\/mcdonaldworley.com\/es\/pearland\/abogado-lesiones-personales\/\" target=\"_blank\" rel=\"noopener\">lesiones personales.<\/a><\/li>\n<li>Combinando estas dos opciones.<\/li>\n<\/ul>\n<p>Deber\u00e1 informarle a su <a href=\"https:\/\/mcdonaldworley.com\/es\/houston\">abogado de lesiones personales<\/a> c\u00f3mo ocurri\u00f3 la ca\u00edda. Si sucedi\u00f3 en una tienda de comestibles, la tienda puede ser responsable. \u00bfEstaba mojado el piso? \u00bfHab\u00eda letreros que indicaban que el piso estaba resbaladizo? La tienda puede haber sido negligente. Si es as\u00ed, es posible que su abogado quiera perseguir a la corporaci\u00f3n m\u00e1s grande en lugar de simplemente presentar un reclamo de seguro. Si sus lesiones son extensas, tiene sentido ir tras los bolsillos profundos.<\/p>\n<p>Si el accidente tuvo lugar en la casa de un amigo, es posible que desee presentar un reclamo contra su compa\u00f1\u00eda de seguros. No quieres arruinar tu relaci\u00f3n con tu amigo. Es posible que su amigo tampoco tenga dinero para pagar si lo demanda. Desea que le paguen sus facturas, por lo que puede optar por la ruta del seguro.<\/p>\n<h2>Deje que los abogados de resbalones y ca\u00eddas en McDonald Worley luchen por usted<\/h2>\n<p>Ya sea que vaya tras la compa\u00f1\u00eda de seguros o la parte responsable, tendr\u00e1 una batalla cuesta arriba. Primero, debes demostrar que te lastimaste. Luego, debes demostrar que no fue tu culpa. Su abogado de <a href=\"https:\/\/en.wikipedia.org\/wiki\/Houston\" target=\"_blank\" rel=\"noopener noreferrer nofollow\">Houston, TX<\/a> tiene mucha experiencia haciendo esto. Tu no.<\/p>\n<p><img loading=\"lazy\" decoding=\"async\" class=\"alignnone wp-image-26926 size-full\" src=\"https:\/\/mcdonaldworley.com\/wp-content\/uploads\/2019\/10\/slip-and-fall-750x500.jpg\" alt=\"Un hombre resbalando sobre un piso mojado y aterrizando sobre su hombro.\" width=\"750\" height=\"500\" title=\"\" srcset=\"https:\/\/mcdonaldworley.com\/wp-content\/uploads\/2019\/10\/slip-and-fall-750x500.jpg 750w, https:\/\/mcdonaldworley.com\/wp-content\/uploads\/2019\/10\/slip-and-fall-750x500-300x200.jpg 300w\" sizes=\"auto, (max-width: 750px) 100vw, 750px\" \/><\/p>\n<p>Houston, TX tambi\u00e9n tiene una ley de <a href=\"https:\/\/www.nolo.com\/legal-encyclopedia\/texas-slip-and-fall-laws.html\" target=\"_blank\" rel=\"noopener noreferrer nofollow\">negligencia comparativa.<\/a> Esta ley b\u00e1sicamente establece que si usted es parcialmente culpable, su compensaci\u00f3n ser\u00e1 menor. Por ejemplo, su liquidaci\u00f3n y adjudicaci\u00f3n ser\u00e1n menores si se cumple alguna de las siguientes condiciones:<\/p>\n<ul>\n<li>Estaba en una secci\u00f3n de una casa o tienda a la que no ten\u00eda permitido ingresar<\/li>\n<li>No prestamos atenci\u00f3n al lugar donde caminaba (es decir, enviaba mensajes de texto)<\/li>\n<li>Llevaban zapatos que no eran apropiados (es decir, chanclas en un sitio de construcci\u00f3n)<\/li>\n<li>La condici\u00f3n peligrosa se hizo evidente con conos o signos<\/li>\n<li>Estabas borracho o con problemas<\/li>\n<li>Se les inform\u00f3 espec\u00edficamente sobre la condici\u00f3n peligrosa e ignorarla<br \/>\nDeber\u00edas haber notado la condici\u00f3n peligrosa ya que era obvio<\/li>\n<\/ul>\n<p>Su abogado intentar\u00e1 obtener esta informaci\u00f3n de usted con anticipaci\u00f3n. \u00c9l le har\u00e1 preguntas espec\u00edficas para ver si usted es parcialmente culpable. \u00c9l tambi\u00e9n trabajar\u00e1 arduamente para defenderlo contra reclamos de negligencia comparativa. Esta informaci\u00f3n se utilizar\u00e1 para tratar de resolver su caso fuera de los tribunales.<\/p>\n<h2>C\u00f3mo un abogado de resbalones y ca\u00eddas puede obtener el dinero que usted merece<\/h2>\n<p>Despu\u00e9s de buscar atenci\u00f3n m\u00e9dica, desea llamar a un abogado de resbalones y ca\u00eddas en Houston, TX. Los abogados de <a href=\"https:\/\/mcdonaldworley.com\/es\/\">McDonald Worley<\/a> tienen d\u00e9cadas de experiencia en casos de resbalones y ca\u00eddas. Te conseguir\u00e1n el dinero que te mereces.<\/p>\n<p>Tenga en cuenta que en Texas solo <a href=\"https:\/\/www.nolo.com\/legal-encyclopedia\/texas-slip-and-fall-laws.html\" target=\"_blank\" rel=\"noopener noreferrer nofollow\">tiene dos (2) a\u00f1os<\/a> a partir de la fecha del accidente para demandar. No espere hasta el \u00faltimo minuto para contratar a un abogado. Cualquier abogado necesita tiempo para preparar un caso y presentar una demanda. Si los dos a\u00f1os se acaban, tu suerte tambi\u00e9n lo har\u00e1. No puede presentar una demanda m\u00e1s de 2 a\u00f1os despu\u00e9s. Es motivo de despido autom\u00e1tico.<\/p>\n<p>Si est\u00e1 buscando una compa\u00f1\u00eda de seguros, tiene a\u00fan menos tiempo para proceder. La mayor\u00eda de las compa\u00f1\u00edas de seguros requieren que presente su reclamo dentro de unos d\u00edas despu\u00e9s del accidente. Cuanto m\u00e1s tiempo pase, m\u00e1s dif\u00edcil ser\u00e1 probar su caso.<\/p>\n<p class=\"p3\">Llame a McDonald Worley para su consulta inicial gratuita. Pueden responder cualquier pregunta o inquietud. No paga nada a menos y hasta que gane su caso.<\/p>\n","protected":false},"excerpt":{"rendered":"<p>Un resbal\u00f3n y una ca\u00edda pueden ocurrir en cualquier lugar. Puede suceder en el supermercado o centro comercial, puede suceder en el trabajo. Incluso puede suceder en la casa de un amigo o vecino. Los resbalones y ca\u00eddas representan m\u00e1s lesiones en la espalda de lo que piensas. Por eso es importante buscar atenci\u00f3n m\u00e9dica [&hellip;]<\/p>\n","protected":false},"author":65,"featured_media":0,"parent":24889,"menu_order":0,"comment_status":"closed","ping_status":"closed","template":"","meta":{"_acf_changed":false,"site-sidebar-layout":"default","site-content-layout":"","ast-site-content-layout":"default","site-content-style":"default","site-sidebar-style":"default","ast-global-header-display":"","ast-banner-title-visibility":"","ast-main-header-display":"","ast-hfb-above-header-display":"","ast-hfb-below-header-display":"","ast-hfb-mobile-header-display":"","site-post-title":"","ast-breadcrumbs-content":"","ast-featured-img":"","footer-sml-layout":"","ast-disable-related-posts":"","theme-transparent-header-meta":"","adv-header-id-meta":"","stick-header-meta":"","header-above-stick-meta":"","header-main-stick-meta":"","header-below-stick-meta":"","astra-migrate-meta-layouts":"default","ast-page-background-enabled":"default","ast-page-background-meta":{"desktop":{"background-color":"var(--ast-global-color-4)","background-image":"","background-repeat":"repeat","background-position":"center center","background-size":"auto","background-attachment":"scroll","background-type":"","background-media":"","overlay-type":"","overlay-color":"","overlay-opacity":"","overlay-gradient":""},"tablet":{"background-color":"","background-image":"","background-repeat":"repeat","background-position":"center center","background-size":"auto","background-attachment":"scroll","background-type":"","background-media":"","overlay-type":"","overlay-color":"","overlay-opacity":"","overlay-gradient":""},"mobile":{"background-color":"","background-image":"","background-repeat":"repeat","background-position":"center center","background-size":"auto","background-attachment":"scroll","background-type":"","background-media":"","overlay-type":"","overlay-color":"","overlay-opacity":"","overlay-gradient":""}},"ast-content-background-meta":{"desktop":{"background-color":"var(--ast-global-color-5)","background-image":"","background-repeat":"repeat","background-position":"center center","background-size":"auto","background-attachment":"scroll","background-type":"","background-media":"","overlay-type":"","overlay-color":"","overlay-opacity":"","overlay-gradient":""},"tablet":{"background-color":"var(--ast-global-color-5)","background-image":"","background-repeat":"repeat","background-position":"center center","background-size":"auto","background-attachment":"scroll","background-type":"","background-media":"","overlay-type":"","overlay-color":"","overlay-opacity":"","overlay-gradient":""},"mobile":{"background-color":"var(--ast-global-color-5)","background-image":"","background-repeat":"repeat","background-position":"center center","background-size":"auto","background-attachment":"scroll","background-type":"","background-media":"","overlay-type":"","overlay-color":"","overlay-opacity":"","overlay-gradient":""}},"footnotes":""},"class_list":["post-28975","page","type-page","status-publish","hentry"],"acf":[],"_links":{"self":[{"href":"https:\/\/mcdonaldworley.com\/es\/wp-json\/wp\/v2\/pages\/28975","targetHints":{"allow":["GET"]}}],"collection":[{"href":"https:\/\/mcdonaldworley.com\/es\/wp-json\/wp\/v2\/pages"}],"about":[{"href":"https:\/\/mcdonaldworley.com\/es\/wp-json\/wp\/v2\/types\/page"}],"author":[{"embeddable":true,"href":"https:\/\/mcdonaldworley.com\/es\/wp-json\/wp\/v2\/users\/65"}],"replies":[{"embeddable":true,"href":"https:\/\/mcdonaldworley.com\/es\/wp-json\/wp\/v2\/comments?post=28975"}],"version-history":[{"count":0,"href":"https:\/\/mcdonaldworley.com\/es\/wp-json\/wp\/v2\/pages\/28975\/revisions"}],"up":[{"embeddable":true,"href":"https:\/\/mcdonaldworley.com\/es\/wp-json\/wp\/v2\/pages\/24889"}],"wp:attachment":[{"href":"https:\/\/mcdonaldworley.com\/es\/wp-json\/wp\/v2\/media?parent=28975"}],"curies":[{"name":"wp","href":"https:\/\/api.w.org\/{rel}","templated":true}]}}