{"id":28333,"date":"2019-11-22T07:06:41","date_gmt":"2019-11-22T12:06:41","guid":{"rendered":"https:\/\/abconlinehold.wpengine.com\/abogado-de-lesiones-personales-en-houston\/houston-drunk-driving-accident-lawyer\/"},"modified":"2021-08-17T07:20:16","modified_gmt":"2021-08-17T12:20:16","slug":"houston-drunk-driving-accident-lawyer","status":"publish","type":"page","link":"https:\/\/mcdonaldworley.com\/es\/houston-tx-abogado-de-accidentes-de-conductores-ebrios","title":{"rendered":"Abogado de Accidentes de Conductores Ebrios de Houston"},"content":{"rendered":"<p>Si tiene la desgracia de sufrir lesiones en un accidente automovil\u00edstico, un conductor ebrio fue responsable de que usted sea elegible para el reembolso. No debe ser responsable de cubrir el costo de sus da\u00f1os debido a la mala decisi\u00f3n de otra persona. Sin embargo, es importante entender que este tipo de reclamo de compensaci\u00f3n ser\u00e1 tratado de manera un poco diferente por la aseguradora de ese conductor que si la intoxicaci\u00f3n no fuera la culpable. De hecho, tendr\u00e1 m\u00e1s poder de negociaci\u00f3n con la aseguradora para recibir el acuerdo que se merece.<\/p>\n<p>P\u00f3ngase en contacto con un <a href=\"https:\/\/mcdonaldworley.com\/es\/\">bufete de abogados experimentado<\/a> en lesiones para asegurarse de recibir cada d\u00f3lar al que tiene derecho despu\u00e9s de un accidente por conducir ebrio en Houston. Llame al (281) 623-1906 hoy para programar una consulta gratuita.<\/p>\n\n<h2>\u00bfQu\u00e9 debo hacer despu\u00e9s de un accidente con un conductor ebrio?<\/h2>\n<p>Despu\u00e9s de cualquier accidente de DUI en Houston, Texas, es l\u00f3gico que su enfoque inmediato sea la recuperaci\u00f3n f\u00edsica y la recuperaci\u00f3n de su calidad de vida anterior. Su bienestar tambi\u00e9n es nuestra prioridad, y entendemos que las lesiones que resultan de este tipo de accidentes a menudo son mucho m\u00e1s graves simplemente debido a la naturaleza imprudente e impredecible de los conductores ebrios. Como tal, si usted o alguien que ama se ve perjudicado por un automovilista ebrio, le recomendamos que siga los siguientes pasos:<\/p>\n<h3>Llamar a la aplicaci\u00f3n de la ley<\/h3>\n<p>Recuerde que es vital que el Sheriff del<a href=\"https:\/\/www.harriscountyso.org\/\" target=\"_blank\" rel=\"noopener noreferrer nofollow\"> Condado de Harris<\/a> o el <a href=\"https:\/\/www.houstontx.gov\/police\/\" target=\"_blank\" rel=\"noopener noreferrer nofollow\">Departamento de Polic\u00eda de Houston<\/a> vengan a la escena del accidente lo antes posible. Podr\u00e1n evaluar si el otro conductor est\u00e1 realmente intoxicado y tomarlos bajo custodia si ese es el caso. Este paso es cr\u00edtico porque no solo estas personas deben enfrentar consecuencias por colisionar con usted, sino que tambi\u00e9n deben evitar que abandonen la escena y representen un peligro adicional para los dem\u00e1s en el camino.<\/p>\n<h3>Llama una ambulancia<\/h3>\n<p>Si sospecha que se han producido lesiones, es importante que el personal de emergencia lo examine de inmediato y lo transporte al hospital, si es necesario.<\/p>\n<p><img loading=\"lazy\" decoding=\"async\" class=\"alignnone wp-image-25771\" src=\"https:\/\/mcdonaldworley.com\/wp-content\/uploads\/2019\/08\/call-a-car-accident-lawyer-after-wreck.jpg\" alt=\"Un hombre llamando a una ambulancia despu\u00e9s de un accidente automovil\u00edstico\" width=\"400\" height=\"225\" title=\"\" srcset=\"https:\/\/mcdonaldworley.com\/wp-content\/uploads\/2019\/08\/call-a-car-accident-lawyer-after-wreck.jpg 945w, https:\/\/mcdonaldworley.com\/wp-content\/uploads\/2019\/08\/call-a-car-accident-lawyer-after-wreck-300x169.jpg 300w, https:\/\/mcdonaldworley.com\/wp-content\/uploads\/2019\/08\/call-a-car-accident-lawyer-after-wreck-768x432.jpg 768w\" sizes=\"auto, (max-width: 400px) 100vw, 400px\" \/><\/p>\n<h3>Tome un video del otro automovilista<\/h3>\n<p>Si es posible, intente asegurar el metraje del automovilista con su tel\u00e9fono. Puede hacerlo mientras obtiene la informaci\u00f3n del seguro del conductor, o incluso si est\u00e1 tropezando. Pregunte si puede tomar un video mientras la persona proporciona informaci\u00f3n de identificaci\u00f3n y seguro.<\/p>\n<h3>Tomar fotograf\u00edas<\/h3>\n<p>Siempre aseg\u00farese de tomar fotograf\u00edas de todos los da\u00f1os en el veh\u00edculo, la informaci\u00f3n del seguro del otro conductor, la licencia de conducir e incluso la placa del otro autom\u00f3vil.<\/p>\n<h3>Evite negociar con compa\u00f1\u00edas de seguros sin un abogado<\/h3>\n<p>Los reclamos por lesiones personales en los que est\u00e1 involucrado un conductor ebrio est\u00e1n m\u00e1s involucrados que en los choques t\u00edpicos. P\u00f3ngase en contacto con un <a href=\"\/es\/houston\/abogado-de-accidentes-automovilisticos\/\">abogado especializado en accidentes automovil\u00edsticos<\/a> de inmediato que pueda ayudarlo con su reclamo por lesiones.<\/p>\n<h2>\u00bfDebo hablar con las aseguradoras justo despu\u00e9s de un accidente con un conductor ebrio?<\/h2>\n<p>Las compa\u00f1\u00edas de seguros son muy conscientes de que las v\u00edctimas de conductores ebrios pueden buscar da\u00f1os mayores, incluidos los da\u00f1os punitivos. Como tal, las aseguradoras intentar\u00e1n llegar a un acuerdo con usted lo antes posible, tal vez antes de que solicite la ayuda de un abogado de accidentes de DUI. Toman este tipo de medidas para evitar pagarle el valor total de su reclamo por lesiones.<\/p>\n<p>Nuestro equipo tiene un historial impresionante de ayudar a las personas perjudicadas en accidentes por conducir ebrio en el <a href=\"https:\/\/www.google.com\/maps\/place\/Houston,+Texas\/@29.8159954,-95.9617495,9z\/data=!3m1!4b1!4m5!3m4!1s0x8640b8b4488d8501:0xca0d02def365053b!8m2!3d29.7604267!4d-95.3698028\" target=\"_blank\" rel=\"noopener noreferrer nofollow\">\u00e1rea de Houston.<\/a> Estamos comprometidos a buscar justicia y compensaci\u00f3n en nombre de las personas lastimadas por otros por causas ajenas a su voluntad. Si un ser querido ha muerto en un accidente que involucr\u00f3 a un conductor ebrio, tambi\u00e9n estamos listos y dispuestos a ayudar en <a href=\"https:\/\/mcdonaldworley.com\/es\/houston\/abogado-de-la-muerte-injusta\/\">casos de muerte injusta.<\/a> Este es sin duda un momento dif\u00edcil, y nuestra representaci\u00f3n legal agresiva est\u00e1 dise\u00f1ada para maximizar su recuperaci\u00f3n y responsabilizar a las partes responsables por su p\u00e9rdida.<\/p>\n<h2>Tipos de casos de conducir ebrio que manejamos en Houston<\/h2>\n<p>Hay muchos escenarios que pueden dar lugar a un caso de conducir ebrio. Es posible que no sepa que esta \u00e1rea de la ley es relevante para su situaci\u00f3n, pero a menudo hay escenarios en los que un caso de conducir ebrio no sigue el patr\u00f3n t\u00edpico. Es posible que su accidente haya sido causado por alguien que estaba bajo la influencia de crack, coca\u00edna, marihuana, medicamentos recetados u otros tipos de drogas. Si bien dicho conductor no puede estar ebrio como se entiende generalmente el t\u00e9rmino, a\u00fan puede solicitar una indemnizaci\u00f3n sobre la base de los estatutos DWI o DUI. Un automovilista drogado es funcionalmente lo mismo que un borracho.<\/p>\n<p>Quiz\u00e1s sus heridas fueron sostenidas mientras montaba en bicicleta, motocicleta, scooter, o quiz\u00e1s incluso era un peat\u00f3n en ese momento. En estas situaciones, tambi\u00e9n tiene la oportunidad de obtener un <a href=\"https:\/\/mcdonaldworley.com\/es\/houston\">abogado de lesiones personales<\/a> para solicitar una compensaci\u00f3n en su nombre.<\/p>\n<p>La investigaci\u00f3n ha revelado que operar un veh\u00edculo con incluso una peque\u00f1a cantidad de drogas o alcohol en el torrente sangu\u00edneo puede aumentar el riesgo de un choque.<\/p>\n<h2>El creciente problema de los accidentes por conducir ebrio en Houston y sus alrededores<\/h2>\n<p>Los <a href=\"https:\/\/mcdonaldworley.com\/es\/houston-tx\/abogado-accidentes-por-exceso-de-velocidad\/\" target=\"_blank\" rel=\"noopener\">abogados especializados en accidentes de DUI de Houston<\/a> experimentados buscar\u00e1n diligentemente una indemnizaci\u00f3n para que reciba los m\u00e1ximos beneficios disponibles en su caso.. Nuestro equipo ha logrado resultados impresionantes para una gran cantidad de accidentes de veh\u00edculos, y los accidentes por conducir ebrio son un \u00e1rea de enfoque espec\u00edfico.<\/p>\n<p>A menudo es posible obtener una compensaci\u00f3n destinada a pagar cosas como costos m\u00e9dicos, gastos de rehabilitaci\u00f3n, salarios perdidos, capacidad de ingresos reducida y m\u00e1s. Entendemos cu\u00e1n devastadores pueden ser este tipo de accidentes en todos los aspectos de su vida, y estamos comprometidos a brindarle la ayuda que necesita.<\/p>\n<p><img loading=\"lazy\" decoding=\"async\" class=\"alignnone wp-image-27071\" src=\"https:\/\/mcdonaldworley.com\/wp-content\/uploads\/2019\/10\/attorneys-750x313.jpg\" alt=\"Abogado de lesiones en Houston presentando un reclamo para un cliente\" width=\"400\" height=\"167\" title=\"\" srcset=\"https:\/\/mcdonaldworley.com\/wp-content\/uploads\/2019\/10\/attorneys-750x313.jpg 750w, https:\/\/mcdonaldworley.com\/wp-content\/uploads\/2019\/10\/attorneys-750x313-300x125.jpg 300w\" sizes=\"auto, (max-width: 400px) 100vw, 400px\" \/><\/p>\n<p>Cuando un conductor ebrio negligente causa lesiones graves o algo peor, tiene derecho a buscar responsabilidad, justicia y recuperaci\u00f3n financiera. Si bien no existe una cantidad en d\u00f3lares que pueda restaurar su sensaci\u00f3n de seguridad, es vital que reciba los recursos monetarios para facilitar el mejor proceso de recuperaci\u00f3n posible. Las secuelas de un accidente de lesiones graves pueden hacer que se sienta vulnerable e inseguro sobre qu\u00e9 hacer, pero los conocimientos de un abogado experto en accidentes automovil\u00edsticos pueden ayudarlo a volver a la normalidad.<\/p>\n<p>Nos comprometemos a aprovechar toda nuestra experiencia en la lucha por su derecho a una indemnizaci\u00f3n, pero tambi\u00e9n por su derecho a que se haga justicia. Dado que Texas es el hogar de un n\u00famero significativo de conductores peligrosos, incluidos aquellos que a menudo conducen en estado de ebriedad, es muy importante que tenga defensores legales agresivos de su lado. Esto es particularmente cierto dado el hecho de que Texas est\u00e1 clasificado a nivel nacional como uno de los estados m\u00e1s peligrosos en t\u00e9rminos de la frecuencia de conducci\u00f3n en estado de ebriedad en sus carreteras.<\/p>\n<h2>\u00bfC\u00f3mo puede ayudar un abogado de accidentes por conducir ebrio?<\/h2>\n<p>McDonald Worley emplea a un equipo de abogados listos y dispuestos a perseguir todas las categor\u00edas de da\u00f1os contra conductores ebrios que causan lesiones a otros. Nuestros procesos de investigaci\u00f3n son insuperables.<\/p>\n<p>Nos tomamos el tiempo necesario para saber exactamente qu\u00e9 ocurri\u00f3 en el momento del accidente y exactamente qu\u00e9 tan borracho estaba el otro conductor. Investigamos los antecedentes penales y de manejo existentes del otro conductor para determinar si esto fue un delito repetido. Aseguramos los informes policiales de accidentes y vigilamos de cerca cualquier enjuiciamiento criminal del conductor que pueda resultar. Entrevistaremos a testigos, recogeremos evidencia de procesos penales, revisaremos evidencia documental y m\u00e1s. Determinaremos si hay otras partes adem\u00e1s del conductor que pueden compartir la responsabilidad por el da\u00f1o que sufri\u00f3, incluidas aquellas que pueden haber proporcionado cantidades excesivas de alcohol o haber empleado negligentemente al conductor responsable del accidente.<\/p>\n<h3>Trabajamos con usted<\/h3>\n<p>Nuestros abogados quieren entender su perspectiva sobre lo que ocurri\u00f3 en el momento del accidente, as\u00ed como las innumerables formas en que las lesiones sufridas han impactado su vida. Si un ser querido muri\u00f3 en un <a href=\"https:\/\/mcdonaldworley.com\/es\/conducir-ebrio-en-houston\/\" target=\"_blank\" rel=\"noopener\">accidente por conducir ebrio<\/a>, queremos entender c\u00f3mo la muerte ha afectado su vida..<\/p>\n<h3>Luchamos por ti<\/h3>\n<p>Las compa\u00f1\u00edas de seguros son conocidas por tratar de ayudar a las v\u00edctimas de lesiones bajas y les ofrecen mucho menos de lo que realmente valen sus reclamos. Hay demasiadas veces en que una compa\u00f1\u00eda de seguros contin\u00faa vendiendo p\u00f3lizas a conductores que nunca deber\u00edan haber estado en la carretera debido a su habitual conducci\u00f3n ebria. Nuestros abogados est\u00e1n preparados para contratar a las compa\u00f1\u00edas de seguros directamente a su nombre para que pueda obtener la m\u00e1xima recuperaci\u00f3n financiera. Si los hechos de su caso dan lugar a un reclamo por da\u00f1os punitivos o ejemplares, no dudaremos en buscar tambi\u00e9n ese tipo de recuperaci\u00f3n.<\/p>\n<h2>\u00bfConducir somnoliento cuenta como conducir ebrio?<\/h2>\n<p>En el estado de Texas, hay un l\u00edmite de contenido de alcohol en sangre de 0.08 por ciento. Por lo tanto, cualquier persona que supere ese umbral se considera ebrio para conducir. Las personas a este nivel presentan un riesgo mucho mayor de <a href=\"https:\/\/mcdonaldworley.com\/es\/houston\/abogado-conductor-distraido\/\" target=\"_blank\" rel=\"noopener\">causar un accidente de lesi\u00f3n que otros conductores.<\/a>. Para 2004, el est\u00e1ndar .08 se adopt\u00f3 en todos los estados del pa\u00eds debido al hecho de que el gobierno federal decidi\u00f3 que los estados que fueran menos estrictos en este sentido perder\u00edan fondos viales como resultado. El gobierno federal ahora insta a los estados a adoptar un umbral a\u00fan m\u00e1s bajo: 0.05 por ciento de contenido de alcohol en sangre.<\/p>\n<p><img loading=\"lazy\" decoding=\"async\" class=\"alignnone wp-image-27073\" src=\"https:\/\/mcdonaldworley.com\/wp-content\/uploads\/2019\/10\/drunk-driver-in-texas.jpg\" alt=\"Guy drinking while driving in Houston, Texas.\" width=\"400\" height=\"225\" title=\"\" srcset=\"https:\/\/mcdonaldworley.com\/wp-content\/uploads\/2019\/10\/drunk-driver-in-texas.jpg 600w, https:\/\/mcdonaldworley.com\/wp-content\/uploads\/2019\/10\/drunk-driver-in-texas-300x169.jpg 300w\" sizes=\"auto, (max-width: 400px) 100vw, 400px\" \/><\/p>\n<p>El umbral inferior recomendado es tema de gran debate, dado que muchas personas alcanzan ese nivel despu\u00e9s de solo una bebida o dos. Sin embargo, la investigaci\u00f3n indica que existe un mayor riesgo de accidentes automovil\u00edsticos entre los conductores que han consumido incluso una cantidad limitada de alcohol.<\/p>\n<p>Un estudio publicado por el British Medical Journal recientemente mostr\u00f3 que los automovilistas que midieron solo el 0,01 por ciento del contenido de alcohol en la sangre ten\u00edan una mayor probabilidad de ser culpables de accidentes automovil\u00edsticos. La conclusi\u00f3n fue, en esencia, que los conductores somnolientos representan un mayor riesgo para los dem\u00e1s en las carreteras que aquellos que no han tenido alcohol en absoluto.<\/p>\n<h2>\u00bfCu\u00e1l es la fecha l\u00edmite para presentar reclamos contra conductores ebrios?<\/h2>\n<p>Texas tiene un <a href=\"https:\/\/statutes.capitol.texas.gov\/Docs\/CP\/htm\/CP.16.htm\" target=\"_blank\" rel=\"noopener noreferrer nofollow\">plazo de prescripci\u00f3n de dos a\u00f1os para presentar reclamos<\/a> de compensaci\u00f3n de este tipo. Aunque los litigios pueden ser lo \u00faltimo en lo que piensa en los d\u00edas y semanas posteriores a un accidente automovil\u00edstico grave, debe tener en cuenta que su reclamo tiene una fecha de vencimiento. Casi tan pronto como comience el proceso de curaci\u00f3n, puede apostar a que la compa\u00f1\u00eda de seguros del otro conductor ya est\u00e1 tramando formas de evadir el pago del monto total de su reclamo.<\/p>\n<h2>P\u00f3ngase en contacto con nuestros abogados de lesiones hoy!<\/h2>\n<p>Si usted est\u00e1 entre los que han sufrido lesiones que le cambiaron la vida debido a un conductor ebrio, los abogados de McDonald Worley quieren que comprenda que no est\u00e1 solo. Nunca acepte un acuerdo de seguro antes de hablar con nosotros primero, porque lo m\u00e1s probable es que no reciba el monto total que le corresponde simplemente por ir solo.<\/p>\n<p>El equipo de McDonald Worley est\u00e1 preparado para no dejar ninguna piedra sin mover cuando se trata de buscar la recuperaci\u00f3n monetaria en su nombre. Para su revisi\u00f3n de caso sin costo ni obligaci\u00f3n, ll\u00e1menos al (281) 623-1906 o env\u00ede su informaci\u00f3n a trav\u00e9s de nuestro<a href=\"https:\/\/mcdonaldworley.com\/es\/contacto\/\"> conveniente portal en l\u00ednea.<\/a> Siempre tenga en cuenta que trabajamos en base a una <a href=\"https:\/\/www.americanbar.org\/groups\/public_education\/resources\/law_issues_for_consumers\/lawyerfees_contingent\/\" target=\"_blank\" rel=\"noopener noreferrer nofollow\">tarifa de contingencia<\/a> y, por lo tanto, no tendr\u00e1 que pagar ninguna tarifa legal a menos que recuperemos los da\u00f1os en su caso.<\/p>\n","protected":false},"excerpt":{"rendered":"<p>Si tiene la desgracia de sufrir lesiones en un accidente automovil\u00edstico, un conductor ebrio fue responsable de que usted sea elegible para el reembolso. No debe ser responsable de cubrir el costo de sus da\u00f1os debido a la mala decisi\u00f3n de otra persona. Sin embargo, es importante entender que este tipo de reclamo de compensaci\u00f3n [&hellip;]<\/p>\n","protected":false},"author":65,"featured_media":0,"parent":24889,"menu_order":0,"comment_status":"closed","ping_status":"closed","template":"","meta":{"_acf_changed":false,"site-sidebar-layout":"default","site-content-layout":"","ast-site-content-layout":"default","site-content-style":"default","site-sidebar-style":"default","ast-global-header-display":"","ast-banner-title-visibility":"","ast-main-header-display":"","ast-hfb-above-header-display":"","ast-hfb-below-header-display":"","ast-hfb-mobile-header-display":"","site-post-title":"","ast-breadcrumbs-content":"","ast-featured-img":"","footer-sml-layout":"","ast-disable-related-posts":"","theme-transparent-header-meta":"","adv-header-id-meta":"","stick-header-meta":"","header-above-stick-meta":"","header-main-stick-meta":"","header-below-stick-meta":"","astra-migrate-meta-layouts":"default","ast-page-background-enabled":"default","ast-page-background-meta":{"desktop":{"background-color":"var(--ast-global-color-4)","background-image":"","background-repeat":"repeat","background-position":"center center","background-size":"auto","background-attachment":"scroll","background-type":"","background-media":"","overlay-type":"","overlay-color":"","overlay-opacity":"","overlay-gradient":""},"tablet":{"background-color":"","background-image":"","background-repeat":"repeat","background-position":"center center","background-size":"auto","background-attachment":"scroll","background-type":"","background-media":"","overlay-type":"","overlay-color":"","overlay-opacity":"","overlay-gradient":""},"mobile":{"background-color":"","background-image":"","background-repeat":"repeat","background-position":"center center","background-size":"auto","background-attachment":"scroll","background-type":"","background-media":"","overlay-type":"","overlay-color":"","overlay-opacity":"","overlay-gradient":""}},"ast-content-background-meta":{"desktop":{"background-color":"var(--ast-global-color-5)","background-image":"","background-repeat":"repeat","background-position":"center center","background-size":"auto","background-attachment":"scroll","background-type":"","background-media":"","overlay-type":"","overlay-color":"","overlay-opacity":"","overlay-gradient":""},"tablet":{"background-color":"var(--ast-global-color-5)","background-image":"","background-repeat":"repeat","background-position":"center center","background-size":"auto","background-attachment":"scroll","background-type":"","background-media":"","overlay-type":"","overlay-color":"","overlay-opacity":"","overlay-gradient":""},"mobile":{"background-color":"var(--ast-global-color-5)","background-image":"","background-repeat":"repeat","background-position":"center center","background-size":"auto","background-attachment":"scroll","background-type":"","background-media":"","overlay-type":"","overlay-color":"","overlay-opacity":"","overlay-gradient":""}},"footnotes":""},"class_list":["post-28333","page","type-page","status-publish","hentry"],"acf":[],"_links":{"self":[{"href":"https:\/\/mcdonaldworley.com\/es\/wp-json\/wp\/v2\/pages\/28333","targetHints":{"allow":["GET"]}}],"collection":[{"href":"https:\/\/mcdonaldworley.com\/es\/wp-json\/wp\/v2\/pages"}],"about":[{"href":"https:\/\/mcdonaldworley.com\/es\/wp-json\/wp\/v2\/types\/page"}],"author":[{"embeddable":true,"href":"https:\/\/mcdonaldworley.com\/es\/wp-json\/wp\/v2\/users\/65"}],"replies":[{"embeddable":true,"href":"https:\/\/mcdonaldworley.com\/es\/wp-json\/wp\/v2\/comments?post=28333"}],"version-history":[{"count":0,"href":"https:\/\/mcdonaldworley.com\/es\/wp-json\/wp\/v2\/pages\/28333\/revisions"}],"up":[{"embeddable":true,"href":"https:\/\/mcdonaldworley.com\/es\/wp-json\/wp\/v2\/pages\/24889"}],"wp:attachment":[{"href":"https:\/\/mcdonaldworley.com\/es\/wp-json\/wp\/v2\/media?parent=28333"}],"curies":[{"name":"wp","href":"https:\/\/api.w.org\/{rel}","templated":true}]}}