{"id":28330,"date":"2018-10-11T14:55:02","date_gmt":"2018-10-11T14:55:02","guid":{"rendered":"https:\/\/abconlinehold.wpengine.com\/abogado-de-lesiones-personales-en-houston\/dog-bite-lawyer-houston-tx\/"},"modified":"2021-08-17T07:21:52","modified_gmt":"2021-08-17T12:21:52","slug":"dog-bite-lawyer-houston-tx","status":"publish","type":"page","link":"https:\/\/mcdonaldworley.com\/es\/houston-tx-abogado-de-mordedura-de-perro","title":{"rendered":"Abogado de Mordedura de Perro en Houston"},"content":{"rendered":"<p>Los perros pueden ser el mejor amigo del hombre. Eso es hasta que te muerdan. Entonces, no tanto. Si un perro te muerde en Texas, debes conocer ciertas leyes. Si te lastima una mordedura de perro, lo primero que debes hacer es buscar atenci\u00f3n m\u00e9dica. Puede sufrir laceraciones y hematomas e incluso puede perder una extremidad o un dedo. Podr\u00eda sufrir mordeduras de perro en su cara, brazos o piernas. En cualquier caso, puede ser doloroso. Puede requerir cirug\u00eda.<\/p>\n<p>Si te <a href=\"https:\/\/mcdonaldworley.com\/es\/houston\/que-hacer-si-perro-de-vecino-me-muerde\/\" target=\"_blank\" rel=\"noopener\">muerde un perro en Houston<\/a>, comun\u00edcate con un abogado especializado en mordeduras de perro.. Est\u00e1n familiarizados con las leyes y pueden revisar su caso. Luchar\u00e1n por conseguirte el dinero que te mereces.<\/p>\n\n<h2>\u00bfPor qu\u00e9 necesitar\u00edas un abogado de mordedura de perro?<\/h2>\n<p>Una demanda por mordedura de perro se considera un caso de <a href=\"https:\/\/mcdonaldworley.com\/es\/henderson\/abogado-lesione-personales\/\" target=\"_blank\" rel=\"noopener\">lesiones personales.<\/a>. Seg\u00fan la ley de Texas, tiene dos a\u00f1os a partir de la fecha de la mordedura para presentar una demanda. Realmente no quieres esperar tanto tiempo. Desea llamar a un <a href=\"https:\/\/mcdonaldworley.com\/es\/pasadena\/abogado-lesiones-personales\/\" target=\"_blank\" rel=\"noopener\">abogado de lesiones personales<\/a> de inmediato.. Cuanto antes presente su reclamo, mayores ser\u00e1n sus probabilidades de obtener un acuerdo justo.<\/p>\n<p>Si te muerde un perro, sufrir\u00e1s lesiones. Tendr\u00e1 derecho a algunos de los siguientes tipos de da\u00f1os:<\/p>\n<ul>\n<li>Facturas m\u00e9dicas y facturas m\u00e9dicas futuras<\/li>\n<li>Salarios perdidos<\/li>\n<li>Dolor y sufrimiento<\/li>\n<\/ul>\n<p>Un buen abogado especializado en mordeduras de perro le dio una compensaci\u00f3n por estas cosas. Tienes que sospechar saber todo sobre el incidente. Si tiene fotos, tr\u00e1igalas a su consulta inicial gratuita. Obtenga la informaci\u00f3n del seguro del propietario del propietario. Es posible que su abogado quiera presentar un reclamo de seguro en lugar de una simple demanda.<\/p>\n<h2>Un abogado de mordedura de perro conoce bien las leyes de Texas<\/h2>\n<p>Texas tiene leyes muy espec\u00edficas sobre mordeduras de perros. Su abogado de mordedura de perro est\u00e1 familiarizado con estas leyes. Entienden c\u00f3mo pueden afectar su caso. Texas no tiene un estatuto espec\u00edfico para mordeduras de perro. En cambio, han adoptado una opini\u00f3n presentada en la jurisprudencia. Esto se conoce como la \u00abregla de una mordida\u00bb. La ley establece que para recuperarse de las lesiones de una mordedura de perro, debe mostrar que:<\/p>\n<ul>\n<li>el due\u00f1o sab\u00eda que el perro hab\u00eda actuado agresivamente antes o que hab\u00eda mordido a alguien anteriormente<\/li>\n<li>el due\u00f1o fue negligente al evitar la mordida o fue negligente al controlar al perro<\/li>\n<li>la negligencia del propietario caus\u00f3 sus lesiones<\/li>\n<\/ul>\n<p>Si puedes probar todas estas cosas, genial. Si no, necesitar\u00e1 un abogado especializado en mordeduras de perro. Puede tomar pruebas creativas para mostrar algunas de estas cosas. Por lo general, no encontramos una lista de perros que hayan mordido a personas antes. Es posible que su <a href=\"https:\/\/mcdonaldworley.com\/es\/santa-ana\/abogado-lesiones-personales\/\" target=\"_blank\" rel=\"noopener\">abogado necesite confiar en declaraciones personales<\/a> de amigos o vecinos. Es posible que tengan que buscar registros de casos para ver si el due\u00f1o del perro fue demandado antes.<\/p>\n<p><img loading=\"lazy\" decoding=\"async\" class=\"alignnone wp-image-26984\" src=\"https:\/\/mcdonaldworley.com\/wp-content\/uploads\/2019\/10\/dog-bite-750x500.jpg\" alt=\"Un perro enojado gru\u00f1endo en las calles de Houston, Texas\" width=\"400\" height=\"267\" title=\"\" srcset=\"https:\/\/mcdonaldworley.com\/wp-content\/uploads\/2019\/10\/dog-bite-750x500.jpg 750w, https:\/\/mcdonaldworley.com\/wp-content\/uploads\/2019\/10\/dog-bite-750x500-300x200.jpg 300w\" sizes=\"auto, (max-width: 400px) 100vw, 400px\" \/><\/p>\n<p>Su abogado puede verificar los registros veterinarios del perro para ver si hay evidencia de que el perro es agresivo. Pueden consultar las redes sociales para ver si el propietario alguna vez public\u00f3 algo sobre su perro. Incluso pueden citar registros de texto inmediatamente anteriores o posteriores a la mordida.<\/p>\n<p>Estas son cosas que realmente no podr\u00edas hacer por ti mismo. <a href=\"https:\/\/mcdonaldworley.com\/es\/los-angeles\/abogado-de-mordedura-de-perro\/\" target=\"_blank\" rel=\"noopener\">Los abogados de mordeduras de perro<\/a> tienen a\u00f1os de experiencia. Tienen acceso a registros a los que usted no puede tener acceso.<\/p>\n<h2>Su abogado de mordedura de perro sabe c\u00f3mo vencer las defensas del propietario del perro<\/h2>\n<p>Hay muchas defensas para una mordedura de perro. Un propietario puede demostrar que no ten\u00eda idea de que el perro te morder\u00eda. Algunas de las<a href=\"https:\/\/www.alllaw.com\/articles\/nolo\/personal-injury\/dog-bite-laws-liability-texas.html\" target=\"_blank\" rel=\"noopener noreferrer nofollow\"> defensas de mordedura de perro incluyen<\/a>:<\/p>\n<ul>\n<li>El due\u00f1o del perro no ten\u00eda idea de la naturaleza agresiva del perro<\/li>\n<li>El perro siempre ha sido tranquilo y amigable<\/li>\n<li>El due\u00f1o te advirti\u00f3 que el perro es agresivo, y a\u00fan as\u00ed te acercaste a \u00e9l<\/li>\n<li>Estabas invadiendo o estabas ilegalmente en sus instalaciones<\/li>\n<li>Le hab\u00edan advertido muchas veces que el perro puede morder<\/li>\n<li>Provoc\u00f3 al perro a morderte<\/li>\n<\/ul>\n<p>Tomar\u00e1 mucho trabajo superar algunas de estas defensas. Si es posible hacerlo, su abogado de mordeduras de perro lo har\u00e1 posible. Sin embargo, tener un abogado no garantiza que ganar\u00e1 su caso. No pueden alterar los hechos ni cambiar la historia.<\/p>\n<h2>Contacte a nuestros abogados con experiencia en mordeduras de perros<\/h2>\n<p>Los abogados de McDonald Worley en la <a href=\"https:\/\/www.houstontx.gov\/\" target=\"_blank\" rel=\"noopener noreferrer nofollow\">ciudad de Houston<\/a> tienen experiencia en casos de mordeduras de perros. Ellos saben lo que vale su caso. Por lo tanto, saben qu\u00e9 evidencia se requiere para probar su caso. Es posible que hayan tratado con la compa\u00f1\u00eda de seguros del propietario antes.<\/p>\n<p>Su abogado est\u00e1 all\u00ed para ganar su caso. Har\u00e1 todas las <a href=\"https:\/\/mcdonaldworley.com\/es\/preguntas\/\" target=\"_blank\" rel=\"noopener\">preguntas<\/a> relevantes.. \u00c9l saldr\u00e1 y obtendr\u00e1 la informaci\u00f3n necesaria para probar su caso. Desea poder concentrarse en recuperarse de sus lesiones. Deje que nuestro bufete de <a href=\"https:\/\/mcdonaldworley.com\/es\/houston\">abogados con experiencia en lesiones personales<\/a> haga el trabajo duro por usted.<\/p>\n<p>Su primera consulta en McDonald Worley es gratis. Solo paga una vez que gana su caso.<\/p>\n","protected":false},"excerpt":{"rendered":"<p>Los perros pueden ser el mejor amigo del hombre. Eso es hasta que te muerdan. Entonces, no tanto. Si un perro te muerde en Texas, debes conocer ciertas leyes. Si te lastima una mordedura de perro, lo primero que debes hacer es buscar atenci\u00f3n m\u00e9dica. Puede sufrir laceraciones y hematomas e incluso puede perder una [&hellip;]<\/p>\n","protected":false},"author":65,"featured_media":0,"parent":24889,"menu_order":0,"comment_status":"closed","ping_status":"closed","template":"","meta":{"_acf_changed":false,"site-sidebar-layout":"default","site-content-layout":"","ast-site-content-layout":"default","site-content-style":"default","site-sidebar-style":"default","ast-global-header-display":"","ast-banner-title-visibility":"","ast-main-header-display":"","ast-hfb-above-header-display":"","ast-hfb-below-header-display":"","ast-hfb-mobile-header-display":"","site-post-title":"","ast-breadcrumbs-content":"","ast-featured-img":"","footer-sml-layout":"","ast-disable-related-posts":"","theme-transparent-header-meta":"","adv-header-id-meta":"","stick-header-meta":"","header-above-stick-meta":"","header-main-stick-meta":"","header-below-stick-meta":"","astra-migrate-meta-layouts":"default","ast-page-background-enabled":"default","ast-page-background-meta":{"desktop":{"background-color":"var(--ast-global-color-4)","background-image":"","background-repeat":"repeat","background-position":"center center","background-size":"auto","background-attachment":"scroll","background-type":"","background-media":"","overlay-type":"","overlay-color":"","overlay-opacity":"","overlay-gradient":""},"tablet":{"background-color":"","background-image":"","background-repeat":"repeat","background-position":"center center","background-size":"auto","background-attachment":"scroll","background-type":"","background-media":"","overlay-type":"","overlay-color":"","overlay-opacity":"","overlay-gradient":""},"mobile":{"background-color":"","background-image":"","background-repeat":"repeat","background-position":"center center","background-size":"auto","background-attachment":"scroll","background-type":"","background-media":"","overlay-type":"","overlay-color":"","overlay-opacity":"","overlay-gradient":""}},"ast-content-background-meta":{"desktop":{"background-color":"var(--ast-global-color-5)","background-image":"","background-repeat":"repeat","background-position":"center center","background-size":"auto","background-attachment":"scroll","background-type":"","background-media":"","overlay-type":"","overlay-color":"","overlay-opacity":"","overlay-gradient":""},"tablet":{"background-color":"var(--ast-global-color-5)","background-image":"","background-repeat":"repeat","background-position":"center center","background-size":"auto","background-attachment":"scroll","background-type":"","background-media":"","overlay-type":"","overlay-color":"","overlay-opacity":"","overlay-gradient":""},"mobile":{"background-color":"var(--ast-global-color-5)","background-image":"","background-repeat":"repeat","background-position":"center center","background-size":"auto","background-attachment":"scroll","background-type":"","background-media":"","overlay-type":"","overlay-color":"","overlay-opacity":"","overlay-gradient":""}},"footnotes":""},"class_list":["post-28330","page","type-page","status-publish","hentry"],"acf":[],"_links":{"self":[{"href":"https:\/\/mcdonaldworley.com\/es\/wp-json\/wp\/v2\/pages\/28330","targetHints":{"allow":["GET"]}}],"collection":[{"href":"https:\/\/mcdonaldworley.com\/es\/wp-json\/wp\/v2\/pages"}],"about":[{"href":"https:\/\/mcdonaldworley.com\/es\/wp-json\/wp\/v2\/types\/page"}],"author":[{"embeddable":true,"href":"https:\/\/mcdonaldworley.com\/es\/wp-json\/wp\/v2\/users\/65"}],"replies":[{"embeddable":true,"href":"https:\/\/mcdonaldworley.com\/es\/wp-json\/wp\/v2\/comments?post=28330"}],"version-history":[{"count":0,"href":"https:\/\/mcdonaldworley.com\/es\/wp-json\/wp\/v2\/pages\/28330\/revisions"}],"up":[{"embeddable":true,"href":"https:\/\/mcdonaldworley.com\/es\/wp-json\/wp\/v2\/pages\/24889"}],"wp:attachment":[{"href":"https:\/\/mcdonaldworley.com\/es\/wp-json\/wp\/v2\/media?parent=28330"}],"curies":[{"name":"wp","href":"https:\/\/api.w.org\/{rel}","templated":true}]}}