{"id":28325,"date":"2018-10-11T14:09:23","date_gmt":"2018-10-11T14:09:23","guid":{"rendered":"https:\/\/abconlinehold.wpengine.com\/abogado-de-lesiones-personales-en-houston\/houston\/bicycle-accident-attorney\/"},"modified":"2021-08-17T07:18:11","modified_gmt":"2021-08-17T12:18:11","slug":"bicycle-accident-attorney-houston-tx","status":"publish","type":"page","link":"https:\/\/mcdonaldworley.com\/es\/houston-tx-abogado-de-accidentes-de-bicicleta","title":{"rendered":"Abogado de Accidentes de Bicicleta en Houston"},"content":{"rendered":"<p>Es un soleado s\u00e1bado por la ma\u00f1ana. Saldr\u00e1s despu\u00e9s del desayuno para dar un paseo en bicicleta. Le dice a su c\u00f3nyuge que llegar\u00e1 a casa en una hora, se despide de sus hijos y se pone el casco para salir. Lo siguiente que sabes es que te atropell\u00f3 un cami\u00f3n que pasaba 35 por un camino rural. Volas de tu bicicleta. Te golpean en una zanja al costado del camino. Est\u00e1s herido y roto. Sabes que est\u00e1s herido; simplemente no te das cuenta de lo malo. Lo primero que debe hacer es buscar atenci\u00f3n m\u00e9dica. Lo segundo que debe hacer es <a href=\"https:\/\/mcdonaldworley.com\/es\/contacto\/\">comunicarse<\/a> con un abogado de accidentes de bicicletas en Houston.<\/p>\n<p>No nos gusta imaginar que esto nos suceda. Si lo hici\u00e9ramos, nunca volver\u00edamos a andar en bicicleta. Tienes que disfrutar tu vida. En Texas, entre 2007 y 2012, hubo casi <a href=\"https:\/\/www.sharetheroadtexas.org\/resources\/statistics-2\/\" target=\"_blank\" rel=\"noopener noreferrer nofollow\">13,000 accidentes de bicicleta<\/a>. Cuando ocurren accidentes, te proteges. Los <a href=\"https:\/\/mcdonaldworley.com\/es\/houston-tx\/abogado-accidentes-por-exceso-de-velocidad\/\" target=\"_blank\" rel=\"noopener\">abogados de McDonald Worley en Houston<\/a>, TX est\u00e1n aqu\u00ed para hacer precisamente eso..<\/p>\n\n<h2>Cuando necesita un abogado de accidentes de bicicleta<\/h2>\n<p>Al igual que los autom\u00f3viles, los ciclistas deben seguir ciertas reglas. Conduzca siempre con tr\u00e1fico. Usa un casco. Mire a ambos lados antes de cruzar la calle. Obedezca los sem\u00e1foros y las se\u00f1ales. \u00bfQu\u00e9 pasa si haces todo esto y a\u00fan te atropella un auto? Esto es cuando necesita llamar a un <a href=\"https:\/\/mcdonaldworley.com\/es\/missouri-city\/abogado-accidentes-auto\/\" target=\"_blank\" rel=\"noopener\">abogado de accidentes<\/a> de bicicleta..<\/p>\n<p>Si lo atropella un autom\u00f3vil en su bicicleta, sufrir\u00e1 lesiones. Aqu\u00ed hay algunos tipos de lesiones que puede sufrir:<\/p>\n<ul>\n<li>Lesiones de cabeza y cuello.<\/li>\n<li>Lesiones cerebrales traum\u00e1ticas.<\/li>\n<li>Huesos rotos<\/li>\n<li>Laceraciones<\/li>\n<li>Lesiones de mu\u00f1eca y tobillo.<\/li>\n<li>Lesiones de la m\u00e9dula espinal<\/li>\n<li>Abrasiones y quemaduras.<\/li>\n<\/ul>\n<p>Todas estas lesiones le dan derecho a una compensaci\u00f3n. Necesita un abogado experimentado para luchar por su compensaci\u00f3n. Llame a los expertos en McDonald Worley en la <a href=\"https:\/\/www.visithoustontexas.com\/\" target=\"_blank\" rel=\"noopener noreferrer nofollow\">ciudad de Houston.<\/a> Pueden responder cualquier pregunta que pueda tener. \u00a1La consulta es totalmente gratuita!<\/p>\n<p>Deje que un buen <a href=\"https:\/\/mcdonaldworley.com\/es\/san-bernardino\/abogado-accidentes-automovilisticos\/\" target=\"_blank\" rel=\"noopener\">abogado especializado en accidentes<\/a> de bicicletas le consiga el dinero que se merece.<\/p>\n<p>Dependiendo de cu\u00e1n graves sean sus lesiones, usted merece una compensaci\u00f3n. Su <a href=\"https:\/\/mcdonaldworley.com\/es\/moreno-valley\/abogado-accidentes-automovilisticos\/\" target=\"_blank\" rel=\"noopener\">abogado de accidentes<\/a> de bicicleta perseguir\u00e1 al conductor y su compa\u00f1\u00eda de seguros por da\u00f1os.. Algunos de estos da\u00f1os cubrir\u00e1n:<\/p>\n<ul>\n<li>Facturas m\u00e9dicas: actuales y futuras<\/li>\n<li>Salarios perdidos<\/li>\n<li>Da\u00f1o a su bicicleta<\/li>\n<li>Dolor y sufrimiento<\/li>\n<li>Discapacidad a largo plazo<\/li>\n<\/ul>\n<p>Si sufre lesiones graves como una lesi\u00f3n en la cabeza o el cerebro, los da\u00f1os ser\u00e1n mayores. Podr\u00eda enfrentar problemas a largo plazo. Es posible que no pueda volver a trabajar. Su <a href=\"https:\/\/mcdonaldworley.com\/es\/oxnard\/abogado-lesiones-personales\/\" target=\"_blank\" rel=\"noopener\">abogado de lesiones personales<\/a> analizar\u00e1 todo esto.. \u00c9l revisar\u00e1 su caso y ver\u00e1 lo que puede valer.<\/p>\n<p><img loading=\"lazy\" decoding=\"async\" class=\"alignnone wp-image-26899 size-full\" src=\"https:\/\/mcdonaldworley.com\/wp-content\/uploads\/2019\/10\/bike-accident-750x500.jpg\" alt=\"Un accidente de bicicleta en Houston.\" width=\"750\" height=\"500\" title=\"\" srcset=\"https:\/\/mcdonaldworley.com\/wp-content\/uploads\/2019\/10\/bike-accident-750x500.jpg 750w, https:\/\/mcdonaldworley.com\/wp-content\/uploads\/2019\/10\/bike-accident-750x500-300x200.jpg 300w\" sizes=\"auto, (max-width: 750px) 100vw, 750px\" \/><\/p>\n<p>La compa\u00f1\u00eda de seguros va a luchar contra su reclamo. Las compa\u00f1\u00edas de seguros no est\u00e1n en el negocio de pagar reclamos. Incluso pueden negar su reclamo. Alegar\u00e1n que usted tuvo la culpa y argumentar\u00e1n que sus lesiones no son tan graves. Su <a href=\"https:\/\/mcdonaldworley.com\/es\/boulder-city\/abogado-accidentes-automovilisticos\/\" target=\"_blank\" rel=\"noopener\">abogado de accidentes<\/a> pelear\u00e1 con ellos en cada punto..<\/p>\n<h2>\u00bfC\u00f3mo puede ayudar un abogado de lesiones en bicicletas?<\/h2>\n<p>Su abogado de lesiones en bicicletas en <a href=\"https:\/\/en.wikipedia.org\/wiki\/Houston\" target=\"_blank\" rel=\"noopener noreferrer nofollow\">Houston, TX<\/a> lo ayuda a enfrentar a la compa\u00f1\u00eda de seguros. Los abogados conocen la ley. Saben cu\u00e1nto valen sus lesiones. Incluso tienen informaci\u00f3n que les muestra la liquidaci\u00f3n promedio que paga la compa\u00f1\u00eda de seguros. Estas son cosas que no puedes hacer por ti mismo.<\/p>\n<p>Cuando se re\u00fana con su abogado de lesiones en bicicleta, traiga los siguientes elementos a su consulta gratuita:<\/p>\n<ul>\n<li>Reporte de accidente<\/li>\n<li>La polic\u00eda informa si tienes uno<\/li>\n<li>Registros m\u00e9dicos, incluidos los medicamentos que debe tomar<\/li>\n<li>Cualquier informaci\u00f3n de seguro que obtuvo del conductor<\/li>\n<li>Fotos de la escena<\/li>\n<li>Im\u00e1genes de tus heridas<\/li>\n<li>Informaci\u00f3n de contacto para cualquier testigo<\/li>\n<\/ul>\n<p>Su abogado utilizar\u00e1 toda esta informaci\u00f3n para ayudarlo a preparar su caso. Buscar\u00e1n para ver si hubo c\u00e1maras que captaron el accidente en la cinta y citar\u00e1n los registros telef\u00f3nicos del conductor para ver si estaban enviando mensajes de texto al momento del accidente. Pueden ver el historial del conductor para ver si el conductor fue citado recientemente por infracciones de tr\u00e1fico.<\/p>\n<h2>P\u00f3ngase en contacto con un abogado de accidentes de bicicletas hoy!<\/h2>\n<p>No querr\u00e1s enfrentarte solo a una compa\u00f1\u00eda de seguros. No tienes las armas ni el dinero que tienen. Entonces quieres tener un fuerte aliado de tu lado. <a href=\"https:\/\/mcdonaldworley.com\/es\/\">McDonald Worley<\/a> puede ser ese aliado.<\/p>\n<p>Su primera consulta es gratis. No paga nada hasta que gane su caso de <a href=\"https:\/\/mcdonaldworley.com\/es\/houston\/abogado-accidentes-de-tren\/\" target=\"_blank\" rel=\"noopener\">accidente de bicicleta en Houston<\/a>, TX.. Llame al 877-721-3423 hoy.<\/p>\n","protected":false},"excerpt":{"rendered":"<p>Es un soleado s\u00e1bado por la ma\u00f1ana. Saldr\u00e1s despu\u00e9s del desayuno para dar un paseo en bicicleta. Le dice a su c\u00f3nyuge que llegar\u00e1 a casa en una hora, se despide de sus hijos y se pone el casco para salir. Lo siguiente que sabes es que te atropell\u00f3 un cami\u00f3n que pasaba 35 por [&hellip;]<\/p>\n","protected":false},"author":65,"featured_media":0,"parent":24889,"menu_order":0,"comment_status":"closed","ping_status":"closed","template":"","meta":{"_acf_changed":false,"site-sidebar-layout":"default","site-content-layout":"","ast-site-content-layout":"default","site-content-style":"default","site-sidebar-style":"default","ast-global-header-display":"","ast-banner-title-visibility":"","ast-main-header-display":"","ast-hfb-above-header-display":"","ast-hfb-below-header-display":"","ast-hfb-mobile-header-display":"","site-post-title":"","ast-breadcrumbs-content":"","ast-featured-img":"","footer-sml-layout":"","ast-disable-related-posts":"","theme-transparent-header-meta":"","adv-header-id-meta":"","stick-header-meta":"","header-above-stick-meta":"","header-main-stick-meta":"","header-below-stick-meta":"","astra-migrate-meta-layouts":"default","ast-page-background-enabled":"default","ast-page-background-meta":{"desktop":{"background-color":"var(--ast-global-color-4)","background-image":"","background-repeat":"repeat","background-position":"center center","background-size":"auto","background-attachment":"scroll","background-type":"","background-media":"","overlay-type":"","overlay-color":"","overlay-opacity":"","overlay-gradient":""},"tablet":{"background-color":"","background-image":"","background-repeat":"repeat","background-position":"center center","background-size":"auto","background-attachment":"scroll","background-type":"","background-media":"","overlay-type":"","overlay-color":"","overlay-opacity":"","overlay-gradient":""},"mobile":{"background-color":"","background-image":"","background-repeat":"repeat","background-position":"center center","background-size":"auto","background-attachment":"scroll","background-type":"","background-media":"","overlay-type":"","overlay-color":"","overlay-opacity":"","overlay-gradient":""}},"ast-content-background-meta":{"desktop":{"background-color":"var(--ast-global-color-5)","background-image":"","background-repeat":"repeat","background-position":"center center","background-size":"auto","background-attachment":"scroll","background-type":"","background-media":"","overlay-type":"","overlay-color":"","overlay-opacity":"","overlay-gradient":""},"tablet":{"background-color":"var(--ast-global-color-5)","background-image":"","background-repeat":"repeat","background-position":"center center","background-size":"auto","background-attachment":"scroll","background-type":"","background-media":"","overlay-type":"","overlay-color":"","overlay-opacity":"","overlay-gradient":""},"mobile":{"background-color":"var(--ast-global-color-5)","background-image":"","background-repeat":"repeat","background-position":"center center","background-size":"auto","background-attachment":"scroll","background-type":"","background-media":"","overlay-type":"","overlay-color":"","overlay-opacity":"","overlay-gradient":""}},"footnotes":""},"class_list":["post-28325","page","type-page","status-publish","hentry"],"acf":[],"_links":{"self":[{"href":"https:\/\/mcdonaldworley.com\/es\/wp-json\/wp\/v2\/pages\/28325","targetHints":{"allow":["GET"]}}],"collection":[{"href":"https:\/\/mcdonaldworley.com\/es\/wp-json\/wp\/v2\/pages"}],"about":[{"href":"https:\/\/mcdonaldworley.com\/es\/wp-json\/wp\/v2\/types\/page"}],"author":[{"embeddable":true,"href":"https:\/\/mcdonaldworley.com\/es\/wp-json\/wp\/v2\/users\/65"}],"replies":[{"embeddable":true,"href":"https:\/\/mcdonaldworley.com\/es\/wp-json\/wp\/v2\/comments?post=28325"}],"version-history":[{"count":0,"href":"https:\/\/mcdonaldworley.com\/es\/wp-json\/wp\/v2\/pages\/28325\/revisions"}],"up":[{"embeddable":true,"href":"https:\/\/mcdonaldworley.com\/es\/wp-json\/wp\/v2\/pages\/24889"}],"wp:attachment":[{"href":"https:\/\/mcdonaldworley.com\/es\/wp-json\/wp\/v2\/media?parent=28325"}],"curies":[{"name":"wp","href":"https:\/\/api.w.org\/{rel}","templated":true}]}}