{"id":28309,"date":"2018-10-11T19:17:41","date_gmt":"2018-10-11T19:17:41","guid":{"rendered":"https:\/\/abconlinehold.wpengine.com\/abogado-de-lesiones-personales-en-houston\/uber-accident-attorney-houston-tx\/"},"modified":"2021-08-17T13:39:42","modified_gmt":"2021-08-17T18:39:42","slug":"uber-accident-attorney-houston-tx","status":"publish","type":"page","link":"https:\/\/mcdonaldworley.com\/es\/houston-tx\/abogado-accidentes-de-uber","title":{"rendered":"Abogado de Accidentes de Uber en Houston"},"content":{"rendered":"<p>Escuchas m\u00e1s y m\u00e1s sobre los accidentes de Uber. Es muy conveniente que un conductor de Uber lo recoja. Puede ir a un concierto o evento y no tener que preocuparse por el estacionamiento. Puedes disfrutar de un viernes por la noche sin preocuparte de conducir despu\u00e9s. Sin embargo, los accidentes suceden. Si tiene un accidente de Uber, deber\u00e1 contactar a un <a href=\"https:\/\/mcdonaldworley.com\/es\/\">bufete de abogados de lesiones de buena reputaci\u00f3n.<\/a><\/p>\n<p>Nuestros<a href=\"\/es\/houston\/abogado-de-accidentes-automovilisticos\/\"> abogados de accidentes en Houston, TX<\/a> tienen experiencia en este tipo de casos. Trabajaremos arduamente para obtener la compensaci\u00f3n que usted merece. Mientras que <a href=\"https:\/\/mcdonaldworley.com\/es\/los-angeles\/abogado-de-accidentes-de-uber\/\" target=\"_blank\" rel=\"noopener\">los accidentes de Uber<\/a> traen sus problemas \u00fanicos, nuestros abogados saben c\u00f3mo lidiar con ellos..<\/p>\n\n<h2>\u00bfQu\u00e9 tipo de compensaci\u00f3n puede recibir mi abogado de accidentes de Uber?<\/h2>\n<p>Cuando las partes responsables del accidente han sido identificadas, su <a href=\"https:\/\/mcdonaldworley.com\/es\/houston\/abogado-accidentes-de-tren\/\" target=\"_blank\" rel=\"noopener\">Abogado de Accidentes de Uber en Houston<\/a> puede comenzar a trabajar en su reclamo de compensaci\u00f3n.. Es importante que su abogado de Uber o de accidentes revise sus facturas del hospital, gastos m\u00e9dicos y recibos de salario para cuantificar sus p\u00e9rdidas financieras. En algunos casos, las p\u00e9rdidas intangibles tambi\u00e9n se evaluar\u00e1n para alcanzar una cantidad m\u00e1s apropiada.<\/p>\n<p>De acuerdo con la naturaleza de su caso, su abogado de accidentes de Uber en la <a href=\"https:\/\/www.visithoustontexas.com\/\" target=\"_blank\" rel=\"nofollow noopener\">ciudad de Houston<\/a> puede ayudarlo a recuperar la compensaci\u00f3n para la que califica, contabilizando los siguientes tipos de da\u00f1os:<\/p>\n<h3>Da\u00f1os econ\u00f3micos<\/h3>\n<p>Estos son los da\u00f1os que afectan sus finanzas y, por lo tanto, son de naturaleza cuantificable. Incluyen honorarios de la sala de emergencias, p\u00e9rdida de salarios, gastos de tratamiento y hospitalizaci\u00f3n, junto con da\u00f1os a la propiedad. Su <a href=\"https:\/\/mcdonaldworley.com\/es\/houston\">abogado de lesiones personales<\/a> deber\u00eda poder evaluar sus p\u00e9rdidas econ\u00f3micas en su totalidad, incluidos los salarios actuales y pasados \u200b\u200bjunto con los gastos m\u00e9dicos.<\/p>\n<h3>Da\u00f1os no econ\u00f3micos<\/h3>\n<p>Si bien las p\u00e9rdidas no econ\u00f3micas a menudo son dif\u00edciles de cuantificar, representan una carga importante no solo para la parte perjudicada sino tambi\u00e9n para sus familiares y amigos. Si la lesi\u00f3n sufrida por el accidente le caus\u00f3 dolor y sufrimiento intensos o lo incapacit\u00f3 de una forma u otra, usted y su abogado de accidentes de Uber pueden solicitar da\u00f1os no econ\u00f3micos adem\u00e1s de sus da\u00f1os econ\u00f3micos.<\/p>\n<h3>Da\u00f1os punitivos<\/h3>\n<p>Aunque no todas las lesiones requieren que reclame por da\u00f1os punitivos, su abogado de Uber Wreck puede aconsejarle que presente una demanda si hubo una intenci\u00f3n maliciosa o una negligencia grave de la parte culpable. Sin embargo, este tipo de demanda generalmente requiere una extensa investigaci\u00f3n y evidencia, lo que hace que sea extremadamente importante proceder con un abogado de confianza en Uber Wreck.<\/p>\n<h2>\u00bfQui\u00e9n es el culpable en un accidente de Uber?<\/h2>\n<p>La parte culpable es la que se considera responsable del accidente. Con esto en mente, probar qui\u00e9n es la parte culpable puede ser bastante dif\u00edcil. Pero si fue un pasajero en el Uber, entonces claramente no tuvo la <a href=\"https:\/\/mcdonaldworley.com\/es\/houston\/conductor-trasero-culpa-colision-trasera\/\" target=\"_blank\" rel=\"noopener\">culpa y deber\u00eda ser elegible para una<\/a> compensaci\u00f3n.. Se supone que todos los <a href=\"https:\/\/mcdonaldworley.com\/es\/demandar-a-uber-si-tiene-un-accidente\/\" target=\"_blank\" rel=\"noopener\">conductores de Uber tienen<\/a> pol\u00edticas personales y est\u00e1n cubiertos por las pol\u00edticas corporativas, que son muy claras en los sitios web oficiales..<\/p>\n<p>Uber ofrece seguro para un autom\u00f3vil desde el momento en que un conductor acepta un viaje a su destino. Seg\u00fan el <a href=\"https:\/\/www.uber.com\/us\/en\/ride\/safety\/\" target=\"_blank\" rel=\"noopener noreferrer nofollow\">sitio web de Uber<\/a>, UberSUV, UberBlack y UberTaxi (CG) est\u00e1n cubiertos por las compa\u00f1\u00edas de seguros de los socios comerciales. Uber tiene p\u00f3lizas de seguro muy claras para todos sus conductores, con montos diferentes seg\u00fan el momento en que un viaje est\u00e1 en sesi\u00f3n y cuando un conductor est\u00e1 entre los viajes.<\/p>\n<h2>\u00bfQu\u00e9 pasos tomar despu\u00e9s de un accidente de Uber?<\/h2>\n<p>Lo primero que debe hacer es verificar si todos est\u00e1n bien. La primera prioridad debe ser su seguridad. No salgas del auto en medio de una carretera concurrida, y mu\u00e9vete una vez que sea seguro hacerlo. En caso de que alguien resulte herido, llame a los param\u00e9dicos. Incluso cuando las lesiones parezcan leves, nunca debe ignorarlas porque podr\u00edan ser m\u00e1s graves de lo que parecen.<\/p>\n<p>El segundo <a href=\"https:\/\/mcdonaldworley.com\/es\/que-pasa-si-te-lastimas-en-juego-houston-texans\/\" target=\"_blank\" rel=\"noopener\">paso es documentar los<\/a> detalles finos sobre el accidente.. La informaci\u00f3n que recopila despu\u00e9s del accidente podr\u00eda ser cr\u00edtica para respaldar su reclamo en el futuro. Idealmente, desea que su abogado de restos de Uber en Houston tenga el mayor arsenal legal posible para llevar a cabo el caso. Entonces, si el accidente ocurri\u00f3 durante el per\u00edodo dos, intente tomar una captura de pantalla de la aplicaci\u00f3n de inmediato por razones de prueba. Tambi\u00e9n le facilita a su abogado luchar por usted.<\/p>\n<p><img loading=\"lazy\" decoding=\"async\" class=\"alignnone wp-image-26938\" src=\"https:\/\/mcdonaldworley.com\/wp-content\/uploads\/2019\/10\/uber-accident-750x499.jpg\" alt=\"Un conductor abriendo la aplicaci\u00f3n Uber dentro de su autom\u00f3vil\" width=\"400\" height=\"266\" title=\"\" srcset=\"https:\/\/mcdonaldworley.com\/wp-content\/uploads\/2019\/10\/uber-accident-750x499.jpg 750w, https:\/\/mcdonaldworley.com\/wp-content\/uploads\/2019\/10\/uber-accident-750x499-300x200.jpg 300w\" sizes=\"auto, (max-width: 400px) 100vw, 400px\" \/><\/p>\n<p>Una vez que haya hecho esto, tome las mismas medidas que normalmente tomar\u00eda despu\u00e9s de cualquier accidente automovil\u00edstico. Recopile la placa, el contacto y los detalles del seguro de todos los conductores involucrados. Hable con cualquier testigo en el momento del testigo y p\u00eddale cort\u00e9smente informaci\u00f3n de contacto. Tambi\u00e9n puede comunicarse con la polic\u00eda y hacer que presenten un informe, que luego se puede usar como evidencia de su caso.<\/p>\n<p>El tercer paso es buscar tratamiento m\u00e9dico si result\u00f3 herido. Ya sea que se trate de una lesi\u00f3n menor o algo m\u00e1s grave, obtenga tratamiento m\u00e9dico no solo porque su salud es primordial, sino tambi\u00e9n porque sentar\u00e1 las bases para su reclamo por lesiones personales. Sin tratamiento m\u00e9dico, su abogado tendr\u00e1 m\u00e1s dificultades para demostrar el alcance de sus lesiones. En general, cuantos m\u00e1s documentos pueda presentar con respecto a sus lesiones, mejor para su caso y mayores ser\u00e1n las posibilidades de compensaci\u00f3n.<\/p>\n<p>Finalmente, p\u00f3ngase en contacto con su <a href=\"https:\/\/mcdonaldworley.com\/es\/houston-tx\/abogados-de-accidentes-de-vuelcos\/\" target=\"_blank\" rel=\"noopener\">abogado de accidentes automovil\u00edsticos en Houston.<\/a>. Si estuvo involucrado en un accidente de Uber en Houston, debe hablar con un abogado profesional lo antes posible. Cualquier retraso puede prolongar el dolor y potencialmente arruinar las posibilidades de ganar el caso. En este caso, desea programar su tratamiento lo antes posible, ya que puede comprometer el caso o incluso conducir a la p\u00e9rdida de evidencia. Tenga en cuenta que la memoria tiende a desvanecerse con el tiempo, y si no cumple con el estatuto de limitaciones para su reclamo por lesiones personales, pierde el derecho de solicitar una indemnizaci\u00f3n.<\/p>\n<h2>\u00bfNecesito un abogado de accidentes de Uber en de Houston?<\/h2>\n<p>Los <a href=\"https:\/\/mcdonaldworley.com\/es\/houston-tx\/abogado-accidentes-por-exceso-de-velocidad\/\" target=\"_blank\" rel=\"noopener\">abogados de accidentes de Houston<\/a> Uber est\u00e1n viendo su parte justa de casos de negligencia.. Las compa\u00f1\u00edas de viajes compartidos como Uber est\u00e1n siendo demandadas con m\u00e1s frecuencia. Los abogados habituales de accidentes no est\u00e1n familiarizados con las leyes de Texas sobre viajes compartidos. Desea confiar en los expertos de McDonald Worley. Entienden las reglas y leyes en Texas.<\/p>\n<p>La ley de Texas ahora requiere que las compa\u00f1\u00edas de viajes compartidos tengan p\u00f3lizas de $ 1 mill\u00f3n. Como puede imaginar, las compa\u00f1\u00edas de seguros tienen mucho que perder. Si tiene un accidente de Uber, deber\u00e1 demandar a la compa\u00f1\u00eda de seguros. La compa\u00f1\u00eda de seguros har\u00e1 todo lo posible para denegar su reclamo. Desea un fuerte <a href=\"https:\/\/mcdonaldworley.com\/es\/abogados\/\">equipo de abogados<\/a> de su lado para luchar contra la compa\u00f1\u00eda de seguros.<\/p>\n<p>La compa\u00f1\u00eda de seguros no querr\u00e1 pagar un reclamo de $ 1 mill\u00f3n de d\u00f3lares. No est\u00e1n en el negocio de pagar reclamos. Quieren negar tantos reclamos como puedan. Su esperanza es que retrocedas. No esperan que contrates un abogado para ir a la batalla por ti. Cuando lo hace, la compa\u00f1\u00eda de seguros cambia su tono. Tienen que tomar en serio a su abogado.<\/p>\n<h2>\u00bfQu\u00e9 puede hacer un abogado de accidentes de Uber por usted?<\/h2>\n<p>Si se lesiona en un accidente de Uber, sufrir\u00e1 lesiones. Puede sufrir latigazo cervical, lesiones en la espalda o traumatismo craneoencef\u00e1lico y recibir el mismo tipo de lesiones que experimentar\u00eda si condujera. Es posible que tenga huesos rotos, cortes y hematomas. Cualesquiera que sean sus heridas, usted merece una compensaci\u00f3n.<\/p>\n<h2><img loading=\"lazy\" decoding=\"async\" class=\"alignnone wp-image-26940\" src=\"https:\/\/mcdonaldworley.com\/wp-content\/uploads\/2019\/10\/car-accident-750x415.jpg\" alt=\"Un accidente frontal de Uber en Houston.\" width=\"400\" height=\"221\" title=\"\" srcset=\"https:\/\/mcdonaldworley.com\/wp-content\/uploads\/2019\/10\/car-accident-750x415.jpg 750w, https:\/\/mcdonaldworley.com\/wp-content\/uploads\/2019\/10\/car-accident-750x415-300x166.jpg 300w\" sizes=\"auto, (max-width: 400px) 100vw, 400px\" \/><\/h2>\n<p>Un abogado especializado en accidentes de Uber luchar\u00e1 para obtener el dinero que se merece. La compa\u00f1\u00eda de seguros luchar\u00e1 duro para negar su reclamo. Alegar\u00e1n que no fue culpa del conductor de Uber. Dir\u00e1n que el conductor no es negligente en absoluto.<\/p>\n<p>Su abogado de accidentes demostrar\u00e1 que no fue su culpa. \u00bfC\u00f3mo podr\u00eda ser? \u00a1Eras un pasajero! Exigir\u00e1n los registros del tel\u00e9fono celular del conductor y el video de la c\u00e1mara si est\u00e1 disponible. Comprobar\u00e1n si el conductor de Uber estaba distra\u00eddo. Este es el tipo de cosas que no podr\u00edas hacer t\u00fa mismo.<\/p>\n<h2>Llame a uno de los abogados de accidentes de Uber en McDonald Worley<\/h2>\n<p>Si ha resultado herido en un accidente de Uber en Houston, TX, llame a McDonald Worley. Tienen abogados con experiencia en este tipo de casos. Su primera consulta es gratis. Se reunir\u00e1 con uno de sus abogados expertos. \u00c9l responder\u00e1 cualquier pregunta o inquietud que pueda tener. \u00c9l revisar\u00e1 su caso y le har\u00e1 las <a href=\"https:\/\/mcdonaldworley.com\/es\/preguntas\/\" target=\"_blank\" rel=\"noopener\">preguntas<\/a> correctas..<\/p>\n<p>Su abogado de accidentes de Uber sabe c\u00f3mo funciona la ley en Texas. A menos que haya circunstancias realmente extra\u00f1as, el accidente probablemente no sea tu culpa. Es culpa del conductor de Uber. Incluso puede ser culpa de un tercero. Sin embargo, mientras est\u00e9 en su autom\u00f3vil, el conductor de Uber es responsable.<\/p>\n<p>Confiaste en el conductor de Uber y te lesionaste. Eso no suceder\u00e1 cuando conf\u00edes en McDonald Worley. Luchar\u00e1n duro para obtener la compensaci\u00f3n que te mereces. La consulta es gratuita. No pagar\u00e1 nada hasta que gane su caso. Deje que los abogados de McDonald Worley trabajen duro para usted. De esta manera, puede concentrarse en recuperarse de sus lesiones.<\/p>\n<p>Llame al 877-721-3423 hoy y programe su consulta gratuita. Los abogados est\u00e1n listos para atender su llamada.<\/p>\n","protected":false},"excerpt":{"rendered":"<p>Escuchas m\u00e1s y m\u00e1s sobre los accidentes de Uber. Es muy conveniente que un conductor de Uber lo recoja. Puede ir a un concierto o evento y no tener que preocuparse por el estacionamiento. Puedes disfrutar de un viernes por la noche sin preocuparte de conducir despu\u00e9s. Sin embargo, los accidentes suceden. Si tiene un [&hellip;]<\/p>\n","protected":false},"author":65,"featured_media":0,"parent":24889,"menu_order":0,"comment_status":"closed","ping_status":"closed","template":"","meta":{"_acf_changed":false,"site-sidebar-layout":"default","site-content-layout":"","ast-site-content-layout":"default","site-content-style":"default","site-sidebar-style":"default","ast-global-header-display":"","ast-banner-title-visibility":"","ast-main-header-display":"","ast-hfb-above-header-display":"","ast-hfb-below-header-display":"","ast-hfb-mobile-header-display":"","site-post-title":"","ast-breadcrumbs-content":"","ast-featured-img":"","footer-sml-layout":"","ast-disable-related-posts":"","theme-transparent-header-meta":"","adv-header-id-meta":"","stick-header-meta":"","header-above-stick-meta":"","header-main-stick-meta":"","header-below-stick-meta":"","astra-migrate-meta-layouts":"default","ast-page-background-enabled":"default","ast-page-background-meta":{"desktop":{"background-color":"var(--ast-global-color-4)","background-image":"","background-repeat":"repeat","background-position":"center center","background-size":"auto","background-attachment":"scroll","background-type":"","background-media":"","overlay-type":"","overlay-color":"","overlay-opacity":"","overlay-gradient":""},"tablet":{"background-color":"","background-image":"","background-repeat":"repeat","background-position":"center center","background-size":"auto","background-attachment":"scroll","background-type":"","background-media":"","overlay-type":"","overlay-color":"","overlay-opacity":"","overlay-gradient":""},"mobile":{"background-color":"","background-image":"","background-repeat":"repeat","background-position":"center center","background-size":"auto","background-attachment":"scroll","background-type":"","background-media":"","overlay-type":"","overlay-color":"","overlay-opacity":"","overlay-gradient":""}},"ast-content-background-meta":{"desktop":{"background-color":"var(--ast-global-color-5)","background-image":"","background-repeat":"repeat","background-position":"center center","background-size":"auto","background-attachment":"scroll","background-type":"","background-media":"","overlay-type":"","overlay-color":"","overlay-opacity":"","overlay-gradient":""},"tablet":{"background-color":"var(--ast-global-color-5)","background-image":"","background-repeat":"repeat","background-position":"center center","background-size":"auto","background-attachment":"scroll","background-type":"","background-media":"","overlay-type":"","overlay-color":"","overlay-opacity":"","overlay-gradient":""},"mobile":{"background-color":"var(--ast-global-color-5)","background-image":"","background-repeat":"repeat","background-position":"center center","background-size":"auto","background-attachment":"scroll","background-type":"","background-media":"","overlay-type":"","overlay-color":"","overlay-opacity":"","overlay-gradient":""}},"footnotes":""},"class_list":["post-28309","page","type-page","status-publish","hentry"],"acf":[],"_links":{"self":[{"href":"https:\/\/mcdonaldworley.com\/es\/wp-json\/wp\/v2\/pages\/28309","targetHints":{"allow":["GET"]}}],"collection":[{"href":"https:\/\/mcdonaldworley.com\/es\/wp-json\/wp\/v2\/pages"}],"about":[{"href":"https:\/\/mcdonaldworley.com\/es\/wp-json\/wp\/v2\/types\/page"}],"author":[{"embeddable":true,"href":"https:\/\/mcdonaldworley.com\/es\/wp-json\/wp\/v2\/users\/65"}],"replies":[{"embeddable":true,"href":"https:\/\/mcdonaldworley.com\/es\/wp-json\/wp\/v2\/comments?post=28309"}],"version-history":[{"count":0,"href":"https:\/\/mcdonaldworley.com\/es\/wp-json\/wp\/v2\/pages\/28309\/revisions"}],"up":[{"embeddable":true,"href":"https:\/\/mcdonaldworley.com\/es\/wp-json\/wp\/v2\/pages\/24889"}],"wp:attachment":[{"href":"https:\/\/mcdonaldworley.com\/es\/wp-json\/wp\/v2\/media?parent=28309"}],"curies":[{"name":"wp","href":"https:\/\/api.w.org\/{rel}","templated":true}]}}