{"id":25019,"date":"2013-02-25T23:47:33","date_gmt":"2013-02-25T23:47:33","guid":{"rendered":"https:\/\/abconlinehold.wpengine.com\/contact-us\/"},"modified":"2022-09-07T11:37:34","modified_gmt":"2022-09-07T16:37:34","slug":"contacto","status":"publish","type":"page","link":"https:\/\/mcdonaldworley.com\/es\/contacto\/","title":{"rendered":"Contacto"},"content":{"rendered":"\n<h1>\n\t\tContacto\n\t<\/h1>\n\t<p>Si usted tiene preguntas sobre su caso o reclamaci\u00f3n de lesiones, obtenga una evaluaci\u00f3n gratuita de su caso de demanda por lesiones personales. P\u00f3ngase en contacto con nosotros por tel\u00e9fono, correo electr\u00f3nico, o por rellenar el formulario de abajo.<\/p>\n\t\t\t\t<img loading=\"lazy\" decoding=\"async\" src=\"https:\/\/mcdonaldworley.com\/wp-content\/uploads\/2017\/04\/mcdonald-worley-logo-header.png\" alt=\"McDonald Worley Logo\" itemprop=\"image\" height=\"86\" width=\"255\" title=\"mcdonald worley logo header\" onerror=\"this.style.display='none'\"  \/>\n<h4>\n\t\tUBICACIONES\n\t<\/h4>\n<h4>\n\t\tOFICINA PRINCIPAL\n\t<\/h4>\n\t<a href=\"https:\/\/maps.google.com\/maps?ll=29.748441,-95.473443&amp;z=15&amp;t=m&amp;hl=en-US&amp;gl=US&amp;mapclient=embed&amp;cid=6267321020383897516\" target=\"_blank\" rel=\"noopener nofollow\">1770 St. James Place<br \/>\nSuite 100<br \/>\nHouston, Texas 77056<\/a>\n<p><a href=\"tel:+12816231906\"><strong>(281) 623-1906<\/strong><\/a><\/p>\n<h4>\n\t\tOficina de Los \u00c1ngeles\n\t<\/h4>\n\t<a href=\"https:\/\/goo.gl\/maps\/mQwtMJo2cPU2\" target=\"_blank\" rel=\"nofollow noopener\">827 Moraga Drive<br \/>\nLos Angeles, CA 90049<\/a><br \/>\n(solo por cita)\n<h4>\n\t\tOficina de Washington, D.C.\n\t<\/h4>\n\t<a href=\"https:\/\/maps.google.com\/maps?ll=38.876745,-77.005436&amp;z=15&amp;t=m&amp;hl=en-US&amp;gl=US&amp;mapclient=embed&amp;q=100%20M%20St%20SE%20%23600%20Washington%2C%20DC%2020003\" target=\"_blank\" rel=\"noopener nofollow\">100 M Street, S.E.<br \/>\nSuite 600<br \/>\nWashington, D.C. 20003<\/a><br \/>\n(solo por cita)\n\n","protected":false},"excerpt":{"rendered":"<p>Contacto Si usted tiene preguntas sobre su caso o reclamaci\u00f3n de lesiones, obtenga una evaluaci\u00f3n gratuita de su caso de demanda por lesiones personales. P\u00f3ngase en contacto con nosotros por tel\u00e9fono, correo electr\u00f3nico, o por rellenar el formulario de abajo. UBICACIONES OFICINA PRINCIPAL 1770 St. James Place Suite 100 Houston, Texas 77056 (281) 623-1906 Oficina [&hellip;]<\/p>\n","protected":false},"author":65,"featured_media":0,"parent":0,"menu_order":20,"comment_status":"closed","ping_status":"closed","template":"","meta":{"_acf_changed":false,"site-sidebar-layout":"default","site-content-layout":"","ast-site-content-layout":"default","site-content-style":"default","site-sidebar-style":"default","ast-global-header-display":"","ast-banner-title-visibility":"","ast-main-header-display":"","ast-hfb-above-header-display":"","ast-hfb-below-header-display":"","ast-hfb-mobile-header-display":"","site-post-title":"","ast-breadcrumbs-content":"","ast-featured-img":"","footer-sml-layout":"","ast-disable-related-posts":"","theme-transparent-header-meta":"","adv-header-id-meta":"","stick-header-meta":"","header-above-stick-meta":"","header-main-stick-meta":"","header-below-stick-meta":"","astra-migrate-meta-layouts":"default","ast-page-background-enabled":"default","ast-page-background-meta":{"desktop":{"background-color":"var(--ast-global-color-4)","background-image":"","background-repeat":"repeat","background-position":"center center","background-size":"auto","background-attachment":"scroll","background-type":"","background-media":"","overlay-type":"","overlay-color":"","overlay-opacity":"","overlay-gradient":""},"tablet":{"background-color":"","background-image":"","background-repeat":"repeat","background-position":"center center","background-size":"auto","background-attachment":"scroll","background-type":"","background-media":"","overlay-type":"","overlay-color":"","overlay-opacity":"","overlay-gradient":""},"mobile":{"background-color":"","background-image":"","background-repeat":"repeat","background-position":"center center","background-size":"auto","background-attachment":"scroll","background-type":"","background-media":"","overlay-type":"","overlay-color":"","overlay-opacity":"","overlay-gradient":""}},"ast-content-background-meta":{"desktop":{"background-color":"var(--ast-global-color-5)","background-image":"","background-repeat":"repeat","background-position":"center center","background-size":"auto","background-attachment":"scroll","background-type":"","background-media":"","overlay-type":"","overlay-color":"","overlay-opacity":"","overlay-gradient":""},"tablet":{"background-color":"var(--ast-global-color-5)","background-image":"","background-repeat":"repeat","background-position":"center center","background-size":"auto","background-attachment":"scroll","background-type":"","background-media":"","overlay-type":"","overlay-color":"","overlay-opacity":"","overlay-gradient":""},"mobile":{"background-color":"var(--ast-global-color-5)","background-image":"","background-repeat":"repeat","background-position":"center center","background-size":"auto","background-attachment":"scroll","background-type":"","background-media":"","overlay-type":"","overlay-color":"","overlay-opacity":"","overlay-gradient":""}},"footnotes":""},"class_list":["post-25019","page","type-page","status-publish","hentry"],"acf":[],"_links":{"self":[{"href":"https:\/\/mcdonaldworley.com\/es\/wp-json\/wp\/v2\/pages\/25019","targetHints":{"allow":["GET"]}}],"collection":[{"href":"https:\/\/mcdonaldworley.com\/es\/wp-json\/wp\/v2\/pages"}],"about":[{"href":"https:\/\/mcdonaldworley.com\/es\/wp-json\/wp\/v2\/types\/page"}],"author":[{"embeddable":true,"href":"https:\/\/mcdonaldworley.com\/es\/wp-json\/wp\/v2\/users\/65"}],"replies":[{"embeddable":true,"href":"https:\/\/mcdonaldworley.com\/es\/wp-json\/wp\/v2\/comments?post=25019"}],"version-history":[{"count":0,"href":"https:\/\/mcdonaldworley.com\/es\/wp-json\/wp\/v2\/pages\/25019\/revisions"}],"wp:attachment":[{"href":"https:\/\/mcdonaldworley.com\/es\/wp-json\/wp\/v2\/media?parent=25019"}],"curies":[{"name":"wp","href":"https:\/\/api.w.org\/{rel}","templated":true}]}}