{"id":25018,"date":"2013-12-26T19:27:53","date_gmt":"2013-12-26T19:27:53","guid":{"rendered":"https:\/\/abconlinehold.wpengine.com\/our-attorneys\/"},"modified":"2022-09-14T14:05:05","modified_gmt":"2022-09-14T19:05:05","slug":"abogados","status":"publish","type":"page","link":"https:\/\/mcdonaldworley.com\/es\/abogados\/","title":{"rendered":"Abogados"},"content":{"rendered":"\n<h2>\n\t\tNuestro equipo de liderazgo\n\t<\/h2>\n\t\t\t\t<img loading=\"lazy\" decoding=\"async\" src=\"https:\/\/mcdonaldworley.com\/wp-content\/uploads\/2019\/10\/McDonald-Worley.jpg\" alt=\"McDonald-Worley\" itemprop=\"image\" height=\"250\" width=\"200\" title=\"McDonald-Worley\" onerror=\"this.style.display='none'\"  \/>\n<h2>\n\t\tDon Worley\n\t<\/h2>\n<h2>\n\t\tPresidente y abogado gerente\n\t<\/h2>\n\t<p>McDonald \u00abDon\u00bb Worley ha estado ayudando a personas da\u00f1adas por otros durante casi 20 a\u00f1os.<\/p>\n\t\t\t\t<img loading=\"lazy\" decoding=\"async\" src=\"https:\/\/mcdonaldworley.com\/wp-content\/uploads\/2019\/10\/Gabriel-Assaad-McWorley.jpg\" alt=\"Photo of attorney Gabriel Assaad\" itemprop=\"image\" height=\"250\" width=\"200\" title=\"Gabriel Assaad-McWorley\" onerror=\"this.style.display='none'\"  \/>\n<h2>\n\t\tGabriel Assaad\n\t<\/h2>\n<h2>\n\t\tDel Consejo\n\t<\/h2>\n\t<p>Gabriel se uni\u00f3 a McDonald Worley para expandir su pr\u00e1ctica de Mass Torts y para representar a cientos de v\u00edctimas como resultado de negligencia corporativa.<\/p>\n\t\t\t\t<img loading=\"lazy\" decoding=\"async\" src=\"https:\/\/mcdonaldworley.com\/wp-content\/uploads\/2022\/06\/jon-boeve-attorney-profile-image.jpg\" alt=\"jon-boeve-attorney-profile-image\" itemprop=\"image\" height=\"250\" width=\"200\" title=\"jon-boeve-attorney-profile-image\" onerror=\"this.style.display='none'\"  \/>\n<h2>\n\t\tJon Boeve\n\t<\/h2>\n<h2>\n\t\tCOO\n\t<\/h2>\n\t<p>Jon Boeve se desempe\u00f1\u00f3 como oficial de infanter\u00eda en el Cuerpo de Marines de los EE. UU. antes de iniciar su propia empresa de inversi\u00f3n en energ\u00eda en el norte de Michigan.<\/p>\n\t\t\t\t<img loading=\"lazy\" decoding=\"async\" src=\"https:\/\/mcdonaldworley.com\/wp-content\/uploads\/2022\/06\/male-placeholder-profile-image.jpg\" alt=\"male-placeholder-profile-image\" itemprop=\"image\" height=\"250\" width=\"200\" title=\"male-placeholder-profile-image\" onerror=\"this.style.display='none'\"  \/>\n<h2>\n\t\tGreg Taylor\n\t<\/h2>\n<h2>\n\t\tCFO\n\t<\/h2>\n\t\t\t\t<img loading=\"lazy\" decoding=\"async\" src=\"https:\/\/mcdonaldworley.com\/wp-content\/uploads\/2022\/06\/michelle-eddington-placeholder-profile-image.jpg\" alt=\"michelle-eddington-placeholder-profile-image\" itemprop=\"image\" height=\"244\" width=\"200\" title=\"michelle-eddington-placeholder-profile-image\" onerror=\"this.style.display='none'\"  \/>\n<h2>\n\t\tKristy Stewart\n\t<\/h2>\n<h2>\n\t\tParalegal s\u00e9nior\n\t<\/h2>\n<h2>\n\t\tNuestro Equipo de Abogados\n\t<\/h2>\n\t\t\t\t<img loading=\"lazy\" decoding=\"async\" src=\"https:\/\/mcdonaldworley.com\/wp-content\/uploads\/2019\/10\/unnamed-1.jpg\" alt=\"unnamed\" itemprop=\"image\" height=\"250\" width=\"200\" title=\"unnamed\" onerror=\"this.style.display='none'\"  \/>\n<h2>\n\t\tScott Fraser\n\t<\/h2>\n<h2>\n\t\tAbogado asociado\n\t<\/h2>\n\t<p>Scott est\u00e1 dedicado a varios expedientes de agravios masivos de McDonald Worley, incluidos Transvaginal Mesh, IVC Filter, Invokana y m\u00e1s.<\/p>\n\t\t\t\t<img loading=\"lazy\" decoding=\"async\" src=\"https:\/\/mcdonaldworley.com\/wp-content\/uploads\/2019\/10\/Meagan-Philip.jpg\" alt=\"Mcdonald Worley Headshot Session\" itemprop=\"image\" height=\"250\" width=\"200\" title=\"Mcdonald Worley Headshot Session\" onerror=\"this.style.display='none'\"  \/>\n<h2>\n\t\tMeagan Philip\n\t<\/h2>\n<h2>\n\t\tAbogada asociada\n\t<\/h2>\n\t<p>Meagan Philip es abogada asociada en McDonald Worley y supervisa dos de los expedientes de agravios masivos de la firma; Filtros IVC y Taxotere.<\/p>\n\t\t\t\t<img loading=\"lazy\" decoding=\"async\" src=\"https:\/\/mcdonaldworley.com\/wp-content\/uploads\/2019\/10\/Kevin-Cox.jpg\" alt=\"Kevin Cox\" itemprop=\"image\" height=\"250\" width=\"200\" title=\"Mcdonald Worley Headshot Session\" onerror=\"this.style.display='none'\"  \/>\n<h2>\n\t\tKevin Cox\n\t<\/h2>\n<h2>\n\t\tAbogado asociado\n\t<\/h2>\n\t<p>Kevin Cox ayuda a sus clientes que han sido lesionados por otras personas o empresas a navegar por el complejo sistema de litigios y seguros.<\/p>\n\t\t\t\t<img loading=\"lazy\" decoding=\"async\" src=\"https:\/\/mcdonaldworley.com\/wp-content\/uploads\/2019\/10\/Kyle-Beale.png\" alt=\"Kyle-Beale\" itemprop=\"image\" height=\"250\" width=\"200\" title=\"Kyle-Beale\" onerror=\"this.style.display='none'\"  \/>\n<h2>\n\t\tKyle Beale\n\t<\/h2>\n<h2>\n\t\tAbogado asociado\n\t<\/h2>\n\t<p>Kyle Beale se gradu\u00f3 de la Facultad de Derecho de Baylor, as\u00ed como un LL.M. graduado (Derecho de Propiedad Intelectual) del Centro de Derecho de la Universidad de Houston.<\/p>\n\t\t\t\t<img loading=\"lazy\" decoding=\"async\" src=\"https:\/\/mcdonaldworley.com\/wp-content\/uploads\/2021\/02\/matthewyezierski200.jpg\" alt=\"matthewyezierski200\" itemprop=\"image\" height=\"250\" width=\"200\" title=\"matthewyezierski200\" onerror=\"this.style.display='none'\"  \/>\n<h2>\n\t\tMatthew Yezierski\n\t<\/h2>\n<h2>\n\t\tAbogado asociado\n\t<\/h2>\n\t<p>Matthew Yezierski trabaja en una variedad de casos, desde trabajo y empleo hasta responsabilidad por productos defectuosos y litigios por negligencia m\u00e9dica.<\/p>\n\t\t\t\t<img loading=\"lazy\" decoding=\"async\" src=\"https:\/\/mcdonaldworley.com\/wp-content\/uploads\/2022\/02\/will-hatchett-attorney-profile-image.jpg\" alt=\"will-hatchett-attorney-profile-image\" itemprop=\"image\" height=\"250\" width=\"200\" title=\"will-hatchett-attorney-profile-image\" onerror=\"this.style.display='none'\"  \/>\n<h2>\n\t\tWilliam Hatchett\n\t<\/h2>\n<h2>\n\t\tAbogado asociado\n\t<\/h2>\n\t<p>La pr\u00e1ctica de Will Hatchett se enfoca en representar a personas y empresas de todos los tama\u00f1os en una amplia variedad de litigios.<\/p>\n\t\t\t\t<img loading=\"lazy\" decoding=\"async\" src=\"https:\/\/mcdonaldworley.com\/wp-content\/uploads\/2022\/06\/michelle-eddington-placeholder-profile-image.jpg\" alt=\"michelle-eddington-placeholder-profile-image\" itemprop=\"image\" height=\"244\" width=\"200\" title=\"michelle-eddington-placeholder-profile-image\" onerror=\"this.style.display='none'\"  \/>\n<h2>\n\t\tMichelle Eddington\n\t<\/h2>\n<h2>\n\t\tAbogada asociada\n\t<\/h2>\n\n","protected":false},"excerpt":{"rendered":"<p>Nuestro equipo de liderazgo Don Worley Presidente y abogado gerente McDonald \u00abDon\u00bb Worley ha estado ayudando a personas da\u00f1adas por otros durante casi 20 a\u00f1os. Gabriel Assaad Del Consejo Gabriel se uni\u00f3 a McDonald Worley para expandir su pr\u00e1ctica de Mass Torts y para representar a cientos de v\u00edctimas como resultado de negligencia corporativa. Jon [&hellip;]<\/p>\n","protected":false},"author":65,"featured_media":0,"parent":0,"menu_order":29,"comment_status":"closed","ping_status":"closed","template":"","meta":{"_acf_changed":false,"site-sidebar-layout":"default","site-content-layout":"","ast-site-content-layout":"default","site-content-style":"default","site-sidebar-style":"default","ast-global-header-display":"","ast-banner-title-visibility":"","ast-main-header-display":"","ast-hfb-above-header-display":"","ast-hfb-below-header-display":"","ast-hfb-mobile-header-display":"","site-post-title":"","ast-breadcrumbs-content":"","ast-featured-img":"","footer-sml-layout":"","ast-disable-related-posts":"","theme-transparent-header-meta":"","adv-header-id-meta":"","stick-header-meta":"","header-above-stick-meta":"","header-main-stick-meta":"","header-below-stick-meta":"","astra-migrate-meta-layouts":"default","ast-page-background-enabled":"default","ast-page-background-meta":{"desktop":{"background-color":"var(--ast-global-color-4)","background-image":"","background-repeat":"repeat","background-position":"center center","background-size":"auto","background-attachment":"scroll","background-type":"","background-media":"","overlay-type":"","overlay-color":"","overlay-opacity":"","overlay-gradient":""},"tablet":{"background-color":"","background-image":"","background-repeat":"repeat","background-position":"center center","background-size":"auto","background-attachment":"scroll","background-type":"","background-media":"","overlay-type":"","overlay-color":"","overlay-opacity":"","overlay-gradient":""},"mobile":{"background-color":"","background-image":"","background-repeat":"repeat","background-position":"center center","background-size":"auto","background-attachment":"scroll","background-type":"","background-media":"","overlay-type":"","overlay-color":"","overlay-opacity":"","overlay-gradient":""}},"ast-content-background-meta":{"desktop":{"background-color":"var(--ast-global-color-5)","background-image":"","background-repeat":"repeat","background-position":"center center","background-size":"auto","background-attachment":"scroll","background-type":"","background-media":"","overlay-type":"","overlay-color":"","overlay-opacity":"","overlay-gradient":""},"tablet":{"background-color":"var(--ast-global-color-5)","background-image":"","background-repeat":"repeat","background-position":"center center","background-size":"auto","background-attachment":"scroll","background-type":"","background-media":"","overlay-type":"","overlay-color":"","overlay-opacity":"","overlay-gradient":""},"mobile":{"background-color":"var(--ast-global-color-5)","background-image":"","background-repeat":"repeat","background-position":"center center","background-size":"auto","background-attachment":"scroll","background-type":"","background-media":"","overlay-type":"","overlay-color":"","overlay-opacity":"","overlay-gradient":""}},"footnotes":""},"class_list":["post-25018","page","type-page","status-publish","hentry"],"acf":[],"_links":{"self":[{"href":"https:\/\/mcdonaldworley.com\/es\/wp-json\/wp\/v2\/pages\/25018","targetHints":{"allow":["GET"]}}],"collection":[{"href":"https:\/\/mcdonaldworley.com\/es\/wp-json\/wp\/v2\/pages"}],"about":[{"href":"https:\/\/mcdonaldworley.com\/es\/wp-json\/wp\/v2\/types\/page"}],"author":[{"embeddable":true,"href":"https:\/\/mcdonaldworley.com\/es\/wp-json\/wp\/v2\/users\/65"}],"replies":[{"embeddable":true,"href":"https:\/\/mcdonaldworley.com\/es\/wp-json\/wp\/v2\/comments?post=25018"}],"version-history":[{"count":0,"href":"https:\/\/mcdonaldworley.com\/es\/wp-json\/wp\/v2\/pages\/25018\/revisions"}],"wp:attachment":[{"href":"https:\/\/mcdonaldworley.com\/es\/wp-json\/wp\/v2\/media?parent=25018"}],"curies":[{"name":"wp","href":"https:\/\/api.w.org\/{rel}","templated":true}]}}