{"id":25014,"date":"2018-09-07T13:41:52","date_gmt":"2018-09-07T13:41:52","guid":{"rendered":"https:\/\/abconlinehold.wpengine.com\/scott-fraser-2\/"},"modified":"2021-08-09T16:19:43","modified_gmt":"2021-08-09T21:19:43","slug":"scott-fraser","status":"publish","type":"page","link":"https:\/\/mcdonaldworley.com\/es\/scott-fraser\/","title":{"rendered":"Scott Fraser"},"content":{"rendered":"<p><img loading=\"lazy\" decoding=\"async\" class=\"wp-image-26135 size-full alignleft\" src=\"https:\/\/mcdonaldworley.com\/wp-content\/uploads\/2019\/10\/unnamed.jpg\" alt=\"\" width=\"200\" height=\"250\" title=\"\"><\/p>\n<p>Scott Fraser es abogado asociado en McDonald Worley y tambi\u00e9n se desempe\u00f1a como \u00abconsejero\u00bb de Junell &amp; Associates. A partir del oto\u00f1o de 2018, Scott ense\u00f1ar\u00e1 negociaciones como profesor adjunto en South Texas College of Law.<\/p>\n<p>Scott se dedica a varios expedientes de agravios masivos de McDonald Worley, incluidos Transvaginal Mesh, IVC Filter, Invokana y m\u00e1s. Antes de unirse a la firma, Scott trabaj\u00f3 para Junell &amp; Associates y Potts Law Firm, LLP, como abogado principal en comunicaci\u00f3n con el cliente para el expediente de malla transvaginal, un acuerdo a nivel nacional que involucr\u00f3 a 40,000 clientes. Scott tambi\u00e9n ayud\u00f3 en la administraci\u00f3n y procesamiento de ese expediente.<\/p>\n<p>Scott se gradu\u00f3 de la Universidad de Lakehead en Thunder Bay, Ontario, Canad\u00e1, y ense\u00f1\u00f3 en la escuela secundaria antes de decidir mudarse a Texas para perseguir su sue\u00f1o de convertirse en abogado.<\/p>\n<p>En mayo de 2014, Scott recibi\u00f3 su t\u00edtulo de Juris Doctorado de South Texas College of Law, donde centr\u00f3 sus estudios en litigios civiles complejos, resoluci\u00f3n de disputas y derecho comercial. Mientras estaba en la facultad de derecho, Scott particip\u00f3 en los equipos de arbitraje y mediaci\u00f3n de su facultad, destacando por la primera ubicaci\u00f3n general de su equipo en el Torneo Internacional de Mediaci\u00f3n INADR.<\/p>\n<p>Como miembro activo de la comunidad legal, Scott entrena a estudiantes de derecho en South Texas College of Law en preparaci\u00f3n para sus torneos de negociaci\u00f3n y mediaci\u00f3n. Mientras esperaba los resultados de su barra, Scott realiz\u00f3 m\u00e1s de 200 horas de servicios legales pro bono en la cl\u00ednica Randal O. Sorrels Legal para personas menos afortunadas en el \u00e1rea de Houston que no pod\u00edan pagar los servicios legales.<\/p>\n","protected":false},"excerpt":{"rendered":"<p>Scott Fraser es abogado asociado en McDonald Worley y tambi\u00e9n se desempe\u00f1a como \u00abconsejero\u00bb de Junell &amp; Associates. A partir del oto\u00f1o de 2018, Scott ense\u00f1ar\u00e1 negociaciones como profesor adjunto en South Texas College of Law. Scott se dedica a varios expedientes de agravios masivos de McDonald Worley, incluidos Transvaginal Mesh, IVC Filter, Invokana y [&hellip;]<\/p>\n","protected":false},"author":65,"featured_media":0,"parent":0,"menu_order":0,"comment_status":"closed","ping_status":"closed","template":"","meta":{"_acf_changed":false,"site-sidebar-layout":"default","site-content-layout":"","ast-site-content-layout":"default","site-content-style":"default","site-sidebar-style":"default","ast-global-header-display":"","ast-banner-title-visibility":"","ast-main-header-display":"","ast-hfb-above-header-display":"","ast-hfb-below-header-display":"","ast-hfb-mobile-header-display":"","site-post-title":"","ast-breadcrumbs-content":"","ast-featured-img":"","footer-sml-layout":"","ast-disable-related-posts":"","theme-transparent-header-meta":"","adv-header-id-meta":"","stick-header-meta":"","header-above-stick-meta":"","header-main-stick-meta":"","header-below-stick-meta":"","astra-migrate-meta-layouts":"default","ast-page-background-enabled":"default","ast-page-background-meta":{"desktop":{"background-color":"var(--ast-global-color-4)","background-image":"","background-repeat":"repeat","background-position":"center center","background-size":"auto","background-attachment":"scroll","background-type":"","background-media":"","overlay-type":"","overlay-color":"","overlay-opacity":"","overlay-gradient":""},"tablet":{"background-color":"","background-image":"","background-repeat":"repeat","background-position":"center center","background-size":"auto","background-attachment":"scroll","background-type":"","background-media":"","overlay-type":"","overlay-color":"","overlay-opacity":"","overlay-gradient":""},"mobile":{"background-color":"","background-image":"","background-repeat":"repeat","background-position":"center center","background-size":"auto","background-attachment":"scroll","background-type":"","background-media":"","overlay-type":"","overlay-color":"","overlay-opacity":"","overlay-gradient":""}},"ast-content-background-meta":{"desktop":{"background-color":"var(--ast-global-color-5)","background-image":"","background-repeat":"repeat","background-position":"center center","background-size":"auto","background-attachment":"scroll","background-type":"","background-media":"","overlay-type":"","overlay-color":"","overlay-opacity":"","overlay-gradient":""},"tablet":{"background-color":"var(--ast-global-color-5)","background-image":"","background-repeat":"repeat","background-position":"center center","background-size":"auto","background-attachment":"scroll","background-type":"","background-media":"","overlay-type":"","overlay-color":"","overlay-opacity":"","overlay-gradient":""},"mobile":{"background-color":"var(--ast-global-color-5)","background-image":"","background-repeat":"repeat","background-position":"center center","background-size":"auto","background-attachment":"scroll","background-type":"","background-media":"","overlay-type":"","overlay-color":"","overlay-opacity":"","overlay-gradient":""}},"footnotes":""},"class_list":["post-25014","page","type-page","status-publish","hentry"],"acf":[],"_links":{"self":[{"href":"https:\/\/mcdonaldworley.com\/es\/wp-json\/wp\/v2\/pages\/25014","targetHints":{"allow":["GET"]}}],"collection":[{"href":"https:\/\/mcdonaldworley.com\/es\/wp-json\/wp\/v2\/pages"}],"about":[{"href":"https:\/\/mcdonaldworley.com\/es\/wp-json\/wp\/v2\/types\/page"}],"author":[{"embeddable":true,"href":"https:\/\/mcdonaldworley.com\/es\/wp-json\/wp\/v2\/users\/65"}],"replies":[{"embeddable":true,"href":"https:\/\/mcdonaldworley.com\/es\/wp-json\/wp\/v2\/comments?post=25014"}],"version-history":[{"count":0,"href":"https:\/\/mcdonaldworley.com\/es\/wp-json\/wp\/v2\/pages\/25014\/revisions"}],"wp:attachment":[{"href":"https:\/\/mcdonaldworley.com\/es\/wp-json\/wp\/v2\/media?parent=25014"}],"curies":[{"name":"wp","href":"https:\/\/api.w.org\/{rel}","templated":true}]}}