{"id":25008,"date":"2018-09-07T13:39:38","date_gmt":"2018-09-07T13:39:38","guid":{"rendered":"https:\/\/abconlinehold.wpengine.com\/melissa-valdez\/"},"modified":"2021-06-30T17:03:20","modified_gmt":"2021-06-30T22:03:20","slug":"melissa-valdez","status":"publish","type":"page","link":"https:\/\/mcdonaldworley.com\/es\/melissa-valdez\/","title":{"rendered":"Melissa Valdez"},"content":{"rendered":"<p><img loading=\"lazy\" decoding=\"async\" class=\"size-medium wp-image-3916 alignleft\" src=\"https:\/\/mcdonaldworley.com\/wp-content\/uploads\/2018\/05\/Melissa-Valdez-200x300.jpg\" alt=\"Attorney Melissa Valdez\" width=\"200\" height=\"300\" title=\"\" srcset=\"https:\/\/mcdonaldworley.com\/wp-content\/uploads\/2018\/05\/Melissa-Valdez-200x300.jpg 200w, https:\/\/mcdonaldworley.com\/wp-content\/uploads\/2018\/05\/Melissa-Valdez.jpg 500w\" sizes=\"auto, (max-width: 200px) 100vw, 200px\" \/><\/p>\n<p>Melissa Valdez ha sido abogada de bancarrota y derecho del consumidor por m\u00e1s de 12 a\u00f1os y tiene una Certificaci\u00f3n del Consejo de TBLS en la Ley de Bancarrota de Consumidores. Melissa ha representado a deudores, acreedores y abogados en asuntos que abarcan la bancarrota, litigios de ejecuci\u00f3n hipotecaria y la ley de los derechos del consumidor. Melissa se uni\u00f3 a McDonald Worley por el compromiso compartido que tiene el bufete de abogados para ayudar a los clientes y de defender aquellos que m\u00e1s lo necesitan.<\/p>\n<p>Melissa recibi\u00f3 su licenciatura de la Universidad de Houston y su Doctorado en Derecho de la Facultad de Derecho de Rutgers. Durante la facultad de derecho, Melissa particip\u00f3 en una cl\u00ednica de bancarrota <i>Pro-Bono<\/i> y compiti\u00f3 en varios equipos de tribunal ficticios, incluyendo el equipo del tribunal ficticio internacional que compiti\u00f3 contra equipos en todo el mundo en Viena, Austria. Melissa tambi\u00e9n tuvo el honor de estudiar en el extranjero bajo el entonces jefe de justicia William H. Rehnquist. Despu\u00e9s de la escuela de leyes, Melissa pas\u00f3 un a\u00f1o en el Tribunal Superior de Justicia de Nueva Jersey.<\/p>\n<p>Melissa es miembro del&nbsp;Tribunal de American Inn de Moller Foltz, los&nbsp;<a href=\"http:\/\/hacba.org\/\" target=\"_blank\" rel=\"nofollow noopener\">Abogados de la Asociaci\u00f3n de Concursantes de Consumidores de Houston<\/a>, y la&nbsp;<a href=\"http:\/\/statebaroftexasbankruptcy.com\/\" target=\"_blank\" rel=\"nofollow noopener\">Secci\u00f3n de Bancarrota de la Asociaci\u00f3n de Abogados de Texas<\/a>. Tambi\u00e9n es miembro de la organizaci\u00f3n de servicios Epsilon Sigma Alpha y ofrece su tiempo como voluntaria con el hospital de ni\u00f1os St. Jude y varias otras organizaciones ben\u00e9ficas locales.<\/p>\n<p>&nbsp;<\/p>\n","protected":false},"excerpt":{"rendered":"<p>Melissa Valdez ha sido abogada de bancarrota y derecho del consumidor por m\u00e1s de 12 a\u00f1os y tiene una Certificaci\u00f3n del Consejo de TBLS en la Ley de Bancarrota de Consumidores. Melissa ha representado a deudores, acreedores y abogados en asuntos que abarcan la bancarrota, litigios de ejecuci\u00f3n hipotecaria y la ley de los derechos [&hellip;]<\/p>\n","protected":false},"author":65,"featured_media":0,"parent":0,"menu_order":0,"comment_status":"closed","ping_status":"closed","template":"","meta":{"_acf_changed":false,"site-sidebar-layout":"default","site-content-layout":"","ast-site-content-layout":"default","site-content-style":"default","site-sidebar-style":"default","ast-global-header-display":"","ast-banner-title-visibility":"","ast-main-header-display":"","ast-hfb-above-header-display":"","ast-hfb-below-header-display":"","ast-hfb-mobile-header-display":"","site-post-title":"","ast-breadcrumbs-content":"","ast-featured-img":"","footer-sml-layout":"","ast-disable-related-posts":"","theme-transparent-header-meta":"","adv-header-id-meta":"","stick-header-meta":"","header-above-stick-meta":"","header-main-stick-meta":"","header-below-stick-meta":"","astra-migrate-meta-layouts":"default","ast-page-background-enabled":"default","ast-page-background-meta":{"desktop":{"background-color":"var(--ast-global-color-4)","background-image":"","background-repeat":"repeat","background-position":"center center","background-size":"auto","background-attachment":"scroll","background-type":"","background-media":"","overlay-type":"","overlay-color":"","overlay-opacity":"","overlay-gradient":""},"tablet":{"background-color":"","background-image":"","background-repeat":"repeat","background-position":"center center","background-size":"auto","background-attachment":"scroll","background-type":"","background-media":"","overlay-type":"","overlay-color":"","overlay-opacity":"","overlay-gradient":""},"mobile":{"background-color":"","background-image":"","background-repeat":"repeat","background-position":"center center","background-size":"auto","background-attachment":"scroll","background-type":"","background-media":"","overlay-type":"","overlay-color":"","overlay-opacity":"","overlay-gradient":""}},"ast-content-background-meta":{"desktop":{"background-color":"var(--ast-global-color-5)","background-image":"","background-repeat":"repeat","background-position":"center center","background-size":"auto","background-attachment":"scroll","background-type":"","background-media":"","overlay-type":"","overlay-color":"","overlay-opacity":"","overlay-gradient":""},"tablet":{"background-color":"var(--ast-global-color-5)","background-image":"","background-repeat":"repeat","background-position":"center center","background-size":"auto","background-attachment":"scroll","background-type":"","background-media":"","overlay-type":"","overlay-color":"","overlay-opacity":"","overlay-gradient":""},"mobile":{"background-color":"var(--ast-global-color-5)","background-image":"","background-repeat":"repeat","background-position":"center center","background-size":"auto","background-attachment":"scroll","background-type":"","background-media":"","overlay-type":"","overlay-color":"","overlay-opacity":"","overlay-gradient":""}},"footnotes":""},"class_list":["post-25008","page","type-page","status-publish","hentry"],"acf":[],"_links":{"self":[{"href":"https:\/\/mcdonaldworley.com\/es\/wp-json\/wp\/v2\/pages\/25008","targetHints":{"allow":["GET"]}}],"collection":[{"href":"https:\/\/mcdonaldworley.com\/es\/wp-json\/wp\/v2\/pages"}],"about":[{"href":"https:\/\/mcdonaldworley.com\/es\/wp-json\/wp\/v2\/types\/page"}],"author":[{"embeddable":true,"href":"https:\/\/mcdonaldworley.com\/es\/wp-json\/wp\/v2\/users\/65"}],"replies":[{"embeddable":true,"href":"https:\/\/mcdonaldworley.com\/es\/wp-json\/wp\/v2\/comments?post=25008"}],"version-history":[{"count":0,"href":"https:\/\/mcdonaldworley.com\/es\/wp-json\/wp\/v2\/pages\/25008\/revisions"}],"wp:attachment":[{"href":"https:\/\/mcdonaldworley.com\/es\/wp-json\/wp\/v2\/media?parent=25008"}],"curies":[{"name":"wp","href":"https:\/\/api.w.org\/{rel}","templated":true}]}}