{"id":25006,"date":"2018-09-07T13:39:06","date_gmt":"2018-09-07T13:39:06","guid":{"rendered":"https:\/\/abconlinehold.wpengine.com\/lori-l-brown\/"},"modified":"2018-11-02T14:19:35","modified_gmt":"2018-11-02T14:19:35","slug":"lori-l-brown","status":"publish","type":"page","link":"https:\/\/mcdonaldworley.com\/es\/lori-l-brown\/","title":{"rendered":"Lori L. Brown"},"content":{"rendered":"<p><img loading=\"lazy\" decoding=\"async\" class=\"size-medium wp-image-1718 alignleft\" src=\"https:\/\/mcdonaldworley.com\/wp-content\/uploads\/2017\/04\/Lori-Brown-200x300.jpg\" alt=\"Lori Brown\" width=\"200\" height=\"300\" title=\"\" srcset=\"https:\/\/mcdonaldworley.com\/wp-content\/uploads\/2017\/04\/Lori-Brown-200x300.jpg 200w, https:\/\/mcdonaldworley.com\/wp-content\/uploads\/2017\/04\/Lori-Brown-768x1151.jpg 768w, https:\/\/mcdonaldworley.com\/wp-content\/uploads\/2017\/04\/Lori-Brown-683x1024.jpg 683w, https:\/\/mcdonaldworley.com\/wp-content\/uploads\/2017\/04\/Lori-Brown.jpg 876w\" sizes=\"auto, (max-width: 200px) 100vw, 200px\" \/><\/p>\n<p>Lori L. Brown es una local de Houston y una orgullosa texana. Despu\u00e9s de graduarse en la parte superior de su clase en Northwest Academy (Houston Christian), su camino de educaci\u00f3n la llev\u00f3 a la Universidad de Texas en Austin. Mientras asist\u00eda a la escuela, Lori tambi\u00e9n trabajaba a tiempo-parcial para un bufete de abogados premier de lesiones personales, lo cual llam\u00f3 su atenci\u00f3n al derecho. Despu\u00e9s de s\u00f3lo tres a\u00f1os y medio, Lori se gradu\u00f3 con una licenciatura en ciencias pol\u00edticas con una carrera secundaria en psicolog\u00eda.<\/p>\n<p>Volviendo a casa en Houston, Lori fue contratada por un gran y prominente bufete de abogados de lesiones personales en Houston. Poniendo su pie en la puerta, ella comenz\u00f3 su viaje en la educaci\u00f3n pr\u00e1ctica y la ejecuci\u00f3n de un caso de lesi\u00f3n personal. Mientras trabajaba a tiempo completo en el bufete de abogados, Lori asisti\u00f3 a la Facultad de Derecho en la Universidad de Derecho del Sur de Texas por la noche. A menudo comenta que su mejor maestro fue su trabajo de d\u00eda junto con la teor\u00eda legal que estaba aprendiendo en la escuela. Ella logr\u00f3 obtener un conocimiento inestimable del funcionamiento pr\u00e1ctico de un caso de lesiones personales, lo cual le ha convertido en la abogada experta y conocedora que es hoy.<\/p>\n<p>Despu\u00e9s de graduarse de la escuela de derecho, ella contin\u00fao trabajando en el bufete de abogados agarrando experiencia en varios tipos de casos de lesiones personales.\u00a0Durante su estad\u00eda en el bufete de abogados, Lori negoci\u00f3 con \u00e9xito miles de casos a trav\u00e9s de litigios y medios de pre-litigio, tomando innumerables declaraciones y asistiendo a cientos de mediaciones.<\/p>\n<p>Despu\u00e9s de m\u00e1s 20 a\u00f1os de trabajar para otra persona, sinti\u00f3 que era el momento adecuado para convertirse en su propio jefe. Junto con su colega<a href=\"https:\/\/mcdonaldworley.com\/es\/jeffery-musslewhite\/\">\u00a0Jeff Musslewhite<\/a>, se unieron al consejo de McDonald Worley. Su empresa se centra en los casos de lesiones personales con una especialidad en los casos de camiones y accidentes comerciales. A trav\u00e9s de los a\u00f1os, Lori literalmente ha manejado los casos de principio a fin, desde la primera llamada telef\u00f3nica al veredicto del jurado. Lori ha estado all\u00ed para sus clientes en cada paso del camino y sigue proporcionando servicio legal de primera clase a sus clientes.<\/p>\n<p><b>Asociaciones<\/b>: Asociaci\u00f3n de Abogados de Texas, Asociaci\u00f3n de la Barra de Lousiana, HTLA, AAJ, WhosWho en Norteam\u00e9rica<\/p>\n<p><b>Educaci\u00f3n<\/b>: Lori se gradu\u00f3 de la Universidad de Texas con una licenciatura en ciencias pol\u00edticas con un menor en Psicolog\u00eda; un Doctorado de Derecho del Colegio de Derecho del Sur de Texas en Houston.<\/p>\n<p><b>Familia<\/b>: Actualmente, Lori reside en la hermosa comunidad rural de Pledger, Texas, con una colecci\u00f3n de mascotas. Junto con sus \u00abni\u00f1os peludos\u00bb ella es la \u00abLolo\u201d orgullosa de tres grandes bendiciones.\u00a0\u00a0Cuando no practica el derecho, ella disfruta del aire libre, viajando, jardiner\u00eda, explorando viejas tiendas de chatarra y antig\u00fcedades, asistiendo a conciertos de todo tipo, as\u00ed como a obras de teatro y musicales.\u00a0Su creencia, atribuida a Helen Keller,\u00a0es \u00abla vida es o una aventura atrevida o nada en absoluto.\u00bb<\/p>\n<p>&nbsp;<\/p>\n","protected":false},"excerpt":{"rendered":"<p>Lori L. Brown es una local de Houston y una orgullosa texana. Despu\u00e9s de graduarse en la parte superior de su clase en Northwest Academy (Houston Christian), su camino de educaci\u00f3n la llev\u00f3 a la Universidad de Texas en Austin. Mientras asist\u00eda a la escuela, Lori tambi\u00e9n trabajaba a tiempo-parcial para un bufete de abogados [&hellip;]<\/p>\n","protected":false},"author":65,"featured_media":0,"parent":0,"menu_order":0,"comment_status":"closed","ping_status":"closed","template":"","meta":{"_acf_changed":false,"site-sidebar-layout":"default","site-content-layout":"","ast-site-content-layout":"default","site-content-style":"default","site-sidebar-style":"default","ast-global-header-display":"","ast-banner-title-visibility":"","ast-main-header-display":"","ast-hfb-above-header-display":"","ast-hfb-below-header-display":"","ast-hfb-mobile-header-display":"","site-post-title":"","ast-breadcrumbs-content":"","ast-featured-img":"","footer-sml-layout":"","ast-disable-related-posts":"","theme-transparent-header-meta":"","adv-header-id-meta":"","stick-header-meta":"","header-above-stick-meta":"","header-main-stick-meta":"","header-below-stick-meta":"","astra-migrate-meta-layouts":"default","ast-page-background-enabled":"default","ast-page-background-meta":{"desktop":{"background-color":"var(--ast-global-color-4)","background-image":"","background-repeat":"repeat","background-position":"center center","background-size":"auto","background-attachment":"scroll","background-type":"","background-media":"","overlay-type":"","overlay-color":"","overlay-opacity":"","overlay-gradient":""},"tablet":{"background-color":"","background-image":"","background-repeat":"repeat","background-position":"center center","background-size":"auto","background-attachment":"scroll","background-type":"","background-media":"","overlay-type":"","overlay-color":"","overlay-opacity":"","overlay-gradient":""},"mobile":{"background-color":"","background-image":"","background-repeat":"repeat","background-position":"center center","background-size":"auto","background-attachment":"scroll","background-type":"","background-media":"","overlay-type":"","overlay-color":"","overlay-opacity":"","overlay-gradient":""}},"ast-content-background-meta":{"desktop":{"background-color":"var(--ast-global-color-5)","background-image":"","background-repeat":"repeat","background-position":"center center","background-size":"auto","background-attachment":"scroll","background-type":"","background-media":"","overlay-type":"","overlay-color":"","overlay-opacity":"","overlay-gradient":""},"tablet":{"background-color":"var(--ast-global-color-5)","background-image":"","background-repeat":"repeat","background-position":"center center","background-size":"auto","background-attachment":"scroll","background-type":"","background-media":"","overlay-type":"","overlay-color":"","overlay-opacity":"","overlay-gradient":""},"mobile":{"background-color":"var(--ast-global-color-5)","background-image":"","background-repeat":"repeat","background-position":"center center","background-size":"auto","background-attachment":"scroll","background-type":"","background-media":"","overlay-type":"","overlay-color":"","overlay-opacity":"","overlay-gradient":""}},"footnotes":""},"class_list":["post-25006","page","type-page","status-publish","hentry"],"acf":[],"_links":{"self":[{"href":"https:\/\/mcdonaldworley.com\/es\/wp-json\/wp\/v2\/pages\/25006","targetHints":{"allow":["GET"]}}],"collection":[{"href":"https:\/\/mcdonaldworley.com\/es\/wp-json\/wp\/v2\/pages"}],"about":[{"href":"https:\/\/mcdonaldworley.com\/es\/wp-json\/wp\/v2\/types\/page"}],"author":[{"embeddable":true,"href":"https:\/\/mcdonaldworley.com\/es\/wp-json\/wp\/v2\/users\/65"}],"replies":[{"embeddable":true,"href":"https:\/\/mcdonaldworley.com\/es\/wp-json\/wp\/v2\/comments?post=25006"}],"version-history":[{"count":0,"href":"https:\/\/mcdonaldworley.com\/es\/wp-json\/wp\/v2\/pages\/25006\/revisions"}],"wp:attachment":[{"href":"https:\/\/mcdonaldworley.com\/es\/wp-json\/wp\/v2\/media?parent=25006"}],"curies":[{"name":"wp","href":"https:\/\/api.w.org\/{rel}","templated":true}]}}