{"id":25004,"date":"2018-09-07T13:37:59","date_gmt":"2018-09-07T13:37:59","guid":{"rendered":"https:\/\/abconlinehold.wpengine.com\/jeffery-musslewhite\/"},"modified":"2018-11-02T14:13:35","modified_gmt":"2018-11-02T14:13:35","slug":"jeffery-musslewhite","status":"publish","type":"page","link":"https:\/\/mcdonaldworley.com\/es\/jeffery-musslewhite\/","title":{"rendered":"Jeffery Musslewhite"},"content":{"rendered":"<p><img loading=\"lazy\" decoding=\"async\" class=\"size-medium wp-image-1717 alignleft\" src=\"https:\/\/mcdonaldworley.com\/wp-content\/uploads\/2017\/04\/jeff-musslewhite-200x300.jpg\" alt=\"Jeff Musslewhite\" width=\"200\" height=\"300\" title=\"\" srcset=\"https:\/\/mcdonaldworley.com\/wp-content\/uploads\/2017\/04\/jeff-musslewhite-200x300.jpg 200w, https:\/\/mcdonaldworley.com\/wp-content\/uploads\/2017\/04\/jeff-musslewhite-768x1151.jpg 768w, https:\/\/mcdonaldworley.com\/wp-content\/uploads\/2017\/04\/jeff-musslewhite-683x1024.jpg 683w, https:\/\/mcdonaldworley.com\/wp-content\/uploads\/2017\/04\/jeff-musslewhite.jpg 876w\" sizes=\"auto, (max-width: 200px) 100vw, 200px\" \/><\/p>\n<p>Jeff creci\u00f3 en Houston. Despu\u00e9s de recibir su licenciatura de la Universidad de Texas en Austin, Jeff regres\u00f3 a Houston y comenz\u00f3 a trabajar como asistente jur\u00eddico para un prominente Bufete de Abogados de Houston y tuvo la oportunidad de ayudar con el juicio de un caso de muerte por negligencia,\u00a0<i>Chick Kam Choo v. Exxon Corp.<\/i>\u00a0Jeff asisti\u00f3 a los abogados que representaban a los demandantes, el jurado en dicho caso devolvi\u00f3 un veredicto de m\u00e1s de $12 millones para los demandantes.<\/p>\n<p>\u00abDespu\u00e9s de ver c\u00f3mo las vidas de los demandantes fueron afectadas de una manera tan tremenda, supe que quer\u00eda ser abogado litigante de los demandantes y ayudar a quienes m\u00e1s necesitaban ayuda\u00bb, dijo Jeff acerca de la experiencia.<\/p>\n<p>Jeff decidi\u00f3 ir a la facultad de derecho y obtuvo su t\u00edtulo en la Universidad de Baltimore.\u00a0 Adem\u00e1s, mientras viv\u00eda en el \u00e1rea de Washington D.C., Jeff trabajaba para el Representante de Texas, Nick Lampon. Jeff tambi\u00e9n tuvo la oportunidad de asistir al Colegio de Derecho del Sur de Texas como un alumno visitante.<\/p>\n<p>Despu\u00e9s de graduarse de la escuela de derecho, Jeff se uni\u00f3 al bufete de abogados de Woska &amp; Hayes, LLP, en donde Jeff representaba a individuos que fueron estafados de sus ahorros de toda la vida por compa\u00f1\u00edas de corretaje tal como Morgan Stanley, Merrill Lynch, y otros.\u00a0Jeff exitosamente recuper\u00f3 millones de d\u00f3lares para sus clientes y recuper\u00f3 el 100 por ciento de las p\u00e9rdidas y pagos honorarios para algunos de sus clientes. Se debe notar que, a nivel nacional, la recuperaci\u00f3n promedio que se recuperaba solamente era el 50 por ciento de las perdidas, lo cual es solamente la mitad de lo que logr\u00f3 recuperar Jeff.<\/p>\n<p>Jeff continu\u00f3 a practicar el derecho con su padre, representando a los demandantes de lesiones personales en casos de agravio t\u00f3xico, casos de colisi\u00f3n de 18-ruedas, casos farmac\u00e9uticos y casos de negligencia m\u00e9dica, entre otros. Jeff disfrut\u00f3 la oportunidad de presentar casos con su padre y hasta logr\u00f3 asegurar un acuerdo para uno de sus clientes por una cantidad superior a los $3 millones despu\u00e9s de presentar el caso, pero antes de que el veredicto fuera deliberado.<\/p>\n<p>Jeff decidi\u00f3 unirse al consejo de McDonald Worley para que pudieran aportar sus habilidades \u00fanicas y ayudar a las personas que han sido injustamente heridas por otros. McDonald Worley se enorgullece del hecho de que traten a sus clientes como familia.<\/p>\n<p>\u00abNos esforzamos por obtener los mejores resultados para nuestros clientes, les aconsejamos en la navegaci\u00f3n del proceso de litigios, mientras que mantengamos en la mente los intereses y necesidades personales de nuestros clientes.\u201d explic\u00f3 el Abogado McDonald acerca de su bufete de abogados.<\/p>\n<p>Los abogados de McDonald Worley tienen m\u00e1s de 30 a\u00f1os de experiencia combinada ayudando a personas lesionadas y perjudicadas por otros.<\/p>\n<p>Jeff ha recuperado decenas de millones de d\u00f3lares para sus clientes y se especializa en casos de colisi\u00f3n de 18 ruedas, la mala praxis m\u00e9dica, reclamaciones de responsabilidades locales, demandas de lesiones en el trabajo, casos de colisiones de autom\u00f3viles, as\u00ed como otros.<\/p>\n<p>Jeff est\u00e1 licenciado para ejercer el derecho en todos los tribunales de Texas, el Tribunal de Distrito de los Estados Unidos para el Distrito Sur de Texas y el Tribunal de Distrito de los Estados Unidos para el Distrito Este de Texas.<\/p>\n<p>Jeff, su esposa, y sus tres ni\u00f1os viven en Houston y donan a menudo su tiempo y dinero a las caridades locales.<\/p>\n<p>&nbsp;<\/p>\n","protected":false},"excerpt":{"rendered":"<p>Jeff creci\u00f3 en Houston. Despu\u00e9s de recibir su licenciatura de la Universidad de Texas en Austin, Jeff regres\u00f3 a Houston y comenz\u00f3 a trabajar como asistente jur\u00eddico para un prominente Bufete de Abogados de Houston y tuvo la oportunidad de ayudar con el juicio de un caso de muerte por negligencia,\u00a0Chick Kam Choo v. Exxon [&hellip;]<\/p>\n","protected":false},"author":65,"featured_media":0,"parent":0,"menu_order":0,"comment_status":"closed","ping_status":"closed","template":"","meta":{"_acf_changed":false,"site-sidebar-layout":"default","site-content-layout":"","ast-site-content-layout":"default","site-content-style":"default","site-sidebar-style":"default","ast-global-header-display":"","ast-banner-title-visibility":"","ast-main-header-display":"","ast-hfb-above-header-display":"","ast-hfb-below-header-display":"","ast-hfb-mobile-header-display":"","site-post-title":"","ast-breadcrumbs-content":"","ast-featured-img":"","footer-sml-layout":"","ast-disable-related-posts":"","theme-transparent-header-meta":"","adv-header-id-meta":"","stick-header-meta":"","header-above-stick-meta":"","header-main-stick-meta":"","header-below-stick-meta":"","astra-migrate-meta-layouts":"default","ast-page-background-enabled":"default","ast-page-background-meta":{"desktop":{"background-color":"var(--ast-global-color-4)","background-image":"","background-repeat":"repeat","background-position":"center center","background-size":"auto","background-attachment":"scroll","background-type":"","background-media":"","overlay-type":"","overlay-color":"","overlay-opacity":"","overlay-gradient":""},"tablet":{"background-color":"","background-image":"","background-repeat":"repeat","background-position":"center center","background-size":"auto","background-attachment":"scroll","background-type":"","background-media":"","overlay-type":"","overlay-color":"","overlay-opacity":"","overlay-gradient":""},"mobile":{"background-color":"","background-image":"","background-repeat":"repeat","background-position":"center center","background-size":"auto","background-attachment":"scroll","background-type":"","background-media":"","overlay-type":"","overlay-color":"","overlay-opacity":"","overlay-gradient":""}},"ast-content-background-meta":{"desktop":{"background-color":"var(--ast-global-color-5)","background-image":"","background-repeat":"repeat","background-position":"center center","background-size":"auto","background-attachment":"scroll","background-type":"","background-media":"","overlay-type":"","overlay-color":"","overlay-opacity":"","overlay-gradient":""},"tablet":{"background-color":"var(--ast-global-color-5)","background-image":"","background-repeat":"repeat","background-position":"center center","background-size":"auto","background-attachment":"scroll","background-type":"","background-media":"","overlay-type":"","overlay-color":"","overlay-opacity":"","overlay-gradient":""},"mobile":{"background-color":"var(--ast-global-color-5)","background-image":"","background-repeat":"repeat","background-position":"center center","background-size":"auto","background-attachment":"scroll","background-type":"","background-media":"","overlay-type":"","overlay-color":"","overlay-opacity":"","overlay-gradient":""}},"footnotes":""},"class_list":["post-25004","page","type-page","status-publish","hentry"],"acf":[],"_links":{"self":[{"href":"https:\/\/mcdonaldworley.com\/es\/wp-json\/wp\/v2\/pages\/25004","targetHints":{"allow":["GET"]}}],"collection":[{"href":"https:\/\/mcdonaldworley.com\/es\/wp-json\/wp\/v2\/pages"}],"about":[{"href":"https:\/\/mcdonaldworley.com\/es\/wp-json\/wp\/v2\/types\/page"}],"author":[{"embeddable":true,"href":"https:\/\/mcdonaldworley.com\/es\/wp-json\/wp\/v2\/users\/65"}],"replies":[{"embeddable":true,"href":"https:\/\/mcdonaldworley.com\/es\/wp-json\/wp\/v2\/comments?post=25004"}],"version-history":[{"count":0,"href":"https:\/\/mcdonaldworley.com\/es\/wp-json\/wp\/v2\/pages\/25004\/revisions"}],"wp:attachment":[{"href":"https:\/\/mcdonaldworley.com\/es\/wp-json\/wp\/v2\/media?parent=25004"}],"curies":[{"name":"wp","href":"https:\/\/api.w.org\/{rel}","templated":true}]}}