{"id":24998,"date":"2018-09-07T13:30:46","date_gmt":"2018-09-07T13:30:46","guid":{"rendered":"https:\/\/abconlinehold.wpengine.com\/william-h-barfield\/"},"modified":"2021-08-09T16:20:45","modified_gmt":"2021-08-09T21:20:45","slug":"william-h-barfield","status":"publish","type":"page","link":"https:\/\/mcdonaldworley.com\/es\/william-h-barfield\/","title":{"rendered":"William H. Barfield"},"content":{"rendered":"<p><img loading=\"lazy\" decoding=\"async\" class=\"wp-image-26300 size-full alignleft\" src=\"https:\/\/mcdonaldworley.com\/wp-content\/uploads\/2019\/10\/william.png\" alt=\"\" width=\"200\" height=\"250\" title=\"\"><\/p>\n<p>En los m\u00e1s de 16 a\u00f1os desde que Bill recibi\u00f3 su t\u00edtulo de abogado, ha manejado miles de casos relacionados con negligencia y abuso en hogares de ancianos, dispositivos m\u00e9dicos defectuosos, drogas peligrosas, disputas complejas de responsabilidad por productos, litigios comerciales, asuntos de expropiaci\u00f3n y dominio eminente, lesiones personales, negligencia, muerte por negligencia, autom\u00f3viles defectuosos y disputas de propiedad intelectual.<\/p>\n<p>Como abogado litigante consumado, Bill sigue siendo reconocido por sus compa\u00f1eros y el poder judicial por sus muchos logros. Durante su carrera legal, ha luchado incansablemente por la justicia en nombre de sus clientes y tiene un historial impresionante de victorias legales.<\/p>\n<p>La dedicaci\u00f3n profesional de Bill no ha pasado desapercibida. La Asociaci\u00f3n Nacional de Abogados Litigantes lo nombr\u00f3 entre los \u00ab100 mejores abogados litigantes\u00bb en 2013, y est\u00e1 calificado como \u00abAV\u00bb por Martindale-Hubbell, su calificaci\u00f3n m\u00e1s alta. Tambi\u00e9n est\u00e1 calificado como \u00abExcelente\u00bb (10.0 sobre 10.0) por las calificaciones legales de AVVO.com.<\/p>\n<p>Ha sido certificado como miembro vitalicio tanto del Million Dollar Advocates Forum como del Multi-Million Dollar Advocates Forum, que son prestigiosos grupos de abogados litigantes en los Estados Unidos con menos del 1% de abogados estadounidenses como miembros.<\/p>\n<p>Bill ha sido seleccionado para la lista de 2015 como miembro del uno por ciento m\u00e1s alto de la naci\u00f3n por la Asociaci\u00f3n Nacional de Abogados Distinguidos. NADC es una organizaci\u00f3n dedicada a promover los m\u00e1s altos est\u00e1ndares de excelencia legal. Su misi\u00f3n es reconocer objetivamente a los abogados que elevan los est\u00e1ndares del Colegio de Abogados y proporcionar un punto de referencia para que otros abogados lo emulen. Los miembros son examinados minuciosamente por un equipo de investigaci\u00f3n, seleccionados por un panel azul de abogados con estatus de podio de organizaciones independientes neutrales, y aprobados por una junta de revisi\u00f3n judicial como demostradores de virtud en la pr\u00e1ctica de la ley. Debido a la incre\u00edble selectividad del proceso de designaci\u00f3n, solo el uno por ciento superior de los abogados en los Estados Unidos obtiene la membres\u00eda en NADC. Esta \u00e9lite de defensores est\u00e1 formada por los mejores l\u00edderes de la profesi\u00f3n jur\u00eddica de todo el pa\u00eds.<\/p>\n","protected":false},"excerpt":{"rendered":"<p>En los m\u00e1s de 16 a\u00f1os desde que Bill recibi\u00f3 su t\u00edtulo de abogado, ha manejado miles de casos relacionados con negligencia y abuso en hogares de ancianos, dispositivos m\u00e9dicos defectuosos, drogas peligrosas, disputas complejas de responsabilidad por productos, litigios comerciales, asuntos de expropiaci\u00f3n y dominio eminente, lesiones personales, negligencia, muerte por negligencia, autom\u00f3viles defectuosos [&hellip;]<\/p>\n","protected":false},"author":65,"featured_media":0,"parent":0,"menu_order":0,"comment_status":"closed","ping_status":"closed","template":"","meta":{"_acf_changed":false,"site-sidebar-layout":"default","site-content-layout":"","ast-site-content-layout":"default","site-content-style":"default","site-sidebar-style":"default","ast-global-header-display":"","ast-banner-title-visibility":"","ast-main-header-display":"","ast-hfb-above-header-display":"","ast-hfb-below-header-display":"","ast-hfb-mobile-header-display":"","site-post-title":"","ast-breadcrumbs-content":"","ast-featured-img":"","footer-sml-layout":"","ast-disable-related-posts":"","theme-transparent-header-meta":"","adv-header-id-meta":"","stick-header-meta":"","header-above-stick-meta":"","header-main-stick-meta":"","header-below-stick-meta":"","astra-migrate-meta-layouts":"default","ast-page-background-enabled":"default","ast-page-background-meta":{"desktop":{"background-color":"var(--ast-global-color-4)","background-image":"","background-repeat":"repeat","background-position":"center center","background-size":"auto","background-attachment":"scroll","background-type":"","background-media":"","overlay-type":"","overlay-color":"","overlay-opacity":"","overlay-gradient":""},"tablet":{"background-color":"","background-image":"","background-repeat":"repeat","background-position":"center center","background-size":"auto","background-attachment":"scroll","background-type":"","background-media":"","overlay-type":"","overlay-color":"","overlay-opacity":"","overlay-gradient":""},"mobile":{"background-color":"","background-image":"","background-repeat":"repeat","background-position":"center center","background-size":"auto","background-attachment":"scroll","background-type":"","background-media":"","overlay-type":"","overlay-color":"","overlay-opacity":"","overlay-gradient":""}},"ast-content-background-meta":{"desktop":{"background-color":"var(--ast-global-color-5)","background-image":"","background-repeat":"repeat","background-position":"center center","background-size":"auto","background-attachment":"scroll","background-type":"","background-media":"","overlay-type":"","overlay-color":"","overlay-opacity":"","overlay-gradient":""},"tablet":{"background-color":"var(--ast-global-color-5)","background-image":"","background-repeat":"repeat","background-position":"center center","background-size":"auto","background-attachment":"scroll","background-type":"","background-media":"","overlay-type":"","overlay-color":"","overlay-opacity":"","overlay-gradient":""},"mobile":{"background-color":"var(--ast-global-color-5)","background-image":"","background-repeat":"repeat","background-position":"center center","background-size":"auto","background-attachment":"scroll","background-type":"","background-media":"","overlay-type":"","overlay-color":"","overlay-opacity":"","overlay-gradient":""}},"footnotes":""},"class_list":["post-24998","page","type-page","status-publish","hentry"],"acf":[],"_links":{"self":[{"href":"https:\/\/mcdonaldworley.com\/es\/wp-json\/wp\/v2\/pages\/24998","targetHints":{"allow":["GET"]}}],"collection":[{"href":"https:\/\/mcdonaldworley.com\/es\/wp-json\/wp\/v2\/pages"}],"about":[{"href":"https:\/\/mcdonaldworley.com\/es\/wp-json\/wp\/v2\/types\/page"}],"author":[{"embeddable":true,"href":"https:\/\/mcdonaldworley.com\/es\/wp-json\/wp\/v2\/users\/65"}],"replies":[{"embeddable":true,"href":"https:\/\/mcdonaldworley.com\/es\/wp-json\/wp\/v2\/comments?post=24998"}],"version-history":[{"count":0,"href":"https:\/\/mcdonaldworley.com\/es\/wp-json\/wp\/v2\/pages\/24998\/revisions"}],"wp:attachment":[{"href":"https:\/\/mcdonaldworley.com\/es\/wp-json\/wp\/v2\/media?parent=24998"}],"curies":[{"name":"wp","href":"https:\/\/api.w.org\/{rel}","templated":true}]}}