{"id":24996,"date":"2018-09-07T13:16:15","date_gmt":"2018-09-07T13:16:15","guid":{"rendered":"https:\/\/abconlinehold.wpengine.com\/mcdonald-worley\/"},"modified":"2021-08-17T07:08:09","modified_gmt":"2021-08-17T12:08:09","slug":"mcdonald-worley","status":"publish","type":"page","link":"https:\/\/mcdonaldworley.com\/es\/mcdonald-worley\/","title":{"rendered":"McDonald Worley"},"content":{"rendered":"<p><img loading=\"lazy\" decoding=\"async\" class=\"wp-image-26104 size-full alignleft\" src=\"https:\/\/mcdonaldworley.com\/wp-content\/uploads\/2019\/10\/McDonald-Worley.jpg\" alt=\"\" width=\"200\" height=\"250\" title=\"\"><img loading=\"lazy\" decoding=\"async\" class=\"alignnone size-medium wp-image-3039\" src=\"https:\/\/mcdonaldworley.com\/wp-content\/uploads\/2018\/01\/Class-Action-Lawyer-of-the-Year-Award-2017-300x99.jpg\" alt=\"\" width=\"300\" height=\"99\" title=\"\" srcset=\"https:\/\/mcdonaldworley.com\/wp-content\/uploads\/2018\/01\/Class-Action-Lawyer-of-the-Year-Award-2017-300x99.jpg 300w, https:\/\/mcdonaldworley.com\/wp-content\/uploads\/2018\/01\/Class-Action-Lawyer-of-the-Year-Award-2017.jpg 419w\" sizes=\"auto, (max-width: 300px) 100vw, 300px\" \/>&nbsp;&nbsp; <img loading=\"lazy\" decoding=\"async\" class=\"alignnone wp-image-24423\" src=\"https:\/\/mcdonaldworley.com\/wp-content\/uploads\/2018\/09\/CATLA-membership-seal.png\" alt=\"\" width=\"104\" height=\"104\" title=\"\"><\/p>\n<p>McDonald \u201cDon\u201d Worley ha estado ayudando a las personas que sufrieron da\u00f1os por otros durante casi 20 a\u00f1os. Hab\u00eda sido incluido en la lista de \u00abAbogados l\u00edderes a nivel nacional\u00bb en la revista Newsweek y \u00abL\u00edderes en derecho de lesiones personales\u00bb en la revista Time, en parte por su sentencia de $ 100 millones ganada en nombre de un cliente. Y el Instituto Americano de Abogados de Lesiones Personales acaba de nombrar a Don como uno de los 10 Mejores Abogados en 2017 por satisfacci\u00f3n del cliente.<\/p>\n<p>Don acaba de ser invitado a ser miembro de \u00abBest Attorneys of America\u00bb \u200b\u200by ya ha sido admitido en el \u00abMillion Dollar Advocates Forum\u00bb. Este foro es solo para abogados que han recuperado m\u00faltiples acuerdos y veredictos para clientes de m\u00e1s de $ 1,000,000. Don tambi\u00e9n es miembro del \u00abForo de L\u00edderes\u00bb de la Asociaci\u00f3n Estadounidense para la Justicia, un prestigioso grupo de abogados litigantes.<\/p>\n<p>Don representa a clientes en todo Estados Unidos. Don se preocupa por las necesidades de sus clientes, y cada cliente toma la decisi\u00f3n, con el consejo de Don, de resolver su reclamo legal o llevarlo a juicio por jurado.<\/p>\n","protected":false},"excerpt":{"rendered":"<p>&nbsp;&nbsp; McDonald \u201cDon\u201d Worley ha estado ayudando a las personas que sufrieron da\u00f1os por otros durante casi 20 a\u00f1os. Hab\u00eda sido incluido en la lista de \u00abAbogados l\u00edderes a nivel nacional\u00bb en la revista Newsweek y \u00abL\u00edderes en derecho de lesiones personales\u00bb en la revista Time, en parte por su sentencia de $ 100 millones [&hellip;]<\/p>\n","protected":false},"author":65,"featured_media":0,"parent":0,"menu_order":0,"comment_status":"closed","ping_status":"closed","template":"","meta":{"_acf_changed":false,"site-sidebar-layout":"default","site-content-layout":"","ast-site-content-layout":"default","site-content-style":"default","site-sidebar-style":"default","ast-global-header-display":"","ast-banner-title-visibility":"","ast-main-header-display":"","ast-hfb-above-header-display":"","ast-hfb-below-header-display":"","ast-hfb-mobile-header-display":"","site-post-title":"","ast-breadcrumbs-content":"","ast-featured-img":"","footer-sml-layout":"","ast-disable-related-posts":"","theme-transparent-header-meta":"","adv-header-id-meta":"","stick-header-meta":"","header-above-stick-meta":"","header-main-stick-meta":"","header-below-stick-meta":"","astra-migrate-meta-layouts":"default","ast-page-background-enabled":"default","ast-page-background-meta":{"desktop":{"background-color":"var(--ast-global-color-4)","background-image":"","background-repeat":"repeat","background-position":"center center","background-size":"auto","background-attachment":"scroll","background-type":"","background-media":"","overlay-type":"","overlay-color":"","overlay-opacity":"","overlay-gradient":""},"tablet":{"background-color":"","background-image":"","background-repeat":"repeat","background-position":"center center","background-size":"auto","background-attachment":"scroll","background-type":"","background-media":"","overlay-type":"","overlay-color":"","overlay-opacity":"","overlay-gradient":""},"mobile":{"background-color":"","background-image":"","background-repeat":"repeat","background-position":"center center","background-size":"auto","background-attachment":"scroll","background-type":"","background-media":"","overlay-type":"","overlay-color":"","overlay-opacity":"","overlay-gradient":""}},"ast-content-background-meta":{"desktop":{"background-color":"var(--ast-global-color-5)","background-image":"","background-repeat":"repeat","background-position":"center center","background-size":"auto","background-attachment":"scroll","background-type":"","background-media":"","overlay-type":"","overlay-color":"","overlay-opacity":"","overlay-gradient":""},"tablet":{"background-color":"var(--ast-global-color-5)","background-image":"","background-repeat":"repeat","background-position":"center center","background-size":"auto","background-attachment":"scroll","background-type":"","background-media":"","overlay-type":"","overlay-color":"","overlay-opacity":"","overlay-gradient":""},"mobile":{"background-color":"var(--ast-global-color-5)","background-image":"","background-repeat":"repeat","background-position":"center center","background-size":"auto","background-attachment":"scroll","background-type":"","background-media":"","overlay-type":"","overlay-color":"","overlay-opacity":"","overlay-gradient":""}},"footnotes":""},"class_list":["post-24996","page","type-page","status-publish","hentry"],"acf":[],"_links":{"self":[{"href":"https:\/\/mcdonaldworley.com\/es\/wp-json\/wp\/v2\/pages\/24996","targetHints":{"allow":["GET"]}}],"collection":[{"href":"https:\/\/mcdonaldworley.com\/es\/wp-json\/wp\/v2\/pages"}],"about":[{"href":"https:\/\/mcdonaldworley.com\/es\/wp-json\/wp\/v2\/types\/page"}],"author":[{"embeddable":true,"href":"https:\/\/mcdonaldworley.com\/es\/wp-json\/wp\/v2\/users\/65"}],"replies":[{"embeddable":true,"href":"https:\/\/mcdonaldworley.com\/es\/wp-json\/wp\/v2\/comments?post=24996"}],"version-history":[{"count":0,"href":"https:\/\/mcdonaldworley.com\/es\/wp-json\/wp\/v2\/pages\/24996\/revisions"}],"wp:attachment":[{"href":"https:\/\/mcdonaldworley.com\/es\/wp-json\/wp\/v2\/media?parent=24996"}],"curies":[{"name":"wp","href":"https:\/\/api.w.org\/{rel}","templated":true}]}}