{"id":24994,"date":"2018-11-01T20:27:06","date_gmt":"2018-11-01T20:27:06","guid":{"rendered":"https:\/\/abconlinehold.wpengine.com\/?page_id=24994"},"modified":"2021-06-30T14:08:12","modified_gmt":"2021-06-30T19:08:12","slug":"defectos-congenitos-causados-por-zoloft","status":"publish","type":"page","link":"https:\/\/mcdonaldworley.com\/es\/drogas-peligrosas\/defectos-congenitos-causados-por-zoloft\/","title":{"rendered":"Defectos Cong\u00e9nitos Causados por Zoloft"},"content":{"rendered":"\n<p><b>\u00bfSU ANTIDEPRESIVO CAUS\u00d3 LESIONES A SU HIJO?<\/b><\/p>\n\n\n\n<p>Si usted o alguien que ama naci\u00f3 con defectos cong\u00e9nitos por causa de tomar Zoloft durante su embarazo, comparta lo que le pas\u00f3 a nuestro bufete de abogados de medicamentos defectuosos inmediatamente \u2014 usted puede ser elegible para presentar una demanda de Zoloft para conseguir compensaci\u00f3n por sus <a href=\"https:\/\/mcdonaldworley.com\/es\/houston\/abogado-de-lesiones-en-la-cabeza-de-houston\/\" target=\"_blank\" rel=\"noreferrer noopener\">lesiones personales<\/a>.<\/p>\n\n\n\n<p>Las mujeres embarazadas que toman la medicaci\u00f3n antidepresivo tienen un mayor riesgo de que su hijo sufra afecciones card\u00edacas, defectos card\u00edacos, complicaciones de la aorta y anomal\u00edas en las v\u00e1lvulas card\u00edacas comparadas con las mujeres que no toman Zoloft durante su embarazo.<\/p>\n\n\n\n<p>Adem\u00e1s de los efectos nocivos para el coraz\u00f3n de su hijo, Zoloft se ha ligado a un riesgo creciente en reci\u00e9n nacidos por sufrir de &nbsp;labio leporino, de un paladar hendido y\/o de otros defectos craneofaciales.<\/p>\n\n\n\n<p>Comparta lo que le pas\u00f3 a usted y obtenga la informaci\u00f3n m\u00e1s reciente de nuestros abogados de defectos de nacimiento ahora.&nbsp;Si usted o alguien que &nbsp;conoce ha tenido un hijo que ha sufrido despu\u00e9s del uso prenatal de Zoloft, p\u00f3ngase en contacto con nosotros inmediatamente para obtener una revisi\u00f3n de caso libre y confidencial.<\/p>\n\n\n\n<p>Llene el formulario en esta p\u00e1gina para una revisi\u00f3n legal simple sin obligaci\u00f3n \u2014 usted podr\u00eda tener derecho a una compensaci\u00f3n significativa.<\/p>\n\n\n\n<p><b>\u00bfPELIGROSOS RIESGOS VINCULADOS A ZOLOFT?<\/b><\/p>\n\n\n\n<p>Zoloft es un medicamento antidepresivo SSRI vendido por la compa\u00f1\u00eda gigante farmac\u00e9utico Pfizer. Similar a Paxil, Zoloft es una medicaci\u00f3n selectiva del inhibidor que capta la serotonina (SSRI) prevista &nbsp;como antidepresivo.<\/p>\n\n\n\n<p>Una serie de demandas se han presentado por defectos cong\u00e9nitos &nbsp;desde su liberaci\u00f3n cuando el medicamento se toma durante el embarazo. Despu\u00e9s de una serie de estudios, se ha relacionado &nbsp;una lista de efectos secundarios peligrosos que los fabricantes no pudieron proporcionar para evitar el uso durante el embarazo.<\/p>\n\n\n\n<p>Zoloft ha demostrado ser especialmente peligroso para los ni\u00f1os de las mujeres embarazadas. Los defectos de nacimiento Zoloft fueron ligados en varios estudios:<\/p>\n\n\n\n<ul class=\"wp-block-list\"><li>Un estudio dan\u00e9s del 2005 que encontr\u00f3 que los ni\u00f1os &nbsp;son 60 por ciento m\u00e1s propensos a desarrollar problemas card\u00edacos si la madre tom\u00f3 antidepresivos tal como Zoloft durante el embarazo durante el primer trimestre.<\/li><li>UN estudio del 2006 publicado en&nbsp;<i>El Diario de Medicina de Nueva Inglaterra<\/i>&nbsp;(NEJM, por sus siglas en ingl\u00e9s) encontr\u00f3 que los beb\u00e9s nacidos de madres que tomaron antidepresivos despu\u00e9s de la vig\u00e9sima semana del embarazo ten\u00edan 6 veces m\u00e1s probabilidades de tener HPPRN (Hipertensi\u00f3n Pulmonar Persistente).<\/li><li>Un estudio del 2007 publicado en NEJM encontr\u00f3 que el uso del embarazo de SSRI fue ligado a un riesgo m\u00e1s alto de los defectos del cerebro, del cr\u00e1neo anencefalia, craneosinostosis, y onfalocele &#8211; un defecto de nacimiento en el cual el intestino del infante u otros \u00f3rganos abdominales se pegan fuera del ombligo.<\/li><li>Un estudio del 2009 Publicado en el&nbsp;<i>Diario M\u00e9dico Brit\u00e1nico<\/i>&nbsp;encontr\u00f3 que el uso de m\u00e1s de un tipo de antidepresivo durante el primer trimestre dio lugar a un aumento de cuatro veces el riesgo de defectos septales del coraz\u00f3n.<\/li><\/ul>\n\n\n\n<p>Los estudios de Zoloft indican &nbsp;un fuerte v\u00ednculo entre el antidepresivo y un aumento del riesgo de defectos card\u00edacos cuando se toma durante el embarazo de la madre durante el primer trimestre. Este efecto secundario perjudicial de tomar Zoloft es especialmente insidioso, ya que el primer trimestre es a menudo el per\u00edodo en el que una madre puede no ser consciente de que est\u00e1 embarazada.<\/p>\n\n\n\n<p>Las reclamaciones en curso est\u00e1n siendo revisadas por los principales abogados de Zoloft y los estudios que &nbsp;se est\u00e1n realizando en la medicaci\u00f3n, explora otras complicaciones que surgen de la toma de la droga.<\/p>\n\n\n\n<p>Posibles defectos de nacimiento Zoloft incluyen:<\/p>\n\n\n\n<ul class=\"wp-block-list\"><li>Onfalocele<\/li><li>Espina b\u00edfida<\/li><li>Defectos de las extremidades<\/li><li>Pies deformes<\/li><li>V\u00e1lvula mitral de hendidura<\/li><li>Cardiomiopat\u00eda<\/li><li>Craneosinostosis<\/li><li>Defecto septal &nbsp;del ventr\u00edculo (CIV)<\/li><li>Defecto septal atrial<\/li><li>Tetralog\u00eda &nbsp;de Fallot<\/li><li>Transposici\u00f3n de las grandes arterias<\/li><li>S\u00edndrome del coraz\u00f3n izquierdo hipopl\u00e1sico<\/li><li>S\u00edndrome del coraz\u00f3n derecho hipopl\u00e1sico<\/li><li>Ductus arterioso permeable<\/li><\/ul>\n\n\n\n<p><b>\u00bfDEBO PRESENTAR UNA DEMANDA POR DEFECTOS CONG\u00c9NITOS CAUSADOS POR ZOLOFT?<\/b><\/p>\n\n\n\n<p>Los defectos cong\u00e9nitos pueden requerir m\u00faltiples cirug\u00edas y &nbsp;costosos cuidados m\u00e9dicos que le imponen una carga financiera a la familia del ni\u00f1o. Muchos padres han demandado con \u00e9xito a los fabricantes de drogas por no haber advertido sobre estos riesgos. Estos asentamientos de SNRI y SSRI han proporcionado indemnizaciones por gastos m\u00e9dicos y otros da\u00f1os resultantes de la negligencia de estas compa\u00f1\u00edas farmac\u00e9uticas.<\/p>\n\n\n\n<p>Si usted tom\u00f3 Zoloft mientras estaba embarazada y su hijo naci\u00f3 con un defecto cong\u00e9nito tal como espina b\u00edfida, craneosinostosis, labio leporino, paladar hendido, pie deforme, da\u00f1o card\u00edaco, HPPRN, o malformaciones del cr\u00e1neo o los intestinos, usted puede tener un reclamo legal disponible.<\/p>\n\n\n\n<p>Es importante actuar con rapidez al presentar una demanda por compensaci\u00f3n de Zoloft, ya que las regulaciones limitan la cantidad de tiempo porque sufre de efectos secundarios y se tiene que reportar una reclamaci\u00f3n para proteger sus derechos legales.<\/p>\n","protected":false},"excerpt":{"rendered":"<p>\u00bfSU ANTIDEPRESIVO CAUS\u00d3 LESIONES A SU HIJO? Si usted o alguien que ama naci\u00f3 con defectos cong\u00e9nitos por causa de tomar Zoloft durante su embarazo, comparta lo que le pas\u00f3 a nuestro bufete de abogados de medicamentos defectuosos inmediatamente \u2014 usted puede ser elegible para presentar una demanda de Zoloft para conseguir compensaci\u00f3n por sus [&hellip;]<\/p>\n","protected":false},"author":65,"featured_media":0,"parent":24875,"menu_order":0,"comment_status":"closed","ping_status":"closed","template":"","meta":{"_acf_changed":false,"site-sidebar-layout":"default","site-content-layout":"","ast-site-content-layout":"default","site-content-style":"default","site-sidebar-style":"default","ast-global-header-display":"","ast-banner-title-visibility":"","ast-main-header-display":"","ast-hfb-above-header-display":"","ast-hfb-below-header-display":"","ast-hfb-mobile-header-display":"","site-post-title":"","ast-breadcrumbs-content":"","ast-featured-img":"","footer-sml-layout":"","ast-disable-related-posts":"","theme-transparent-header-meta":"","adv-header-id-meta":"","stick-header-meta":"","header-above-stick-meta":"","header-main-stick-meta":"","header-below-stick-meta":"","astra-migrate-meta-layouts":"default","ast-page-background-enabled":"default","ast-page-background-meta":{"desktop":{"background-color":"var(--ast-global-color-4)","background-image":"","background-repeat":"repeat","background-position":"center center","background-size":"auto","background-attachment":"scroll","background-type":"","background-media":"","overlay-type":"","overlay-color":"","overlay-opacity":"","overlay-gradient":""},"tablet":{"background-color":"","background-image":"","background-repeat":"repeat","background-position":"center center","background-size":"auto","background-attachment":"scroll","background-type":"","background-media":"","overlay-type":"","overlay-color":"","overlay-opacity":"","overlay-gradient":""},"mobile":{"background-color":"","background-image":"","background-repeat":"repeat","background-position":"center center","background-size":"auto","background-attachment":"scroll","background-type":"","background-media":"","overlay-type":"","overlay-color":"","overlay-opacity":"","overlay-gradient":""}},"ast-content-background-meta":{"desktop":{"background-color":"var(--ast-global-color-5)","background-image":"","background-repeat":"repeat","background-position":"center center","background-size":"auto","background-attachment":"scroll","background-type":"","background-media":"","overlay-type":"","overlay-color":"","overlay-opacity":"","overlay-gradient":""},"tablet":{"background-color":"var(--ast-global-color-5)","background-image":"","background-repeat":"repeat","background-position":"center center","background-size":"auto","background-attachment":"scroll","background-type":"","background-media":"","overlay-type":"","overlay-color":"","overlay-opacity":"","overlay-gradient":""},"mobile":{"background-color":"var(--ast-global-color-5)","background-image":"","background-repeat":"repeat","background-position":"center center","background-size":"auto","background-attachment":"scroll","background-type":"","background-media":"","overlay-type":"","overlay-color":"","overlay-opacity":"","overlay-gradient":""}},"footnotes":""},"class_list":["post-24994","page","type-page","status-publish","hentry"],"acf":[],"_links":{"self":[{"href":"https:\/\/mcdonaldworley.com\/es\/wp-json\/wp\/v2\/pages\/24994","targetHints":{"allow":["GET"]}}],"collection":[{"href":"https:\/\/mcdonaldworley.com\/es\/wp-json\/wp\/v2\/pages"}],"about":[{"href":"https:\/\/mcdonaldworley.com\/es\/wp-json\/wp\/v2\/types\/page"}],"author":[{"embeddable":true,"href":"https:\/\/mcdonaldworley.com\/es\/wp-json\/wp\/v2\/users\/65"}],"replies":[{"embeddable":true,"href":"https:\/\/mcdonaldworley.com\/es\/wp-json\/wp\/v2\/comments?post=24994"}],"version-history":[{"count":0,"href":"https:\/\/mcdonaldworley.com\/es\/wp-json\/wp\/v2\/pages\/24994\/revisions"}],"up":[{"embeddable":true,"href":"https:\/\/mcdonaldworley.com\/es\/wp-json\/wp\/v2\/pages\/24875"}],"wp:attachment":[{"href":"https:\/\/mcdonaldworley.com\/es\/wp-json\/wp\/v2\/media?parent=24994"}],"curies":[{"name":"wp","href":"https:\/\/api.w.org\/{rel}","templated":true}]}}