{"id":24992,"date":"2018-11-01T20:26:18","date_gmt":"2018-11-01T20:26:18","guid":{"rendered":"https:\/\/abconlinehold.wpengine.com\/?page_id=24992"},"modified":"2021-06-30T13:15:11","modified_gmt":"2021-06-30T18:15:11","slug":"defectos-congenitos-causados-por-zofran","status":"publish","type":"page","link":"https:\/\/mcdonaldworley.com\/es\/drogas-peligrosas\/defectos-congenitos-causados-por-zofran\/","title":{"rendered":"Defectos Cong\u00e9nitos Causados por Zofran"},"content":{"rendered":"\n<p><b>\u00bfZOFRAN CAUSA DEFECTOS CONG\u00c9NITOS?<\/b><\/p>\n\n\n\n<p>\u00bfLe recetaron Zofran durante el embarazo y su hijo sufri\u00f3 defectos cong\u00e9nitos o problemas prenatales? Usted puede calificar para presentar una demanda por defectos cong\u00e9nitos causados por Zofran debido a las complicaciones sufridas por su hijo. Los riesgos de tomar el medicamento durante el embarazo pueden no haberse aclarado completamente y el sufrimiento de su hijo puede ser el resultado de tomar el medicamento mientras est\u00e1 embarazada.<\/p>\n\n\n\n<p>Zofran se prescribe a veces para tratar n\u00e1useas matutinas durante el embarazo. Sin embargo, este riesgo del defecto cong\u00e9nito no se menciona en la etiqueta de advertencia del medicamento. Esto ha llevado a demandas &nbsp;que acusan al fabricante del medicamento de la comercializaci\u00f3n ilegal pero no se advierte a los consumidores y a la comunidad m\u00e9dica sobre los riesgos verdaderos durante el embarazo.<\/p>\n\n\n\n<p>Varias demandas de Zofran se han presentado, alegando que un ni\u00f1o naci\u00f3 con defectos cong\u00e9nitos como resultado de la exposici\u00f3n prenatal a Zofran, seg\u00fan documentos del tribunal.<\/p>\n\n\n\n<p><b>Los defectos de nacimiento <a href=\"https:\/\/mcdonaldworley.com\/dangerous-drugs\/taxotere-permanent-hair-loss\/\" target=\"_blank\" rel=\"noopener\">causado por<\/a> Zofran mencionados en las demandas incluyen:<\/b><\/p>\n\n\n\n<ul class=\"wp-block-list\"><li>Defectos card\u00edacos, incluyendo defectos septales (orificios en el coraz\u00f3n)<\/li><li>Labio leporino<\/li><li>Paladar hendido<\/li><li>Pies deformes<\/li><li>Craneosinostosis (deformaciones del cr\u00e1neo)<\/li><li>Defectos renales<\/li><li>Crecimiento fetal deficiente<\/li><li>Muerte fetal (relacionada con defectos cong\u00e9nitos)<\/li><\/ul>\n\n\n\n<p><b>Si usted o un miembro de su familia fue diagnosticado con un defecto cong\u00e9nito despu\u00e9s de que la madre tom\u00f3 Zofran durante su embarazo, usted puede compartir los detalles con nuestro abogado de Zofran y conseguir una evaluaci\u00f3n gratuita de su caso. Usted puede tener derecho a una indemnizaci\u00f3n significativa.<\/b><\/p>\n\n\n\n<p><b>COMERCIALIZACI\u00d3N ILEGAL DE ZOFRAN<\/b><\/p>\n\n\n\n<p>En el 2012, GlaxoSmithKline entr\u00f3 en negociaciones con el Departamento de Justicia de los Estados Unidos para pr\u00e1cticas de mercadeo ilegal de medicamentos farmac\u00e9uticos, incluyendo mercadeo de Zofran para uso con mujeres embarazadas, seg\u00fan documentos del tribunal (Estados Unidos Tribunal de distrito de Massachusetts, LeClair v. GlaxoSmithKline LLC, caso 1:15-CV-10429).<\/p>\n\n\n\n<p>Tomado en forma prenatal, Zofran se ha ligado a los defectos infantiles y a los efectos secundarios que da\u00f1an al beb\u00e9. Los pacientes que tomaron &nbsp;la medicaci\u00f3n no fueron advertidos adecuadamente de los riesgos por lo que pueden calificar por compensaci\u00f3n significativa si las demandas se encuentran para tener m\u00e9rito en la corte o si se alcanza un acuerdo.<\/p>\n\n\n\n<p>La reclamaci\u00f3n actual presentada alega que GlaxoSmithKline comercializa la droga a las mujeres embarazadas sin la aprobaci\u00f3n de la FDA. Originalmente aprobado para ayudar a los pacientes con c\u00e1ncer, n\u00e1useas y efectos secundarios de la quimioterapia, tales como v\u00f3mitos. &nbsp;GSK expandi\u00f3 la comercializaci\u00f3n para incluir a las mujeres embarazadas que sufren de n\u00e1useas matutinas \u2014 un movimiento que no fue aprobado por la FDA.<\/p>\n\n\n\n<p><b>ESTUDIOS DE EMBARAZO MIENTRAS TOMANDO ZOFRAN<\/b><\/p>\n\n\n\n<p>Varios estudios han causado mucha preocupaci\u00f3n por tomar &nbsp;Zofran mientras que uno est\u00e1 embarazado aumenta el riesgo de defectos cong\u00e9nitos, especialmente cuando se est\u00e1 utilizando durante el primer trimestre. Desafortunadamente cuando las n\u00e1useas matutinas durante el embarazo est\u00e1n en su peor momento y a las mujeres &nbsp;se les prescribe Zofran entran en un per\u00edodo de tiempo riesgoso.<\/p>\n\n\n\n<p>Debido a la categor\u00eda B del embarazo de Zofran, este se prescribe a menudo para tratar n\u00e1useas matutinas a pesar de que la seguridad de tomarlo mientras se est\u00e1 embarazado no se ha estudiado bien.<\/p>\n\n\n\n<p>En el 2013, un estudio dan\u00e9s que incluy\u00f3 600,000 nacimientos encontr\u00f3 que no hab\u00eda un riesgo significativo de&nbsp;<a href=\"http:\/\/www.ncbi.nlm.nih.gov\/pubmed\/23445092\" target=\"_blank\" rel=\"nofollow noopener\"><b>Defectos cong\u00e9nitos causados por Zofran<\/b><\/a>. Sin embargo, seis meses m\u00e1s adelante en &nbsp;otro estudio basado en 900,000 nacimientos se encontr\u00f3 un 30 por ciento m\u00e1s de &nbsp;riesgo de defectos cong\u00e9nitos cuando se tomaba Zofran en general y doble del riesgo de defectos card\u00edacos.<\/p>\n\n\n\n<p>Otra investigaci\u00f3n alarmante del embarazo con &nbsp;Zofran incluye:<\/p>\n\n\n\n<ul class=\"wp-block-list\"><li>En el 2012, un&nbsp;<a href=\"http:\/\/www.ncbi.nlm.nih.gov\/pubmed\/22102545\" target=\"_blank\" rel=\"nofollow noopener\"><b>Estudio de Zofran<\/b><\/a>&nbsp;del Centro para la Investigaci\u00f3n y la Prevenci\u00f3n Nacional de los Defectos Cong\u00e9nitos identific\u00f3 un riesgo creciente 2.4-veces m\u00e1s &nbsp;por el paladar hendido y el labio hendido cuando el Zofran fue utilizado durante el primer trimestre para tratar n\u00e1useas matutinas.<\/li><li>Una investigaci\u00f3n del 2014 por <i>Toronto Star<\/i> encontr\u00f3 que al menos 20 mujeres canadienses hab\u00eda divulgado graves&nbsp;<a href=\"https:\/\/www.thestar.com\/news\/gta\/2014\/06\/25\/birth_defects_blamed_on_unapproved_morning_sickness_treatment.html\" target=\"_blank\" rel=\"nofollow noopener\"><b>efectos secundarios<\/b><\/a><b> por causa del Zofran<\/b>&nbsp;a la Administraci\u00f3n del Alimentos y Medicamento (FDA, por sus siglas en ingl\u00e9s) despu\u00e9s de ser prescrito Zofran para las n\u00e1useas matutinas, incluyendo dos muertes infantiles y casos m\u00faltiples de defectos cong\u00e9nitos del coraz\u00f3n y de los ri\u00f1ones causado por Zofran.<\/li><\/ul>\n\n\n\n<p>A pesar de estos hallazgos, la Administraci\u00f3n de Alimentos y Medicamentos de los Estados Unidos recientemente&nbsp;<a href=\"http:\/\/www.regulations.gov\/#!documentDetail;D=FDA-2013-P-0048-0009\" target=\"_blank\" rel=\"nofollow noopener\">rechaz\u00f3 una petici\u00f3n<\/a>&nbsp;para cambiar la categor\u00eda de medicamentos de Zofran, diciendo en una declaraci\u00f3n de Octubre del 2015 que estos estudios \u00abno apoyan la determinaci\u00f3n de que existe un mayor riesgo de resultados adversos fetales\u00bb.<\/p>\n\n\n\n<p><b>CONSIGUE AYUDA HOY MISMO<\/b><\/p>\n\n\n\n<p>Los usuarios de Zofran est\u00e1n presentando demandas por defectos cong\u00e9nitos con reclamos de que el medicamento pone en alto riesgo la salud de los beb\u00e9s.<\/p>\n\n\n\n<p>Si usted o un ser querido tuvo un hijo que sufri\u00f3 de defectos cong\u00e9nitos despu\u00e9s de que la madre tom\u00f3 Zofran durante su embarazo, usted puede tener derecho a una indemnizaci\u00f3n.<\/p>\n\n\n\n<p>En el 2012, la revista Time enumer\u00f3 al abogado McDonald Worley entre los abogados litigantes m\u00e1s destacados de la naci\u00f3n. Averig\u00fce hoy mismo cu\u00e1les son sus opciones legales con &nbsp;uno de los mejores abogados de Zofran de la naci\u00f3n.<\/p>\n","protected":false},"excerpt":{"rendered":"<p>\u00bfZOFRAN CAUSA DEFECTOS CONG\u00c9NITOS? \u00bfLe recetaron Zofran durante el embarazo y su hijo sufri\u00f3 defectos cong\u00e9nitos o problemas prenatales? Usted puede calificar para presentar una demanda por defectos cong\u00e9nitos causados por Zofran debido a las complicaciones sufridas por su hijo. Los riesgos de tomar el medicamento durante el embarazo pueden no haberse aclarado completamente y [&hellip;]<\/p>\n","protected":false},"author":65,"featured_media":0,"parent":24875,"menu_order":0,"comment_status":"closed","ping_status":"closed","template":"","meta":{"_acf_changed":false,"site-sidebar-layout":"default","site-content-layout":"","ast-site-content-layout":"default","site-content-style":"default","site-sidebar-style":"default","ast-global-header-display":"","ast-banner-title-visibility":"","ast-main-header-display":"","ast-hfb-above-header-display":"","ast-hfb-below-header-display":"","ast-hfb-mobile-header-display":"","site-post-title":"","ast-breadcrumbs-content":"","ast-featured-img":"","footer-sml-layout":"","ast-disable-related-posts":"","theme-transparent-header-meta":"","adv-header-id-meta":"","stick-header-meta":"","header-above-stick-meta":"","header-main-stick-meta":"","header-below-stick-meta":"","astra-migrate-meta-layouts":"default","ast-page-background-enabled":"default","ast-page-background-meta":{"desktop":{"background-color":"var(--ast-global-color-4)","background-image":"","background-repeat":"repeat","background-position":"center center","background-size":"auto","background-attachment":"scroll","background-type":"","background-media":"","overlay-type":"","overlay-color":"","overlay-opacity":"","overlay-gradient":""},"tablet":{"background-color":"","background-image":"","background-repeat":"repeat","background-position":"center center","background-size":"auto","background-attachment":"scroll","background-type":"","background-media":"","overlay-type":"","overlay-color":"","overlay-opacity":"","overlay-gradient":""},"mobile":{"background-color":"","background-image":"","background-repeat":"repeat","background-position":"center center","background-size":"auto","background-attachment":"scroll","background-type":"","background-media":"","overlay-type":"","overlay-color":"","overlay-opacity":"","overlay-gradient":""}},"ast-content-background-meta":{"desktop":{"background-color":"var(--ast-global-color-5)","background-image":"","background-repeat":"repeat","background-position":"center center","background-size":"auto","background-attachment":"scroll","background-type":"","background-media":"","overlay-type":"","overlay-color":"","overlay-opacity":"","overlay-gradient":""},"tablet":{"background-color":"var(--ast-global-color-5)","background-image":"","background-repeat":"repeat","background-position":"center center","background-size":"auto","background-attachment":"scroll","background-type":"","background-media":"","overlay-type":"","overlay-color":"","overlay-opacity":"","overlay-gradient":""},"mobile":{"background-color":"var(--ast-global-color-5)","background-image":"","background-repeat":"repeat","background-position":"center center","background-size":"auto","background-attachment":"scroll","background-type":"","background-media":"","overlay-type":"","overlay-color":"","overlay-opacity":"","overlay-gradient":""}},"footnotes":""},"class_list":["post-24992","page","type-page","status-publish","hentry"],"acf":[],"_links":{"self":[{"href":"https:\/\/mcdonaldworley.com\/es\/wp-json\/wp\/v2\/pages\/24992","targetHints":{"allow":["GET"]}}],"collection":[{"href":"https:\/\/mcdonaldworley.com\/es\/wp-json\/wp\/v2\/pages"}],"about":[{"href":"https:\/\/mcdonaldworley.com\/es\/wp-json\/wp\/v2\/types\/page"}],"author":[{"embeddable":true,"href":"https:\/\/mcdonaldworley.com\/es\/wp-json\/wp\/v2\/users\/65"}],"replies":[{"embeddable":true,"href":"https:\/\/mcdonaldworley.com\/es\/wp-json\/wp\/v2\/comments?post=24992"}],"version-history":[{"count":0,"href":"https:\/\/mcdonaldworley.com\/es\/wp-json\/wp\/v2\/pages\/24992\/revisions"}],"up":[{"embeddable":true,"href":"https:\/\/mcdonaldworley.com\/es\/wp-json\/wp\/v2\/pages\/24875"}],"wp:attachment":[{"href":"https:\/\/mcdonaldworley.com\/es\/wp-json\/wp\/v2\/media?parent=24992"}],"curies":[{"name":"wp","href":"https:\/\/api.w.org\/{rel}","templated":true}]}}