{"id":24990,"date":"2018-11-01T20:25:13","date_gmt":"2018-11-01T20:25:13","guid":{"rendered":"https:\/\/abconlinehold.wpengine.com\/?page_id=24990"},"modified":"2021-08-09T11:37:27","modified_gmt":"2021-08-09T16:37:27","slug":"hemorragias-causadas-por-xarelto","status":"publish","type":"page","link":"https:\/\/mcdonaldworley.com\/es\/drogas-peligrosas\/hemorragias-causadas-por-xarelto\/","title":{"rendered":"Hemorragias Causadas por Xarelto"},"content":{"rendered":"<p><b>ADVERTENCIA DE SANGRADO INCONTROLABLE: RIESGO DE HEMORRAGIA GRAVE LIGADO A XARELTO<\/b><\/p>\n<p>Si usted o un ser querido ha sufrido alg\u00fan problema de sangrado incontrolado o complicaciones de salud que usted cree que fueron causadas por , puede calificar para presentar una demanda de .<\/p>\n<p>El diluyente de la sangre se ha relacionado con las siguientes complicaciones:<\/p>\n<ul>\n<li>Sangrado interno<\/li>\n<li>Sangrado gastrointestinal<\/li>\n<li>Sangrado rectal<\/li>\n<li>Hemorragias<\/li>\n<li>Problemas de sangrado<\/li>\n<li>Muerte<\/li>\n<\/ul>\n<p>Los fabricantes de , <i>Bayer y Janssen<\/i> se enfrentan a demandas de por la causa de sangrados incontrolables, hemorragias, sangrados gastrointestinales, fatalidades &nbsp;otros riesgos y efectos secundarios que pueden haber fallado en advertir adecuadamente.<\/p>\n<p>Obtenga su revisi\u00f3n legal gratuita hoy y discuta sus opciones legales con uno de los mejores abogados litigantes de los Estados Unidos (Time Magazine, 2013).&nbsp;Si su caso califica, usted no paga nada. Usted no tiene ninguna obligaci\u00f3n y es totalmente confidencial.<\/p>\n<p><b>NOTICIAS DE DEMANDAS DE XARELTO<\/b><\/p>\n<p>\u00bfQu\u00e9 es ?<\/p>\n<p>El es un medicamento anticoagulante de prescripci\u00f3n que se usa para reducir el riesgo de derrames cerebrales y co\u00e1gulos sangu\u00edneos en personas con fibrilaci\u00f3n auricular (Afib, por sus siglas en ingl\u00e9s). Tambi\u00e9n se prescribe para tratar y para reducir el riesgo de trombosis profunda de la vena, embolia pulmonar y para reducir el riesgo de los co\u00e1gulos de sangre que se forman en las piernas y los pulmones de la gente que acaba de tener cirug\u00eda de la rodilla o de reemplazo de la cadera.<\/p>\n<p>Esencialmente, act\u00faa para prevenir la producci\u00f3n de la vitamina K, semejante a las alternativas que paran &nbsp;los procesos de coagulaci\u00f3n de la sangre por las que la vitamina K es responsable. Por esta raz\u00f3n, a diferencia de los medicamentos alternativos, el sangrado con &nbsp; no se puede detener con altas dosis de vitamina K, al igual que Warfirina, el diluyente de sangre m\u00e1s viejo.<\/p>\n<p>\u00abLas personas que pueden haber sufrido complicaciones de salud o las familias de los que sufrieron una hemorragia fatal merecen saber simplemente y claramente si califican para presentar una demanda contra y c\u00f3mo podr\u00eda impactar sus vidas si lo hacen\u00bb,<\/p>\n<p>\u2013&nbsp;<i>Abogado principal Don<\/i>&nbsp;<i>Worley <\/i>cuando se le pregunt\u00f3 sobre el litigio pendiente contra<\/p>\n<p><b>OTROS EFECTOS SECUNDARIOS DE XARELTO<\/b><\/p>\n<p>Se han reportado varios efectos secundarios graves, aunque no son necesariamente fatales.&nbsp; Los pacientes han reportado latidos card\u00edacos r\u00e1pidos, latidos card\u00edacos irregulares, palpitaciones y otras irregularidades card\u00edacas.<\/p>\n<p>Adem\u00e1s, los pacientes pueden experimentar cambios repentinos en la presi\u00f3n arterial o s\u00edntomas de fluctuaciones de la presi\u00f3n arterial tal como los mareos o desmayos. En tales casos, es importante que la persona reciba atenci\u00f3n m\u00e9dica lo &nbsp;antes posible.<\/p>\n<p>Adem\u00e1s, se pueden experimentar s\u00edntomas menos severos tal como hormigueos en la piel, sensaci\u00f3n de picaz\u00f3n o ardor, entumecimiento y dolor. Tambi\u00e9n se pueden experimentar dolores de cabeza y mareos, as\u00ed como problemas vesiculares y gastrointestinales, as\u00ed como problemas al tragar.<\/p>\n<p>Los pacientes &nbsp;tambi\u00e9n pueden experimentar una sensaci\u00f3n general de la debilidad, espasmos del m\u00fasculo y hormigueos de las extremidades<\/p>\n<p><b>\u00bfCALIFICO PARA PRESENTAR UNA DEMANDA DE XARELTO?<\/b><\/p>\n<p>Una demanda en contra de incluye una serie de demandas que van desde fatalidades, sangrados y hemorragias graves a complicaciones de salud no amenazantes a la vida, pero todav\u00eda graves. Los medicamentos anticoagulantes similares se han enfrentado a demandas sobre las reclamaciones enga\u00f1osas, pero se alcanz\u00f3 un acuerdo antes de que se llevaran a juicio las demandas.<\/p>\n<p>Los medicamentos anticoagulantes similares tales como Pradaxa y Eliquis se han enfrentado a pleitos sobre demandas enga\u00f1osas, pero un acuerdo fue alcanzado antes de que las demandas fueran llevadas a juicio. No todos los problemas de salud que usted ha sufrido pueden calificar para una demanda . Establecimos la l\u00ednea directa de para que puedes averiguarlo inmediatamente.<\/p>\n<p><b>L\u00cdNEA DIRECTA DEL PACIENTE PARA PLEITOS DE XARELTO: 1-800-610-2001<\/b><\/p>\n<p>Ya representando a varios clientes con demandas de lesiones causadas por , esperamos que la cantidad de pacientes que comparten c\u00f3mo el anticoagulante ha impactado sus vidas aumente dram\u00e1ticamente, mientras que la conciencia aumenta a nivel nacional.<\/p>\n<p>Hemos recuperado millones para nuestros clientes en demandas de lesi\u00f3n &nbsp;y podemos ayudarle a conseguir la justicia y la compensaci\u00f3n completa que usted se merece. Averig\u00fce por qu\u00e9&nbsp;<a href=\"http:\/\/www.prweb.com\/releases\/2012\/11\/prweb10119379.htm\" target=\"_blank\" rel=\"nofollow noopener\">Newsweek<\/a> present\u00f3 a nuestro abogado principal como uno de los mejores abogados litigantes en los Estados Unidos por el 2012.&nbsp;<a href=\"http:\/\/www.prweb.com\/releases\/2013\/3\/prweb10527429.htm\" target=\"_blank\" rel=\"nofollow noopener\">Revista Time<\/a>&nbsp;lista a McDonald Worley entre los l\u00edderes legales de la naci\u00f3n por el 2013.<\/p>\n<p><b>OBT\u00c9N AYUDA HOY MISMO<\/b><\/p>\n<p>Obt\u00e9n las respuestas legales que busca y averig\u00fce si califica para presentar una reclamaci\u00f3n de sangrado incontrolado de . Usted no tiene ninguna obligaci\u00f3n cuando habla con nuestros abogados &nbsp;y todo es completamente confidencial.<\/p>\n<p>Si usted sufri\u00f3 alg\u00fan problema de salud que usted cree que fue causado por el uso de , usted debe hablar con nuestros abogados de inmediato. Comparta lo que pas\u00f3 con nuestro bufete de abogados de lesiones personales hoy. Es posible que no se le haya advertido adecuadamente acerca de los riesgos nocivos para la salud asociados con el anticoagulante y que pueda tener derecho a una indemnizaci\u00f3n significativa por sus lesiones.<\/p>\n","protected":false},"excerpt":{"rendered":"<p>ADVERTENCIA DE SANGRADO INCONTROLABLE: RIESGO DE HEMORRAGIA GRAVE LIGADO A XARELTO Si usted o un ser querido ha sufrido alg\u00fan problema de sangrado incontrolado o complicaciones de salud que usted cree que fueron causadas por , puede calificar para presentar una demanda de . El diluyente de la sangre se ha relacionado con las siguientes [&hellip;]<\/p>\n","protected":false},"author":65,"featured_media":0,"parent":24875,"menu_order":0,"comment_status":"closed","ping_status":"closed","template":"","meta":{"_acf_changed":false,"site-sidebar-layout":"default","site-content-layout":"","ast-site-content-layout":"default","site-content-style":"default","site-sidebar-style":"default","ast-global-header-display":"","ast-banner-title-visibility":"","ast-main-header-display":"","ast-hfb-above-header-display":"","ast-hfb-below-header-display":"","ast-hfb-mobile-header-display":"","site-post-title":"","ast-breadcrumbs-content":"","ast-featured-img":"","footer-sml-layout":"","ast-disable-related-posts":"","theme-transparent-header-meta":"","adv-header-id-meta":"","stick-header-meta":"","header-above-stick-meta":"","header-main-stick-meta":"","header-below-stick-meta":"","astra-migrate-meta-layouts":"default","ast-page-background-enabled":"default","ast-page-background-meta":{"desktop":{"background-color":"var(--ast-global-color-4)","background-image":"","background-repeat":"repeat","background-position":"center center","background-size":"auto","background-attachment":"scroll","background-type":"","background-media":"","overlay-type":"","overlay-color":"","overlay-opacity":"","overlay-gradient":""},"tablet":{"background-color":"","background-image":"","background-repeat":"repeat","background-position":"center center","background-size":"auto","background-attachment":"scroll","background-type":"","background-media":"","overlay-type":"","overlay-color":"","overlay-opacity":"","overlay-gradient":""},"mobile":{"background-color":"","background-image":"","background-repeat":"repeat","background-position":"center center","background-size":"auto","background-attachment":"scroll","background-type":"","background-media":"","overlay-type":"","overlay-color":"","overlay-opacity":"","overlay-gradient":""}},"ast-content-background-meta":{"desktop":{"background-color":"var(--ast-global-color-5)","background-image":"","background-repeat":"repeat","background-position":"center center","background-size":"auto","background-attachment":"scroll","background-type":"","background-media":"","overlay-type":"","overlay-color":"","overlay-opacity":"","overlay-gradient":""},"tablet":{"background-color":"var(--ast-global-color-5)","background-image":"","background-repeat":"repeat","background-position":"center center","background-size":"auto","background-attachment":"scroll","background-type":"","background-media":"","overlay-type":"","overlay-color":"","overlay-opacity":"","overlay-gradient":""},"mobile":{"background-color":"var(--ast-global-color-5)","background-image":"","background-repeat":"repeat","background-position":"center center","background-size":"auto","background-attachment":"scroll","background-type":"","background-media":"","overlay-type":"","overlay-color":"","overlay-opacity":"","overlay-gradient":""}},"footnotes":""},"class_list":["post-24990","page","type-page","status-publish","hentry"],"acf":[],"_links":{"self":[{"href":"https:\/\/mcdonaldworley.com\/es\/wp-json\/wp\/v2\/pages\/24990","targetHints":{"allow":["GET"]}}],"collection":[{"href":"https:\/\/mcdonaldworley.com\/es\/wp-json\/wp\/v2\/pages"}],"about":[{"href":"https:\/\/mcdonaldworley.com\/es\/wp-json\/wp\/v2\/types\/page"}],"author":[{"embeddable":true,"href":"https:\/\/mcdonaldworley.com\/es\/wp-json\/wp\/v2\/users\/65"}],"replies":[{"embeddable":true,"href":"https:\/\/mcdonaldworley.com\/es\/wp-json\/wp\/v2\/comments?post=24990"}],"version-history":[{"count":0,"href":"https:\/\/mcdonaldworley.com\/es\/wp-json\/wp\/v2\/pages\/24990\/revisions"}],"up":[{"embeddable":true,"href":"https:\/\/mcdonaldworley.com\/es\/wp-json\/wp\/v2\/pages\/24875"}],"wp:attachment":[{"href":"https:\/\/mcdonaldworley.com\/es\/wp-json\/wp\/v2\/media?parent=24990"}],"curies":[{"name":"wp","href":"https:\/\/api.w.org\/{rel}","templated":true}]}}