{"id":24988,"date":"2018-11-01T20:24:03","date_gmt":"2018-11-02T02:24:03","guid":{"rendered":"https:\/\/abconlinehold.wpengine.com\/?page_id=24988"},"modified":"2021-08-11T17:22:33","modified_gmt":"2021-08-11T22:22:33","slug":"abogado-de-la-muerte-injusta","status":"publish","type":"page","link":"https:\/\/mcdonaldworley.com\/es\/houston\/abogado-muerte-injusta\/","title":{"rendered":"Abogado de Muerte Injusta en Houston"},"content":{"rendered":"<p>Cuando un miembro de la familia o un ser querido muere, es triste. Cuando mueren por causa de alguien m\u00e1s, es tr\u00e1gico. Est\u00e1s herido, est\u00e1s enojado, y quieres que alguien pague. No se trata s\u00f3lo del dinero. Se trata de buscar justicia para la persona que perdiste. Se trata de levantarse y decirle a la persona culpable que lo que hicieron estuvo mal.<\/p>\n<p>Si llega el momento en el que necesita un abogado de la muerte injusta, los profesionales de McDonald Worley est\u00e1n aqu\u00ed para usted. <a href=\"https:\/\/mcdonaldworley.com\/es\/los-angeles\/abogado-de-muerte-injusta\/\" target=\"_blank\" rel=\"noopener\">Los abogados de la muerte injusta<\/a> entienden lo que usted est\u00e1 sufriendo. Son compasivos y le permiten centrarse en el cuidado de su familia durante un momento tan dif\u00edcil. Deje que su abogado de la muerte injusta se concentre en el lado legal de las cosas para que te puedas concentrar en tratar de vivir tu vida.<\/p>\n<p><b>\u00bfQu\u00e9 Hace Que Una Muerte Sea Injusta?<\/b><\/p>\n<p>Lamentablemente, la gente muere todos los d\u00edas. Es una parte de la vida. Sin embargo, hay momentos en que alguien muere por las acciones de otro. Una muerte es injusta cuando no deber\u00eda haber sucedido. Legalmente, la muerte injusta es cuando alguien muere debido a las acciones o negligencia de otro. Cuando alguien muere en vez de s\u00f3lo ser herido, es una muerte injusta.<\/p>\n<p>Algunos ejemplos de muerte injusta son:<\/p>\n<ul>\n<li>Un paciente toma un medicamento que causa c\u00e1ncer y muere como resultado.<\/li>\n<li>El conductor de un tractor-tr\u00e1iler est\u00e1 enviando mensajes de texto, se desv\u00eda hacia el tr\u00e1fico que se avecina y mata a un automovilista.<\/li>\n<li>Un m\u00e9dico est\u00e1 realizando una cirug\u00eda rutinaria y comete un error que causa que su paciente muera.<\/li>\n<\/ul>\n<p>En todos estos casos, la persona muri\u00f3 como el resultado directo del comportamiento de otra persona. La persona hizo algo malo, y la v\u00edctima muri\u00f3 como resultado.<\/p>\n<p><b>\u00bfQui\u00e9n <a href=\"https:\/\/mcdonaldworley.com\/es\/texas\/quien-puede-demandar-muerte-injusta\/\" target=\"_blank\" rel=\"noopener\">Puede Demandar Por la Muerte Injusta<\/a><\/b>?<\/p>\n<p>Cuando alguien muere, afecta a varias personas. Sus familiares y amigos lloran. Su empleador pierde a un buen empleado. La comunidad pierde un gran entrenador de b\u00e9isbol. Sin embargo, si todos los afectados pudieran demandar, nuestros tribunales no har\u00edan otra cosa que juzgar casos de muerte il\u00edcita.<\/p>\n<p>Si se le permite demandar por algo, se dice que tiene \u00abderecho.\u00bb &nbsp;En Texas, usted tiene \u00abderecho\u00bb Si usted es un c\u00f3nyuge, padre o hijo del difunto.<\/p>\n<p>Si usted no es una de las personas arriba mencionadas, no puede contratar a un abogado de la muerte injusta. La ley es bastante clara. No protege a parejas o novios del mismo sexo. No permite a los abuelos demandar o padrastros. Se limita terminantemente a estos tres grupos de gente. Los da\u00f1os s\u00f3lo pueden ser reclamados por estos seres queridos.<\/p>\n<p><b>\u00bfCu\u00e1les Son Los Da\u00f1os Y Perjuicios Por La Muerte Injusta?<\/b><\/p>\n<p>Cuando usted demanda por muerte injusta, no est\u00e1 demandando en nombre de la persona que muri\u00f3. Esto puede sonar malo, pero es la ley. No est\u00e1s demandando por cosas que esa persona perdi\u00f3. Est\u00e1 demandando en su nombre. Est\u00e1 demandando por lo que usted ha perdido personalmente. T\u00edpicamente, puesto que usted no era la v\u00edctima real, usted ser\u00e1 demandando para lo que se llama los da\u00f1os compensatorios. Esto difiere de los da\u00f1os reales. Su abogado de la muerte injusta ser\u00e1 capaz de explicarle m\u00e1s.<\/p>\n<p>De acuerdo con la ley de Texas, usted puede demandar por lo siguiente:<\/p>\n<ul>\n<li>Da\u00f1os pecuniarios \u2013 se puede medir en d\u00f3lares y centavos\n<ul>\n<li>La p\u00e9rdida de capacidad de ganancia de la v\u00edctima. Esto es lo que el difunto hubiera sido capaz de ganar en su vida y contribuir a su familia. Esto se basa en su capacidad de ganancia, edad, educaci\u00f3n, historia y otros factores.<\/li>\n<li>Cualquieras facturas m\u00e9dicas pendientes incurridas por su familia<\/li>\n<li>Cualquier factura para la terapia y el tratamiento psiqui\u00e1trico que ha incurrido como resultado de la tragedia<\/li>\n<li>P\u00e9rdida de servicios \u2013 privaci\u00f3n de varios deberes dom\u00e9sticos, amor y compa\u00f1erismo<\/li>\n<li>P\u00e9rdida de asesoramiento y asesoramiento<\/li>\n<li>Gastos funerarios<\/li>\n<\/ul>\n<\/li>\n<li>Angustia mental<\/li>\n<li>P\u00e9rdida de consorcio \u2013 esta es la p\u00e9rdida de relaciones entre esposa y esposo<\/li>\n<li>P\u00e9rdida de la herencia \u2013 cualquier herencia que el difunto habr\u00eda tenido derecho a si hubiera vivido<\/li>\n<li>Da\u00f1os punitivos \u2013 los da\u00f1os evaluados para castigar a la parte culpable<\/li>\n<\/ul>\n<p><b>Comun\u00edquese Con Un <a href=\"https:\/\/mcdonaldworley.com\/es\/houston-tx\/abogado-de-resbalones-y-caidas\/\" target=\"_blank\" rel=\"noopener\">Abogado De la Muerte Injusta En Houston<\/a>, TX.<\/b><\/p>\n<p>Usted puede haber perdido a alguien debido a los actos intencionales o negligentes de otro. Llama a un <a href=\"https:\/\/mcdonaldworley.com\/es\/houston\/abogado-accidentes-de-tren\/\" target=\"_blank\" rel=\"noopener\">abogado de la muerte injusta en Houston<\/a>, Texas.. Los abogados veteranos de la muerte injusta en McDonald Worley est\u00e1n aqu\u00ed para ayudar a guiarle a trav\u00e9s de este proceso doloroso y dif\u00edcil.<\/p>\n<p>No es posible navegar por el sistema legal solo. Has perdido a un miembro de la familia. Usted est\u00e1 tratando de afligirse y cuidar de su familia. Deje que los abogados en McDonald Worley se enfoque en el lado legal para que usted pueda centrarse en vivir su vida.<\/p>\n","protected":false},"excerpt":{"rendered":"<p>Cuando un miembro de la familia o un ser querido muere, es triste. Cuando mueren por causa de alguien m\u00e1s, es tr\u00e1gico. Est\u00e1s herido, est\u00e1s enojado, y quieres que alguien pague. No se trata s\u00f3lo del dinero. Se trata de buscar justicia para la persona que perdiste. Se trata de levantarse y decirle a la [&hellip;]<\/p>\n","protected":false},"author":65,"featured_media":0,"parent":24889,"menu_order":0,"comment_status":"closed","ping_status":"closed","template":"","meta":{"_acf_changed":false,"site-sidebar-layout":"default","site-content-layout":"","ast-site-content-layout":"default","site-content-style":"default","site-sidebar-style":"default","ast-global-header-display":"","ast-banner-title-visibility":"","ast-main-header-display":"","ast-hfb-above-header-display":"","ast-hfb-below-header-display":"","ast-hfb-mobile-header-display":"","site-post-title":"","ast-breadcrumbs-content":"","ast-featured-img":"","footer-sml-layout":"","ast-disable-related-posts":"","theme-transparent-header-meta":"","adv-header-id-meta":"","stick-header-meta":"","header-above-stick-meta":"","header-main-stick-meta":"","header-below-stick-meta":"","astra-migrate-meta-layouts":"default","ast-page-background-enabled":"default","ast-page-background-meta":{"desktop":{"background-color":"var(--ast-global-color-4)","background-image":"","background-repeat":"repeat","background-position":"center center","background-size":"auto","background-attachment":"scroll","background-type":"","background-media":"","overlay-type":"","overlay-color":"","overlay-opacity":"","overlay-gradient":""},"tablet":{"background-color":"","background-image":"","background-repeat":"repeat","background-position":"center center","background-size":"auto","background-attachment":"scroll","background-type":"","background-media":"","overlay-type":"","overlay-color":"","overlay-opacity":"","overlay-gradient":""},"mobile":{"background-color":"","background-image":"","background-repeat":"repeat","background-position":"center center","background-size":"auto","background-attachment":"scroll","background-type":"","background-media":"","overlay-type":"","overlay-color":"","overlay-opacity":"","overlay-gradient":""}},"ast-content-background-meta":{"desktop":{"background-color":"var(--ast-global-color-5)","background-image":"","background-repeat":"repeat","background-position":"center center","background-size":"auto","background-attachment":"scroll","background-type":"","background-media":"","overlay-type":"","overlay-color":"","overlay-opacity":"","overlay-gradient":""},"tablet":{"background-color":"var(--ast-global-color-5)","background-image":"","background-repeat":"repeat","background-position":"center center","background-size":"auto","background-attachment":"scroll","background-type":"","background-media":"","overlay-type":"","overlay-color":"","overlay-opacity":"","overlay-gradient":""},"mobile":{"background-color":"var(--ast-global-color-5)","background-image":"","background-repeat":"repeat","background-position":"center center","background-size":"auto","background-attachment":"scroll","background-type":"","background-media":"","overlay-type":"","overlay-color":"","overlay-opacity":"","overlay-gradient":""}},"footnotes":""},"class_list":["post-24988","page","type-page","status-publish","hentry"],"acf":[],"_links":{"self":[{"href":"https:\/\/mcdonaldworley.com\/es\/wp-json\/wp\/v2\/pages\/24988","targetHints":{"allow":["GET"]}}],"collection":[{"href":"https:\/\/mcdonaldworley.com\/es\/wp-json\/wp\/v2\/pages"}],"about":[{"href":"https:\/\/mcdonaldworley.com\/es\/wp-json\/wp\/v2\/types\/page"}],"author":[{"embeddable":true,"href":"https:\/\/mcdonaldworley.com\/es\/wp-json\/wp\/v2\/users\/65"}],"replies":[{"embeddable":true,"href":"https:\/\/mcdonaldworley.com\/es\/wp-json\/wp\/v2\/comments?post=24988"}],"version-history":[{"count":0,"href":"https:\/\/mcdonaldworley.com\/es\/wp-json\/wp\/v2\/pages\/24988\/revisions"}],"up":[{"embeddable":true,"href":"https:\/\/mcdonaldworley.com\/es\/wp-json\/wp\/v2\/pages\/24889"}],"wp:attachment":[{"href":"https:\/\/mcdonaldworley.com\/es\/wp-json\/wp\/v2\/media?parent=24988"}],"curies":[{"name":"wp","href":"https:\/\/api.w.org\/{rel}","templated":true}]}}