{"id":24986,"date":"2018-11-01T20:22:49","date_gmt":"2018-11-01T20:22:49","guid":{"rendered":"https:\/\/abconlinehold.wpengine.com\/?page_id=24986"},"modified":"2021-08-09T12:24:51","modified_gmt":"2021-08-09T17:24:51","slug":"impugnacion-de-testamento","status":"publish","type":"page","link":"https:\/\/mcdonaldworley.com\/es\/juicio-civil\/impugnacion-de-testamento\/","title":{"rendered":"Impugnaci\u00f3n de Testamento"},"content":{"rendered":"<p><b>\u00bfNecesitas impugnar un testamento?<\/b><\/p>\n<p>Desafortunadamente, las disputas a menudo surgen despu\u00e9s de la muerte de un ser querido y se necesita de un abogado litigante de sucesiones.<\/p>\n<p>Un ejemplo de situaciones en las que un abogado litigante de sucesiones ser\u00eda necesario es cuando alguien presenta un testamento que no es v\u00e1lido. Ejemplos de un testamento inv\u00e1lido incluye aquellos que no cumplen con todos los requisitos de la ley de alg\u00fan estado, situaciones que implican fraudes y situaciones en las que un beneficiario indebidamente influy\u00f3 en el difunto.<\/p>\n<p>Uno de los tipos m\u00e1s comunes de impugnaciones de testamento ocurre cuando el difunto firm\u00f3 un testamento en un momento en el que \u00e9l o ella no ten\u00eda capacidad testamentaria (la capacidad de entender que se estaba firmando un testamento). Las enfermedades graves, como la demencia o la enfermedad de Alzheimer, pueden impedir que alguien tenga la capacidad de entender que se est\u00e1 firmando un testamento.<\/p>\n<p>Cuando no hay un testamento, puede haber controversias acerca de qui\u00e9n es un heredero del difunto y qui\u00e9n no lo es.<\/p>\n<p><b>IMPUGNAR UN TESTAMENTO EN TEXAS<\/b><\/p>\n<p>En Texas, hay seis fechas limites para cuando un testamento puede ser impugnado, que depende de una variedad de circunstancias. Ya que el pariente m\u00e1s cercano o el ejecutor del testamento tiene cuatro a\u00f1os a partir de la fecha de la muerte para que el testamento sea sometido para legitimaci\u00f3n, es una situaci\u00f3n que puede complicarse f\u00e1cilmente.<\/p>\n<p>El momento ideal para impugnar un testamento es antes de que comience el proceso de sucesi\u00f3n. Uno de los primeros pasos en el proceso de sucesiones es obtener el testamento validado por el tribunal. En Texas, despu\u00e9s de que el testamento sea enviado a un tribunal de sucesiones con la intenci\u00f3n de legitimarlo, un per\u00edodo de espera de dos semanas comienza. El tribunal testamentario entonces publicar\u00e1 una notificaci\u00f3n que incluye la expiraci\u00f3n del per\u00edodo de espera. Este es el mejor momento para que alguien pueda impugnar el testamento.<\/p>\n<p>Si alguien piensa que algo est\u00e1 mal con el testamento, y no es impugnada durante este per\u00edodo de espera, es mucho m\u00e1s dif\u00edcil legalmente el poder impugnar el testamento despu\u00e9s de la fecha de vencimiento.<\/p>\n<p>La sucesi\u00f3n comienza en Texas cuando el testamento es validado por el tribunal y se designa a un ejecutor, el cual tiene lugar en una audiencia. Una vez que esto ocurra, hay dos a\u00f1os en los cuales alguien es capaz de impugnar el testamento.<\/p>\n<p>Sin embargo, existen algunas excepciones a este per\u00edodo de tiempo, en las siguientes circunstancias:<\/p>\n<ul>\n<li><b>Fraudes y falsificaciones:<\/b>\u00a0Si se descubren indicios de fraude o falsificaci\u00f3n, hay dos a\u00f1os adicionales de cuando se saca a la luz para impugnar el testamento.<\/li>\n<li><b>Descubrimiento de un segundo testamento:<\/b>\u00a0Tambi\u00e9n se da tiempo adicional para impugnar un testamento si se descubre un segundo testamento.<\/li>\n<li><b>Herederos inconscientes:<\/b>\u00a0El Tribunal Supremo de Texas dictamin\u00f3 en el 2010 que los hijos del difunto pueden tener cuatro a\u00f1os para presentar una reclamaci\u00f3n por su participaci\u00f3n en la herencia, si no eran conscientes de su estatus durante el per\u00edodo de sucesiones. Esto puede ocurrir en los casos en los que haya ni\u00f1os que fueron adoptados o que a\u00fan no hab\u00edan descubierto qui\u00e9n era su padre biol\u00f3gico hasta que se cerrara el testamento.<\/li>\n<li><b>Herederos incapacitados:<\/b>\u00a0Los herederos que est\u00e1n incapacitados o son menores de edad tienen dos a\u00f1os adicionales para impugnar un testamento una vez que se recupere la capacidad o que sean lo suficientemente mayores para presentar una demanda.<\/li>\n<\/ul>\n<p><b>OBT\u00c9N AYUDA DE UN ABOGADO VETERANO DE SUCESIONES <\/b><\/p>\n<p>En estas situaciones, es importante tener a un abogado familiarizado con el sistema de sucesiones y un abogado con experiencia en el juicio en caso de que el asunto tenga que ser determinado por un juez o jurado. Siendo ex abogado del personal para un Tribunal de Sucesiones Estatuarios del Condado de Harris, el abogado Donald S. Worley conoce el sistema de sucesiones y ha presentado muchos casos en el tribunal testamentario como un abogado litigante de sucesiones.<\/p>\n<p>Los abogados de McDonald Worley han recuperado millones para clientes pasados en la corte testamentaria. Para informaci\u00f3n sobre veredictos y acuerdos espec\u00edficos del jurado, por favor comun\u00edquese con el bufete. Estamos orgullosos de nuestros resultados en McDonald Worley.<\/p>\n<p>En algunos casos de litigios de sucesiones, el caso puede ser aceptado por McDonald Worley en una base de honorarios de contingencia.<\/p>\n<p>Esto significa que usted s\u00f3lo tiene que pagar honorarios de abogado si es que los abogados en McDonald Worley recuperan dinero en su nombre. Si no recuperamos el dinero para usted, usted no tiene que pagar honorarios del abogado.<\/p>\n","protected":false},"excerpt":{"rendered":"<p>\u00bfNecesitas impugnar un testamento? Desafortunadamente, las disputas a menudo surgen despu\u00e9s de la muerte de un ser querido y se necesita de un abogado litigante de sucesiones. Un ejemplo de situaciones en las que un abogado litigante de sucesiones ser\u00eda necesario es cuando alguien presenta un testamento que no es v\u00e1lido. Ejemplos de un testamento [&hellip;]<\/p>\n","protected":false},"author":65,"featured_media":0,"parent":24871,"menu_order":0,"comment_status":"closed","ping_status":"closed","template":"","meta":{"_acf_changed":false,"site-sidebar-layout":"default","site-content-layout":"","ast-site-content-layout":"default","site-content-style":"default","site-sidebar-style":"default","ast-global-header-display":"","ast-banner-title-visibility":"","ast-main-header-display":"","ast-hfb-above-header-display":"","ast-hfb-below-header-display":"","ast-hfb-mobile-header-display":"","site-post-title":"","ast-breadcrumbs-content":"","ast-featured-img":"","footer-sml-layout":"","ast-disable-related-posts":"","theme-transparent-header-meta":"","adv-header-id-meta":"","stick-header-meta":"","header-above-stick-meta":"","header-main-stick-meta":"","header-below-stick-meta":"","astra-migrate-meta-layouts":"default","ast-page-background-enabled":"default","ast-page-background-meta":{"desktop":{"background-color":"var(--ast-global-color-4)","background-image":"","background-repeat":"repeat","background-position":"center center","background-size":"auto","background-attachment":"scroll","background-type":"","background-media":"","overlay-type":"","overlay-color":"","overlay-opacity":"","overlay-gradient":""},"tablet":{"background-color":"","background-image":"","background-repeat":"repeat","background-position":"center center","background-size":"auto","background-attachment":"scroll","background-type":"","background-media":"","overlay-type":"","overlay-color":"","overlay-opacity":"","overlay-gradient":""},"mobile":{"background-color":"","background-image":"","background-repeat":"repeat","background-position":"center center","background-size":"auto","background-attachment":"scroll","background-type":"","background-media":"","overlay-type":"","overlay-color":"","overlay-opacity":"","overlay-gradient":""}},"ast-content-background-meta":{"desktop":{"background-color":"var(--ast-global-color-5)","background-image":"","background-repeat":"repeat","background-position":"center center","background-size":"auto","background-attachment":"scroll","background-type":"","background-media":"","overlay-type":"","overlay-color":"","overlay-opacity":"","overlay-gradient":""},"tablet":{"background-color":"var(--ast-global-color-5)","background-image":"","background-repeat":"repeat","background-position":"center center","background-size":"auto","background-attachment":"scroll","background-type":"","background-media":"","overlay-type":"","overlay-color":"","overlay-opacity":"","overlay-gradient":""},"mobile":{"background-color":"var(--ast-global-color-5)","background-image":"","background-repeat":"repeat","background-position":"center center","background-size":"auto","background-attachment":"scroll","background-type":"","background-media":"","overlay-type":"","overlay-color":"","overlay-opacity":"","overlay-gradient":""}},"footnotes":""},"class_list":["post-24986","page","type-page","status-publish","hentry"],"acf":[],"_links":{"self":[{"href":"https:\/\/mcdonaldworley.com\/es\/wp-json\/wp\/v2\/pages\/24986","targetHints":{"allow":["GET"]}}],"collection":[{"href":"https:\/\/mcdonaldworley.com\/es\/wp-json\/wp\/v2\/pages"}],"about":[{"href":"https:\/\/mcdonaldworley.com\/es\/wp-json\/wp\/v2\/types\/page"}],"author":[{"embeddable":true,"href":"https:\/\/mcdonaldworley.com\/es\/wp-json\/wp\/v2\/users\/65"}],"replies":[{"embeddable":true,"href":"https:\/\/mcdonaldworley.com\/es\/wp-json\/wp\/v2\/comments?post=24986"}],"version-history":[{"count":0,"href":"https:\/\/mcdonaldworley.com\/es\/wp-json\/wp\/v2\/pages\/24986\/revisions"}],"up":[{"embeddable":true,"href":"https:\/\/mcdonaldworley.com\/es\/wp-json\/wp\/v2\/pages\/24871"}],"wp:attachment":[{"href":"https:\/\/mcdonaldworley.com\/es\/wp-json\/wp\/v2\/media?parent=24986"}],"curies":[{"name":"wp","href":"https:\/\/api.w.org\/{rel}","templated":true}]}}