{"id":24984,"date":"2018-11-01T20:21:57","date_gmt":"2018-11-01T20:21:57","guid":{"rendered":"https:\/\/abconlinehold.wpengine.com\/?page_id=24984"},"modified":"2021-08-09T14:45:13","modified_gmt":"2021-08-09T19:45:13","slug":"demanda-colectiva-contra-volkswagen-por-emisiones-de-gas","status":"publish","type":"page","link":"https:\/\/mcdonaldworley.com\/es\/productos-defectuosos\/demanda-colectiva-contra-volkswagen-por-emisiones-de-gas\/","title":{"rendered":"Demanda Colectiva Contra Volkswagen por Emisiones de Gas"},"content":{"rendered":"<p><b>\u00bfES USTED DUE\u00d1O DE UN VEH\u00cdCULO DE GAS DE VOLKSWAGEN AFECTADO EN EL ENGA\u00d1O DE EMISIONES?\u00a0SU VALOR DE REVENTA SE REDUJO, PERO AUN PUEDE SER ELEGIBLE PARA UNA INDEMNIZACI\u00d3N.<\/b><\/p>\n<p>\u00bfTe sientes enga\u00f1ado o defraudado por Volkswagen? No est\u00e1s solo. Usted puede haber pagado m\u00e1s por un veh\u00edculo modelo de di\u00e9sel-limpio, y cuando VW revel\u00f3 que hab\u00edan ama\u00f1ado las emisiones, es posible que haya sido enga\u00f1ado.\u00a0Usted puede ser elegible para una liquidaci\u00f3n en efectivo a trav\u00e9s de la demanda colectiva de Volkswagen o calificar para opciones de recompra del distribuidor por un veh\u00edculo afectado.<\/p>\n<p>Volkswagen no represent\u00f3 adecuadamente las capacidades de su producto; tienes derechos legales. Si califica, puede ser elegible para una indemnizaci\u00f3n, esto es si su modelo y a\u00f1o de veh\u00edculo se encontraban entre los ama\u00f1ados.<\/p>\n<p>Comparta los detalles con nuestros abogados para averiguar si usted califica y aseg\u00farese de no perder la oportunidad de presentar su reclamaci\u00f3n legal hoy.<\/p>\n<p><b>RESUMEN DEL ESC\u00c1NDALO DE EMISIONES DE VOLKSWAGEN<\/b><\/p>\n<p>En un\u00a0<a href=\"http:\/\/yosemite.epa.gov\/opa\/admpress.nsf\/a883dc3da7094f97852572a00065d7d8\/dfc8e33b5ab162b985257ec40057813b!OpenDocument\" target=\"_blank\" rel=\"nofollow noopener\">Aviso de Infracci\u00f3n\u00a0<\/a>a <i>Volkswagen of America<\/i> en el 18 de septiembre del 2015, la Agencia de Protecci\u00f3n Ambiental de los Estados Unidos (EPA, por sus siglas en ingl\u00e9s) declar\u00f3 que descubri\u00f3 que cerca de 500,000 veh\u00edculos di\u00e9sel de Volkswagen vendidos en los Estados Unidos estaban emitiendo hasta 40 veces m\u00e1s humos t\u00f3xicos que los permitidos bajo la ley de aire limpio.<\/p>\n<p>Volkswagen ha admitido desde entonces que m\u00e1s de 11 millones coches di\u00e9sel en todo el mundo se ven afectados por el esc\u00e1ndalo de emisiones.<\/p>\n<p>Los veh\u00edculos de Volkswagen se equiparon con lo que se llama un \u00abdispositivo de la derrota\u00bb en el software del motor que permite que el coche diga si est\u00e1 siendo conducido bajo condiciones de prueba y, consecuentemente, enciende los controles que cortan emisiones di\u00e9sel con una variedad de t\u00e9cnicas de \u00abdi\u00e9sel limpio\u00bb.<\/p>\n<p>La tecnolog\u00eda enga\u00f1aba a los reguladores para que creyeran que los autom\u00f3viles di\u00e9sel de Volkswagen de cuatro cilindros cumpl\u00edan con las normas de emisiones, pero una vez que los coches fueron conducidos bajo condiciones normales, emitieron contaminantes da\u00f1inos a casi 40 veces el est\u00e1ndar aceptable.<\/p>\n<p>Volkswagen reconoci\u00f3 una desviaci\u00f3n notable entre los resultados de la prueba de la f\u00e1brica y el uso real del camino en los veh\u00edculos afectados y par\u00f3 la venta de Volkswagen en cuesti\u00f3n.<\/p>\n<p><b>DEMANDA COLECTIVA CONTRA VOLKSWAGEN Y AUDI<\/b><\/p>\n<p>Se hizo una demanda colectiva de $10 mil millones entre\u00a0<a href=\"https:\/\/www.vwcourtsettlement.com\/en\/\" target=\"_blank\" rel=\"nofollow noopener\"><b>Volkswagen<\/b>\u00a0<\/a>y los propietarios y arrendatarios que ten\u00edan veh\u00edculos con motores TDI de 2.0 litros.<\/p>\n<p>Esto incluye los siguientes veh\u00edculos:<\/p>\n<ul>\n<li>Volkswagen Beetle del 2013-2015<\/li>\n<li>Volkswagen Beetle Convertible del 2013-2015<\/li>\n<li>Volkswagen Golf del 2010-2015<\/li>\n<li>Volkswagen Golf SportWagen del 2015<\/li>\n<li>Volkswagen Jetta del 2009-2015<\/li>\n<li>Volkswagen Jetta Sportwagen del 2009-2014<\/li>\n<li>Volkswagen Passat del 2012-2015<\/li>\n<li>Audi A3 del 2010-2013; 2015<\/li>\n<\/ul>\n<p>Los miembros de la demanda pueden reclamar hasta $5,100 adem\u00e1s de participar en el programa de recompra vehicular de Volkswagen o en la modificaci\u00f3n aprobada de emisiones. Los actuales propietarios y arrendatarios de los veh\u00edculos Volkswagen afectados tienen hasta septiembre del 2018 para participar en el asentamiento.<\/p>\n<p>Tambi\u00e9n hay una demanda colectiva de Volkswagen <a href=\"https:\/\/mcdonaldworley.com\/civil-litigation\/oil-gas-royalty-underpayment\/\" target=\"_blank\" rel=\"noopener\">por las emisiones de gas<\/a> para aquellos que poseen veh\u00edculos de TDI de 3.0 litros.. Este asentamiento de Volkswagen afecta a los siguientes veh\u00edculos:<\/p>\n<ul>\n<li>Volkswagen Touareg del 2009-2016<\/li>\n<li>Audi Q7 del 2009-2015<\/li>\n<li>Audi A6, A7, A8, A8L, Q5 del 2014-2016<\/li>\n<li>Porsche Cayenne Di\u00e9sel del 2013-2016<\/li>\n<\/ul>\n<p>Los miembros de la demanda de este asentamiento de Volkswagen de 3.0 litros tienen opciones dependiendo de la edad de su veh\u00edculo. Si tienen un veh\u00edculo m\u00e1s antiguo, podr\u00e1n elegir entre participar en un programa de terminaci\u00f3n de recompra de veh\u00edculos, comercio o arrendamiento. Tambi\u00e9n puede decidir que su veh\u00edculo sea modificado para que las emisiones coincidan con lo que originalmente se supon\u00eda que deb\u00edan ser.<\/p>\n<p>Para aquellos con nuevos veh\u00edculos de 3.0 litros, podr\u00e1n inscribirse para la modificaci\u00f3n de la retirada conforme a las emisiones.<\/p>\n<p><b>ENGA\u00d1O GLOBAL: EL FABRICANTE AUTOMOTRIZ VOLKSWAGEN ADMITE QUE HICIERON TRAMPA EN LOS RESULTADOS DE LAS PRUEBAS DE EMISIONES<\/b><\/p>\n<p>Varias demandas del consumidor contra el grupo de Volkswagen de Am\u00e9rica han presentado que buscan la remuneraci\u00f3n para los consumidores defraudados por el popular fabricante de coches.<\/p>\n<p>Las personas que compraron los veh\u00edculos di\u00e9sel de Volkswagen creyeron que pasaron pruebas de emisiones de aire limpio en los Estados Unidos. El automotriz revel\u00f3 que hab\u00eda instalado el programa que asegur\u00f3 que los coches cumplen con los est\u00e1ndares durante la prueba, pero super\u00f3 estos est\u00e1ndares de emisi\u00f3n de contaminaci\u00f3n al conducir.<\/p>\n<p>Los veh\u00edculos di\u00e9sel que tienen instalados los \u00abdispositivos de la derrota\u00bb pueden detectar el ambiente de la prueba y ajustar para cumplir las expectativas.\u00a0Volkswagen admiti\u00f3 haber participado activamente en este fraude por m\u00e1s de siete a\u00f1os.<\/p>\n<p><b>\u00bfSE HAN RETIRADO LOS COCHES CON EL \u00abDISPOSITIVO DE DERROTA\u00bb?<\/b><\/p>\n<p>Como parte del acuerdo alcanzado con los reguladores ambientales de Estados Unidos tal como la Agencia de Protecci\u00f3n Ambiental (EPA) y la Junta de Recursos A\u00e9reos de California (CARB), Volkswagen retirar\u00e1 63,000 veh\u00edculos con\u00a0<a href=\"https:\/\/www.volkswagen-media-services.com\/en\/detailpage\/-\/detail\/Volkswagen-reaches-agreement-with-US-environmental-regulators-to-resolve-civil-claims-related-to-30L-TDI-V6-diesel-engine-vehicles-in-the-United-States\/view\/4348337\/45d3a7a50202286bd358a98c25c96a2a?p_p_auth=GdD9DxKv\" target=\"_blank\" rel=\"nofollow noopener\"><b>motores di\u00e9sel V6 de TDI de 3.0 l<\/b><\/a><b>itros<\/b>\u00a0Y\u00a0<a href=\"https:\/\/www.volkswagen-media-services.com\/en\/detailpage\/-\/detail\/Volkswagen-obtains-final-approval-of-20L-TDI-settlement-program-in-the-United-States\/view\/4124615\/45d3a7a50202286bd358a98c25c96a2a?p_p_auth=GdD9DxKv\" target=\"_blank\" rel=\"nofollow noopener\"><b>475,000 veh\u00edculos TDI de 2.0 litros.<\/b><\/a><\/p>\n<p>Si usted es due\u00f1o de uno de los coches Volkswagen afectados, es posible que desee aferrarse al veh\u00edculo. Usted puede ser elegible para unirse a la demanda colectiva de Volkswagen y buscar compensaci\u00f3n por haber comprado un veh\u00edculo con un &#8216;dispositivo enga\u00f1oso\u2019 instalado.<\/p>\n<p>Si no est\u00e1 seguro si califica con los requisitos para el acuerdo, comun\u00edquese hoy con los abogados de McDonald Worley para obtener m\u00e1s informaci\u00f3n.<\/p>\n","protected":false},"excerpt":{"rendered":"<p>\u00bfES USTED DUE\u00d1O DE UN VEH\u00cdCULO DE GAS DE VOLKSWAGEN AFECTADO EN EL ENGA\u00d1O DE EMISIONES?\u00a0SU VALOR DE REVENTA SE REDUJO, PERO AUN PUEDE SER ELEGIBLE PARA UNA INDEMNIZACI\u00d3N. \u00bfTe sientes enga\u00f1ado o defraudado por Volkswagen? No est\u00e1s solo. Usted puede haber pagado m\u00e1s por un veh\u00edculo modelo de di\u00e9sel-limpio, y cuando VW revel\u00f3 que [&hellip;]<\/p>\n","protected":false},"author":65,"featured_media":0,"parent":24887,"menu_order":0,"comment_status":"closed","ping_status":"closed","template":"","meta":{"_acf_changed":false,"site-sidebar-layout":"default","site-content-layout":"","ast-site-content-layout":"default","site-content-style":"default","site-sidebar-style":"default","ast-global-header-display":"","ast-banner-title-visibility":"","ast-main-header-display":"","ast-hfb-above-header-display":"","ast-hfb-below-header-display":"","ast-hfb-mobile-header-display":"","site-post-title":"","ast-breadcrumbs-content":"","ast-featured-img":"","footer-sml-layout":"","ast-disable-related-posts":"","theme-transparent-header-meta":"","adv-header-id-meta":"","stick-header-meta":"","header-above-stick-meta":"","header-main-stick-meta":"","header-below-stick-meta":"","astra-migrate-meta-layouts":"default","ast-page-background-enabled":"default","ast-page-background-meta":{"desktop":{"background-color":"var(--ast-global-color-4)","background-image":"","background-repeat":"repeat","background-position":"center center","background-size":"auto","background-attachment":"scroll","background-type":"","background-media":"","overlay-type":"","overlay-color":"","overlay-opacity":"","overlay-gradient":""},"tablet":{"background-color":"","background-image":"","background-repeat":"repeat","background-position":"center center","background-size":"auto","background-attachment":"scroll","background-type":"","background-media":"","overlay-type":"","overlay-color":"","overlay-opacity":"","overlay-gradient":""},"mobile":{"background-color":"","background-image":"","background-repeat":"repeat","background-position":"center center","background-size":"auto","background-attachment":"scroll","background-type":"","background-media":"","overlay-type":"","overlay-color":"","overlay-opacity":"","overlay-gradient":""}},"ast-content-background-meta":{"desktop":{"background-color":"var(--ast-global-color-5)","background-image":"","background-repeat":"repeat","background-position":"center center","background-size":"auto","background-attachment":"scroll","background-type":"","background-media":"","overlay-type":"","overlay-color":"","overlay-opacity":"","overlay-gradient":""},"tablet":{"background-color":"var(--ast-global-color-5)","background-image":"","background-repeat":"repeat","background-position":"center center","background-size":"auto","background-attachment":"scroll","background-type":"","background-media":"","overlay-type":"","overlay-color":"","overlay-opacity":"","overlay-gradient":""},"mobile":{"background-color":"var(--ast-global-color-5)","background-image":"","background-repeat":"repeat","background-position":"center center","background-size":"auto","background-attachment":"scroll","background-type":"","background-media":"","overlay-type":"","overlay-color":"","overlay-opacity":"","overlay-gradient":""}},"footnotes":""},"class_list":["post-24984","page","type-page","status-publish","hentry"],"acf":[],"_links":{"self":[{"href":"https:\/\/mcdonaldworley.com\/es\/wp-json\/wp\/v2\/pages\/24984","targetHints":{"allow":["GET"]}}],"collection":[{"href":"https:\/\/mcdonaldworley.com\/es\/wp-json\/wp\/v2\/pages"}],"about":[{"href":"https:\/\/mcdonaldworley.com\/es\/wp-json\/wp\/v2\/types\/page"}],"author":[{"embeddable":true,"href":"https:\/\/mcdonaldworley.com\/es\/wp-json\/wp\/v2\/users\/65"}],"replies":[{"embeddable":true,"href":"https:\/\/mcdonaldworley.com\/es\/wp-json\/wp\/v2\/comments?post=24984"}],"version-history":[{"count":0,"href":"https:\/\/mcdonaldworley.com\/es\/wp-json\/wp\/v2\/pages\/24984\/revisions"}],"up":[{"embeddable":true,"href":"https:\/\/mcdonaldworley.com\/es\/wp-json\/wp\/v2\/pages\/24887"}],"wp:attachment":[{"href":"https:\/\/mcdonaldworley.com\/es\/wp-json\/wp\/v2\/media?parent=24984"}],"curies":[{"name":"wp","href":"https:\/\/api.w.org\/{rel}","templated":true}]}}