{"id":24980,"date":"2018-11-01T20:19:59","date_gmt":"2018-11-01T20:19:59","guid":{"rendered":"https:\/\/abconlinehold.wpengine.com\/?page_id=24980"},"modified":"2021-08-11T17:23:03","modified_gmt":"2021-08-11T22:23:03","slug":"abogado-de-accidentes-de-camion-en-houston","status":"publish","type":"page","link":"https:\/\/mcdonaldworley.com\/es\/houston\/abogado-accidentes-de-camion","title":{"rendered":"Abogado de Accidentes de Cami\u00f3n en Houston"},"content":{"rendered":"<p><b>\u00bfTe lesionaste en un accidente con un semirremolque? No permita que las compa\u00f1\u00edas de seguros eviten su responsabilidad.<\/b><\/p>\n<p>A diferencia de un accidente de coche promedio, cuando un remolque tractor o cami\u00f3n comercial est\u00e1 involucrado, los riesgos se elevan. El riesgo de lesiones graves o fatales se incrementa significativamente. Adem\u00e1s, cuando se trata de accidentes de semirremolques hay a menudo varios veh\u00edculos involucrados en las carreteras donde los veh\u00edculos conducen a velocidades m\u00e1s r\u00e1pidas.<\/p>\n<p>Las lesiones que los conductores y los pasajeros pueden sufrir en un accidente de semirremolque pueden ser catastr\u00f3ficos, lo que resulta en gastos m\u00e9dicos cuantiosos y en casos severos, algunas lesiones pueden requerir atenci\u00f3n de por vida.<\/p>\n<p>Las investigaciones que van a entender un accidente de semirremolque pueden ser complicadas, ya que varios factores deben ser considerados tal como la velocidad de cada veh\u00edculo, la fatiga del conductor y las pol\u00edticas de las empresas de transporte por carretera.<\/p>\n<p><b><i>Las compa\u00f1\u00edas de seguros de camiones har\u00e1n todo lo posible para reducir su responsabilidad y minimizar el da\u00f1o de su reclamaci\u00f3n.<\/i><\/b><\/p>\n<p>Si usted o un ser querido estuvo involucrado en un accidente automovil\u00edstico grave con un semirremolque y sufri\u00f3 graves lesiones, es posible que tenga una compensaci\u00f3n significativa esper\u00e1ndole. Es decir, si presenta una reclamaci\u00f3n exitosa y si no caen en las numerosas trampas que los investigadores y las aseguradoras se establecen para reducir lo que tienen que pagar.<\/p>\n<p><b>Si usted no est\u00e1 recibiendo la compensaci\u00f3n que usted cree que se merece por sus lesiones de accidente de semirremolque, comun\u00edquese hoy con los abogados veteranos de lesiones personales en McDonald Worley para una evaluaci\u00f3n de casos gratuita.<\/b><\/p>\n<h4><b>ACCIDENTES DE SEMI-CAMIONES<\/b><\/h4>\n<p>Aproximadamente 415,000&nbsp;<a href=\"https:\/\/www.fmcsa.dot.gov\/safety\/data-and-statistics\/large-truck-and-bus-crash-facts-2015-early-release\" target=\"_blank\" rel=\"nofollow noopener\"><b>accidentes de camiones grandes<\/b><\/a>&nbsp;ocurren cada a\u00f1o, seg\u00fan el Departamento de Transporte de los Estados Unidos (DOT, por sus siglas en ingl\u00e9s), en el que participan semirremolques de 18 ruedas, remolques para tractores y otros camiones grandes. La DOT tambi\u00e9n encontr\u00f3 que en el 2015 aproximadamente 83,000 de estos grandes accidentes de camiones llev\u00f3 a lesiones graves y m\u00e1s de 4,000 personas murieron en estos accidentes de semirremolques.<\/p>\n<p>Si usted ha estado en un accidente de cami\u00f3n, usted necesita ponerse en contacto con nuestra oficina de inmediato para que podamos empezar a trabajar en su caso antes de que la compa\u00f1\u00eda de seguros tenga la oportunidad de sesgar las pruebas a su favor. Las compa\u00f1\u00edas de seguros no quieren que usted se ponga en contacto con un abogado porque un abogado puede preservar la evidencia, asesorarle sobre sus derechos y asegurarse de recibir la justicia completa que usted merece.<\/p>\n<p>Despu\u00e9s de un&nbsp;<b>accidente de semirremolque<\/b>, usted puede tener derecho a un acuerdo financiero significativo. Usted tiene derecho a ser tratado con la dignidad y el respeto que merece, as\u00ed como a una resoluci\u00f3n r\u00e1pida por las compa\u00f1\u00edas de seguros.&nbsp;Nuestros <a href=\"https:\/\/mcdonaldworley.com\/es\/houston-tx-abogado-de-accidentes-de-choque-y-huida\/\" target=\"_blank\" rel=\"noopener\">abogados de accidentes<\/a> de cami\u00f3n se asegurar\u00e1n de que las compa\u00f1\u00edas de seguros no arrastren sus pies para cumplir con sus obligaciones bajo la ley..<\/p>\n<p>Si el otro conductor es culpable y tiene seguro de responsabilidad civil, usted puede tener el derecho de cobrar los da\u00f1os para compensarle por sus facturas m\u00e9dicas pasadas y futuras, salarios perdidos, da\u00f1os morales, desfiguraci\u00f3n y deterioro f\u00edsico.<\/p>\n<p>Si el conductor no tiene seguro, usted puede tener derecho a cobrar los da\u00f1os de su propia compa\u00f1\u00eda de seguros si usted compr\u00f3 la cobertura de seguro de automovilista sin seguro.<\/p>\n<p>Generalmente, las facturas m\u00e9dicas no se pagan hasta el momento en el que se resuelve su caso. Sin embargo, si usted tiene la protecci\u00f3n de lesiones personales o cobertura de pagos m\u00e9dicos bajo su p\u00f3liza de seguro de accidente de autom\u00f3vil, usted puede ser capaz de pagar sus facturas m\u00e9dicas antes de la liquidaci\u00f3n de su caso, ya que se incurren al hacer una reclamaci\u00f3n en contra de su propia cobertura.<\/p>\n<p>Adem\u00e1s, si usted tiene seguro de salud, sus facturas m\u00e9dicas pueden ser pagadas como son incurridas por su compa\u00f1\u00eda de seguro m\u00e9dico. No se preocupe por hacer una reclamaci\u00f3n por el uso sin culpa de su cobertura PIP o <i>MedPay<\/i>; a su compa\u00f1\u00eda de seguros no se le permite elevar sus primas s\u00f3lo porque usted decida usar la cobertura de PIP o <i>Medpay<\/i> que usted compr\u00f3.<\/p>\n<p>Con el fin de recaudar dinero para sus salarios perdidos del conductor que caus\u00f3 el accidente, o de su compa\u00f1\u00eda de seguros, su salario perdido debe ser documentado por su empleador o departamento de personal. Adem\u00e1s, su m\u00e9dico debe declarar que era m\u00e9dicamente necesario que usted perdiera el trabajo como resultado de las lesiones que sufri\u00f3 en la colisi\u00f3n.<\/p>\n<h4><b>OBT\u00c9N EL TRATO JUSTO QUE TE MERECES<\/b><\/h4>\n<p>Si usted o un ser querido result\u00f3 lesionado en un <a href=\"https:\/\/mcdonaldworley.com\/es\/los-angeles\/abogados-de-accidentes-de-camiones\/\" target=\"_blank\" rel=\"noopener\">accidente de cami\u00f3n<\/a>, obtenga la ayuda legal que necesita para asegurarse de que le traten justamente. Las bases de los accidentes de semirremolques pueden ser sustanciales, proporcionando una compensaci\u00f3n justa y muy necesaria a las familias y a las v\u00edctimas afectadas.<\/p>\n<p>Independientemente de qui\u00e9n haya sido el culpable, usted necesita que alguien represente su caso, luchando en su nombre para asegurarse de que la compa\u00f1\u00eda de seguros no ignore sus necesidades.<\/p>\n","protected":false},"excerpt":{"rendered":"<p>\u00bfTe lesionaste en un accidente con un semirremolque? No permita que las compa\u00f1\u00edas de seguros eviten su responsabilidad. A diferencia de un accidente de coche promedio, cuando un remolque tractor o cami\u00f3n comercial est\u00e1 involucrado, los riesgos se elevan. El riesgo de lesiones graves o fatales se incrementa significativamente. Adem\u00e1s, cuando se trata de accidentes [&hellip;]<\/p>\n","protected":false},"author":65,"featured_media":0,"parent":24889,"menu_order":0,"comment_status":"closed","ping_status":"closed","template":"","meta":{"_acf_changed":false,"site-sidebar-layout":"default","site-content-layout":"","ast-site-content-layout":"default","site-content-style":"default","site-sidebar-style":"default","ast-global-header-display":"","ast-banner-title-visibility":"","ast-main-header-display":"","ast-hfb-above-header-display":"","ast-hfb-below-header-display":"","ast-hfb-mobile-header-display":"","site-post-title":"","ast-breadcrumbs-content":"","ast-featured-img":"","footer-sml-layout":"","ast-disable-related-posts":"","theme-transparent-header-meta":"","adv-header-id-meta":"","stick-header-meta":"","header-above-stick-meta":"","header-main-stick-meta":"","header-below-stick-meta":"","astra-migrate-meta-layouts":"default","ast-page-background-enabled":"default","ast-page-background-meta":{"desktop":{"background-color":"var(--ast-global-color-4)","background-image":"","background-repeat":"repeat","background-position":"center center","background-size":"auto","background-attachment":"scroll","background-type":"","background-media":"","overlay-type":"","overlay-color":"","overlay-opacity":"","overlay-gradient":""},"tablet":{"background-color":"","background-image":"","background-repeat":"repeat","background-position":"center center","background-size":"auto","background-attachment":"scroll","background-type":"","background-media":"","overlay-type":"","overlay-color":"","overlay-opacity":"","overlay-gradient":""},"mobile":{"background-color":"","background-image":"","background-repeat":"repeat","background-position":"center center","background-size":"auto","background-attachment":"scroll","background-type":"","background-media":"","overlay-type":"","overlay-color":"","overlay-opacity":"","overlay-gradient":""}},"ast-content-background-meta":{"desktop":{"background-color":"var(--ast-global-color-5)","background-image":"","background-repeat":"repeat","background-position":"center center","background-size":"auto","background-attachment":"scroll","background-type":"","background-media":"","overlay-type":"","overlay-color":"","overlay-opacity":"","overlay-gradient":""},"tablet":{"background-color":"var(--ast-global-color-5)","background-image":"","background-repeat":"repeat","background-position":"center center","background-size":"auto","background-attachment":"scroll","background-type":"","background-media":"","overlay-type":"","overlay-color":"","overlay-opacity":"","overlay-gradient":""},"mobile":{"background-color":"var(--ast-global-color-5)","background-image":"","background-repeat":"repeat","background-position":"center center","background-size":"auto","background-attachment":"scroll","background-type":"","background-media":"","overlay-type":"","overlay-color":"","overlay-opacity":"","overlay-gradient":""}},"footnotes":""},"class_list":["post-24980","page","type-page","status-publish","hentry"],"acf":[],"_links":{"self":[{"href":"https:\/\/mcdonaldworley.com\/es\/wp-json\/wp\/v2\/pages\/24980","targetHints":{"allow":["GET"]}}],"collection":[{"href":"https:\/\/mcdonaldworley.com\/es\/wp-json\/wp\/v2\/pages"}],"about":[{"href":"https:\/\/mcdonaldworley.com\/es\/wp-json\/wp\/v2\/types\/page"}],"author":[{"embeddable":true,"href":"https:\/\/mcdonaldworley.com\/es\/wp-json\/wp\/v2\/users\/65"}],"replies":[{"embeddable":true,"href":"https:\/\/mcdonaldworley.com\/es\/wp-json\/wp\/v2\/comments?post=24980"}],"version-history":[{"count":0,"href":"https:\/\/mcdonaldworley.com\/es\/wp-json\/wp\/v2\/pages\/24980\/revisions"}],"up":[{"embeddable":true,"href":"https:\/\/mcdonaldworley.com\/es\/wp-json\/wp\/v2\/pages\/24889"}],"wp:attachment":[{"href":"https:\/\/mcdonaldworley.com\/es\/wp-json\/wp\/v2\/media?parent=24980"}],"curies":[{"name":"wp","href":"https:\/\/api.w.org\/{rel}","templated":true}]}}