{"id":24978,"date":"2018-11-01T20:19:11","date_gmt":"2018-11-01T20:19:11","guid":{"rendered":"https:\/\/abconlinehold.wpengine.com\/?page_id=24978"},"modified":"2021-08-09T16:17:10","modified_gmt":"2021-08-09T21:17:10","slug":"problemas-de-la-malla-transvaginal","status":"publish","type":"page","link":"https:\/\/mcdonaldworley.com\/es\/productos-medicos-defectuosos\/problemas-de-la-malla-transvaginal\/","title":{"rendered":"Problemas de la Malla Transvaginal"},"content":{"rendered":"<p><b>RIESGOS NOCIVOS LIGADOS A IMPLANTES DE MALLAS QUIR\u00daRGICAS: CERCA DE 5,500 REPORTES DE COMPLICACIONES PRESENTADAS CON LA FDA<\/b><\/p>\n<p>Si recientemente recibi\u00f3 un implante de malla transvaginal como tratamiento para el prolapso de \u00f3rganos p\u00e9lvicos (POP) o la incontinencia urinaria por estr\u00e9s (SUI, por sus siglas en ingl\u00e9s) y sufri\u00f3 la erosi\u00f3n de malla, comun\u00edquese con nuestro abogado veterano de demandas de mallas quir\u00fargicas femeninas (exenfermera registrada) para discutir plenamente los riesgos asociados con el procedimiento.<\/p>\n<p>En un informe de la FDA del 2011 sobre los implantes quir\u00fargicos del acoplamiento fue observado que las complicaciones son serias y pueden exponer a pacientes a un mayor riesgo. La erosi\u00f3n del acoplamiento es una complicaci\u00f3n m\u00e9dica seria donde el acoplamiento transvaginal sint\u00e9tico se mueve gradualmente a trav\u00e9s de la pared p\u00e9lvica y a veces en otros \u00f3rganos.<\/p>\n<p>La Administraci\u00f3n de Alimentos y Medicamentos (FDA, por sus siglas en ingl\u00e9s) emiti\u00f3 una advertencia contra el uso de la malla sint\u00e9tica como tratamiento para el prolapso de \u00f3rganos p\u00e9lvicos, diciendo que<b><i>\u00a0<\/i><\/b>los implantes de malla quir\u00fargica se han relacionado con las siguientes complicaciones:<\/p>\n<ul>\n<li>Erosi\u00f3n del acoplamiento<\/li>\n<li>Aumento del riesgo de infecci\u00f3n<\/li>\n<li>Complicaciones urinarias<\/li>\n<li>Perforaciones del intestino, de la vejiga y del vaso sangu\u00edneo<\/li>\n<li>Prolapso de \u00f3rganos p\u00e9lvicos adicionales<\/li>\n<li>Complicaciones sexuales.<\/li>\n<\/ul>\n<p>Muchas mujeres con implantes de malla quir\u00fargica han requerido m\u00faltiples cirug\u00edas de revisi\u00f3n tratando de extirpar el implante de malla quir\u00fargica. Muchas demandas se est\u00e1n resolviendo ahora y el tiempo puede limitarse para presentar una reclamaci\u00f3n. Si ha tenido problemas para recibir un implante de malla quir\u00fargica o si ha requerido una cirug\u00eda de revisi\u00f3n para tratar de extirpar el implante de malla transvaginal, puede tener derecho a una compensaci\u00f3n financiera.<\/p>\n<p>Nuestras abogadas del acoplamiento tienen mucha experiencia en las complicaciones y los riesgos asociados con el acoplamiento transvaginal. Entendemos la naturaleza sensible de discutir s\u00edntomas y estamos disponibles inmediatamente para una revisi\u00f3n libre y confidencial del caso.<\/p>\n<p>Llene el formulario en esta p\u00e1gina para una simple revisi\u00f3n legal sin compromiso con una exenfermera registrada que se convirti\u00f3 en abogada para discutir el riesgo para la salud. Usted podr\u00eda tener derecho a una compensaci\u00f3n significativa por el sufrimiento que usted y su familia han sufrido. Act\u00faen ahora no arriesguen perder sus derechos por completo.<\/p>\n<h4><b>\u00bfPOR QU\u00c9 SE US\u00d3 EL IMPLANTE DE MALLA QUIR\u00daRGICA?<\/b><\/h4>\n<p>El procedimiento del acoplamiento transvaginal se ha utilizado para reparar el prolapso p\u00e9lvico del \u00f3rgano, que sucede cuando los \u00f3rganos p\u00e9lvicos se desalojan de su localizaci\u00f3n apropiada. El tejido vaginal se sutura de nuevo y se colocan en su lugar, reparando el desalojamiento entre la pared vaginal y el m\u00fasculo.<\/p>\n<p>Los procedimientos comunes utilizados incluyen cabestrillos de malla transvaginal y el sistema de cinta transvaginal, que se han encontrado deteriorados y que causan erosi\u00f3n de malla, infecciones, incontinencia urinaria y dolor abdominal.<\/p>\n<p>El acoplamiento es un material sint\u00e9tico permanente que ha sido ampliamente utilizado en procedimientos quir\u00fargicos para la reparaci\u00f3n de la hernia. La malla est\u00e1 dise\u00f1ada para proporcionar una red de material de soporte para ayudar a reparar el desgarro de tejido que ocurri\u00f3 durante el prolapso del \u00f3rgano p\u00e9lvico.<\/p>\n<p>Los diferentes grados de la severidad del prolapso dictan cu\u00e1nta malla se necesita para reparar los tejidos da\u00f1ados. Antes de la advertencia de la FDA, la cirug\u00eda de prolapso de la malla vaginal se consider\u00f3 relativamente segura con pocos riesgos.<\/p>\n<p>Una alternativa a la cirug\u00eda del acoplamiento vaginal es el pesario vaginal para el procedimiento del prolapso que implica la instalaci\u00f3n de un dispositivo del pesario que apoye la vagina. Como alternativa a la cirug\u00eda de prolapso vaginal, los pesarios han demostrado ser exitosos, aunque estos requieren ser reemplazados cada 3 a 6 meses.<\/p>\n<p>Un prolapso vaginal es una afecci\u00f3n com\u00fanmente diagnosticada a trav\u00e9s de los s\u00edntomas de estre\u00f1imiento, problemas de vaciamiento intestinal, problemas vesicales, problemas de relaciones sexuales o por el descubrimiento de un bulto vaginal. Los s\u00edntomas son causados por los \u00f3rganos p\u00e9lvicos como la vejiga, el \u00fatero y\/o el intestino que sobresale en la vagina.<\/p>\n<h4><b>HISTORIA DE LOS PRODUCTOS DE MALLA TRANSVAGINAL<\/b><\/h4>\n<p>Los productos de malla transvaginal fueron aprobados por primera vez por la FDA para su uso en el 1996. El primero fue introducido por <i>Boston Scientific<\/i> llamado el cabestrillo vaginal <i>ProteGen<\/i> para el tratamiento de la incontinencia urinaria de estr\u00e9s. M\u00e1s adelante, la aprobaci\u00f3n de la FDA fue proporcionada para un n\u00famero de productos quir\u00fargicos del implante del acoplamiento. <i>Johnson &amp; Johnson<\/i> lanz\u00f3 el cabestrillo de malla vaginal <i>Gynecare TV.<\/i><\/p>\n<p>Seg\u00fan la Revista Americana de Obstetricia y Ginecolog\u00eda (<a href=\"http:\/\/www.urogynecologist.com\/images\/The_perils_of_commercially_driven_surgical_innovation.pdf\" target=\"_blank\" rel=\"nofollow noopener\">Informe AJOG<\/a>), el cabestrillo <i>ProteGen<\/i>, \u00abresult\u00f3 tener una tasa de erosi\u00f3n extremadamente alta dentro de los 8 meses de implantaci\u00f3n\u00bb y entre la comunidad de cirujanos p\u00e9lvicos, las historias de infecciones, \u00falceras y eslingas erosionadas se diseminaron. El implante inicial del acoplamiento quir\u00fargico fue recordado m\u00e1s adelante en el 1999 por <i>Boston Scientific<\/i>, pero los productos relacionados de otros fabricantes segu\u00edan siendo utilizados.<\/p>\n<p>Para empeorar todo, el proceso de aprobaci\u00f3n de la FDA fue puesto en entredicho en una pieza de <i>Bloomberg<\/i>, cuando las quejas revelaron un producto similar J&amp;J y los <b>productos m\u00e9dicos de malla p\u00e9lvica<\/b>\u00a0de otras compa\u00f1\u00edas fueron aprobados por la Administraci\u00f3n de Alimentos y Medicamentos bas\u00e1ndose en su similitud con el <i>ProteGen<\/i> incluso despu\u00e9s de su retirada y en medio de las quejas de seguridad.<\/p>\n<p>\u201cLa FDA qued\u00f3 desprevenida \u00ab, dijo Thomas Margolis, un cirujano p\u00e9lvico en Burlingame, California.<\/p>\n<p>Las puertas estaban abiertas y las v\u00edctimas de lesiones causadas por eslingas de malla p\u00e9lvica comenzaron a presentar demandas en busca de una indemnizaci\u00f3n contra los fabricantes, especialmente <i>Johnson &amp; Johnson<\/i> y <i>Boston Scientific<\/i>. Los casos de malla transvaginal fueron consolidados en febrero del 2012 y todos los casos federales fueron ordenados en cuatro procedimientos MDL, nombrando: <i>C.R. Bard<\/i>; <i>Sistemas M\u00e9dicos Americanos; Boston Scientific, y Ethicon<\/i>.<\/p>\n<h4><i>OBT\u00c9N AYUDA PARA PRESENTAR UNA DEMANDA DE MALLA TRANSVAGINAL<\/i><\/h4>\n<p>Si usted sufri\u00f3 complicaciones despu\u00e9s de una cirug\u00eda de malla transvaginal, puede tener derecho a una indemnizaci\u00f3n para cubrir sus gastos m\u00e9dicos, as\u00ed como para su dolor y sufrimiento.<\/p>\n<p>Es importante actuar r\u00e1pidamente cuando se presenta una demanda de malla transvaginal, ya que las regulaciones limitan la cantidad de tiempo que las v\u00edctimas de complicaciones tienen para reportar una reclamaci\u00f3n y perseguir el recurso legal.<\/p>\n","protected":false},"excerpt":{"rendered":"<p>RIESGOS NOCIVOS LIGADOS A IMPLANTES DE MALLAS QUIR\u00daRGICAS: CERCA DE 5,500 REPORTES DE COMPLICACIONES PRESENTADAS CON LA FDA Si recientemente recibi\u00f3 un implante de malla transvaginal como tratamiento para el prolapso de \u00f3rganos p\u00e9lvicos (POP) o la incontinencia urinaria por estr\u00e9s (SUI, por sus siglas en ingl\u00e9s) y sufri\u00f3 la erosi\u00f3n de malla, comun\u00edquese con [&hellip;]<\/p>\n","protected":false},"author":65,"featured_media":0,"parent":24884,"menu_order":0,"comment_status":"closed","ping_status":"closed","template":"","meta":{"_acf_changed":false,"site-sidebar-layout":"default","site-content-layout":"","ast-site-content-layout":"default","site-content-style":"default","site-sidebar-style":"default","ast-global-header-display":"","ast-banner-title-visibility":"","ast-main-header-display":"","ast-hfb-above-header-display":"","ast-hfb-below-header-display":"","ast-hfb-mobile-header-display":"","site-post-title":"","ast-breadcrumbs-content":"","ast-featured-img":"","footer-sml-layout":"","ast-disable-related-posts":"","theme-transparent-header-meta":"","adv-header-id-meta":"","stick-header-meta":"","header-above-stick-meta":"","header-main-stick-meta":"","header-below-stick-meta":"","astra-migrate-meta-layouts":"default","ast-page-background-enabled":"default","ast-page-background-meta":{"desktop":{"background-color":"var(--ast-global-color-4)","background-image":"","background-repeat":"repeat","background-position":"center center","background-size":"auto","background-attachment":"scroll","background-type":"","background-media":"","overlay-type":"","overlay-color":"","overlay-opacity":"","overlay-gradient":""},"tablet":{"background-color":"","background-image":"","background-repeat":"repeat","background-position":"center center","background-size":"auto","background-attachment":"scroll","background-type":"","background-media":"","overlay-type":"","overlay-color":"","overlay-opacity":"","overlay-gradient":""},"mobile":{"background-color":"","background-image":"","background-repeat":"repeat","background-position":"center center","background-size":"auto","background-attachment":"scroll","background-type":"","background-media":"","overlay-type":"","overlay-color":"","overlay-opacity":"","overlay-gradient":""}},"ast-content-background-meta":{"desktop":{"background-color":"var(--ast-global-color-5)","background-image":"","background-repeat":"repeat","background-position":"center center","background-size":"auto","background-attachment":"scroll","background-type":"","background-media":"","overlay-type":"","overlay-color":"","overlay-opacity":"","overlay-gradient":""},"tablet":{"background-color":"var(--ast-global-color-5)","background-image":"","background-repeat":"repeat","background-position":"center center","background-size":"auto","background-attachment":"scroll","background-type":"","background-media":"","overlay-type":"","overlay-color":"","overlay-opacity":"","overlay-gradient":""},"mobile":{"background-color":"var(--ast-global-color-5)","background-image":"","background-repeat":"repeat","background-position":"center center","background-size":"auto","background-attachment":"scroll","background-type":"","background-media":"","overlay-type":"","overlay-color":"","overlay-opacity":"","overlay-gradient":""}},"footnotes":""},"class_list":["post-24978","page","type-page","status-publish","hentry"],"acf":[],"_links":{"self":[{"href":"https:\/\/mcdonaldworley.com\/es\/wp-json\/wp\/v2\/pages\/24978","targetHints":{"allow":["GET"]}}],"collection":[{"href":"https:\/\/mcdonaldworley.com\/es\/wp-json\/wp\/v2\/pages"}],"about":[{"href":"https:\/\/mcdonaldworley.com\/es\/wp-json\/wp\/v2\/types\/page"}],"author":[{"embeddable":true,"href":"https:\/\/mcdonaldworley.com\/es\/wp-json\/wp\/v2\/users\/65"}],"replies":[{"embeddable":true,"href":"https:\/\/mcdonaldworley.com\/es\/wp-json\/wp\/v2\/comments?post=24978"}],"version-history":[{"count":0,"href":"https:\/\/mcdonaldworley.com\/es\/wp-json\/wp\/v2\/pages\/24978\/revisions"}],"up":[{"embeddable":true,"href":"https:\/\/mcdonaldworley.com\/es\/wp-json\/wp\/v2\/pages\/24884"}],"wp:attachment":[{"href":"https:\/\/mcdonaldworley.com\/es\/wp-json\/wp\/v2\/media?parent=24978"}],"curies":[{"name":"wp","href":"https:\/\/api.w.org\/{rel}","templated":true}]}}