{"id":24976,"date":"2018-11-01T20:18:12","date_gmt":"2018-11-02T02:18:12","guid":{"rendered":"https:\/\/abconlinehold.wpengine.com\/?page_id=24976"},"modified":"2021-08-11T18:04:53","modified_gmt":"2021-08-11T23:04:53","slug":"lesiones-por-accidentes-de-tren","status":"publish","type":"page","link":"https:\/\/mcdonaldworley.com\/es\/houston\/abogado-accidentes-de-tren\/","title":{"rendered":"Abogados de Accidentes de Tren en Houston"},"content":{"rendered":"<p>Seg\u00fan el Departamento de Transporte y la Administraci\u00f3n Federal del Ferrocarril, m\u00e1s de 2,500 accidentes de tren ocurren cada a\u00f1o en los Estados Unidos. Debido a las altas velocidades en las que los trenes viajan, el peso y la fuerza detr\u00e1s de las colisiones, los accidentes de tren son a menudo muy destructivos y muchos son mortales.<\/p>\n<p>Varios individuos pueden ser heridos por los trenes: pasajeros, trabajadores ferroviarios, conductores o personas dentro de alg\u00fan veh\u00edculo golpeado en un cruce ferroviario, peatones y transe\u00fantes.<\/p>\n<p>Muchas veces, estos accidentes ocurren debido a que los cruces est\u00e1n incorrectamente marcados o no iluminados. Ocasionalmente, el ingeniero ferroviario o la compa\u00f1\u00eda ferroviaria es negligente y es responsable del accidente.<\/p>\n<p>Las estad\u00edsticas que rodean los accidentes del ferrocarril indican:<\/p>\n<ul>\n<li>Aproximadamente cada 2 semanas en los Estados Unidos, un tren que transporta material peligroso sale de las v\u00edas.<\/li>\n<li>En su mayor parte, las compa\u00f1\u00edas ferroviarias siguen confiando en la tecnolog\u00eda que se desarroll\u00f3 hace m\u00e1s de 70 a\u00f1os.<\/li>\n<li>M\u00e1s del 50% de todos los accidentes ferroviarios ocurren en cruces sin protecci\u00f3n.<\/li>\n<li>Seg\u00fan la Administraci\u00f3n Federal del ferrocarril, m\u00e1s del 80% de todos los cruces ferroviarios tienen dispositivos de advertencia inadecuados.<\/li>\n<li>Aunque las estad\u00edsticas demuestran que las \u00abcolisiones del veh\u00edculo con un tren\u00bb han disminuido en los \u00faltimos a\u00f1os, las \u00abcolisiones peatonales con un tren\u00bb han aumentado.<\/li>\n<li>Cada 90 minutos hay una colisi\u00f3n de tren o descarrilamiento.<\/li>\n<\/ul>\n<p><b>CONDICIONES QUE POTENCIALMENTE CAUSAN ACCIDENTES DE TR\u00c1NSITO FERROVIARIO<\/b><\/p>\n<p>Ciertas circunstancias <a href=\"https:\/\/mcdonaldworley.com\/es\/conducir-ebrio-en-houston\/\" target=\"_blank\" rel=\"noopener\">que rodean un accidente<\/a> de cruce de ferrocarril pueden estar presentes y pueden incluir cualquiera de las siguientes:<\/p>\n<p><b>Condiciones Peligrosas En El Cruce Ferroviario:<\/b><\/p>\n<ul>\n<li>Las puertas de los ferrocarriles pueden faltar o estar quebradas.<\/li>\n<li><a href=\"https:\/\/mcdonaldworley.com\/es\/houston\/responsable-luces-navidenas-defectuosas\/\" target=\"_blank\" rel=\"noopener\">Las luces<\/a> del ferrocarril pueden faltar o estar quebradas..<\/li>\n<li>Las se\u00f1ales de cruce de ferrocarril pueden estar parcial o completamente cubiertas por un crecimiento excesivo de \u00e1rboles, hojas o autobuses.<\/li>\n<li>Signo de cruce de ferrocarril puede faltar o estar roto.<\/li>\n<li>La se\u00f1al para el cruce ferroviario puede faltar o estar quebrado.<\/li>\n<li>La advertencia para el paso del ferrocarril puede ser marcado incorrectamente o puede estar faltando en la carretera.<\/li>\n<\/ul>\n<p><b>Negligencia En nombre de los Empleados:<\/b><\/p>\n<ul>\n<li>Ingeniero de trenes o empleados ferroviarios pueden estar cansados, dormidos, descuidados o bajo la influencia de drogas o alcohol<\/li>\n<li>El ingeniero puede no sonar la se\u00f1al de la bocina al acercarse<\/li>\n<li>Velocidad excesiva del tren (o l\u00edmite de velocidad fijado demasiado alto para la seguridad)<\/li>\n<li>La inspecci\u00f3n y el mantenimiento no pueden realizarse correctamente en trenes, rieles.<\/li>\n<li>La conmutaci\u00f3n del tren\/del carril fue llevado a cabo incorrectamente<\/li>\n<\/ul>\n<p><b>TIPOS DE ACCIDENTES DE TR\u00c1NSITO FERROVIARIO<\/b><\/p>\n<p>Varios tipos de accidentes pueden ocurrir en traves\u00edas del ferrocarril y los accidentes de coche y tren son los m\u00e1s comunes.<\/p>\n<ul>\n<li><b>Accidentes entre un coche y un tren \u2014<\/b>Al aprender de una colisi\u00f3n del tren con un coche, las compa\u00f1\u00edas del ferrocarril se apresuran a asumir que el conductor del veh\u00edculo era culpable. Sin embargo, en muchos casos, la compa\u00f1\u00eda ha sido negligente y responsable de la lesi\u00f3n. Los autom\u00f3viles pesan t\u00edpicamente de 1 a 2 toneladas los trenes pesan en promedio 125-250 toneladas, con algunos pesando m\u00e1s de 700 toneladas y el da\u00f1o hecho a los veh\u00edculos y los ocupantes es enorme.<\/li>\n<li><b>Accidentes entre peatonales y un tren \u2014<\/b>Lesiones graves o la muerte resulta cuando hay una colisi\u00f3n del ferrocarril que implica a un peat\u00f3n. Muchos accidentes peatonales son culpados por conductas descuidadas o por allanamiento y tambi\u00e9n por suicidio peatonal. Despu\u00e9s de m\u00e1s investigaci\u00f3n, la evidencia en casos de lesi\u00f3n del cruce del ferrocarril se\u00f1ala a menudo la negligencia del ingeniero o a los cruces del ferrocarril incorrectamente mantenidos.<\/li>\n<li><b>Accidentes entre un tren y otro tren &#8211; <\/b>Los accidentes de tren que implican otro tren son el tipo menos com\u00fan de choques ferroviarios. Sin embargo, cuando suceden, pueden estar entre los m\u00e1s fatales por el mayor n\u00famero de personas implicadas. Es t\u00edpicamente m\u00e1s f\u00e1cil probar que la compa\u00f1\u00eda del ferrocarril o las compa\u00f1\u00edas eran culpables en este tipo de casos debido a la naturaleza del accidente.<\/li>\n<li><b>Accidentes entre camiones y trenes \u2014<\/b>Al igual que con los accidentes de coche, los camiones, incluso los veh\u00edculos comerciales y de construcci\u00f3n no son rivales para un tren pesado que va movi\u00e9ndose r\u00e1pido. Los accidentes que involucran camiones tienden a ser tan devastadores y letales como los accidentes de tren con autom\u00f3viles y veh\u00edculos m\u00e1s peque\u00f1os.<\/li>\n<li><b>Descarrilamientos &#8211; <\/b>Los descarrilamientos de trenes pueden causar lesiones graves y la muerte de cientos de pasajeros y trabajadores ferroviarios. Muchas investigaciones sobre los accidentes del descarrilamiento del tren han encontrado que la compa\u00f1\u00eda del ferrocarril actuaba negligentemente de alguna manera. Esto puede incluir asuntos del equipo como aver\u00edas mec\u00e1nicas y negligencia del empleado.<\/li>\n<\/ul>\n<p><b>DETERMINAR QUI\u00c9N TIENE LA CULPA EN UN ACCIDENTE DE TREN<\/b><\/p>\n<p>Hay algunos escenarios donde parece obvio que un conductor de veh\u00edculo o peat\u00f3n debi\u00f3 haber sido prudente y parec\u00eda claramente culpable. Pero se ha comprobado que los ingenieros de trenes no siempre hicieron todo lo posible para evitar un accidente y se descubri\u00f3 que no hab\u00edan tomado medidas razonables y apropiadas para evitarlo y los conductores del veh\u00edculo no siempre son culpables.<\/p>\n<p>Las personas que van a presentar demandas por lesiones en trenes pueden nombrar a una variedad de acusados en su demanda, incluyendo la compa\u00f1\u00eda de trenes, los fabricantes de trenes, los due\u00f1os de propiedades que se consideran peligrosas, los conductores de otros veh\u00edculos o cualquier otra persona o parte que pudo haber sido culpa de haber contribuido al accidente.<\/p>\n<p><b>OBT\u00c9N AYUDA DE ABOGADOS EXPERIMENTADOS DE ACCIDENTES DE TREN<\/b><\/p>\n<p>Si usted fue lastimado, debido a una colisi\u00f3n o a otro tipo de accidente que incluye un tren, tener un abogado veterano de lesiones de ferrocarril en su equipo puede hacer toda la diferencia en su lucha con la justicia. Los mejores <a href=\"https:\/\/mcdonaldworley.com\/es\/houston-tx\/abogados-de-accidentes-de-vuelcos\/\" target=\"_blank\" rel=\"noopener\">abogados de accidentes<\/a> saben que cada caso es \u00fanico y el resultado de una demanda puede depender de peque\u00f1os detalles que pueden ser f\u00e1cilmente descartados..<\/p>\n<p>Adem\u00e1s, su demanda de <a href=\"https:\/\/mcdonaldworley.com\/es\/riverside\/abogado-lesiones-personales\/\" target=\"_blank\" rel=\"noopener\">lesiones personales<\/a> es algo m\u00e1s que una simple compensaci\u00f3n monetaria.. Cuando usted ha sido herido o afectado <a href=\"https:\/\/mcdonaldworley.com\/es\/houston\/compensacion-por-danos-accidente-auto\/\" target=\"_blank\" rel=\"noopener\">por un accidente<\/a> grave, la justicia importa.. Responsabilizar a la parte por cualquier negligencia o responsabilidad es parte de ayudarle a recuperarse.<\/p>\n<p>Comparta lo que sucedi\u00f3 en su caso con nuestros premiados abogados litigantes en McDonald Worley. Obtenga respuestas a sus preguntas legales hoy y averig\u00fce c\u00f3mo podemos ayudarle a lograr una r\u00e1pida recuperaci\u00f3n y justicia.<\/p>\n","protected":false},"excerpt":{"rendered":"<p>Seg\u00fan el Departamento de Transporte y la Administraci\u00f3n Federal del Ferrocarril, m\u00e1s de 2,500 accidentes de tren ocurren cada a\u00f1o en los Estados Unidos. Debido a las altas velocidades en las que los trenes viajan, el peso y la fuerza detr\u00e1s de las colisiones, los accidentes de tren son a menudo muy destructivos y muchos [&hellip;]<\/p>\n","protected":false},"author":65,"featured_media":0,"parent":24889,"menu_order":0,"comment_status":"closed","ping_status":"closed","template":"","meta":{"_acf_changed":false,"site-sidebar-layout":"default","site-content-layout":"","ast-site-content-layout":"default","site-content-style":"default","site-sidebar-style":"default","ast-global-header-display":"","ast-banner-title-visibility":"","ast-main-header-display":"","ast-hfb-above-header-display":"","ast-hfb-below-header-display":"","ast-hfb-mobile-header-display":"","site-post-title":"","ast-breadcrumbs-content":"","ast-featured-img":"","footer-sml-layout":"","ast-disable-related-posts":"","theme-transparent-header-meta":"","adv-header-id-meta":"","stick-header-meta":"","header-above-stick-meta":"","header-main-stick-meta":"","header-below-stick-meta":"","astra-migrate-meta-layouts":"default","ast-page-background-enabled":"default","ast-page-background-meta":{"desktop":{"background-color":"var(--ast-global-color-4)","background-image":"","background-repeat":"repeat","background-position":"center center","background-size":"auto","background-attachment":"scroll","background-type":"","background-media":"","overlay-type":"","overlay-color":"","overlay-opacity":"","overlay-gradient":""},"tablet":{"background-color":"","background-image":"","background-repeat":"repeat","background-position":"center center","background-size":"auto","background-attachment":"scroll","background-type":"","background-media":"","overlay-type":"","overlay-color":"","overlay-opacity":"","overlay-gradient":""},"mobile":{"background-color":"","background-image":"","background-repeat":"repeat","background-position":"center center","background-size":"auto","background-attachment":"scroll","background-type":"","background-media":"","overlay-type":"","overlay-color":"","overlay-opacity":"","overlay-gradient":""}},"ast-content-background-meta":{"desktop":{"background-color":"var(--ast-global-color-5)","background-image":"","background-repeat":"repeat","background-position":"center center","background-size":"auto","background-attachment":"scroll","background-type":"","background-media":"","overlay-type":"","overlay-color":"","overlay-opacity":"","overlay-gradient":""},"tablet":{"background-color":"var(--ast-global-color-5)","background-image":"","background-repeat":"repeat","background-position":"center center","background-size":"auto","background-attachment":"scroll","background-type":"","background-media":"","overlay-type":"","overlay-color":"","overlay-opacity":"","overlay-gradient":""},"mobile":{"background-color":"var(--ast-global-color-5)","background-image":"","background-repeat":"repeat","background-position":"center center","background-size":"auto","background-attachment":"scroll","background-type":"","background-media":"","overlay-type":"","overlay-color":"","overlay-opacity":"","overlay-gradient":""}},"footnotes":""},"class_list":["post-24976","page","type-page","status-publish","hentry"],"acf":[],"_links":{"self":[{"href":"https:\/\/mcdonaldworley.com\/es\/wp-json\/wp\/v2\/pages\/24976","targetHints":{"allow":["GET"]}}],"collection":[{"href":"https:\/\/mcdonaldworley.com\/es\/wp-json\/wp\/v2\/pages"}],"about":[{"href":"https:\/\/mcdonaldworley.com\/es\/wp-json\/wp\/v2\/types\/page"}],"author":[{"embeddable":true,"href":"https:\/\/mcdonaldworley.com\/es\/wp-json\/wp\/v2\/users\/65"}],"replies":[{"embeddable":true,"href":"https:\/\/mcdonaldworley.com\/es\/wp-json\/wp\/v2\/comments?post=24976"}],"version-history":[{"count":0,"href":"https:\/\/mcdonaldworley.com\/es\/wp-json\/wp\/v2\/pages\/24976\/revisions"}],"up":[{"embeddable":true,"href":"https:\/\/mcdonaldworley.com\/es\/wp-json\/wp\/v2\/pages\/24889"}],"wp:attachment":[{"href":"https:\/\/mcdonaldworley.com\/es\/wp-json\/wp\/v2\/media?parent=24976"}],"curies":[{"name":"wp","href":"https:\/\/api.w.org\/{rel}","templated":true}]}}