{"id":24974,"date":"2018-11-01T20:15:54","date_gmt":"2018-11-02T02:15:54","guid":{"rendered":"https:\/\/abconlinehold.wpengine.com\/?page_id=24974"},"modified":"2021-08-11T18:42:37","modified_gmt":"2021-08-11T23:42:37","slug":"accidentes-causados-por-conducir-enviando-mensajes-de-texto","status":"publish","type":"page","link":"https:\/\/mcdonaldworley.com\/es\/houston\/abogado-conductor-distraido\/","title":{"rendered":"Abogado de Accidentes Causados por Conductores Distraidos en Houston"},"content":{"rendered":"<p>La conducci\u00f3n distra\u00edda se ha convertido en la causa de muchos accidentes automovil\u00edsticos desde que los tel\u00e9fonos celulares se popularizaron. Los conductores hablan, mandan mensajes de texto y utilizan aplicaciones en sus tel\u00e9fonos mientras conducen. Esto causa un gran n\u00famero de accidentes. Los conductores se distraen. Se centran en sus tel\u00e9fonos en lugar de otros coches y se\u00f1ales de tr\u00e1fico. Muchos <a href=\"https:\/\/mcdonaldworley.com\/es\/nellis-afb\/abogado-accidentes-automovil%C3%ADsticos\/\" target=\"_blank\" rel=\"noopener\">abogados de los accidentes automovil\u00edsticos<\/a> observan que sus servicios est\u00e1n en alta demanda..<\/p>\n<p>Texas, como la mayor\u00eda de los estados, ha sido m\u00e1s estricto al mandar mensajes de texto mientras uno conduce. Las autoridades quieren minimizar el n\u00famero de accidentes y lesiones causadas por la conducci\u00f3n distra\u00edda. Muchas de estas lesiones son evitables. Los accidentes son costosos y han alcanzado proporciones epid\u00e9micas.<\/p>\n<p><b>Leyes De Enviar Mensajes De Texto Mientras Se Conduce En Texas<\/b><\/p>\n<p>En septiembre del 2017, Texas finalmente aprob\u00f3 una ley que proh\u00edbe los mensajes de texto durante la conducci\u00f3n. Sin embargo, incluso sin esta ley, la ley com\u00fan en Texas te hace responsable de la negligencia debido a la conducci\u00f3n distra\u00edda. No importa si una citaci\u00f3n de transito o criminal se emite en un accidente. Si una de las partes estaba enviando mensajes de texto mientras conduc\u00eda, ellos son culpables.<\/p>\n<p>Si una persona se mete en un accidente debido a su conducci\u00f3n distra\u00edda, <a href=\"https:\/\/mcdonaldworley.com\/es\/texas\/quien-puede-demandar-muerte-injusta\/\" target=\"_blank\" rel=\"noopener\">pueden ser demandados por<\/a> da\u00f1os y perjuicios.. Esto incluye hablar o enviar mensajes de texto en su tel\u00e9fono celular. &nbsp;Comun\u00edquese con un <a href=\"https:\/\/mcdonaldworley.com\/es\/glendale\/abogado-accidentes-automovilisticos\/\" target=\"_blank\" rel=\"noopener\">abogado de accidentes automovil\u00edsticos<\/a> si necesita ayuda..<\/p>\n<p><b>Peligros De Enviar Mensajes De Texto Mientras Se Conduce<\/b><\/p>\n<p>Aunque es obvio que el enviar mensajes de texto mientras se conduce es peligroso, es importante se\u00f1alar por qu\u00e9 los mensajes de texto pueden distraer. Hay 3 formas principales en las que los mensajes de texto durante la conducci\u00f3n son peligrosos:<\/p>\n<ol>\n<li>Cognitivo \u2013 si su mente se centra en el texto a mano, es m\u00e1s probable que tenga un accidente.<\/li>\n<li>Visual \u2013 si sus ojos est\u00e1n en su tel\u00e9fono, no est\u00e1n en la carretera.<\/li>\n<li>Manual \u2013 si su mano est\u00e1 ocupada enviando mensajes de texto, no es posible que est\u00e9 en el volante donde debe estar. Si usted est\u00e1 tratando de conducir con una mano (o sus rodillas) no se conducir con seguridad.<\/li>\n<\/ol>\n<p>Es f\u00e1cil parar o esperar hasta llegar a casa para enviar un texto. Sin embargo, todav\u00eda hay miles de accidentes cada a\u00f1o causados por enviar mensajes de texto al conducir. Usted necesita un <a href=\"https:\/\/mcdonaldworley.com\/es\/houston-tx-abogado-de-accidentes-de-choque-y-huida\/\" target=\"_blank\" rel=\"noopener\">abogado de accidentes automovil\u00edsticos en Houston<\/a>, TX si usted estuvo involucrado en un accidente de este tipo..<\/p>\n<p><b>Demostrando Que La Otra Parte Estaba Distra\u00edda<\/b><\/p>\n<p>Sin el v\u00eddeo real del otro conductor, puede ser dif\u00edcil demostrar que el otro conductor estaba enviando mensajes de texto. Siempre se puede esperar que un testigo pueda comentar el hecho de que el otro conductor estaba enviando mensajes de texto. Sin embargo, gracias a los avances tecnol\u00f3gicos, no necesitamos un testigo ocular ahora. Su <a href=\"https:\/\/mcdonaldworley.com\/es\/los-angeles\/abogado-de-accidentes-de-motos\/\" target=\"_blank\" rel=\"noopener\">abogado de accidentes automovil\u00edsticos puede citar los<\/a> registros telef\u00f3nicos de la otra parte.. Pueden ver si el tel\u00e9fono estaba en uso al momento del accidente.<\/p>\n<p><b>C\u00f3mo Los Jurados Miran A La Conducci\u00f3n Distra\u00edda<\/b><\/p>\n<p>La mayor\u00eda de los miembros del jurado van del lado de la parte que no estaba enviando mensajes de texto mientras conduc\u00eda. Si usted puede probar que la otra parte estaba distra\u00edda, usted tiene una buena oportunidad de que el jurado le conceda los da\u00f1os. Su <a href=\"https:\/\/mcdonaldworley.com\/es\/houston-tx\/abogado-accidentes-por-exceso-de-velocidad\/\" target=\"_blank\" rel=\"noopener\">abogado de accidente automovil\u00edsticos en Houston<\/a>, TX puede ayudarle..<\/p>\n<p><b>Llame a un Abogado de <a href=\"https:\/\/mcdonaldworley.com\/es\/houston\/necesita-tratamiento-medico-despues-de-accidente-automovilistico\/\" target=\"_blank\" rel=\"noopener\">Accidentes Automovil\u00edsticos en Houston<\/a>, TX.<\/b><\/p>\n<p>Si usted ha estado involucrado en un accidente automovil\u00edstico, llame a un <a href=\"https:\/\/mcdonaldworley.com\/es\/houston\/abogado-accidentes-de-tren\/\" target=\"_blank\" rel=\"noopener\">abogado de accidentes automovil\u00edsticos en Houston<\/a>, TX.. Los expertos en McDonald Worley saben lo que se necesita para manejar un caso de <a href=\"https:\/\/mcdonaldworley.com\/es\/demanda-por-accidente-auto-contra-conductor-otro-estado\/\" target=\"_blank\" rel=\"noopener\">accidentes causados por<\/a> enviar mensajes de texto mientras se conduce.. Saben qu\u00e9 pruebas necesitan para demostrar su caso. Te dar\u00e1n la indemnizaci\u00f3n que te mereces. Llame hoy para una consulta gratuita.<\/p>\n","protected":false},"excerpt":{"rendered":"<p>La conducci\u00f3n distra\u00edda se ha convertido en la causa de muchos accidentes automovil\u00edsticos desde que los tel\u00e9fonos celulares se popularizaron. Los conductores hablan, mandan mensajes de texto y utilizan aplicaciones en sus tel\u00e9fonos mientras conducen. Esto causa un gran n\u00famero de accidentes. Los conductores se distraen. Se centran en sus tel\u00e9fonos en lugar de otros [&hellip;]<\/p>\n","protected":false},"author":65,"featured_media":0,"parent":24889,"menu_order":0,"comment_status":"closed","ping_status":"closed","template":"","meta":{"_acf_changed":false,"site-sidebar-layout":"default","site-content-layout":"","ast-site-content-layout":"default","site-content-style":"default","site-sidebar-style":"default","ast-global-header-display":"","ast-banner-title-visibility":"","ast-main-header-display":"","ast-hfb-above-header-display":"","ast-hfb-below-header-display":"","ast-hfb-mobile-header-display":"","site-post-title":"","ast-breadcrumbs-content":"","ast-featured-img":"","footer-sml-layout":"","ast-disable-related-posts":"","theme-transparent-header-meta":"","adv-header-id-meta":"","stick-header-meta":"","header-above-stick-meta":"","header-main-stick-meta":"","header-below-stick-meta":"","astra-migrate-meta-layouts":"default","ast-page-background-enabled":"default","ast-page-background-meta":{"desktop":{"background-color":"var(--ast-global-color-4)","background-image":"","background-repeat":"repeat","background-position":"center center","background-size":"auto","background-attachment":"scroll","background-type":"","background-media":"","overlay-type":"","overlay-color":"","overlay-opacity":"","overlay-gradient":""},"tablet":{"background-color":"","background-image":"","background-repeat":"repeat","background-position":"center center","background-size":"auto","background-attachment":"scroll","background-type":"","background-media":"","overlay-type":"","overlay-color":"","overlay-opacity":"","overlay-gradient":""},"mobile":{"background-color":"","background-image":"","background-repeat":"repeat","background-position":"center center","background-size":"auto","background-attachment":"scroll","background-type":"","background-media":"","overlay-type":"","overlay-color":"","overlay-opacity":"","overlay-gradient":""}},"ast-content-background-meta":{"desktop":{"background-color":"var(--ast-global-color-5)","background-image":"","background-repeat":"repeat","background-position":"center center","background-size":"auto","background-attachment":"scroll","background-type":"","background-media":"","overlay-type":"","overlay-color":"","overlay-opacity":"","overlay-gradient":""},"tablet":{"background-color":"var(--ast-global-color-5)","background-image":"","background-repeat":"repeat","background-position":"center center","background-size":"auto","background-attachment":"scroll","background-type":"","background-media":"","overlay-type":"","overlay-color":"","overlay-opacity":"","overlay-gradient":""},"mobile":{"background-color":"var(--ast-global-color-5)","background-image":"","background-repeat":"repeat","background-position":"center center","background-size":"auto","background-attachment":"scroll","background-type":"","background-media":"","overlay-type":"","overlay-color":"","overlay-opacity":"","overlay-gradient":""}},"footnotes":""},"class_list":["post-24974","page","type-page","status-publish","hentry"],"acf":[],"_links":{"self":[{"href":"https:\/\/mcdonaldworley.com\/es\/wp-json\/wp\/v2\/pages\/24974","targetHints":{"allow":["GET"]}}],"collection":[{"href":"https:\/\/mcdonaldworley.com\/es\/wp-json\/wp\/v2\/pages"}],"about":[{"href":"https:\/\/mcdonaldworley.com\/es\/wp-json\/wp\/v2\/types\/page"}],"author":[{"embeddable":true,"href":"https:\/\/mcdonaldworley.com\/es\/wp-json\/wp\/v2\/users\/65"}],"replies":[{"embeddable":true,"href":"https:\/\/mcdonaldworley.com\/es\/wp-json\/wp\/v2\/comments?post=24974"}],"version-history":[{"count":0,"href":"https:\/\/mcdonaldworley.com\/es\/wp-json\/wp\/v2\/pages\/24974\/revisions"}],"up":[{"embeddable":true,"href":"https:\/\/mcdonaldworley.com\/es\/wp-json\/wp\/v2\/pages\/24889"}],"wp:attachment":[{"href":"https:\/\/mcdonaldworley.com\/es\/wp-json\/wp\/v2\/media?parent=24974"}],"curies":[{"name":"wp","href":"https:\/\/api.w.org\/{rel}","templated":true}]}}