{"id":24970,"date":"2018-11-01T20:13:44","date_gmt":"2018-11-01T20:13:44","guid":{"rendered":"https:\/\/abconlinehold.wpengine.com\/?page_id=24970"},"modified":"2021-08-09T12:29:28","modified_gmt":"2021-08-09T17:29:28","slug":"negacion-del-seguro-social-por-incapacidad","status":"publish","type":"page","link":"https:\/\/mcdonaldworley.com\/es\/juicio-civil\/negacion-del-seguro-social-por-incapacidad\/","title":{"rendered":"Negaci\u00f3n del Seguro Social por Incapacidad"},"content":{"rendered":"<p><b>\u00bfRECIBI\u00d3 UNA NEGACI\u00d3N DEL SEGURO SOCIAL POR INCAPACIDAD?\u00a0TE LO GANASTE &#8211; NO DEJES QUE IGNOREN TU DEMANDA JUSTA<\/b><\/p>\n<p>Los beneficios del seguro de incapacidad son para las personas calificadas que han sido lesionadas o que ya no son capaces de trabajar. Puede que su reclamo por incapacidad ha sido negado, cuando usted ya sabe que debi\u00f3 haber sido elegible.<\/p>\n<p>Un abogado de denegaci\u00f3n del seguro social le ayudar\u00e1 con su apelaci\u00f3n y le ayudar\u00e1 a conseguir lo que es justamente suyo.\u00a0Nuestro bufete de abogados de negaci\u00f3n de beneficios le puede ayudar con el proceso por primera vez, ayud\u00e1ndole a luchar para reclamar lo que es suyo y ayudar a que el proceso complejo sea sencillo.<\/p>\n<p>Es posible que necesite ayuda para presentar su reclamaci\u00f3n, aunque otros abogados le dijeron que no pueden ayudarle hasta que se confirmen las reclamaciones. Usted puede tener miedo de ser rechazado, ya que no tiene el dinero para pagar por la asistencia legal costosa. No busque m\u00e1s, porque podemos ayudarle \u2014 \u00a1Aprenda sus opciones legales hoy!<\/p>\n<p>Llene el formulario en esta p\u00e1gina para obtener una simple revisi\u00f3n legal de su caso sin ning\u00fan compromiso.<\/p>\n<p><b>\u00bfRECIBI\u00d3 UNA CARTA DE DENEGACI\u00d3N DEL SEGURO SOCIAL?<\/b><\/p>\n<p>Si usted ha presentado su demanda por incapacidad, pero fue denegada o si tiene problemas para presentarse por primera vez con el seguro social, no debe estar solo en esta batalla. Nuestro bufete de abogados est\u00e1 listo para luchar en su nombre para apelar su reclamaci\u00f3n y conseguir que se apruebe.<\/p>\n<p>Hemos estado involucrados y podemos ayudar con todas las partes del procedimiento de demandas de denegaci\u00f3n del seguro social.\u00a0Tenemos una amplia experiencia legal para obtener justicia para los discapacitados que tienen derecho a una indemnizaci\u00f3n.<\/p>\n<p>Nuestro bufete de abogados trabaja extensivamente con la ley de discapacidad del seguro social. Hemos ayudado a innumerables clientes en todo el pa\u00eds y podemos asegurar que su caso se tome en serio y que usted obtenga una respuesta r\u00e1pida bajo la ley.<\/p>\n<p><b>UN ABOGADO ADECUADO PUEDE SER LA DIFERENCIA ENTRE UNA DEMANDA DE BENEFICIOS EXITOSO Y UNO QUE FALLA<\/b><\/p>\n<p>Las apelaciones por beneficios de seguridad social se producen despu\u00e9s de la notificaci\u00f3n inicial de rechazo del seguro social y despu\u00e9s de una reconsideraci\u00f3n denegada. El siguiente paso en el proceso es aparecer ante un juez federal de incapacidad del seguro social para una audiencia para revisar los detalles de su caso.<\/p>\n<p>Nuestra amplia experiencia de prueba se utiliza para luchar en su nombre en estas audiencias.\u00a0Nos aseguramos de que sus necesidades no sean ignoradas, perdidas en el sistema y olvidadas.<\/p>\n<p>Su tiempo dentro de un tribunal ser\u00e1 esencial para el \u00e9xito de su apelaci\u00f3n. Aseg\u00farate de tener el \u00a0mejor equipo.<\/p>\n<p><b>QU\u00c9 ESPERAR EN SU AUDIENCIA<\/b><\/p>\n<p>La audiencia de apelaci\u00f3n usualmente se lleva a cabo en una oficina u otro lugar que es apropiadamente designada. Los presentes \u00a0son el juez, su abogado y un experto de vocaci\u00f3n. Todos los jueces tendr\u00e1n un formato personal que ellos siguen en una audiencia. Algunos jueces har\u00e1n todas las preguntas, mientras que otros hacen que los abogados hagan todas las preguntas.<\/p>\n<p>En muchos casos, un juez no har\u00e1 una decisi\u00f3n de demanda por incapacidad al mismo tiempo que la \u00a0fecha de su audiencia. T\u00edpicamente, el juez tomar\u00e1 un tiempo para revisar adecuadamente sus notas antes de tomar \u00a0una decisi\u00f3n final. Esta decisi\u00f3n se har\u00e1 por escrito en un documento y se firmar\u00e1 despu\u00e9s. No hay un tiempo establecido con relaci\u00f3n al tiempo para tomar la decisi\u00f3n .\u00a0Cada caso es \u00fanico y tiene sus propias demandas para la resoluci\u00f3n acertada.<\/p>\n<p><b>S\u00c1LTESE TODA LA CONFUSI\u00d3N <\/b><\/p>\n<p>Establecer la validez de la elegibilidad de SSD de una persona puede tomar mucho tiempo, ya que las pautas son confusas. Los formularios SSA pueden ser incompletos o enga\u00f1osos. Es crucial que el profesional m\u00e9dico que est\u00e1 involucrado en el caso sea de apoyo durante todo el proceso y le entregue la documentaci\u00f3n necesaria que le ayudar\u00e1 a proporcionar la reclamaci\u00f3n de beneficios SSDI.<\/p>\n<p>Al mismo tiempo, tan solo un error m\u00ednimo puede causar un desastre para su reclamaci\u00f3n. No arriesgue sus beneficios;\u00a0mereces que te paguen justamente. Su abogado de la negaci\u00f3n del seguro social asegurar\u00e1 que todo est\u00e1 como debe ser para la aprobaci\u00f3n.<\/p>\n<p>El proceso de beneficios del veterano y de la seguridad social es complicado y confuso (algunos alegan que esto es intencionalmente). Simplificamos el proceso, luchando en su nombre.\u00a0Nos aseguramos de que cumpla con todos los plazos de presentaci\u00f3n \u00a0y que las expectativas del tribunal se cumplan con el fin de tener un caso ganador.<\/p>\n<p>D\u00e9janos ayudarte con tus reclamos por incapacidad.\u00a0La Administraci\u00f3n del Seguro Social le debe una indemnizaci\u00f3n si cumple con los requisitos para discapacitados descritos en la ley.\u00a0Estamos con usted a lo largo de las etapas del proceso de presentaci\u00f3n y continuaremos proporcion\u00e1ndole la ayuda experta que necesita hasta que su reclamaci\u00f3n sea \u00a0aceptada. Si su reclamaci\u00f3n ya se ha negado inicialmente, lucharemos en su nombre para obtener lo que se le debe. \u00a1Cont\u00e1ctanos ahora para saber m\u00e1s de c\u00f3mo podemos ayudarle!<\/p>\n<p>Nuestro bufete de abogados trabaja en una base de honorarios de contingencia, no requerieren dinero por adelantado y no cobran honorarios por \u00a0hora. En cambio, nuestra compensaci\u00f3n est\u00e1 determinada por nuestros resultados.<\/p>\n","protected":false},"excerpt":{"rendered":"<p>\u00bfRECIBI\u00d3 UNA NEGACI\u00d3N DEL SEGURO SOCIAL POR INCAPACIDAD?\u00a0TE LO GANASTE &#8211; NO DEJES QUE IGNOREN TU DEMANDA JUSTA Los beneficios del seguro de incapacidad son para las personas calificadas que han sido lesionadas o que ya no son capaces de trabajar. Puede que su reclamo por incapacidad ha sido negado, cuando usted ya sabe que [&hellip;]<\/p>\n","protected":false},"author":65,"featured_media":0,"parent":24871,"menu_order":0,"comment_status":"closed","ping_status":"closed","template":"","meta":{"_acf_changed":false,"site-sidebar-layout":"default","site-content-layout":"","ast-site-content-layout":"default","site-content-style":"default","site-sidebar-style":"default","ast-global-header-display":"","ast-banner-title-visibility":"","ast-main-header-display":"","ast-hfb-above-header-display":"","ast-hfb-below-header-display":"","ast-hfb-mobile-header-display":"","site-post-title":"","ast-breadcrumbs-content":"","ast-featured-img":"","footer-sml-layout":"","ast-disable-related-posts":"","theme-transparent-header-meta":"","adv-header-id-meta":"","stick-header-meta":"","header-above-stick-meta":"","header-main-stick-meta":"","header-below-stick-meta":"","astra-migrate-meta-layouts":"default","ast-page-background-enabled":"default","ast-page-background-meta":{"desktop":{"background-color":"var(--ast-global-color-4)","background-image":"","background-repeat":"repeat","background-position":"center center","background-size":"auto","background-attachment":"scroll","background-type":"","background-media":"","overlay-type":"","overlay-color":"","overlay-opacity":"","overlay-gradient":""},"tablet":{"background-color":"","background-image":"","background-repeat":"repeat","background-position":"center center","background-size":"auto","background-attachment":"scroll","background-type":"","background-media":"","overlay-type":"","overlay-color":"","overlay-opacity":"","overlay-gradient":""},"mobile":{"background-color":"","background-image":"","background-repeat":"repeat","background-position":"center center","background-size":"auto","background-attachment":"scroll","background-type":"","background-media":"","overlay-type":"","overlay-color":"","overlay-opacity":"","overlay-gradient":""}},"ast-content-background-meta":{"desktop":{"background-color":"var(--ast-global-color-5)","background-image":"","background-repeat":"repeat","background-position":"center center","background-size":"auto","background-attachment":"scroll","background-type":"","background-media":"","overlay-type":"","overlay-color":"","overlay-opacity":"","overlay-gradient":""},"tablet":{"background-color":"var(--ast-global-color-5)","background-image":"","background-repeat":"repeat","background-position":"center center","background-size":"auto","background-attachment":"scroll","background-type":"","background-media":"","overlay-type":"","overlay-color":"","overlay-opacity":"","overlay-gradient":""},"mobile":{"background-color":"var(--ast-global-color-5)","background-image":"","background-repeat":"repeat","background-position":"center center","background-size":"auto","background-attachment":"scroll","background-type":"","background-media":"","overlay-type":"","overlay-color":"","overlay-opacity":"","overlay-gradient":""}},"footnotes":""},"class_list":["post-24970","page","type-page","status-publish","hentry"],"acf":[],"_links":{"self":[{"href":"https:\/\/mcdonaldworley.com\/es\/wp-json\/wp\/v2\/pages\/24970","targetHints":{"allow":["GET"]}}],"collection":[{"href":"https:\/\/mcdonaldworley.com\/es\/wp-json\/wp\/v2\/pages"}],"about":[{"href":"https:\/\/mcdonaldworley.com\/es\/wp-json\/wp\/v2\/types\/page"}],"author":[{"embeddable":true,"href":"https:\/\/mcdonaldworley.com\/es\/wp-json\/wp\/v2\/users\/65"}],"replies":[{"embeddable":true,"href":"https:\/\/mcdonaldworley.com\/es\/wp-json\/wp\/v2\/comments?post=24970"}],"version-history":[{"count":0,"href":"https:\/\/mcdonaldworley.com\/es\/wp-json\/wp\/v2\/pages\/24970\/revisions"}],"up":[{"embeddable":true,"href":"https:\/\/mcdonaldworley.com\/es\/wp-json\/wp\/v2\/pages\/24871"}],"wp:attachment":[{"href":"https:\/\/mcdonaldworley.com\/es\/wp-json\/wp\/v2\/media?parent=24970"}],"curies":[{"name":"wp","href":"https:\/\/api.w.org\/{rel}","templated":true}]}}