{"id":24966,"date":"2018-11-01T20:11:35","date_gmt":"2018-11-01T20:11:35","guid":{"rendered":"https:\/\/abconlinehold.wpengine.com\/?page_id=24966"},"modified":"2021-08-17T07:09:22","modified_gmt":"2021-08-17T12:09:22","slug":"cancer-causado-por-roundup","status":"publish","type":"page","link":"https:\/\/mcdonaldworley.com\/es\/productos-defectuosos\/cancer-causado-por-roundup\/","title":{"rendered":"C\u00e1ncer Causado por Roundup"},"content":{"rendered":"<p><b>\u00bfUSTED O UN SER QUERIDO DESARROLLA C\u00c1NCER DESPU\u00c9S DE USAR EL HERBICIDA DE ROUNDUP?<\/b><\/p>\n<p>Roundup, un popular herbicida fabricado por Monsanto ha sido supuestamente vinculado a un mayor riesgo de c\u00e1ncer, incluyendo linfoma No-Hodgkin\u2019s, leucemia, c\u00e1ncer \u00f3seo, tumores cut\u00e1neos y otros efectos secundarios adversos.<\/p>\n<p>Los productos herbicidas de Monsanto se utilizan en todo el mundo. Roundup es usado por granjeros y jardineros. Seg\u00fan informes, la investigaci\u00f3n financiada por la industria encontr\u00f3 que Roundup era un producto relativamente seguro para el control de malezas. Sin embargo, un n\u00famero creciente de demandas contra Monsanto reclaman de otra manera y afirman que Roundup causa c\u00e1ncer.<\/p>\n<p>Si usted o un ser querido fue diagnosticado con c\u00e1ncer despu\u00e9s de usar el herbecida Roundup, usted puede tener un reclamo legal.<\/p>\n<p><b>V\u00cdNCULO DE ROUNDUP Y C\u00c1NCER<\/b><\/p>\n<p>Desde el 2001, se han publicado varios estudios en los Estados Unidos, Canad\u00e1 y Suecia sobre el enlace de Roundup y c\u00e1ncer. Estos estudios encontraron que las personas que estaban expuestas al glifosato, el ingrediente activo en Roundup, por menos de 10 a\u00f1os ten\u00edan m\u00e1s probabilidades de desarrollar linfoma no-Hodgkin\u2019s, un tipo de c\u00e1ncer que comienza en el sistema linf\u00e1tico.<\/p>\n<p>Los investigadores empezaron a estudiar el riesgo potencial de c\u00e1ncer de glifosato despu\u00e9s de observar que los agricultores estaban siendo diagnosticados cada vez m\u00e1s con linfoma no- Hodgkin\u2019s. Seg\u00fan los informes, la Agencia de Protecci\u00f3n Ambiental de los Estados Unidos comenz\u00f3 a sospechar de un v\u00ednculo de c\u00e1ncer en la d\u00e9cada de 1980.<\/p>\n<p>En marzo del 2015, la Agencia Internacional para la Investigaci\u00f3n sobre el C\u00e1ncer public\u00f3 un informe que indicaba que hab\u00eda clasificado el glifosato como producto cancer\u00edgeno para los humanos\u00bb y que estaba asociado con un mayor riesgo de linfoma no-Hodgkin\u2019s. &nbsp;Cientos de demandas fueron presentadas posteriormente contra Monsanto por los demandantes que hab\u00edan utilizado Roundup y fueron diagnosticados con linfoma no-Hodgkin\u2019s. Muchos de los demandantes dicen que desconoc\u00edan el posible v\u00ednculo con el c\u00e1ncer de Roundup hasta que vieron el informe de IARC.<\/p>\n<p><b>DEMANDAS ALEGAN QUE ROUNDUP CAUSA C\u00c1NCER<\/b><\/p>\n<p>Desde la versi\u00f3n del 2015 del informe de IARC, Monsanto ha enfrentado un creciente n\u00famero de demandas por c\u00e1ncer causada por Roundup presentadas por agricultores, trabajadores agr\u00edcolas, paisajistas y jardineros dom\u00e9sticos. Estos demandantes alegan que Roundup les hizo desarrollar linfoma no-Hodgkin\u2019s.<\/p>\n<p>El tratamiento del c\u00e1ncer de Roundup es extenso y t\u00edpicamente resulta en facturas m\u00e9dicas fuertes y disminuci\u00f3n de la calidad de vida. Puede involucrar quimioterapia, radioterapia y\/o medicaci\u00f3n y esto puede hacer que el paciente sufra efectos secundarios inc\u00f3modos.<\/p>\n<p>M\u00e1s de 800 personas han presentado demandas contra Monsanto, alegando que la compa\u00f1\u00eda no ha advertido a los consumidores sobre la posibilidad de que Roundup cause c\u00e1ncer.<\/p>\n<p>De acuerdo con las demandas de Roundup, &nbsp;este plantea un riesgo de c\u00e1ncer m\u00e1s alto que otros herbicidas que contienen glifosato porque supuestamente contiene grasas animales y otros ingredientes que hacen que el glifosato sea a\u00fan m\u00e1s cancer\u00edgeno.<\/p>\n<p>La compa\u00f1\u00eda afirma que no hay pruebas de que el glifosato sea &nbsp;cancer\u00edgeno.<\/p>\n<p><b>\u00bfMONSANTO OCULT\u00d3 EL V\u00cdNCULO ENTRE ROUNDUP Y CANCER?<\/b><\/p>\n<p>En marzo del 2017, un Tribunal Federal de California no sell\u00f3 documentos relacionados con la seguridad y las pr\u00e1cticas de investigaci\u00f3n de Monsanto. Seg\u00fan informes, estos documentos inclu\u00edan algunos de los correos electr\u00f3nicos &nbsp;entre Monsanto y las agencias federales.<\/p>\n<p>Seg\u00fan los informes, Monsanto fue notificado sobre el contenido del informe de IARC varios meses antes de su publicaci\u00f3n. En un intento por reducir el impacto del informe sobre el r\u00e9cord de seguridad de Roundup, Monsanto se involucr\u00f3 en una campa\u00f1a de relaciones p\u00fablicas en la que se disputa la afirmaci\u00f3n de que el glifosato es cancer\u00edgeno.<\/p>\n<p>Estos documentos no sellados sugieren que Monsanto hab\u00edan usado escritores fantasmas para la investigaci\u00f3n y la public\u00f3 bajo los nombres de acad\u00e9micos. Un alto funcionario de la EPA tambi\u00e9n hab\u00eda tratado de suprimir una revisi\u00f3n del glifosato por parte de los Servicios de Salud &nbsp;del Departamento de los Estados Unidos. Los documentos sugieren que los miembros de la EPA mintieron sobre la evaluaci\u00f3n de <a href=\"https:\/\/mcdonaldworley.com\/civil-litigation\/social-security-disability-denial\/\" target=\"_blank\" rel=\"noopener\">seguridad del ingrediente por<\/a> parte de la agencia.. Monsanto afirma que la investigaci\u00f3n es real y que los correos electr\u00f3nicos publicados fueron sacados de contexto.<\/p>\n<p><b>\u00bfDESARROLL\u00d3 C\u00c1NCER DESPU\u00c9S DE USAR ROUNDUP?<\/b><\/p>\n<p>Si usted o un ser querido desarroll\u00f3 linfoma no-Hodgkin\u2019s u otro tipo de c\u00e1ncer de glifosato despu\u00e9s de usar Roundup, es posible que tenga una demanda legal disponible.<\/p>\n<p><b>Comun\u00edquese con McDonald Worley hoy mismo para una evaluaci\u00f3n gratuita de su caso y averig\u00fce qu\u00e9 pasos puede tomar para proteger sus derechos legales.<\/b><\/p>\n<p>Si usted califica para presentar una demanda por c\u00e1ncer de Roundup, usted podr\u00eda buscar una indemnizaci\u00f3n por sus facturas m\u00e9dicas, salarios perdidos y otras p\u00e9rdidas que sufri\u00f3 despu\u00e9s de su diagn\u00f3stico de c\u00e1ncer. A pesar de que no pueden quitarle el c\u00e1ncer, los abogados de McDonald Worley trabajar\u00e1n incansablemente en su nombre para obtener la cantidad m\u00e1xima de compensaci\u00f3n.<\/p>\n","protected":false},"excerpt":{"rendered":"<p>\u00bfUSTED O UN SER QUERIDO DESARROLLA C\u00c1NCER DESPU\u00c9S DE USAR EL HERBICIDA DE ROUNDUP? Roundup, un popular herbicida fabricado por Monsanto ha sido supuestamente vinculado a un mayor riesgo de c\u00e1ncer, incluyendo linfoma No-Hodgkin\u2019s, leucemia, c\u00e1ncer \u00f3seo, tumores cut\u00e1neos y otros efectos secundarios adversos. Los productos herbicidas de Monsanto se utilizan en todo el mundo. [&hellip;]<\/p>\n","protected":false},"author":65,"featured_media":0,"parent":24887,"menu_order":0,"comment_status":"closed","ping_status":"closed","template":"","meta":{"_acf_changed":false,"site-sidebar-layout":"default","site-content-layout":"","ast-site-content-layout":"default","site-content-style":"default","site-sidebar-style":"default","ast-global-header-display":"","ast-banner-title-visibility":"","ast-main-header-display":"","ast-hfb-above-header-display":"","ast-hfb-below-header-display":"","ast-hfb-mobile-header-display":"","site-post-title":"","ast-breadcrumbs-content":"","ast-featured-img":"","footer-sml-layout":"","ast-disable-related-posts":"","theme-transparent-header-meta":"","adv-header-id-meta":"","stick-header-meta":"","header-above-stick-meta":"","header-main-stick-meta":"","header-below-stick-meta":"","astra-migrate-meta-layouts":"default","ast-page-background-enabled":"default","ast-page-background-meta":{"desktop":{"background-color":"var(--ast-global-color-4)","background-image":"","background-repeat":"repeat","background-position":"center center","background-size":"auto","background-attachment":"scroll","background-type":"","background-media":"","overlay-type":"","overlay-color":"","overlay-opacity":"","overlay-gradient":""},"tablet":{"background-color":"","background-image":"","background-repeat":"repeat","background-position":"center center","background-size":"auto","background-attachment":"scroll","background-type":"","background-media":"","overlay-type":"","overlay-color":"","overlay-opacity":"","overlay-gradient":""},"mobile":{"background-color":"","background-image":"","background-repeat":"repeat","background-position":"center center","background-size":"auto","background-attachment":"scroll","background-type":"","background-media":"","overlay-type":"","overlay-color":"","overlay-opacity":"","overlay-gradient":""}},"ast-content-background-meta":{"desktop":{"background-color":"var(--ast-global-color-5)","background-image":"","background-repeat":"repeat","background-position":"center center","background-size":"auto","background-attachment":"scroll","background-type":"","background-media":"","overlay-type":"","overlay-color":"","overlay-opacity":"","overlay-gradient":""},"tablet":{"background-color":"var(--ast-global-color-5)","background-image":"","background-repeat":"repeat","background-position":"center center","background-size":"auto","background-attachment":"scroll","background-type":"","background-media":"","overlay-type":"","overlay-color":"","overlay-opacity":"","overlay-gradient":""},"mobile":{"background-color":"var(--ast-global-color-5)","background-image":"","background-repeat":"repeat","background-position":"center center","background-size":"auto","background-attachment":"scroll","background-type":"","background-media":"","overlay-type":"","overlay-color":"","overlay-opacity":"","overlay-gradient":""}},"footnotes":""},"class_list":["post-24966","page","type-page","status-publish","hentry"],"acf":[],"_links":{"self":[{"href":"https:\/\/mcdonaldworley.com\/es\/wp-json\/wp\/v2\/pages\/24966","targetHints":{"allow":["GET"]}}],"collection":[{"href":"https:\/\/mcdonaldworley.com\/es\/wp-json\/wp\/v2\/pages"}],"about":[{"href":"https:\/\/mcdonaldworley.com\/es\/wp-json\/wp\/v2\/types\/page"}],"author":[{"embeddable":true,"href":"https:\/\/mcdonaldworley.com\/es\/wp-json\/wp\/v2\/users\/65"}],"replies":[{"embeddable":true,"href":"https:\/\/mcdonaldworley.com\/es\/wp-json\/wp\/v2\/comments?post=24966"}],"version-history":[{"count":0,"href":"https:\/\/mcdonaldworley.com\/es\/wp-json\/wp\/v2\/pages\/24966\/revisions"}],"up":[{"embeddable":true,"href":"https:\/\/mcdonaldworley.com\/es\/wp-json\/wp\/v2\/pages\/24887"}],"wp:attachment":[{"href":"https:\/\/mcdonaldworley.com\/es\/wp-json\/wp\/v2\/media?parent=24966"}],"curies":[{"name":"wp","href":"https:\/\/api.w.org\/{rel}","templated":true}]}}