{"id":24964,"date":"2018-11-01T20:10:14","date_gmt":"2018-11-01T20:10:14","guid":{"rendered":"https:\/\/abconlinehold.wpengine.com\/?page_id=24964"},"modified":"2021-08-09T11:56:23","modified_gmt":"2021-08-09T16:56:23","slug":"demandas-de-techos","status":"publish","type":"page","link":"https:\/\/mcdonaldworley.com\/es\/juicio-civil\/demandas-de-techos\/","title":{"rendered":"Demandas de Techos"},"content":{"rendered":"<p><b>\u00bfSu compa\u00f1\u00eda de seguros de casa est\u00e1 tratando de pagarle menos por el da\u00f1o en su techo despu\u00e9s de una tormenta?<\/b><\/p>\n<p>Aunque la mayor\u00eda de las tormentas de viento o de granizo son cerca de media hora en duraci\u00f3n, pueden ser muy fuertes y hacer da\u00f1o considerable en esa cantidad de tiempo. Entre tormentas el\u00e9ctricas, tormentas de viento y granizadas adem\u00e1s de tornados y huracanes m\u00e1s largos y severos, hay una buena probabilidad de que su propiedad sufra alg\u00fan tipo de destrucci\u00f3n durante una tormenta.<\/p>\n<p>De particular preocupaci\u00f3n, el da\u00f1o en el techo puede ser sustancial y puede costar miles de d\u00f3lares en reparaciones, sin mencionar que un techo da\u00f1ado puede hacer que su hogar sea inseguro e inhabitable.<\/p>\n<p>Si su propiedad sufri\u00f3 da\u00f1os despu\u00e9s de una tormenta reciente y su compa\u00f1\u00eda de seguros est\u00e1 ofreciendo un acuerdo que est\u00e1 por debajo de lo que se necesita para hacer una reparaci\u00f3n completa, p\u00f3ngase en contacto con los abogados veteranos de seguros de mala fe en McDonald Worley hoy para asegurarse de que usted este adecuadamente compensado.<\/p>\n<p><b>Tipos De Da\u00f1os Causados Por Tormentas Que Pueden Afectar Su Techo<\/b><\/p>\n<p>De acuerdo con el Centro Nacional de Da\u00f1os por Tormentas, hay varios tipos de\u00a0<b>da\u00f1os en el techo<\/b>\u00a0que pueden ser evidentes despu\u00e9s de una tormenta. El da\u00f1o puede ser por causa de granizo de tama\u00f1o de una pelota de golf (o m\u00e1s grande), vientos da\u00f1inos, \u00e1rboles u otros desechos que pudieran haber ca\u00eddo en su techo, adem\u00e1s de fuertes aguaceros que pueden comprometer la estructura del tejado.<\/p>\n<p>Los tipos de da\u00f1os comunes en el techo incluyen:<\/p>\n<ul>\n<li>Tejas que faltan<\/li>\n<li>Tejas asf\u00e1lticas que est\u00e9n abolladas, magulladas o da\u00f1adas de otro modo<\/li>\n<li>Tejas de hormig\u00f3n o pizarra que est\u00e9n rotas o agrietadas<\/li>\n<li>Bajantes o canalones que han recolectado granizo<\/li>\n<li>Fugas en el techo o techo del edificio<\/li>\n<li>Costuras que se rasgan o se dividen<\/li>\n<li>Abolladuras que aparecen en canaletas, respiraderos y destellos<\/li>\n<li>Faltan secciones de techo debido a da\u00f1os severos<\/li>\n<\/ul>\n<p>A diferencia de las \u00e1reas f\u00e1cilmente visibles de su casa o propiedad que tienen da\u00f1os sostenidos tales como ventanas rotas u otros da\u00f1os obvios, el techo no es un \u00e1rea que es normalmente inspeccionada y puede que usted no sepa de la magnitud del da\u00f1o hasta m\u00e1s tarde. Puede que sea hasta que note un \u00e1rea de decoloraci\u00f3n en su techo para sospechar de una fuga.<\/p>\n<p><b>Cuando Tener Seguro De Propietario No Es Suficiente<\/b><\/p>\n<p>La mayor\u00eda de los propietarios sienten que est\u00e1n adecuadamente preparados en casos de da\u00f1os al techo u otros da\u00f1os a la propiedad ya que tienen un seguro de propiedad suficiente para su hogar \u2014 y tal vez incluso compraron cobertura adicional para tormentas de granizo, tormentas de viento y similares.<\/p>\n<p>Sin embargo, para lo que no pueden estar preparados es a una negaci\u00f3n categ\u00f3rica de sus reclamaciones de propiedad de da\u00f1os en el techo o el pago insuficiente de sus reclamaciones que no pagaron por las reparaciones.<\/p>\n<p>Las compa\u00f1\u00edas de seguros no quieren perder dinero, por lo que algunos han sido supuestamente conocidos por pagar lo menos posible o negar las reclamaciones por completo, para mantener altos los beneficios. El t\u00e9rmino para la pr\u00e1ctica de la compa\u00f1\u00eda de seguros que no cumple con su el trato de pagar adecuadamente por los da\u00f1os incurridos se conoce como seguro de mala fe. Se dice que las empresas act\u00faan de mala fe cuando emiten p\u00f3lizas de seguro que no tienen intenci\u00f3n de apoyar por completo con los gastos.<\/p>\n<p>Algunas t\u00e1cticas de seguro de mala fe que se pueden usar para negar o pagar de menos las reclamaciones incluyen, decirles a los propietarios que el da\u00f1o no estaba cubierto por la p\u00f3liza, que el da\u00f1o del techo era preexistente, que la reclamaci\u00f3n no fue presentada a tiempo, o que no se proporcion\u00f3 suficiente evidencia, entre otras razones que pueden no ser totalmente v\u00e1lidas.<\/p>\n<p><b>Obtenga Ayuda Hoy Con Sus Reclamos De Seguro Mal Pagado<\/b><\/p>\n<p>Si usted ha tenido un reclamo de seguros denegado o mal pagado despu\u00e9s de presentar reclamaciones de da\u00f1os a la propiedad de techo, usted puede ser capaz de tomar medidas legales para recuperar el dinero que deber\u00eda de haber obtenido. De hecho, algunos propietarios pueden ser elegibles para presentar los da\u00f1os que triplican el valor original del da\u00f1o, adem\u00e1s de los pagos honorarios de los abogados.<\/p>\n<p>Los abogados de McDonald Worley pueden ayudarle a conocer las complejidades de los litigios mientras contempla las medidas para recuperar los fondos necesarios para pagar las reparaciones de su casa. Podemos proporcionarle una revisi\u00f3n de caso gratuita y sin obligaci\u00f3n para discutir sus opciones legales y con esto poder recuperar los fondos que se le deben de su compa\u00f1\u00eda de seguros de la propiedad.<\/p>\n<p>Un abogado puede ayudar con la presentaci\u00f3n de una apelaci\u00f3n, reabrir una reclamaci\u00f3n, proporcionar pruebas documentadas del da\u00f1o en el techo, renegociar su acuerdo con el ajustador del seguro y puede ayudarle a presentar una demanda si usted ha agotado todas sus opciones en trabajar directamente con la compa\u00f1\u00eda de seguros.<\/p>\n<p>Si se le ha ofrecido un acuerdo por parte de su compa\u00f1\u00eda de seguros, usted puede pedir que un abogado revise el acuerdo antes de aceptarlo para asegurarse de que es justo y cumple con los t\u00e9rminos de su p\u00f3liza antes de proceder.<\/p>\n<p>Es importante actuar con rapidez, ya que algunas leyes estatales imponen plazos estrictos cuando se pueden presentar reclamaciones por da\u00f1os a la propiedad causados por tormentas. Las p\u00f3lizas de seguro tambi\u00e9n tienen l\u00edmites de tiempo para presentar reclamaciones de da\u00f1os temporales. Es imperativo que los propietarios hayan presentado debidamente estas reclamaciones con su compa\u00f1\u00eda de seguros antes de traer una demanda potencial de seguro de mala fe contra la compa\u00f1\u00eda de seguros por falta de pago.<\/p>\n","protected":false},"excerpt":{"rendered":"<p>\u00bfSu compa\u00f1\u00eda de seguros de casa est\u00e1 tratando de pagarle menos por el da\u00f1o en su techo despu\u00e9s de una tormenta? Aunque la mayor\u00eda de las tormentas de viento o de granizo son cerca de media hora en duraci\u00f3n, pueden ser muy fuertes y hacer da\u00f1o considerable en esa cantidad de tiempo. Entre tormentas el\u00e9ctricas, [&hellip;]<\/p>\n","protected":false},"author":65,"featured_media":0,"parent":24871,"menu_order":0,"comment_status":"closed","ping_status":"closed","template":"","meta":{"_acf_changed":false,"site-sidebar-layout":"default","site-content-layout":"","ast-site-content-layout":"default","site-content-style":"default","site-sidebar-style":"default","ast-global-header-display":"","ast-banner-title-visibility":"","ast-main-header-display":"","ast-hfb-above-header-display":"","ast-hfb-below-header-display":"","ast-hfb-mobile-header-display":"","site-post-title":"","ast-breadcrumbs-content":"","ast-featured-img":"","footer-sml-layout":"","ast-disable-related-posts":"","theme-transparent-header-meta":"","adv-header-id-meta":"","stick-header-meta":"","header-above-stick-meta":"","header-main-stick-meta":"","header-below-stick-meta":"","astra-migrate-meta-layouts":"default","ast-page-background-enabled":"default","ast-page-background-meta":{"desktop":{"background-color":"var(--ast-global-color-4)","background-image":"","background-repeat":"repeat","background-position":"center center","background-size":"auto","background-attachment":"scroll","background-type":"","background-media":"","overlay-type":"","overlay-color":"","overlay-opacity":"","overlay-gradient":""},"tablet":{"background-color":"","background-image":"","background-repeat":"repeat","background-position":"center center","background-size":"auto","background-attachment":"scroll","background-type":"","background-media":"","overlay-type":"","overlay-color":"","overlay-opacity":"","overlay-gradient":""},"mobile":{"background-color":"","background-image":"","background-repeat":"repeat","background-position":"center center","background-size":"auto","background-attachment":"scroll","background-type":"","background-media":"","overlay-type":"","overlay-color":"","overlay-opacity":"","overlay-gradient":""}},"ast-content-background-meta":{"desktop":{"background-color":"var(--ast-global-color-5)","background-image":"","background-repeat":"repeat","background-position":"center center","background-size":"auto","background-attachment":"scroll","background-type":"","background-media":"","overlay-type":"","overlay-color":"","overlay-opacity":"","overlay-gradient":""},"tablet":{"background-color":"var(--ast-global-color-5)","background-image":"","background-repeat":"repeat","background-position":"center center","background-size":"auto","background-attachment":"scroll","background-type":"","background-media":"","overlay-type":"","overlay-color":"","overlay-opacity":"","overlay-gradient":""},"mobile":{"background-color":"var(--ast-global-color-5)","background-image":"","background-repeat":"repeat","background-position":"center center","background-size":"auto","background-attachment":"scroll","background-type":"","background-media":"","overlay-type":"","overlay-color":"","overlay-opacity":"","overlay-gradient":""}},"footnotes":""},"class_list":["post-24964","page","type-page","status-publish","hentry"],"acf":[],"_links":{"self":[{"href":"https:\/\/mcdonaldworley.com\/es\/wp-json\/wp\/v2\/pages\/24964","targetHints":{"allow":["GET"]}}],"collection":[{"href":"https:\/\/mcdonaldworley.com\/es\/wp-json\/wp\/v2\/pages"}],"about":[{"href":"https:\/\/mcdonaldworley.com\/es\/wp-json\/wp\/v2\/types\/page"}],"author":[{"embeddable":true,"href":"https:\/\/mcdonaldworley.com\/es\/wp-json\/wp\/v2\/users\/65"}],"replies":[{"embeddable":true,"href":"https:\/\/mcdonaldworley.com\/es\/wp-json\/wp\/v2\/comments?post=24964"}],"version-history":[{"count":0,"href":"https:\/\/mcdonaldworley.com\/es\/wp-json\/wp\/v2\/pages\/24964\/revisions"}],"up":[{"embeddable":true,"href":"https:\/\/mcdonaldworley.com\/es\/wp-json\/wp\/v2\/pages\/24871"}],"wp:attachment":[{"href":"https:\/\/mcdonaldworley.com\/es\/wp-json\/wp\/v2\/media?parent=24964"}],"curies":[{"name":"wp","href":"https:\/\/api.w.org\/{rel}","templated":true}]}}