{"id":24960,"date":"2018-11-01T20:08:21","date_gmt":"2018-11-01T20:08:21","guid":{"rendered":"https:\/\/abconlinehold.wpengine.com\/?page_id=24960"},"modified":"2021-08-09T12:08:29","modified_gmt":"2021-08-09T17:08:29","slug":"derecho-sucesorio","status":"publish","type":"page","link":"https:\/\/mcdonaldworley.com\/es\/juicio-civil\/derecho-sucesorio\/","title":{"rendered":"Derecho Sucesorio"},"content":{"rendered":"<p>Cuando un ser querido fallece, es un momento dif\u00edcil. La idea de lidiar con las obligaciones legales en este momento y tener que contratar a un abogado puede aumentar a\u00fan m\u00e1s el estr\u00e9s y la ansiedad. Sin embargo, el proceso de sucesi\u00f3n es inevitable en la mayor\u00eda de estas situaciones y sirve como m\u00e9todo en el que el t\u00edtulo de los bienes se transfiere a los que quedan atr\u00e1s. Un\u00a0<a href=\"http:\/\/www.courts.state.tx.us\/\" target=\"_blank\" rel=\"nofollow noopener\"><b>abogado veterano de sucesiones<\/b><\/a>\u00a0le ayudar\u00e1 a evitar complicaciones innecesarias.<\/p>\n<p>Es importante contratar a un abogado con conocimientos en el \u00e1rea de la ley de sucesiones para hacer la situaci\u00f3n lo m\u00e1s soportable posible. Como ex abogado de personal de una corte legal testamentaria del Condado de Harris, McDonald sabe de esta ley y lo que se necesita para navegar el sistema de manera efectiva en su nombre.<\/p>\n<p><b>\u00bfQU\u00c9 ES LA SUCESI\u00d3N?<\/b><\/p>\n<p>El proceso legal que comienza despu\u00e9s de que alguien fallece se llama testamentaria. Asegura que el patrimonio dejado por la persona fallecida est\u00e9 debidamente distribuido a los herederos de la persona y que cualquier deuda sea pagada. La propiedad est\u00e1 dividida de acuerdo con el testamento de la persona, pero si no existe, entonces se har\u00e1 de acuerdo con la ley estatal.<\/p>\n<p>Cuando alguien fallece, el ejecutor del testamento del difunto es requerido para presentar la documentaci\u00f3n con respecto a la herencia en un tribunal testamentario. Durante este proceso, el ejecutor debe administrar y asegurar todos los activos. Este proceso puede durar s\u00f3lo unos pocos meses o puede ser tan largo como un a\u00f1o.<\/p>\n<p>Esto puede depender del tipo de activos que se dejan atr\u00e1s.\u00a0Si los bienes ra\u00edces, valores u otras partes son parte de la propiedad, el ejecutor tendr\u00e1 que decidir si estos art\u00edculos necesitan ser vendidos. Esto depender\u00e1 de si el testamento designa los regalos en efectivo a los beneficiarios o si hay deudas que necesitan ser pagadas.<\/p>\n<p>El proceso de Sucesi\u00f3n incluye:<\/p>\n<ul>\n<li><b>Nombrar al Ejecutor.<\/b>\u00a0El ejecutor es normalmente nombrado en el testamento de la persona. Si no, o si no hay un testamento, el tribunal elegir\u00e1 a alguien.<\/li>\n<li><b>Validando el testamento.<\/b>\u00a0Debe probarse al tribunal que el testamento de la persona difunta es v\u00e1lido. Este proceso de rutina depende de las reglas de cada estado.<\/li>\n<li><b>Haciendo inventario.<\/b>\u00a0Debe haber un inventario de todas las propiedades que pertenec\u00edan a la persona fallecida.<\/li>\n<li><b>Valor de la propiedad.<\/b>\u00a0El valor de la propiedad se determina en esta fase.<\/li>\n<li><b>Pagar deudas.<\/b>\u00a0Las deudas y los impuestos necesarios deben ser pagados.<\/li>\n<li><b>Distribuci\u00f3n de la propiedad.<\/b>\u00a0La distribuci\u00f3n\/transferencia de la propiedad se realiza, seg\u00fan la voluntad. Si no hay voluntad, esto se hace de acuerdo con la ley estatal.<\/li>\n<\/ul>\n<p>Por lo general, el testamento requiere que el papeleo apropiado sea presentado por abogados y se hagan apariciones en el tribunal.\u00a0El pago de las cuotas de la corte proviene de la propiedad del patrimonio.<\/p>\n<p>La sucesi\u00f3n no siempre se requiere en algunos Estados si la propiedad est\u00e1 bajo una cantidad determinada, si la propiedad es conjunta con otra persona, o si la propiedad es parte de un fideicomiso activo.<\/p>\n<p><b>TIPOS DE SUCESI\u00d3N<\/b><\/p>\n<p>Aqu\u00ed est\u00e1n algunos de los tipos de sucesi\u00f3n que nuestro bufete maneja:<\/p>\n<ul>\n<li><b>Administraci\u00f3n de Sucesiones:<\/b>\u00a0La administraci\u00f3n independiente y dependiente es donde el tribunal designa a un representante personal de un estado para reunir los activos de un patrimonio, pagar las deudas y distribuir los activos restantes a los beneficiarios. Si el miembro difunto de la familia ten\u00eda un testamento, el representante personal suele nombrarse en dicho testamento.<\/li>\n<li><b>Sucesi\u00f3n Forzosa:<\/b>\u00a0Cuando una persona muere sin testamento o en otras situaciones, un procedimiento de herencia es necesario para que el tribunal determine los herederos leg\u00edtimos.<\/li>\n<li><b>Documento del T\u00edtulo:<\/b>\u00a0El documento del t\u00edtulo es una manera barata para que los activos patrimoniales sean transferidos. Este proceso puede ser usado cuando existe una voluntad v\u00e1lida, no existen deudas sin pagar y no hay una demanda por Medicaid contra la propiedad en busca de beneficios recibidos por la persona que muri\u00f3.<\/li>\n<li><b>Declaraci\u00f3n Jurada del Heredero:<\/b>\u00a0Una declaraci\u00f3n jurada de herencia puede ser presentada en su estado para confirmar la identidad de los herederos.<\/li>\n<li><b>Declaraciones Juradas de Bienes Peque\u00f1os:<\/b>\u00a0Esto es para situaciones donde la propiedad vale $50,000 o menos y no hay testamento. Los que est\u00e1n listos para heredar la propiedad son capaces de proporcionar una declaraci\u00f3n jurada simple con el fin de adquirir la propiedad.<\/li>\n<\/ul>\n<p><b>REPRESENTACI\u00d3N VETERANA<\/b><\/p>\n<p>Pasar por el proceso de sucesiones mientras se cumplen los requisitos legales de la ley de sucesiones en su estado se hace m\u00e1s f\u00e1cil con la representaci\u00f3n de nuestros abogados con experiencia en bienes ra\u00edces.<\/p>\n<p>Nuestros abogados calificados pueden ayudar a que su administraci\u00f3n inmobiliaria sea un proceso r\u00e1pido y libre de problemas, proporcionando tranquilidad de que los requisitos legales de la herencia se cumplan.<\/p>\n<p>Deje que nuestro abogado de sucesiones le ayude a simplificar un proceso complicado y que nuestro bufete de abogados le ayude con problemas administrativos dif\u00edciles.<\/p>\n","protected":false},"excerpt":{"rendered":"<p>Cuando un ser querido fallece, es un momento dif\u00edcil. La idea de lidiar con las obligaciones legales en este momento y tener que contratar a un abogado puede aumentar a\u00fan m\u00e1s el estr\u00e9s y la ansiedad. Sin embargo, el proceso de sucesi\u00f3n es inevitable en la mayor\u00eda de estas situaciones y sirve como m\u00e9todo en [&hellip;]<\/p>\n","protected":false},"author":65,"featured_media":0,"parent":24871,"menu_order":0,"comment_status":"closed","ping_status":"closed","template":"","meta":{"_acf_changed":false,"site-sidebar-layout":"default","site-content-layout":"","ast-site-content-layout":"default","site-content-style":"default","site-sidebar-style":"default","ast-global-header-display":"","ast-banner-title-visibility":"","ast-main-header-display":"","ast-hfb-above-header-display":"","ast-hfb-below-header-display":"","ast-hfb-mobile-header-display":"","site-post-title":"","ast-breadcrumbs-content":"","ast-featured-img":"","footer-sml-layout":"","ast-disable-related-posts":"","theme-transparent-header-meta":"","adv-header-id-meta":"","stick-header-meta":"","header-above-stick-meta":"","header-main-stick-meta":"","header-below-stick-meta":"","astra-migrate-meta-layouts":"default","ast-page-background-enabled":"default","ast-page-background-meta":{"desktop":{"background-color":"var(--ast-global-color-4)","background-image":"","background-repeat":"repeat","background-position":"center center","background-size":"auto","background-attachment":"scroll","background-type":"","background-media":"","overlay-type":"","overlay-color":"","overlay-opacity":"","overlay-gradient":""},"tablet":{"background-color":"","background-image":"","background-repeat":"repeat","background-position":"center center","background-size":"auto","background-attachment":"scroll","background-type":"","background-media":"","overlay-type":"","overlay-color":"","overlay-opacity":"","overlay-gradient":""},"mobile":{"background-color":"","background-image":"","background-repeat":"repeat","background-position":"center center","background-size":"auto","background-attachment":"scroll","background-type":"","background-media":"","overlay-type":"","overlay-color":"","overlay-opacity":"","overlay-gradient":""}},"ast-content-background-meta":{"desktop":{"background-color":"var(--ast-global-color-5)","background-image":"","background-repeat":"repeat","background-position":"center center","background-size":"auto","background-attachment":"scroll","background-type":"","background-media":"","overlay-type":"","overlay-color":"","overlay-opacity":"","overlay-gradient":""},"tablet":{"background-color":"var(--ast-global-color-5)","background-image":"","background-repeat":"repeat","background-position":"center center","background-size":"auto","background-attachment":"scroll","background-type":"","background-media":"","overlay-type":"","overlay-color":"","overlay-opacity":"","overlay-gradient":""},"mobile":{"background-color":"var(--ast-global-color-5)","background-image":"","background-repeat":"repeat","background-position":"center center","background-size":"auto","background-attachment":"scroll","background-type":"","background-media":"","overlay-type":"","overlay-color":"","overlay-opacity":"","overlay-gradient":""}},"footnotes":""},"class_list":["post-24960","page","type-page","status-publish","hentry"],"acf":[],"_links":{"self":[{"href":"https:\/\/mcdonaldworley.com\/es\/wp-json\/wp\/v2\/pages\/24960","targetHints":{"allow":["GET"]}}],"collection":[{"href":"https:\/\/mcdonaldworley.com\/es\/wp-json\/wp\/v2\/pages"}],"about":[{"href":"https:\/\/mcdonaldworley.com\/es\/wp-json\/wp\/v2\/types\/page"}],"author":[{"embeddable":true,"href":"https:\/\/mcdonaldworley.com\/es\/wp-json\/wp\/v2\/users\/65"}],"replies":[{"embeddable":true,"href":"https:\/\/mcdonaldworley.com\/es\/wp-json\/wp\/v2\/comments?post=24960"}],"version-history":[{"count":0,"href":"https:\/\/mcdonaldworley.com\/es\/wp-json\/wp\/v2\/pages\/24960\/revisions"}],"up":[{"embeddable":true,"href":"https:\/\/mcdonaldworley.com\/es\/wp-json\/wp\/v2\/pages\/24871"}],"wp:attachment":[{"href":"https:\/\/mcdonaldworley.com\/es\/wp-json\/wp\/v2\/media?parent=24960"}],"curies":[{"name":"wp","href":"https:\/\/api.w.org\/{rel}","templated":true}]}}