{"id":24958,"date":"2018-11-01T20:07:26","date_gmt":"2018-11-01T20:07:26","guid":{"rendered":"https:\/\/abconlinehold.wpengine.com\/?page_id=24958"},"modified":"2021-06-30T16:27:54","modified_gmt":"2021-06-30T21:27:54","slug":"lesiones-causadas-por-pradaxa","status":"publish","type":"page","link":"https:\/\/mcdonaldworley.com\/es\/drogas-peligrosas\/lesiones-causadas-por-pradaxa\/","title":{"rendered":"Lesiones Causadas por Pradaxa"},"content":{"rendered":"<p><b>\u00bfSufri\u00f3 usted o un ser querido un evento de sangrado grave mientras tomaba Pradaxa?<\/b><\/p>\n<p>En el 2010, <i>Boehringer Ingelheim Pharmaceuticals<\/i> lanz\u00f3 el anticoagulante de la sangre llamada Pradaxa que fue visto como uno de los mayores avances farmac\u00e9uticos de su tiempo. Sin embargo, poco despu\u00e9s se produjeron informes de <a href=\"https:\/\/mcdonaldworley.com\/es\/houston\">lesiones personas<\/a> graves y alegaciones de muertes il\u00edcitas.<\/p>\n<p>A pesar de que m\u00e1s de 1,000 muertes han sido reportadas como resultado del uso de Pradaxa, el medicamento sigue siendo ampliamente utilizado mientras que muchos contin\u00faan cuestionando su seguridad.<\/p>\n<p><b>Si usted o un ser querido sufri\u00f3 una hemorragia potencialmente mortal mientras tomaba Pradaxa, puede calificar para presentar una demanda contra Pradaxa. Comun\u00edquese hoy con los abogados de McDonald Worley para una evaluaci\u00f3n de caso GRATUITA.<\/b><\/p>\n<p><b>\u00bfQU\u00c9 ES PRADAXA?<\/b><\/p>\n<p>El Pradaxa (dabigatr\u00e1n) fue el primero de varios anticoagulantes nuevos, conocidos como anticoagulantes orales de nueva generaci\u00f3n, o NOACs. Estos fueron dise\u00f1ados como un medicamento alternativo a la Warfarina, el diluyente de la sangre est\u00e1ndar de la industria para los 60 a\u00f1os anteriores.<\/p>\n<p>Pradaxa fue visto inicialmente como una mejora enorme sobre Warfarina debido a su facilidad de uso aparente. A diferencia de Warfarina, Pradaxa no requiri\u00f3 la supervisi\u00f3n continua de la sangre de pacientes y la dosificaci\u00f3n estandarizada estaba disponible. Aparte de eso, los pacientes que tomaban Pradaxa no ten\u00edan que ajustarse a una dieta espec\u00edfica mientras que tomaban el medicamento, en contraste con los usuarios de la Warfarina que tuvieron que evitar ciertos alimentos que podr\u00edan interferir potencialmente con la eficacia de la droga.<\/p>\n<p>Pradaxa fue aprobado inicialmente para tratar a los pacientes que sufrieron de la fibrilaci\u00f3n atrial. La fibrilaci\u00f3n auricular es una afecci\u00f3n card\u00edaca anormal que hace que las c\u00e1maras del coraz\u00f3n se contraigan en diferentes momentos, causando que las c\u00e1maras superiores del coraz\u00f3n est\u00e9n fuera de sincron\u00eda con el ritmo de las c\u00e1maras inferiores del coraz\u00f3n. Este latido card\u00edaco anormal puede causar que la sangre se estanque y conduzca al desarrollo de co\u00e1gulos.<\/p>\n<p>Posteriormente, el medicamento fue aprobado para tratar y prevenir la trombosis venosa profunda, una afecci\u00f3n en la que los co\u00e1gulos sangu\u00edneos se desarrollan en las venas profundas de las extremidades inferiores. Estos co\u00e1gulos pueden viajar al coraz\u00f3n y a los pulmones causando ataques card\u00edacos, derrames cerebrales y otros problemas importantes.<\/p>\n<p>Pradaxa tambi\u00e9n fue aprobado para tratar una condici\u00f3n relacionada, la cual es llamada embolia pulmonar. Una embolia pulmonar resulta cuando los co\u00e1gulos sangu\u00edneos formados en las extremidades inferiores viajan al pulm\u00f3n. Un co\u00e1gulo sangu\u00edneo en los pulmones restringir\u00e1 el flujo sangu\u00edneo y disminuir\u00e1 los niveles de ox\u00edgeno. Los co\u00e1gulos sangu\u00edneos grandes, as\u00ed como los co\u00e1gulos sangu\u00edneos m\u00faltiples encontrados en los pulmones, pueden resultar fatales.<\/p>\n<p>No pas\u00f3 mucho tiempo hasta que Pradaxa se convirtiera en un medicamento de venta superior debido a sus aparentes ventajas sobre la Warfarina. Pero no mucho despu\u00e9s de eso, los informes de lesiones serias ligadas a la droga tambi\u00e9n comenzaron a fluir y su renombre disminuy\u00f3. Otros medicamentos anticoagulantes orales de nueva generaci\u00f3n empezaron a ganar terreno despu\u00e9s de que la seguridad de Pradaxa comenz\u00f3 a ser cuestionada.<\/p>\n<p><b>EFECTOS SECUNDARIOS DE PRAXADA<\/b><\/p>\n<p>Hay varios efectos secundarios de Pradaxa, pero la mayor\u00eda son leves y pueden disminuir o desaparecer despu\u00e9s de que el cuerpo se acostumbre al medicamento. Estos incluyen hematomas f\u00e1ciles o eventos de sangrado leves, como hemorragias nasales o sangrado m\u00e1s prolongado debido a peque\u00f1os cortes, dolor de est\u00f3mago o indigesti\u00f3n, acidez estomacal, n\u00e1useas o picaz\u00f3n. Normalmente, son lo bastante leves y no afectan seriamente a un paciente.<\/p>\n<p>El efecto secundario m\u00e1s severo relacionado con el uso de Pradaxa es el mayor riesgo de sangrado incontrolable. Este riesgo es com\u00fan con cualquier medicamento anticoagulante, incluida la Warfarina. El efecto secundario de sangrado est\u00e1 directamente relacionado con la forma en la que funciona el medicamento. Este bloquea una enzima responsable de la coagulaci\u00f3n y, por lo tanto, reduce la posibilidad de que se formen co\u00e1gulos.<\/p>\n<p>Para prevenir problemas como la trombosis venosa profunda, embolia pulmonar y co\u00e1gulos sangu\u00edneos debido al ritmo card\u00edaco anormal, es esencial que la sangre se diluya para que no produzca co\u00e1gulos. Sin embargo, hay situaciones en las que los co\u00e1gulos de sangre salvan vidas. Cuando una persona tiene sangrado interno, el cuerpo forma naturalmente un co\u00e1gulo para detener el sangrado y as\u00ed comenzar a curar el cuerpo.<\/p>\n<p>Si el sangrado interno se desarrolla para una persona que toma Pradaxa, el cuerpo no puede hacer el co\u00e1gulo necesario para detener el sangrado y el sangrado incontrolable se convierte en una situaci\u00f3n de emergencia. Los pacientes que experimentan sangrado incontrolable deben ser llevados al hospital para su estabilizaci\u00f3n. Este es el punto donde Pradaxa mostr\u00f3 una gran desventaja en comparaci\u00f3n con la Warfarina, durante sus primeros cinco a\u00f1os en el mercado.<\/p>\n<p>A diferencia de la Warfarina, no hab\u00eda ant\u00eddoto para revertir los efectos del adelgazamiento de la sangre por Pradaxa para restaurar las habilidades de coagulaci\u00f3n natural del cuerpo. El personal de la sala de emergencias tuvo que simplemente \u00abesperar a que se fuera\u00bb, se requer\u00eda que Pradaxa fuese procesado a trav\u00e9s del sistema del paciente y que el sangrado no progresara a un nivel que era severo o fatal.<\/p>\n<p>Cuando los pacientes con Warfarina desarrollaron un sangrado incontrolable, el personal del hospital podr\u00eda administrar plasma fresco congelado o vitamina K intravenosa para revertir los mecanismos anticoagulantes de la Warfarina. Seg\u00fan las declaraciones hechas en demandas, no era sabido entre los m\u00e9dicos y los pacientes que no hab\u00eda un agente de remoci\u00f3n disponible para los usuarios de Pradaxa a partir del tiempo desde que fue lanzado hasta cerca de cinco a\u00f1os m\u00e1s tarde.<\/p>\n<p>En el oto\u00f1o del 2015, Boehringer Ingelheim introdujo Praxbind, un agente de inversi\u00f3n para ser utilizado en pacientes que sufren sangrado incontrolable en Pradaxa. Sin embargo, antes de eso los cr\u00edticos alegaron que era un acto irresponsable del fabricante el haber liberado un medicamento que no ten\u00eda un ant\u00eddoto como su predecesor, la Warfarina.<\/p>\n<p><b>Pradaxa Alcanza Un Asentamiento Grande En El 2014, El Fabricante Del Medicamento Deniega Haber Hecho Algo Inmoral<\/b><\/p>\n<p>Miles de pacientes empezaron a presentar demandas contra el fabricante de Pradaxa alegando que hab\u00edan desarrollado complicaciones graves de sangrado como resultado del uso de la medicaci\u00f3n. Los tipos m\u00e1s comunes de lesiones fueron hemorragias gastrointestinales y hemorragias cerebrales. Estos pleitos intentaron responsabilizar al fabricante y as\u00ed recuperar los da\u00f1os relacionados con las lesiones sostenidas despu\u00e9s de usar la droga.<\/p>\n<p>En el 2014, el fabricante de Pradaxa acord\u00f3 un arreglo de $650 millones para resolver las m\u00e1s de 4,000 demandas que estaban pendientes en ese entonces. Sin embargo, Boehringer Ingelheim sostuvo que no hab\u00eda cometido ninguna fechor\u00eda, pero acord\u00f3 resolver las afirmaciones para evitar mayores costos e incertidumbre de continuar con el litigio.<\/p>\n<p><b>Todav\u00eda Es Posible Tomar Medidas Legales Sobre Las Complicaciones De Pradaxa<\/b><\/p>\n<p>Muchas demandas contra Pradaxa fueron presentadas despu\u00e9s del 2014 y contin\u00faan haci\u00e9ndolo cuando los pacientes y sus seres queridos descubren m\u00e1s informaci\u00f3n que rodea los asuntos de seguridad antes de la liberaci\u00f3n del ant\u00eddoto de Pradaxa.<\/p>\n<p>Si usted o un ser querido fue lesionado despu\u00e9s de tomar Pradaxa, usted puede ser elegible para tomar acci\u00f3n legal contra el fabricante para poder recuperar los da\u00f1os econ\u00f3micos y no econ\u00f3micos sufridos. Un abogado veterano de Pradaxa puede proporcionarle una revisi\u00f3n de caso libre, sin obligaci\u00f3n y puede discutir sus opciones para perseguir litigios.<\/p>\n\n\n<p><\/p>\n","protected":false},"excerpt":{"rendered":"<p>\u00bfSufri\u00f3 usted o un ser querido un evento de sangrado grave mientras tomaba Pradaxa? En el 2010, Boehringer Ingelheim Pharmaceuticals lanz\u00f3 el anticoagulante de la sangre llamada Pradaxa que fue visto como uno de los mayores avances farmac\u00e9uticos de su tiempo. Sin embargo, poco despu\u00e9s se produjeron informes de lesiones personas graves y alegaciones de [&hellip;]<\/p>\n","protected":false},"author":65,"featured_media":0,"parent":24875,"menu_order":0,"comment_status":"closed","ping_status":"closed","template":"","meta":{"_acf_changed":false,"site-sidebar-layout":"default","site-content-layout":"","ast-site-content-layout":"default","site-content-style":"default","site-sidebar-style":"default","ast-global-header-display":"","ast-banner-title-visibility":"","ast-main-header-display":"","ast-hfb-above-header-display":"","ast-hfb-below-header-display":"","ast-hfb-mobile-header-display":"","site-post-title":"","ast-breadcrumbs-content":"","ast-featured-img":"","footer-sml-layout":"","ast-disable-related-posts":"","theme-transparent-header-meta":"","adv-header-id-meta":"","stick-header-meta":"","header-above-stick-meta":"","header-main-stick-meta":"","header-below-stick-meta":"","astra-migrate-meta-layouts":"default","ast-page-background-enabled":"default","ast-page-background-meta":{"desktop":{"background-color":"var(--ast-global-color-4)","background-image":"","background-repeat":"repeat","background-position":"center center","background-size":"auto","background-attachment":"scroll","background-type":"","background-media":"","overlay-type":"","overlay-color":"","overlay-opacity":"","overlay-gradient":""},"tablet":{"background-color":"","background-image":"","background-repeat":"repeat","background-position":"center center","background-size":"auto","background-attachment":"scroll","background-type":"","background-media":"","overlay-type":"","overlay-color":"","overlay-opacity":"","overlay-gradient":""},"mobile":{"background-color":"","background-image":"","background-repeat":"repeat","background-position":"center center","background-size":"auto","background-attachment":"scroll","background-type":"","background-media":"","overlay-type":"","overlay-color":"","overlay-opacity":"","overlay-gradient":""}},"ast-content-background-meta":{"desktop":{"background-color":"var(--ast-global-color-5)","background-image":"","background-repeat":"repeat","background-position":"center center","background-size":"auto","background-attachment":"scroll","background-type":"","background-media":"","overlay-type":"","overlay-color":"","overlay-opacity":"","overlay-gradient":""},"tablet":{"background-color":"var(--ast-global-color-5)","background-image":"","background-repeat":"repeat","background-position":"center center","background-size":"auto","background-attachment":"scroll","background-type":"","background-media":"","overlay-type":"","overlay-color":"","overlay-opacity":"","overlay-gradient":""},"mobile":{"background-color":"var(--ast-global-color-5)","background-image":"","background-repeat":"repeat","background-position":"center center","background-size":"auto","background-attachment":"scroll","background-type":"","background-media":"","overlay-type":"","overlay-color":"","overlay-opacity":"","overlay-gradient":""}},"footnotes":""},"class_list":["post-24958","page","type-page","status-publish","hentry"],"acf":[],"_links":{"self":[{"href":"https:\/\/mcdonaldworley.com\/es\/wp-json\/wp\/v2\/pages\/24958","targetHints":{"allow":["GET"]}}],"collection":[{"href":"https:\/\/mcdonaldworley.com\/es\/wp-json\/wp\/v2\/pages"}],"about":[{"href":"https:\/\/mcdonaldworley.com\/es\/wp-json\/wp\/v2\/types\/page"}],"author":[{"embeddable":true,"href":"https:\/\/mcdonaldworley.com\/es\/wp-json\/wp\/v2\/users\/65"}],"replies":[{"embeddable":true,"href":"https:\/\/mcdonaldworley.com\/es\/wp-json\/wp\/v2\/comments?post=24958"}],"version-history":[{"count":0,"href":"https:\/\/mcdonaldworley.com\/es\/wp-json\/wp\/v2\/pages\/24958\/revisions"}],"up":[{"embeddable":true,"href":"https:\/\/mcdonaldworley.com\/es\/wp-json\/wp\/v2\/pages\/24875"}],"wp:attachment":[{"href":"https:\/\/mcdonaldworley.com\/es\/wp-json\/wp\/v2\/media?parent=24958"}],"curies":[{"name":"wp","href":"https:\/\/api.w.org\/{rel}","templated":true}]}}