{"id":24956,"date":"2018-11-01T20:06:27","date_gmt":"2018-11-01T20:06:27","guid":{"rendered":"https:\/\/abconlinehold.wpengine.com\/?page_id=24956"},"modified":"2021-08-09T16:06:34","modified_gmt":"2021-08-09T21:06:34","slug":"cancer-causado-por-el-uso-de-un-morcelador","status":"publish","type":"page","link":"https:\/\/mcdonaldworley.com\/es\/productos-medicos-defectuosos\/cancer-causado-por-el-uso-de-un-morcelador\/","title":{"rendered":"C\u00e1ncer Causado por el Uso de un Morcelador"},"content":{"rendered":"<p><b>\u00bfUsted o un ser querido desarrollan c\u00e1ncer despu\u00e9s de que un dispositivo morcelador de la energ\u00eda fue utilizado para su cirug\u00eda abdominal?<\/b><\/p>\n<p>Los efectos secundarios no intencionados de usar un morcelador de energ\u00eda durante su procedimiento quir\u00fargico pueden haber resultado en:<\/p>\n<ul>\n<li>Crecimiento del c\u00e1ncer, particularmente leiomiosarcoma metast\u00e1tico<\/li>\n<li>Crecimiento anormal del tejido o tumores<\/li>\n<li>Da\u00f1o directo a los tejidos sanos<\/li>\n<\/ul>\n<p>La Administraci\u00f3n de Alimentos y Medicamentos (FDA, por sus siglas en ingl\u00e9s) advierte a los m\u00e9dicos y a las mujeres que est\u00e1n considerando la cirug\u00eda para remover los fibromas, el \u00fatero, los ovarios o las trompas de Falopio que eviten el uso de los morceladores de poder laparosc\u00f3pico, especialmente en mujeres con c\u00e1ncer uterino sospechoso o conocido.<\/p>\n<p>La agencia federal est\u00e1 preocupada que la energ\u00eda laparosc\u00f3pica de morcelador usada durante una histerectom\u00eda, miomectom\u00eda, ooforectom\u00eda y los procedimientos salpingectomia pueden <a href=\"https:\/\/mcdonaldworley.com\/defective-products\/roundup-cancer-link\/\" target=\"_blank\" rel=\"noopener\">causar que el c\u00e1ncer<\/a> crezca agresivamente en las mujeres.<\/p>\n<p>Si su c\u00e1ncer ha empeorado despu\u00e9s del uso de un morcelador de energ\u00eda y cree que tal dispositivo fue la causa, comparta los detalles de su caso con nuestros abogados veteranos en demandas de productos quir\u00fargicos.<\/p>\n<p><b>Usted puede tener derecho a una compensaci\u00f3n significativa por su sufrimiento \u2014 dinero que puede ayudar con sus costos m\u00e9dicos y las cargas financieras causadas por un dispositivo m\u00e9dico peligroso.<\/b><\/p>\n<p><b>\u00bfQU\u00c9 ES UN FIBROMA Y POR QU\u00c9 DEBER\u00cdA PREOCUPARSE?<\/b><\/p>\n<p>Los fibromas uterinos son bultos no cancerosos que se desarrollan en el tejido muscular del \u00fatero y est\u00e1n ubicados en la pared del \u00fatero.\u00a0 No todos los fibromas causan s\u00edntomas en s\u00ed mismos y usted puede tenerlos sin saberlo.<\/p>\n<p>Sin embargo, los terrones fibrosos pueden causar complicaciones, entre ellas el dolor.\u00a0 Cuando los fibromas causan problemas y dolor, en esos casos, se recomienda a la mayor\u00eda de las mujeres tratamiento tal como una histerectom\u00eda o procedimiento miomectom\u00eda. Muchas de estas cirug\u00edas se han realizado laparosc\u00f3picamente utilizando un morcelador.<\/p>\n<p>En t\u00e9rminos profanos, un dispositivo entra y corta el tejido abultado.<\/p>\n<p>\u00bfQu\u00e9 problemas impulsar\u00edan a las mujeres a considerar estos procedimientos?<\/p>\n<p>Los fibromas uterinos pueden causar los siguientes problemas en las mujeres:<\/p>\n<ul>\n<li>Dificultad para embarazarse, puede causar parto prematuro y abortos espont\u00e1neos<\/li>\n<li>Sangrado menstrual anormal (entre per\u00edodos, los per\u00edodos pueden tener un flujo sangu\u00edneo mucho m\u00e1s pesado y doloroso)<\/li>\n<li>Dolor p\u00e9lvico y sensaci\u00f3n de presi\u00f3n (dolor en la pelvis o la espalda baja, puede ser una causa de calambres y sexo doloroso)<\/li>\n<li>Afecta al sistema urinario (micci\u00f3n frecuente, fuga de incontinencia, etc.).<\/li>\n<\/ul>\n<p>Los procedimientos laparosc\u00f3picos tienen una serie de beneficios sobre un tratamiento quir\u00fargico. Los beneficios incluyen un tiempo de recuperaci\u00f3n posoperatorio m\u00e1s corto y un peque\u00f1o riesgo de infecci\u00f3n en comparaci\u00f3n con la histerectom\u00eda abdominal y los tratamientos quir\u00fargicos de miomectom\u00edas.<\/p>\n<p><b>\u00bfES UN DISPOSITIVO M\u00c9DICO PELIGROSO?<\/b><\/p>\n<p>La laparoscopia con uso de un morcelador es una t\u00e9cnica quir\u00fargica m\u00ednimamente invasiva que se usa para realizar una variedad de procedimientos, incluyendo la extirpaci\u00f3n del \u00fatero o la extirpaci\u00f3n de fibromas uterinos. Para estos procedimientos, la morcelaci\u00f3n implica el uso de un dispositivo el\u00e9ctrico y de corte llamado\u00a0morcelador, lo cual permite que un doctor elimine el tejido a trav\u00e9s de una peque\u00f1a incisi\u00f3n.<\/p>\n<p>Muchas mujeres eligen la cirug\u00eda laparosc\u00f3pica para la histerectom\u00eda o la miomectom\u00eda porque los procedimientos se asocian con un menor tiempo de recuperaci\u00f3n y un menor riesgo de infecci\u00f3n en comparaci\u00f3n con las cirug\u00edas abdominales.<\/p>\n<p>La Administraci\u00f3n de Alimentos y Medicamentos (FDA por sus siglas en ingl\u00e9s) emiti\u00f3 una advertencia de seguridad a los m\u00e9dicos en abril de 2004 en relaci\u00f3n con el uso de los morceladores de energ\u00eda y la posibilidad de efectos secundarios da\u00f1inos.<\/p>\n<p>Sin embargo, seg\u00fan un reciente\u00a0<a href=\"http:\/\/www.fda.gov\/\" target=\"_blank\" rel=\"nofollow noopener\">An\u00e1lisis de seguridad de la FDA<\/a>\u00a0\u00abse encontr\u00f3 que aproximadamente 1 de cada 350 mujeres que est\u00e1n sometidas a la histerectom\u00eda o miomectom\u00eda para el tratamiento de los fibromas tienen un sarcoma uterino insospechado, lo cual es un tipo de c\u00e1ncer uterino que incluye leiomiosarcoma.\u00bb<\/p>\n<p>Desde la alerta de seguridad, Johnson &amp; Johnson ha emitido un retiro del dispositivo, a pesar de que el producto no ha sido oficialmente prohibido por la FDA en este momento. Para las v\u00edctimas cuyo c\u00e1ncer se pudo haber extendido m\u00e1s debido a su uso que de otra manera, podr\u00eda ser demasiado tarde.<\/p>\n<p>Debido a que se encontr\u00f3 que 1 de cada 350 mujeres que se someten a la histerectom\u00eda o miomectom\u00eda para el tratamiento de los fibromas tienen sarcoma uterino, actualmente no hay una manera confiable de determinar qu\u00e9 mujeres pueden tener sarcomas insospechados, la agencia ha advertido a los doctores que dejen de usar el morcelador durante la histerectom\u00eda o miomectom\u00eda para los fibromas uterinos.<\/p>\n<p>Incluso antes de la advertencia de la FDA, muchos se quejaron de que las mujeres y los profesionales m\u00e9dicos no estaban siendo informados sobre el morcelador y el riesgo de c\u00e1ncer. Adem\u00e1s, a algunos expertos les preocupa que los morceladores de poder laparosc\u00f3pico no hayan sido estudiados o probados adecuadamente antes de ser utilizados para procedimientos quir\u00fargicos.<\/p>\n<p>Usado originalmente para quitar fibromas y crecimientos no cancerosos durante una histerectom\u00eda o miomectom\u00eda, el dispositivo morcelador de la energ\u00eda fue utilizado com\u00fanmente durante tratamientos quir\u00fargicos.<\/p>\n<p>Despu\u00e9s de un estudio que correlaciona un v\u00ednculo significativo entre el uso de los dispositivos y el crecimiento del c\u00e1ncer, Johnson &amp; Johnson ha retirado tres de sus productos: Gynecare Morcellex, Gynecare X-Tract y Morcellex Sigma.<\/p>\n<p><b>CONSIGA AYUDA HOY CON SUS EFECTOS SECUNDARIOS CAUSADOS POR UN MORCELADOR<\/b><\/p>\n<p>Las consecuencias no intencionadas de un morcelador laparosc\u00f3pico que se utiliza durante su procedimiento pueden dar derecho a una indemnizaci\u00f3n significativa por el da\u00f1o que sufri\u00f3. Mientras que nuestros abogados no pueden regresar en el tiempo, lucharemos para asegurarle la compensaci\u00f3n m\u00e1xima que la ley proporciona.<\/p>\n<p>La compensaci\u00f3n puede ayudarle a asegurar que usted consiga el tratamiento m\u00e9dico que merece y la paz mental en saber que sus necesidades no ser\u00e1n ignoradas. Si se us\u00f3 un morcelador de energ\u00eda en su procedimiento, comparta los detalles de su caso hoy, o ll\u00e1menos al (800) 610-2001 para aprender lo que podemos lograr para usted.<\/p>\n<p>El camino a la recuperaci\u00f3n puede ser una lucha larga y dura, teniendo un gran costo en la v\u00edctima, as\u00ed como en la familia y los amigos.\u00a0Nuestros abogados luchar\u00e1n <a href=\"https:\/\/mcdonaldworley.com\/es\/drogas-peligrosas\/hemorragias-causadas-por-xarelto\/\" target=\"_blank\" rel=\"noopener\">por su demanda de c\u00e1ncer causada<\/a> por un morcelador para obtener la justicia que usted se merece y la compensaci\u00f3n m\u00e1xima a la que tiene derecho, d\u00e1ndole la libertad de centrarse en la recuperaci\u00f3n..<\/p>\n","protected":false},"excerpt":{"rendered":"<p>\u00bfUsted o un ser querido desarrollan c\u00e1ncer despu\u00e9s de que un dispositivo morcelador de la energ\u00eda fue utilizado para su cirug\u00eda abdominal? Los efectos secundarios no intencionados de usar un morcelador de energ\u00eda durante su procedimiento quir\u00fargico pueden haber resultado en: Crecimiento del c\u00e1ncer, particularmente leiomiosarcoma metast\u00e1tico Crecimiento anormal del tejido o tumores Da\u00f1o directo [&hellip;]<\/p>\n","protected":false},"author":65,"featured_media":0,"parent":24884,"menu_order":0,"comment_status":"closed","ping_status":"closed","template":"","meta":{"_acf_changed":false,"site-sidebar-layout":"default","site-content-layout":"","ast-site-content-layout":"default","site-content-style":"default","site-sidebar-style":"default","ast-global-header-display":"","ast-banner-title-visibility":"","ast-main-header-display":"","ast-hfb-above-header-display":"","ast-hfb-below-header-display":"","ast-hfb-mobile-header-display":"","site-post-title":"","ast-breadcrumbs-content":"","ast-featured-img":"","footer-sml-layout":"","ast-disable-related-posts":"","theme-transparent-header-meta":"","adv-header-id-meta":"","stick-header-meta":"","header-above-stick-meta":"","header-main-stick-meta":"","header-below-stick-meta":"","astra-migrate-meta-layouts":"default","ast-page-background-enabled":"default","ast-page-background-meta":{"desktop":{"background-color":"var(--ast-global-color-4)","background-image":"","background-repeat":"repeat","background-position":"center center","background-size":"auto","background-attachment":"scroll","background-type":"","background-media":"","overlay-type":"","overlay-color":"","overlay-opacity":"","overlay-gradient":""},"tablet":{"background-color":"","background-image":"","background-repeat":"repeat","background-position":"center center","background-size":"auto","background-attachment":"scroll","background-type":"","background-media":"","overlay-type":"","overlay-color":"","overlay-opacity":"","overlay-gradient":""},"mobile":{"background-color":"","background-image":"","background-repeat":"repeat","background-position":"center center","background-size":"auto","background-attachment":"scroll","background-type":"","background-media":"","overlay-type":"","overlay-color":"","overlay-opacity":"","overlay-gradient":""}},"ast-content-background-meta":{"desktop":{"background-color":"var(--ast-global-color-5)","background-image":"","background-repeat":"repeat","background-position":"center center","background-size":"auto","background-attachment":"scroll","background-type":"","background-media":"","overlay-type":"","overlay-color":"","overlay-opacity":"","overlay-gradient":""},"tablet":{"background-color":"var(--ast-global-color-5)","background-image":"","background-repeat":"repeat","background-position":"center center","background-size":"auto","background-attachment":"scroll","background-type":"","background-media":"","overlay-type":"","overlay-color":"","overlay-opacity":"","overlay-gradient":""},"mobile":{"background-color":"var(--ast-global-color-5)","background-image":"","background-repeat":"repeat","background-position":"center center","background-size":"auto","background-attachment":"scroll","background-type":"","background-media":"","overlay-type":"","overlay-color":"","overlay-opacity":"","overlay-gradient":""}},"footnotes":""},"class_list":["post-24956","page","type-page","status-publish","hentry"],"acf":[],"_links":{"self":[{"href":"https:\/\/mcdonaldworley.com\/es\/wp-json\/wp\/v2\/pages\/24956","targetHints":{"allow":["GET"]}}],"collection":[{"href":"https:\/\/mcdonaldworley.com\/es\/wp-json\/wp\/v2\/pages"}],"about":[{"href":"https:\/\/mcdonaldworley.com\/es\/wp-json\/wp\/v2\/types\/page"}],"author":[{"embeddable":true,"href":"https:\/\/mcdonaldworley.com\/es\/wp-json\/wp\/v2\/users\/65"}],"replies":[{"embeddable":true,"href":"https:\/\/mcdonaldworley.com\/es\/wp-json\/wp\/v2\/comments?post=24956"}],"version-history":[{"count":0,"href":"https:\/\/mcdonaldworley.com\/es\/wp-json\/wp\/v2\/pages\/24956\/revisions"}],"up":[{"embeddable":true,"href":"https:\/\/mcdonaldworley.com\/es\/wp-json\/wp\/v2\/pages\/24884"}],"wp:attachment":[{"href":"https:\/\/mcdonaldworley.com\/es\/wp-json\/wp\/v2\/media?parent=24956"}],"curies":[{"name":"wp","href":"https:\/\/api.w.org\/{rel}","templated":true}]}}