{"id":24954,"date":"2018-11-01T20:05:25","date_gmt":"2018-11-01T20:05:25","guid":{"rendered":"https:\/\/abconlinehold.wpengine.com\/?page_id=24954"},"modified":"2018-11-01T20:05:25","modified_gmt":"2018-11-01T20:05:25","slug":"defectos-congenitos-causados-por-paxil","status":"publish","type":"page","link":"https:\/\/mcdonaldworley.com\/es\/drogas-peligrosas\/defectos-congenitos-causados-por-paxil\/","title":{"rendered":"Defectos Cong\u00e9nitos Causados por Paxil"},"content":{"rendered":"<p><b>\u00bfDESARROLL\u00d3 SU HIJO ALGUN DEFECTO CONG\u00c9NITO DESPU\u00c9S DE TOMAR PAXIL DURANTE SU EMBARAZO?<\/b><\/p>\n<p>La medicaci\u00f3n Paxil, fabricada por GlaxoSmithKline, ha sido asociado con serios riesgos para la salud y complicaciones peligrosas que pudieron no haber sido advertidas adecuadamente cuando se les prescribi\u00f3 a los pacientes.<\/p>\n<p>La compa\u00f1\u00eda farmac\u00e9utica de Paxil pudo haber ocultado una serie de riesgos relacionados con la droga, principalmente que, si el medicamento se toma durante el embarazo, puede causar da\u00f1o al desarrollo del feto.<\/p>\n<p>Nuestros abogados experimentados de SSRI pueden contestar a sus preguntas de la demanda de Paxil si es que usted o su ni\u00f1o ha sido afectado por este medicamento.<\/p>\n<p>Puede estar relacionado con efectos secundarios severos, incluyendo, pero no limitados a:<\/p>\n<ul>\n<li>Defectos Cong\u00e9nitos Severos<\/li>\n<li>Complicaciones del Parto<\/li>\n<li>Lesiones Cong\u00e9nitas<\/li>\n<li>Defectos Card\u00edacos<\/li>\n<li>Tendencias Suicidas<\/li>\n<\/ul>\n<p>\u00a1Obtenga hoy una revisi\u00f3n legal GRATUITA y sin obligaci\u00f3n cuando usted comparta lo que le pas\u00f3 con nuestro premiado bufete de abogados de medicamentos defectuosos!<\/p>\n<p><b>PELIGROSOS EFECTOS SECUNDARIOS CAUSADOS POR PAXIL<\/b><\/p>\n<p>En el 2005, la Administraci\u00f3n de Alimentos y Medicamentos (FDA) emiti\u00f3 una alerta de salud y seguridad a m\u00e9dicos, enfermeras y pacientes que advert\u00edan de un estudio que asociaba a individuos que tomaban Paxil a un riesgo significativamente mayor de defectos cong\u00e9nitos, con mayor frecuencia de defectos card\u00edacos y otras complicaciones del parto.<\/p>\n<p>Tomando Paxil durante el embarazado se ha ligado a una serie de efectos secundarios severos y de riesgos peligrosos para ambos la madre y el ni\u00f1o.<\/p>\n<p>El medicamento Paxil tiene una larga historia de demandas litigiosas debido a las sospechas de complicaciones que posteriormente se relacionaron con la toma de la medicaci\u00f3n.<\/p>\n<p>El medicamento nunca fue aprobado por la FDA para los pacientes bajo la edad de 18, ya que se demostr\u00f3 ser ineficaz. Con los a\u00f1os, varias demandas contra Paxil fueron presentados contra GlaxoSmithKline, los cuales demandaban que los efectos secundarios adversos de Paxil no fueron advertidos adecuadamente. Adem\u00e1s de asociaciones directas entre el uso de Paxil y los defectos cong\u00e9nitos, tambi\u00e9n se observ\u00f3 que hab\u00eda tendencias suicidas crecientes y efectos en el comportamiento.<\/p>\n<p><b>DEMANDAS POR DEFECTOS CONG\u00c9NITOS CAUSADAS POR PAXIL<\/b><\/p>\n<p>Varios padres de ni\u00f1os que han sufrido defectos cong\u00e9nitos han presentado demandas contra Paxil para conseguir compensaci\u00f3n por gastos m\u00e9dicos, dolor, sufrimiento y para recuperar los salarios perdidos.<\/p>\n<p>Una demanda de Paxil alega que un ni\u00f1o nacido de una mujer que tom\u00f3 el antidepresivo durante su embarazo naci\u00f3 con la coartaci\u00f3n de la aorta y un defecto del septo ventricular, que se conoce com\u00fanmente como un agujero en el coraz\u00f3n. Los defectos requirieron cirug\u00eda para reparar.<\/p>\n<p>Otras demandas de los efectos secundarios de Paxil alegan que la medicaci\u00f3n de la anti-ansiedad caus\u00f3 que una mujer tuviera un mortinato. La madre explic\u00f3 en su demanda de Paxil que a\u00f1os despu\u00e9s de su parto muerto, ella comenz\u00f3 a o\u00edr hablar a otras madres que tomaron Paxil que experimentaron efectos secundarios tales como defectos cong\u00e9nitos, abortos naturales y mortinatos.<\/p>\n<p>Una madre afirma en una demanda por defecto cong\u00e9nito que ella tom\u00f3 Paxil y Zoloft durante su embarazo y tuvo un beb\u00e9 con defectos severos del coraz\u00f3n que termin\u00f3 causando la muerte de su hijo.<\/p>\n<p>Todas las demandas de defectos cong\u00e9nitos aciertan que GlaxoSmithKline debi\u00f3 haber sido consciente de los riesgos de defectos cong\u00e9nitos y de asegurarse en que los doctores y los pacientes fueran advertidos correctamente de tales riesgos.<\/p>\n<p><b>\u00bfDEBO PRESENTAR UNA DEMANDA DE PAXIL?<\/b><\/p>\n<p>Si usted tom\u00f3 Paxil durante el primer trimestre de su embarazo y su ni\u00f1o naci\u00f3 prematuramente, con un defecto del coraz\u00f3n o usted encontr\u00f3 cualquier otra complicaci\u00f3n del nacimiento, entonces un abogado del Paxil puede ayudarle a representar sus derechos en esta demanda.<\/p>\n<p>Si usted o un ser querido ha sufrido de otros efectos secundarios de Paxil tales como tendencias suicidas, depresi\u00f3n, pensamientos violentos o efectos de abstinencia, ponerse en contacto con un abogado de Paxil calificado puede ayudarle.<\/p>\n<p>Las compa\u00f1\u00edas farmac\u00e9uticas tienen recursos legales incre\u00edbles que usar\u00e1n en un intento de luchar contra cualquiera demanda colectiva o demanda individual contra Paxil.<\/p>\n<p>Es crucial que usted sea representado por nuestros abogados veteranos de Paxil con el fin de abordar los factores individuales de su uso para asegurarse de que GlaxoSmithKline sea responsable por los riesgos peligrosos que Paxil puede causar a los bebes nonatos que pueden haber sido mal representados.<\/p>\n<p>Act\u00fae ahora para unirse a la lucha legal contra Paxil. Obtenga respuestas sobre una demanda potencial por los defectos cong\u00e9nitos causados por Paxil de nuestro premiado equipo de abogados de medicamentos defectuosos. La indemnizaci\u00f3n recuperada puede ayudarle con los gastos m\u00e9dicos, los salarios perdidos y el sufrimiento. Nuestros abogados veteranos en lesiones le ayudar\u00e1n a navegar el proceso legal y a representar sus derechos para que usted pueda enfocarse en su salud y recuperaci\u00f3n.<\/p>\n","protected":false},"excerpt":{"rendered":"<p>\u00bfDESARROLL\u00d3 SU HIJO ALGUN DEFECTO CONG\u00c9NITO DESPU\u00c9S DE TOMAR PAXIL DURANTE SU EMBARAZO? La medicaci\u00f3n Paxil, fabricada por GlaxoSmithKline, ha sido asociado con serios riesgos para la salud y complicaciones peligrosas que pudieron no haber sido advertidas adecuadamente cuando se les prescribi\u00f3 a los pacientes. La compa\u00f1\u00eda farmac\u00e9utica de Paxil pudo haber ocultado una serie [&hellip;]<\/p>\n","protected":false},"author":65,"featured_media":0,"parent":24875,"menu_order":0,"comment_status":"closed","ping_status":"closed","template":"","meta":{"_acf_changed":false,"site-sidebar-layout":"default","site-content-layout":"","ast-site-content-layout":"default","site-content-style":"default","site-sidebar-style":"default","ast-global-header-display":"","ast-banner-title-visibility":"","ast-main-header-display":"","ast-hfb-above-header-display":"","ast-hfb-below-header-display":"","ast-hfb-mobile-header-display":"","site-post-title":"","ast-breadcrumbs-content":"","ast-featured-img":"","footer-sml-layout":"","ast-disable-related-posts":"","theme-transparent-header-meta":"","adv-header-id-meta":"","stick-header-meta":"","header-above-stick-meta":"","header-main-stick-meta":"","header-below-stick-meta":"","astra-migrate-meta-layouts":"default","ast-page-background-enabled":"default","ast-page-background-meta":{"desktop":{"background-color":"var(--ast-global-color-4)","background-image":"","background-repeat":"repeat","background-position":"center center","background-size":"auto","background-attachment":"scroll","background-type":"","background-media":"","overlay-type":"","overlay-color":"","overlay-opacity":"","overlay-gradient":""},"tablet":{"background-color":"","background-image":"","background-repeat":"repeat","background-position":"center center","background-size":"auto","background-attachment":"scroll","background-type":"","background-media":"","overlay-type":"","overlay-color":"","overlay-opacity":"","overlay-gradient":""},"mobile":{"background-color":"","background-image":"","background-repeat":"repeat","background-position":"center center","background-size":"auto","background-attachment":"scroll","background-type":"","background-media":"","overlay-type":"","overlay-color":"","overlay-opacity":"","overlay-gradient":""}},"ast-content-background-meta":{"desktop":{"background-color":"var(--ast-global-color-5)","background-image":"","background-repeat":"repeat","background-position":"center center","background-size":"auto","background-attachment":"scroll","background-type":"","background-media":"","overlay-type":"","overlay-color":"","overlay-opacity":"","overlay-gradient":""},"tablet":{"background-color":"var(--ast-global-color-5)","background-image":"","background-repeat":"repeat","background-position":"center center","background-size":"auto","background-attachment":"scroll","background-type":"","background-media":"","overlay-type":"","overlay-color":"","overlay-opacity":"","overlay-gradient":""},"mobile":{"background-color":"var(--ast-global-color-5)","background-image":"","background-repeat":"repeat","background-position":"center center","background-size":"auto","background-attachment":"scroll","background-type":"","background-media":"","overlay-type":"","overlay-color":"","overlay-opacity":"","overlay-gradient":""}},"footnotes":""},"class_list":["post-24954","page","type-page","status-publish","hentry"],"acf":[],"_links":{"self":[{"href":"https:\/\/mcdonaldworley.com\/es\/wp-json\/wp\/v2\/pages\/24954","targetHints":{"allow":["GET"]}}],"collection":[{"href":"https:\/\/mcdonaldworley.com\/es\/wp-json\/wp\/v2\/pages"}],"about":[{"href":"https:\/\/mcdonaldworley.com\/es\/wp-json\/wp\/v2\/types\/page"}],"author":[{"embeddable":true,"href":"https:\/\/mcdonaldworley.com\/es\/wp-json\/wp\/v2\/users\/65"}],"replies":[{"embeddable":true,"href":"https:\/\/mcdonaldworley.com\/es\/wp-json\/wp\/v2\/comments?post=24954"}],"version-history":[{"count":0,"href":"https:\/\/mcdonaldworley.com\/es\/wp-json\/wp\/v2\/pages\/24954\/revisions"}],"up":[{"embeddable":true,"href":"https:\/\/mcdonaldworley.com\/es\/wp-json\/wp\/v2\/pages\/24875"}],"wp:attachment":[{"href":"https:\/\/mcdonaldworley.com\/es\/wp-json\/wp\/v2\/media?parent=24954"}],"curies":[{"name":"wp","href":"https:\/\/api.w.org\/{rel}","templated":true}]}}