{"id":24950,"date":"2018-11-01T19:57:20","date_gmt":"2018-11-01T19:57:20","guid":{"rendered":"https:\/\/abconlinehold.wpengine.com\/?page_id=24950"},"modified":"2021-08-09T12:11:58","modified_gmt":"2021-08-09T17:11:58","slug":"el-pago-de-la-regalias-por-petroleo-y-gas","status":"publish","type":"page","link":"https:\/\/mcdonaldworley.com\/es\/juicio-civil\/el-pago-de-la-regalias-por-petroleo-y-gas\/","title":{"rendered":"El Pago de la Regal\u00edas por Petr\u00f3leo y Gas"},"content":{"rendered":"<p><b>\u00bfTiene usted derecho a regal\u00edas por poseer intereses de petr\u00f3leo y gas?<\/b><\/p>\n<p>Las compa\u00f1\u00edas petroleras tienen el conocimiento y la financiaci\u00f3n para explorar el petr\u00f3leo y el gas, as\u00ed como para producirlo. Cuando se descubre petr\u00f3leo o gas, las empresas negocian con los terratenientes para acceder a esos recursos a cambio de pago.<\/p>\n<p>Generalmente, los terratenientes y otros tienen el derecho a una parte de la ganancia cuando se comienza la producci\u00f3n de petr\u00f3leo o gas. Los terratenientes con producci\u00f3n de petr\u00f3leo o gas en sus tierras, as\u00ed como otros con un inter\u00e9s en un pedazo de propiedad, a menudo tienen derecho a una regal\u00eda en efectivo por cualquier producci\u00f3n de petr\u00f3leo o gas de sus tierras.<\/p>\n<p>La <a href=\"https:\/\/mcdonaldworley.com\/es\/reclamos-salarios-petroleo-gas\/\" target=\"_blank\" rel=\"noopener\">industria del petr\u00f3leo y el gas<\/a> est\u00e1 experimentando un momento de enormes ganancias, pero los due\u00f1os de regal\u00edas est\u00e1n siendo injustamente enga\u00f1ados con la cantidad que se les debe a un ritmo alarmante.. Los que tienen un inter\u00e9s en el petr\u00f3leo y el gas tienen derecho a un pago completo por esos intereses bajo la ley.<\/p>\n<p>Se ha reportado que, los operadores y productores de la industria petrolera y de gas retienen hasta un 90 por ciento de los pagos de regal\u00edas. A veces es un error honesto debido a la complejidad de las leyes y reglamentos que rodean los derechos de los minerales. Sin embargo, las compa\u00f1\u00edas petroleras y de gas tambi\u00e9n enga\u00f1an a los propietarios con conocimiento de los pagos de regal\u00edas s\u00f3lo porque piensan que pueden salirse con la suya.<\/p>\n<p>Cualquiera que sea la raz\u00f3n del pago insuficiente, aquellos interesados en las regal\u00edas por petr\u00f3leo y gas tienen derecho legal a pagos justos.<\/p>\n<p><b>OPERADORES RAZONABLEMENTE PRUDENTES<\/b><\/p>\n<p>Los operadores y productores de la industria petrolera y de gas tienen la obligaci\u00f3n de hacer pagos justos a los propietarios de regal\u00edas en todas las circunstancias.<\/p>\n<p>La norma \u00aboperador razonablemente prudente\u00bb tiene en cuenta la motivaci\u00f3n econ\u00f3mica, pero tambi\u00e9n requiere que los productores de petr\u00f3leo y gas act\u00faen de buena fe con respecto a las regal\u00edas por petr\u00f3leo y gas. Desafortunadamente, hay varias maneras en que los productores y operadores de petr\u00f3leo y gas no act\u00faan de buena fe, lo que conduce a un pago insuficiente, incluyendo:<\/p>\n<ul>\n<li>No obedecer convenios expresados e impl\u00edcitos en contratos de arrendamiento de petr\u00f3leo y gas, operaciones y\/o unidades<\/li>\n<li>Usando un precio de mercado m\u00e1s bajo que el actual del precio del gas para calcular los pagos de regal\u00edas<\/li>\n<li>Deducir las cuotas excesivas de los pagos de regal\u00edas<\/li>\n<li>Entrar en acuerdos incestuosos donde un productor da una oferta barata en la valiosa producci\u00f3n de un estado mineral<\/li>\n<li>No pagar regal\u00edas por el gas utilizado en la fabricaci\u00f3n<\/li>\n<li>Da\u00f1ar o contaminar los bienes superficiales m\u00e1s all\u00e1 de la reparaci\u00f3n<\/li>\n<li>Al agotar, desperdiciar o destruir propiedades minerales<\/li>\n<li>Simplemente neg\u00e1ndose a pagar regal\u00edas por valor de miles o incluso millones de d\u00f3lares<\/li>\n<\/ul>\n<p>El pago insuficiente o la negaci\u00f3n por pagar las regal\u00edas del petr\u00f3leo y del gas por la industria pueden tener consecuencias desastrosas para los que tienen derecho a pago. Las regal\u00edas de petr\u00f3leo y gas son propiedad de muchas entidades diferentes, incluyendo terratenientes, fideicomisarios que supervisan los derechos de los mineros para beneficiarios y organizaciones ben\u00e9ficas.<\/p>\n<p>Al no hacer pagos, los que tienen derecho a una regal\u00eda de petr\u00f3leo y gas se quedan con acuerdos complejos que deben tratar de obligar contra las grandes empresas con recursos legales que parecen interminables y experiencia para luchar contra las reclamaciones.<\/p>\n<p>A veces es dif\u00edcil para aquellos que tienen una regal\u00eda de petr\u00f3leo y gas el ser tomado en serio por los productores y los operadores. Los que tienen un reclamo son a menudo ignorados por las grandes empresas o intimidados a tomar pagos m\u00e1s peque\u00f1os a los que tienen derecho. Un abogado con experiencia en petr\u00f3leo y gas puede ayudar a asegurar que los due\u00f1os de regal\u00edas obtengan su parte justa.<\/p>\n<p><b>DEMANDAS DE PAGO POR DEUDAS DE PETR\u00d3LEO Y GAS<\/b><\/p>\n<p>Las regal\u00edas del petr\u00f3leo y gas pueden ser aplicadas a trav\u00e9s de una acci\u00f3n legal por parte de un abogado en nombre de un due\u00f1o individual de regal\u00edas. Un abogado con experiencia en petr\u00f3leo y gas puede ayudar a navegar la compleja red de leyes, reglamentos y acuerdos para asegurar que los que tienen derecho a las regal\u00edas de petr\u00f3leo y gas obtengan su parte justa. Los due\u00f1os son a menudo sorprendidos por lo mucho que la industria petrolera y de gas les debe.<\/p>\n<p>Aquellos con regal\u00edas por petr\u00f3leo y gas no deber\u00edan ser enga\u00f1ados por la industria. Un abogado puede asegurar que aquellos que tienen una reclamaci\u00f3n de petr\u00f3leo y gas sean tomados en serio por la industria.<\/p>\n<p>Desafortunadamente, la industria del petr\u00f3leo y del gas se est\u00e1n aprovechando de varias personas y no est\u00e1n pagado la parte justa para sus intereses. Un abogado puede ayudar a determinar si usted est\u00e1 recibiendo su parte justa del petr\u00f3leo y gas y hacer que los operadores y productores de la industria presten atenci\u00f3n a su demanda.<\/p>\n<p><b>\u00bfC\u00d3MO PUEDO OBTENER MI REGALIA DE PETR\u00d3LEO Y GAS?<\/b><\/p>\n<p>Si a usted le deben una regal\u00eda o tiene un derecho de inter\u00e9s y ser privado de su parte del acuerdo para su regal\u00eda de petr\u00f3leo y gas, el primer paso es conseguir un abogado para evaluar su caso. Usando el formulario seguro en l\u00ednea en esta p\u00e1gina, usted puede compartir los detalles de su situaci\u00f3n de forma gratuita con un abogado especializado de petr\u00f3leo y gas.<\/p>\n<p>Despu\u00e9s de examinar los detalles de su demanda, su abogado puede determinar el siguiente paso. Nuestros abogados han trabajado con innumerables clientes en todo el pa\u00eds y pueden asegurarle que su caso se tomara en serio y que usted obtenga una respuesta r\u00e1pida.<\/p>\n<p>No te conformes con conseguir menos de lo que te mereces de la industria petrolera y de gas. Sin importar si se hace una negociaci\u00f3n o una litigaci\u00f3n de su caso, podemos ayudar a asegurarse de que sus intereses est\u00e1n protegidos y que sus necesidades est\u00e1n siendo tomadas en serio por aquellos que quieren recortar el negocio. Aprenda sus opciones legales hoy. Usted no paga nada a menos que gane.<\/p>\n","protected":false},"excerpt":{"rendered":"<p>\u00bfTiene usted derecho a regal\u00edas por poseer intereses de petr\u00f3leo y gas? Las compa\u00f1\u00edas petroleras tienen el conocimiento y la financiaci\u00f3n para explorar el petr\u00f3leo y el gas, as\u00ed como para producirlo. Cuando se descubre petr\u00f3leo o gas, las empresas negocian con los terratenientes para acceder a esos recursos a cambio de pago. Generalmente, los [&hellip;]<\/p>\n","protected":false},"author":65,"featured_media":0,"parent":24871,"menu_order":0,"comment_status":"closed","ping_status":"closed","template":"","meta":{"_acf_changed":false,"site-sidebar-layout":"default","site-content-layout":"","ast-site-content-layout":"default","site-content-style":"default","site-sidebar-style":"default","ast-global-header-display":"","ast-banner-title-visibility":"","ast-main-header-display":"","ast-hfb-above-header-display":"","ast-hfb-below-header-display":"","ast-hfb-mobile-header-display":"","site-post-title":"","ast-breadcrumbs-content":"","ast-featured-img":"","footer-sml-layout":"","ast-disable-related-posts":"","theme-transparent-header-meta":"","adv-header-id-meta":"","stick-header-meta":"","header-above-stick-meta":"","header-main-stick-meta":"","header-below-stick-meta":"","astra-migrate-meta-layouts":"default","ast-page-background-enabled":"default","ast-page-background-meta":{"desktop":{"background-color":"var(--ast-global-color-4)","background-image":"","background-repeat":"repeat","background-position":"center center","background-size":"auto","background-attachment":"scroll","background-type":"","background-media":"","overlay-type":"","overlay-color":"","overlay-opacity":"","overlay-gradient":""},"tablet":{"background-color":"","background-image":"","background-repeat":"repeat","background-position":"center center","background-size":"auto","background-attachment":"scroll","background-type":"","background-media":"","overlay-type":"","overlay-color":"","overlay-opacity":"","overlay-gradient":""},"mobile":{"background-color":"","background-image":"","background-repeat":"repeat","background-position":"center center","background-size":"auto","background-attachment":"scroll","background-type":"","background-media":"","overlay-type":"","overlay-color":"","overlay-opacity":"","overlay-gradient":""}},"ast-content-background-meta":{"desktop":{"background-color":"var(--ast-global-color-5)","background-image":"","background-repeat":"repeat","background-position":"center center","background-size":"auto","background-attachment":"scroll","background-type":"","background-media":"","overlay-type":"","overlay-color":"","overlay-opacity":"","overlay-gradient":""},"tablet":{"background-color":"var(--ast-global-color-5)","background-image":"","background-repeat":"repeat","background-position":"center center","background-size":"auto","background-attachment":"scroll","background-type":"","background-media":"","overlay-type":"","overlay-color":"","overlay-opacity":"","overlay-gradient":""},"mobile":{"background-color":"var(--ast-global-color-5)","background-image":"","background-repeat":"repeat","background-position":"center center","background-size":"auto","background-attachment":"scroll","background-type":"","background-media":"","overlay-type":"","overlay-color":"","overlay-opacity":"","overlay-gradient":""}},"footnotes":""},"class_list":["post-24950","page","type-page","status-publish","hentry"],"acf":[],"_links":{"self":[{"href":"https:\/\/mcdonaldworley.com\/es\/wp-json\/wp\/v2\/pages\/24950","targetHints":{"allow":["GET"]}}],"collection":[{"href":"https:\/\/mcdonaldworley.com\/es\/wp-json\/wp\/v2\/pages"}],"about":[{"href":"https:\/\/mcdonaldworley.com\/es\/wp-json\/wp\/v2\/types\/page"}],"author":[{"embeddable":true,"href":"https:\/\/mcdonaldworley.com\/es\/wp-json\/wp\/v2\/users\/65"}],"replies":[{"embeddable":true,"href":"https:\/\/mcdonaldworley.com\/es\/wp-json\/wp\/v2\/comments?post=24950"}],"version-history":[{"count":0,"href":"https:\/\/mcdonaldworley.com\/es\/wp-json\/wp\/v2\/pages\/24950\/revisions"}],"up":[{"embeddable":true,"href":"https:\/\/mcdonaldworley.com\/es\/wp-json\/wp\/v2\/pages\/24871"}],"wp:attachment":[{"href":"https:\/\/mcdonaldworley.com\/es\/wp-json\/wp\/v2\/media?parent=24950"}],"curies":[{"name":"wp","href":"https:\/\/api.w.org\/{rel}","templated":true}]}}