{"id":24948,"date":"2018-11-01T19:55:39","date_gmt":"2018-11-02T01:55:39","guid":{"rendered":"https:\/\/abconlinehold.wpengine.com\/?page_id=24948"},"modified":"2021-08-11T18:06:09","modified_gmt":"2021-08-11T23:06:09","slug":"negligencia-en-el-hogar-de-ancianos","status":"publish","type":"page","link":"https:\/\/mcdonaldworley.com\/es\/houston\/negligencia-en-el-hogar-de-ancianos\/","title":{"rendered":"Negligencia en el Hogar de Ancianos en Houston"},"content":{"rendered":"<p><b>\u00bfSu ser querido ha sido v\u00edctima del maltrato o la negligencia en el hogar de ancianos?<\/b><\/p>\n<p>El proceso de envejecimiento puede ser una experiencia aterradora para nuestra poblaci\u00f3n de la tercera edad, especialmente si su salud es tal que ya no se puede cuidar por s\u00ed mismos y est\u00e1n en necesidad de vida asistida.<\/p>\n<p>Renunciar a vivir por su cuenta puede ser tan estresante como acostumbrarse a vivir entre extra\u00f1os y en entornos completamente nuevos.<\/p>\n<p>Sin embargo, las casas de reposo a menudo cuentan con miembros del personal mal pagados que manejan la distribuci\u00f3n de la medicaci\u00f3n, ayudan con higiene personal &nbsp;y ayudan con otras necesidades. Muy a menudo, los residentes de hogares de ancianos y las instalaciones de la vida asistida se convierten en v\u00edctimas de su medio ambiente.<\/p>\n<p>Se convierten en v\u00edctimas de negligencia y abuso y necesitan un abogado de abuso en hogares de ancianos para no s\u00f3lo poner fin esto, sino asegurarse de que nunca vuelva a suceder.<\/p>\n<p>Algunos de los abusos que han sufrido las v\u00edctimas de maltrato y negligencia en los hogares de ancianos incluyen:<\/p>\n<ul>\n<li>Hambre<\/li>\n<li>Deshidrataci\u00f3n<\/li>\n<li>Abuso emocional<\/li>\n<li>Abuso financiero<\/li>\n<li>Exceso de medicaci\u00f3n<\/li>\n<li>Medicamentos no autorizados<\/li>\n<li>Medicamentos innecesarios o peligrosos, incluyendo las prescripciones de opi\u00e1ceos<\/li>\n<li>\u00dalceras dolorosas de presi\u00f3n<\/li>\n<li>Maltrato f\u00edsico<\/li>\n<li>Asalto\/agresi\u00f3n sexual<\/li>\n<li>Agresi\u00f3n sexual<\/li>\n<li>Restricci\u00f3n f\u00edsica irrazonable<\/li>\n<li>Falta de asistencia en la higiene personal<\/li>\n<li>Falta de protecci\u00f3n contra riesgos de salud y seguridad<\/li>\n<\/ul>\n<p><b>Si usted cree que su ser querido ha sido v\u00edctima de abuso o negligencia en el hogar de ancianos, puede calificar para presentar una demanda por abuso en el hogar de ancianos. Comun\u00edquese hoy con los abogados veteranos de McDonald Worley para obtener una revisi\u00f3n de su caso gratuitamente para aprender a proteger los derechos de sus seres queridos.<\/b><\/p>\n<h4><b>SE\u00d1ALES DE ABUSO DE ANCIANOS<\/b><\/h4>\n<p>Aproximadamente 150,000 personas de la tercera edad que viven en instalaciones de vida asistida se enfrentan con el maltrato a domicilio cada a\u00f1o. Mientras que hay evidencia clara y f\u00edsica de este tipo de abuso en algunos casos no son reportados.<\/p>\n<p>De acuerdo con los Centros para el Control y la Prevenci\u00f3n de Enfermedades (CDC, por sus siglas en ingl\u00e9s) y el Comit\u00e9 Nacional para la Prevenci\u00f3n del Maltrato de Ancianos (NCPEA, por sus siglas en ingl\u00e9s), una de las razones por las que el maltrato o negligencia de los ancianos es dif\u00edcil de detectar es porque algunas de las se\u00f1ales son similares a la auto negligencia.<\/p>\n<p>Otros problemas es que los que viven en hogares de ancianos son a menudo fr\u00e1giles y vulnerables y no tienen la capacidad mental o f\u00edsica para buscar la ayuda que necesitan para protegerse.<\/p>\n<p>Hay algunas se\u00f1ales de que el maltrato de los ancianos puede estar ocurriendo, incluyendo:<\/p>\n<ul>\n<li>Quemaduras de cigarrillo u otros tipos de quemaduras<\/li>\n<li>Marcas que pueden ser del uso agresivo como cuerdas o correas<\/li>\n<li>P\u00e9rdida inusual del pelo o de los dientes<\/li>\n<li>Huesos rotos, articulaciones dislocadas o esguinces<\/li>\n<li>Moretones<\/li>\n<li>Marcas de mordida<\/li>\n<li>Un retraso de cuando ocurri\u00f3 la lesi\u00f3n por primera vez y cuando el paciente busca atenci\u00f3n m\u00e9dica<\/li>\n<\/ul>\n<p>De acuerdo con la Federaci\u00f3n de Vida Asistida de Am\u00e9rica (ALFA, por sus siglas en ingl\u00e9s), el abuso de la casa de reposo es un problema grave entre los proveedores de salud de los Estados Unidos que atienden a nuestra poblaci\u00f3n envejecida. Adem\u00e1s, aquellos que corren el mayor riesgo de abuso de ancianos son las mujeres mayores de los 80 a\u00f1os.<\/p>\n<p>La investigaci\u00f3n de ALFA tambi\u00e9n ha revelado que los que son v\u00edctimas del abuso tienen un riesgo creciente del 300 por ciento de morir dentro de los tres a\u00f1os despu\u00e9s de que ocurri\u00f3 el abuso.<\/p>\n<h4><b>LUCHANDO POR LOS DERECHOS DE NUESTRA POBLACI\u00d3N ENVEJECIDA<\/b><\/h4>\n<p>Los ancianos y los enfermos tienen derechos. Nuestro bufete de abogados de lesiones personales ha recuperado millones de d\u00f3lares para clientes en todo el pa\u00eds y tiene experiencia en casos de negligencia en hogares de ancianos.&nbsp;Sus seres queridos tienen derecho a ser tratados humanamente y con dignidad.<\/p>\n<p>La Ley de Reforma del Hogar de Ancianos del 1987 estipula que una casa de reposo \u00abdebe proveer servicios y actividades para alcanzar o mantener el mayor bienestar f\u00edsico, mental y psicosocial de cada residente de acuerdo con un plan de cuidado escrito.\u00bb conforme que su familia siendo tratada con la dignidad que se merecen. Nuestros abogados de negligencia de enfermer\u00eda luchar\u00e1n para asegurarse de que sus seres queridos reciban las protecciones legales que la ley provee y le ayuden a perseguir cualquiera demanda por negligencia en el hogar de ancianos por lesiones sufridas.<\/p>\n<h4><b>PRESENTANDO UNA DEMANDA DE ABUSO EN HOGAR DE ANCIANOS<\/b><\/h4>\n<p>Cuando los hogares de ancianos no est\u00e1n proporcionando los servicios apropiados, pueden suceder enfermedades serias, lesiones, y hasta la muerte. Su ser querido puede tener derecho a una indemnizaci\u00f3n por las lesiones sufridas y la compensaci\u00f3n que puede ayudar a trasladar a su ser querido a una mejor situaci\u00f3n. En tales circunstancias, usted necesita a alguien que represente sus derechos y un abogado de negligencia en hogares de ancianos luchar\u00e1 por sus derechos.<\/p>\n<p>Si su ser querido sufre de tal abuso, lo m\u00e1s probable es que \u00e9l o ella no sea el \u00fanico. La presentaci\u00f3n de una demanda de abuso en hogar de ancianos podr\u00eda ser el \u00fanico camino para asegurarse de que se detenga el maltrato.<\/p>\n<p>En tales circunstancias, usted necesita a alguien que represente sus derechos y un abogado de negligencia en la casa de reposo luchar\u00e1 por sus derechos.<\/p>\n","protected":false},"excerpt":{"rendered":"<p>\u00bfSu ser querido ha sido v\u00edctima del maltrato o la negligencia en el hogar de ancianos? El proceso de envejecimiento puede ser una experiencia aterradora para nuestra poblaci\u00f3n de la tercera edad, especialmente si su salud es tal que ya no se puede cuidar por s\u00ed mismos y est\u00e1n en necesidad de vida asistida. Renunciar [&hellip;]<\/p>\n","protected":false},"author":65,"featured_media":0,"parent":24889,"menu_order":0,"comment_status":"closed","ping_status":"closed","template":"","meta":{"_acf_changed":false,"site-sidebar-layout":"default","site-content-layout":"","ast-site-content-layout":"default","site-content-style":"default","site-sidebar-style":"default","ast-global-header-display":"","ast-banner-title-visibility":"","ast-main-header-display":"","ast-hfb-above-header-display":"","ast-hfb-below-header-display":"","ast-hfb-mobile-header-display":"","site-post-title":"","ast-breadcrumbs-content":"","ast-featured-img":"","footer-sml-layout":"","ast-disable-related-posts":"","theme-transparent-header-meta":"","adv-header-id-meta":"","stick-header-meta":"","header-above-stick-meta":"","header-main-stick-meta":"","header-below-stick-meta":"","astra-migrate-meta-layouts":"default","ast-page-background-enabled":"default","ast-page-background-meta":{"desktop":{"background-color":"var(--ast-global-color-4)","background-image":"","background-repeat":"repeat","background-position":"center center","background-size":"auto","background-attachment":"scroll","background-type":"","background-media":"","overlay-type":"","overlay-color":"","overlay-opacity":"","overlay-gradient":""},"tablet":{"background-color":"","background-image":"","background-repeat":"repeat","background-position":"center center","background-size":"auto","background-attachment":"scroll","background-type":"","background-media":"","overlay-type":"","overlay-color":"","overlay-opacity":"","overlay-gradient":""},"mobile":{"background-color":"","background-image":"","background-repeat":"repeat","background-position":"center center","background-size":"auto","background-attachment":"scroll","background-type":"","background-media":"","overlay-type":"","overlay-color":"","overlay-opacity":"","overlay-gradient":""}},"ast-content-background-meta":{"desktop":{"background-color":"var(--ast-global-color-5)","background-image":"","background-repeat":"repeat","background-position":"center center","background-size":"auto","background-attachment":"scroll","background-type":"","background-media":"","overlay-type":"","overlay-color":"","overlay-opacity":"","overlay-gradient":""},"tablet":{"background-color":"var(--ast-global-color-5)","background-image":"","background-repeat":"repeat","background-position":"center center","background-size":"auto","background-attachment":"scroll","background-type":"","background-media":"","overlay-type":"","overlay-color":"","overlay-opacity":"","overlay-gradient":""},"mobile":{"background-color":"var(--ast-global-color-5)","background-image":"","background-repeat":"repeat","background-position":"center center","background-size":"auto","background-attachment":"scroll","background-type":"","background-media":"","overlay-type":"","overlay-color":"","overlay-opacity":"","overlay-gradient":""}},"footnotes":""},"class_list":["post-24948","page","type-page","status-publish","hentry"],"acf":[],"_links":{"self":[{"href":"https:\/\/mcdonaldworley.com\/es\/wp-json\/wp\/v2\/pages\/24948","targetHints":{"allow":["GET"]}}],"collection":[{"href":"https:\/\/mcdonaldworley.com\/es\/wp-json\/wp\/v2\/pages"}],"about":[{"href":"https:\/\/mcdonaldworley.com\/es\/wp-json\/wp\/v2\/types\/page"}],"author":[{"embeddable":true,"href":"https:\/\/mcdonaldworley.com\/es\/wp-json\/wp\/v2\/users\/65"}],"replies":[{"embeddable":true,"href":"https:\/\/mcdonaldworley.com\/es\/wp-json\/wp\/v2\/comments?post=24948"}],"version-history":[{"count":0,"href":"https:\/\/mcdonaldworley.com\/es\/wp-json\/wp\/v2\/pages\/24948\/revisions"}],"up":[{"embeddable":true,"href":"https:\/\/mcdonaldworley.com\/es\/wp-json\/wp\/v2\/pages\/24889"}],"wp:attachment":[{"href":"https:\/\/mcdonaldworley.com\/es\/wp-json\/wp\/v2\/media?parent=24948"}],"curies":[{"name":"wp","href":"https:\/\/api.w.org\/{rel}","templated":true}]}}