{"id":24946,"date":"2018-11-01T19:54:42","date_gmt":"2018-11-02T01:54:42","guid":{"rendered":"https:\/\/abconlinehold.wpengine.com\/?page_id=24946"},"modified":"2021-08-11T18:29:28","modified_gmt":"2021-08-11T23:29:28","slug":"lesiones-cerebrales-de-la-nfl","status":"publish","type":"page","link":"https:\/\/mcdonaldworley.com\/es\/houston\/lesiones-cerebrales-de-la-nfl\/","title":{"rendered":"Lesiones Cerebrales de la NFL en Houston"},"content":{"rendered":"<p><b>\u00bfEs usted un jugador jubilado de la NFL o un miembro de la familia de un jugador de la NFL que sufre de lesiones cerebrales?<\/b><\/p>\n<p>Una demanda colectiva acordada con la NFL ofrece la recuperaci\u00f3n financiera de hasta $5 millones para:<\/p>\n<ul>\n<li><b>Jugadores jubilados de la NFL afectados por lesi\u00f3n cerebral<\/b><\/li>\n<li><b>Miembros de la familia de ex jugadores de la NFL que incurrieron <a href=\"https:\/\/mcdonaldworley.com\/es\/houston\">lesiones personales<\/a>.<\/b><\/li>\n<\/ul>\n<p>Para poder presentar una demanda para este tipo de acuerdo y determinar si usted califica, por favor descargue el formulario y env\u00edelo a nuestro bufete de abogados.<\/p>\n<p>A\u00fan no se han emitido indemnizaciones. El dinero estar\u00e1 disponible despu\u00e9s de la fecha efectiva del acuerdo \u2014 act\u00fae ahora antes de que sea demasiado tarde.<\/p>\n<p><b>HITO DE $1 MIL MILLONES DE ACUERDO DE CONMOCI\u00d3N CEREBRAL DE LA NFL <\/b><\/p>\n<p>Los ex jugadores de la NFL afectados por conmociones <a href=\"https:\/\/mcdonaldworley.com\/es\/houston\/lesiones-cerebrales\/\" target=\"_blank\" rel=\"noopener\">cerebrales y otras lesiones<\/a> degenerativas del cerebro y sus familiares ahora pueden presentar demandas para un fondo de liquidaci\u00f3n gratificante indemnizando de hasta $5 millones a cada uno de los jugadores jubilados que fueron gravemente heridos en la NFL..&nbsp;La jueza de distrito de Estados Unidos, Anita Brody, aprob\u00f3 recientemente el acuerdo tras un panel de tres jueces afirmando su aprobaci\u00f3n en el&nbsp;<a href=\"https:\/\/assets.documentcloud.org\/documents\/2815854\/NFL-Players-Hearing-Petition.pdf\" target=\"_blank\" rel=\"nofollow noopener\"><b>Tribunal de Tercer Circuito<\/b><\/a><b>.<\/b><\/p>\n<p>La demanda de conmoci\u00f3n cerebral de la NFL fue presentada por 5,000 exjugadores de la NFL que tomaron acci\u00f3n legal despu\u00e9s de alegar que sufrieron graves lesiones neurocognitivas y efectos secundarios de conmoci\u00f3n cerebral durante sus carreras como jugadores de la NFL.<\/p>\n<p><b>Todos los jugadores que se jubilaron antes del 7 de julio del 2014, y los familiares de los jugadores que murieron antes del 7 de julio del 2014, pueden calificar.<\/b><\/p>\n<p>Averigua m\u00e1s acerca de nuestro trabajo como un bufete de abogados de traumatismo cerebral reconocido a nivel nacional.<\/p>\n<p>Los jugadores de la NFL que califiquen ser\u00e1n evaluados por compensaci\u00f3n financiera basada en el tiempo de juego, la edad y la severidad del da\u00f1o cerebral relacionado con la conmoci\u00f3n cerebral y los efectos secundarios del trauma craneal. Se le pedir\u00e1 que&nbsp;<b>llene nuestro formulario de ingesta neurol\u00f3gica<\/b>&nbsp;disponible arriba, para que nuestro bufete de abogados determine su elegibilidad y asegure que su reclamaci\u00f3n busca la m\u00e1xima indemnizaci\u00f3n posible.<\/p>\n<p>Nuestros abogados de conmociones cerebrales de la NFL trabajar\u00e1n con usted y su familia para maximizar la cantidad de compensaci\u00f3n otorgada y asegurar que todos los tr\u00e1mites sean completados apropiadamente para registrarse \u2014 para asegurarse de que no se pierda de esta oportunidad.<\/p>\n<p><b>ACUERDO DE CONMOCI\u00d3N CEREBRAL DE $1 MIL MILLONES CONTENIDA<\/b><\/p>\n<p>Inform\u00f3 ESPN que, el <a href=\"http:\/\/www.espn.com\/nfl\/story\/_\/id\/15229132\/appeals-court-upholds-1-billion-nfl-concussion-settlement\" target=\"_blank\" rel=\"nofollow noopener\"><b>acuerdo de lesiones cerebrales de la NFL<\/b><\/a>&nbsp;valorada en $1 mil millones sobrevivi\u00f3 a la apelaci\u00f3n en abril del 2016 cuando un Tribunal Federal de Apelaciones confirm\u00f3 el acuerdo para compensar a los jugadores del f\u00fatbol americano que sufrieron de trauma en la cabeza durante su tiempo con la NFL y luego se desarroll\u00f3 una enfermedad degenerativa del cerebro tal como la enfermedad Alzheimer, la demencia, la enfermedad de Parkinson o ELA (Esclerosis Lateral Amiotr\u00f3fica).<\/p>\n<p>El acuerdo de conmoci\u00f3n cerebral de la NFL se supone que es capaz de proporcionar una indemnizaci\u00f3n para 20,000 ex jugadores de la NFL por 65 a\u00f1os. Se estima que alrededor de 6,000 jugadores jubilados corren el riesgo de desarrollar la enfermedad de Alzheimer o la demencia moderada.<\/p>\n<p>El acuerdo esta actualmente siendo impugnado en la Corte Suprema de Estados Unidos por los jugadores de la NFL que quieren que el acuerdo cubra futuros casos de&nbsp;<a href=\"https:\/\/www.si.com\/nfl\/2016\/09\/29\/nfl-concussion-lawsuit-appeal-supreme-court\" target=\"_blank\" rel=\"nofollow noopener\"><b>Encefalopat\u00eda traum\u00e1tica cr\u00f3nica<\/b><\/a>&nbsp;(CTE) as\u00ed como en los actuales.<\/p>\n<p>En este momento, el acuerdo s\u00f3lo cubre a los diagnosticados con CTE antes de abril del 2015.<\/p>\n<p><b>OBT\u00c9N AYUDA DEL ACUERDO DE CONMOCI\u00d3N CEREBRAL DE LA NFL<\/b><\/p>\n<p>Si usted experimenta empeoramiento de los s\u00edntomas de da\u00f1o neurol\u00f3gico causado por traumatismo craneal, el acuerdo de conmoci\u00f3n cerebral de la NFL permite a los jugadores el poder apelar su reclamaci\u00f3n inicial.<\/p>\n<p>Se espera que miles de jugadores de la NFL que sufran de CTE provengan con reclamaciones contra el fondo de acuerdo de $1 mil millones. No se pagar\u00e1 ninguna indemnizaci\u00f3n hasta que todas las apelaciones hayan sido agotadas. Sin embargo, todos los jugadores calificados necesitan registrarse ahora para protegerse a s\u00ed mismos, a sus familias y a su futura vida financiera.<\/p>\n<p>Nuestro bufete de abogados asegurar\u00e1 que usted reciba los ex\u00e1menes neurol\u00f3gicos requeridos para apoyar su reclamo de compensaci\u00f3n y cumplir con los requisitos de elegibilidad.&nbsp;<b>Es MUY IMPORTANTE que usted retenga el consejo con los abogados de McDonald Worley<\/b>&nbsp;para que podamos comenzar el proceso&nbsp;<b>para asegurar que usted no se pierda el tiempo otorgado para registrar su reclamaci\u00f3n.<\/b><\/p>\n<p>Para obtener m\u00e1s informaci\u00f3n acerca de las razones para la liquidaci\u00f3n y elegibilidad para la membres\u00eda de la clase, contacte a nuestro bufete de abogados con sus preguntas y Don le responder\u00e1 personalmente.<\/p>\n<p><b>Representamos jugadores jubilados de la NFL con sus afirmaciones de conmoci\u00f3n cerebral:<\/b>&nbsp;aseguramos que todos los tr\u00e1mites sean presentados por los plazos requeridos, ya que todos los ex\u00e1menes m\u00e9dicos y las pruebas neurol\u00f3gicas necesarias para la indemnizaci\u00f3n se completan y&nbsp;<b><i>buscamos conseguir la cantidad de compensaci\u00f3n m\u00e1xima del acuerdo de la NFL &#8211;<\/i><\/b> sobre una base de contingencia. Lo que significa que no hay costos por adelantado, sin cuotas a menos que ganes compensaci\u00f3n.<\/p>\n<p>Para dar el primer paso hacia el registro para el acuerdo de conmoci\u00f3n cerebral de la NFL \u2013 por favor descargue el formulario de ingesta neurol\u00f3gica que se encuentra arriba y ll\u00e9nelo de la mejor manera posible y env\u00edelo por correo electr\u00f3nico a nuestra oficina de inmediato.<\/p>\n","protected":false},"excerpt":{"rendered":"<p>\u00bfEs usted un jugador jubilado de la NFL o un miembro de la familia de un jugador de la NFL que sufre de lesiones cerebrales? Una demanda colectiva acordada con la NFL ofrece la recuperaci\u00f3n financiera de hasta $5 millones para: Jugadores jubilados de la NFL afectados por lesi\u00f3n cerebral Miembros de la familia de [&hellip;]<\/p>\n","protected":false},"author":65,"featured_media":0,"parent":24889,"menu_order":0,"comment_status":"closed","ping_status":"closed","template":"","meta":{"_acf_changed":false,"site-sidebar-layout":"default","site-content-layout":"","ast-site-content-layout":"default","site-content-style":"default","site-sidebar-style":"default","ast-global-header-display":"","ast-banner-title-visibility":"","ast-main-header-display":"","ast-hfb-above-header-display":"","ast-hfb-below-header-display":"","ast-hfb-mobile-header-display":"","site-post-title":"","ast-breadcrumbs-content":"","ast-featured-img":"","footer-sml-layout":"","ast-disable-related-posts":"","theme-transparent-header-meta":"","adv-header-id-meta":"","stick-header-meta":"","header-above-stick-meta":"","header-main-stick-meta":"","header-below-stick-meta":"","astra-migrate-meta-layouts":"default","ast-page-background-enabled":"default","ast-page-background-meta":{"desktop":{"background-color":"var(--ast-global-color-4)","background-image":"","background-repeat":"repeat","background-position":"center center","background-size":"auto","background-attachment":"scroll","background-type":"","background-media":"","overlay-type":"","overlay-color":"","overlay-opacity":"","overlay-gradient":""},"tablet":{"background-color":"","background-image":"","background-repeat":"repeat","background-position":"center center","background-size":"auto","background-attachment":"scroll","background-type":"","background-media":"","overlay-type":"","overlay-color":"","overlay-opacity":"","overlay-gradient":""},"mobile":{"background-color":"","background-image":"","background-repeat":"repeat","background-position":"center center","background-size":"auto","background-attachment":"scroll","background-type":"","background-media":"","overlay-type":"","overlay-color":"","overlay-opacity":"","overlay-gradient":""}},"ast-content-background-meta":{"desktop":{"background-color":"var(--ast-global-color-5)","background-image":"","background-repeat":"repeat","background-position":"center center","background-size":"auto","background-attachment":"scroll","background-type":"","background-media":"","overlay-type":"","overlay-color":"","overlay-opacity":"","overlay-gradient":""},"tablet":{"background-color":"var(--ast-global-color-5)","background-image":"","background-repeat":"repeat","background-position":"center center","background-size":"auto","background-attachment":"scroll","background-type":"","background-media":"","overlay-type":"","overlay-color":"","overlay-opacity":"","overlay-gradient":""},"mobile":{"background-color":"var(--ast-global-color-5)","background-image":"","background-repeat":"repeat","background-position":"center center","background-size":"auto","background-attachment":"scroll","background-type":"","background-media":"","overlay-type":"","overlay-color":"","overlay-opacity":"","overlay-gradient":""}},"footnotes":""},"class_list":["post-24946","page","type-page","status-publish","hentry"],"acf":[],"_links":{"self":[{"href":"https:\/\/mcdonaldworley.com\/es\/wp-json\/wp\/v2\/pages\/24946","targetHints":{"allow":["GET"]}}],"collection":[{"href":"https:\/\/mcdonaldworley.com\/es\/wp-json\/wp\/v2\/pages"}],"about":[{"href":"https:\/\/mcdonaldworley.com\/es\/wp-json\/wp\/v2\/types\/page"}],"author":[{"embeddable":true,"href":"https:\/\/mcdonaldworley.com\/es\/wp-json\/wp\/v2\/users\/65"}],"replies":[{"embeddable":true,"href":"https:\/\/mcdonaldworley.com\/es\/wp-json\/wp\/v2\/comments?post=24946"}],"version-history":[{"count":0,"href":"https:\/\/mcdonaldworley.com\/es\/wp-json\/wp\/v2\/pages\/24946\/revisions"}],"up":[{"embeddable":true,"href":"https:\/\/mcdonaldworley.com\/es\/wp-json\/wp\/v2\/pages\/24889"}],"wp:attachment":[{"href":"https:\/\/mcdonaldworley.com\/es\/wp-json\/wp\/v2\/media?parent=24946"}],"curies":[{"name":"wp","href":"https:\/\/api.w.org\/{rel}","templated":true}]}}