{"id":24944,"date":"2018-11-01T19:53:38","date_gmt":"2018-11-02T01:53:38","guid":{"rendered":"https:\/\/abconlinehold.wpengine.com\/?page_id=24944"},"modified":"2021-08-19T10:21:36","modified_gmt":"2021-08-19T15:21:36","slug":"lesiones-por-accidentes-de-motocicleta","status":"publish","type":"page","link":"https:\/\/mcdonaldworley.com\/es\/houston\/abogado-accidentes-de-motocicleta\/","title":{"rendered":"Abogado Accidentes de Motocicleta en Houston"},"content":{"rendered":"<p><b>\u00bfFUE USTED O UN FAMILIAR HERIDO EN UN ACCIDENTE DE MOTOCICLETA?<\/b><\/p>\n<p>En casi todos los accidentes de motocicletas, la compa\u00f1\u00eda de seguros har\u00e1 todo lo posible para evitar pagar a la persona lesionada. Si usted o un ser querido ha sido lesionado mientras montaba una motocicleta, es fundamental tener a un abogado especializado en accidentes de motocicletas que pueda lidiar con compa\u00f1\u00edas de seguros y jurados que a veces tienen una visi\u00f3n negativa de los motociclistas.<\/p>\n<p>El abogado principal de accidentes automovil\u00edsticos en McDonald Worley es reconocido y premiado en casos de lesiones por accidentes automovil\u00edsticos \u2014 habiendo ganado millones en compensaci\u00f3n para clientes a nivel nacional.<\/p>\n<p>Una y otra vez los clientes han expresado su gratitud de que su caso fue manejado por una firma con a\u00f1os de experiencia lidiando con los problemas \u00fanicos que surgen en los casos de lesiones \u2014 esto hace la diferencia. La ley de lesiones de motocicletas implica problemas \u00fanicos que no necesariamente involucran a <a href=\"https:\/\/mcdonaldworley.com\/es\/los-angeles\/abogado-de-accidentes-de-motos\/\" target=\"_blank\" rel=\"noopener\">los accidentes<\/a> automovil\u00edsticos..<\/p>\n<p><b>\u00bfHERIDO EN UN ACCIDENTE DE MOTOCICLETA?<\/b><\/p>\n<p>Cuando los motociclistas est\u00e1n involucrados en un accidente, hay un mayor riesgo de que sufran lesiones graves por el simple hecho de que la mayor\u00eda de sus cuerpos esten expuestos a la carretera a diferencia de alguien que est\u00e1 montando en un coche.<\/p>\n<p>Los motociclistas deben obedecer las reglas del tr\u00e1fico como todo el mundo en la carretera, pero a menudo, los conductores de camiones grandes o autom\u00f3viles no miran con cuidado a los motociclistas y no ceden el derecho de paso, lo cual causa lesiones graves o incluso la muerte de dicho motociclista.<\/p>\n<p>Seg\u00fan el Departamento de Transporte de Texas, hubo casi 1,900 lesiones causadas por&nbsp;<a href=\"http:\/\/www.txdot.gov\/government\/enforcement\/annual-summary.html\" target=\"_blank\" rel=\"nofollow noopener\"><b>choques de motocicletas<\/b><\/a>&nbsp;en el 2015.<\/p>\n<p>Si usted est\u00e1 en un accidente de motocicleta, tome medidas para proteger su seguridad y sus derechos. Si usted es capaz, aseg\u00farese de conocer todas las partes involucradas en el accidente de motocicleta. Tambi\u00e9n es una buena idea obtener un informe policial.<\/p>\n<p>Consiga ayuda m\u00e9dica tan pronto como pueda. No todas las lesiones son inmediatamente notables. Algunas lesiones pueden tomar d\u00edas o hasta semanas para manifestarse completamente. Obtener ayuda m\u00e9dica de inmediato aumentar\u00e1 sus probabilidades de que un m\u00e9dico detecte sus lesiones, de manera que el tratamiento pueda comenzar inmediatamente antes de que los s\u00edntomas empeoren.<\/p>\n<p>La presentaci\u00f3n de una demanda por accidente de motocicleta puede ayudarle a obtener una indemnizaci\u00f3n por una variedad de p\u00e9rdidas, incluyendo:<\/p>\n<ul>\n<li>Gastos m\u00e9dicos<\/li>\n<li>Salarios perdidos<\/li>\n<li>Costo de reparaci\u00f3n de motocicletas<\/li>\n<li>Costos de fisioterapia<\/li>\n<li>Da\u00f1os morales<\/li>\n<li>Disminuci\u00f3n de la capacidad de ganancia<\/li>\n<li>P\u00e9rdida de calidad de vida<\/li>\n<\/ul>\n<p>Si el accidente de la motocicleta es especialmente atroz, un motociclista lesionado puede ser capaz de obtener da\u00f1os punitivos, los cuales son un castigo adicional para la persona que caus\u00f3 el accidente.<\/p>\n<p>Las <a href=\"https:\/\/mcdonaldworley.com\/es\/texas\/quien-puede-demandar-muerte-injusta\/\" target=\"_blank\" rel=\"noopener\">demandas por muerte injusta pueden<\/a> ser presentadas por familiares de alguien que muri\u00f3 en un accidente de motocicleta.. Los miembros de la familia tambi\u00e9n pueden solicitar indemnizaci\u00f3n por las p\u00e9rdidas sufridas como consecuencia de la p\u00e9rdida de su ser querido.<\/p>\n<p><b>OBTEN AYUDA DE UN ABOGADO DE MOTOCICLISTAS<\/b><\/p>\n<p>El abogado Don Worley de McDonald Worley se involucr\u00f3 personalmente en un accidente mientras montaba una motocicleta \u2014 y como abogado de motociclistas \u2014 \u00e9l entiende sus necesidades.<\/p>\n<p>El conductor de un autom\u00f3vil nunca lo vio en la motocicleta y no cedi\u00f3 el derecho de paso, gir\u00f3 a la izquierda delante de \u00e9l sin tiempo para reaccionar, causando un accidente menor. Por suerte, las heridas del Sr. Worley no fueron graves.<\/p>\n<p>Pero \u00e9l sabe lo que es sentirse indefenso cuando un <a href=\"https:\/\/mcdonaldworley.com\/es\/houston\/abogado-conductor-distraido\/\" target=\"_blank\" rel=\"noopener\">conductor negligente de otro veh\u00edculo causa un accidente<\/a> y lesiona a un motociclista..<\/p>\n<p>Si usted o alguien que usted ama ha sido lesionado en un accidente de motocicleta, p\u00f3ngase en contacto con los <a href=\"https:\/\/mcdonaldworley.com\/es\/houston-tx-abogado-de-accidentes-de-choque-y-huida\/\" target=\"_blank\" rel=\"noopener\">abogados de accidentes<\/a> automovil\u00edsticos en McDonald Worley y aseg\u00farese de que su caso ser\u00e1 manejado por alguien que se preocupa por usted y est\u00e1 familiarizado con los muchos problemas \u00fanicos que pueden surgir en una demanda de lesi\u00f3n causada por motocicletas..<\/p>\n<p>Llene el siguiente formulario o comun\u00edquese con nosotros ahora por correo electr\u00f3nico o llame a nuestra oficina principal del bufete de lesiones personales al 713-523-5500. La consulta inicial es gratuita y usted no tendr\u00e1 que pagar ninguna cuota legal a menos que recuperemos los fondos para usted. No hay obligaci\u00f3n y si no ganamos, t\u00fa no pagas.<\/p>\n","protected":false},"excerpt":{"rendered":"<p>\u00bfFUE USTED O UN FAMILIAR HERIDO EN UN ACCIDENTE DE MOTOCICLETA? En casi todos los accidentes de motocicletas, la compa\u00f1\u00eda de seguros har\u00e1 todo lo posible para evitar pagar a la persona lesionada. Si usted o un ser querido ha sido lesionado mientras montaba una motocicleta, es fundamental tener a un abogado especializado en accidentes [&hellip;]<\/p>\n","protected":false},"author":65,"featured_media":0,"parent":24889,"menu_order":0,"comment_status":"closed","ping_status":"closed","template":"","meta":{"_acf_changed":false,"site-sidebar-layout":"default","site-content-layout":"","ast-site-content-layout":"default","site-content-style":"default","site-sidebar-style":"default","ast-global-header-display":"","ast-banner-title-visibility":"","ast-main-header-display":"","ast-hfb-above-header-display":"","ast-hfb-below-header-display":"","ast-hfb-mobile-header-display":"","site-post-title":"","ast-breadcrumbs-content":"","ast-featured-img":"","footer-sml-layout":"","ast-disable-related-posts":"","theme-transparent-header-meta":"","adv-header-id-meta":"","stick-header-meta":"","header-above-stick-meta":"","header-main-stick-meta":"","header-below-stick-meta":"","astra-migrate-meta-layouts":"default","ast-page-background-enabled":"default","ast-page-background-meta":{"desktop":{"background-color":"var(--ast-global-color-4)","background-image":"","background-repeat":"repeat","background-position":"center center","background-size":"auto","background-attachment":"scroll","background-type":"","background-media":"","overlay-type":"","overlay-color":"","overlay-opacity":"","overlay-gradient":""},"tablet":{"background-color":"","background-image":"","background-repeat":"repeat","background-position":"center center","background-size":"auto","background-attachment":"scroll","background-type":"","background-media":"","overlay-type":"","overlay-color":"","overlay-opacity":"","overlay-gradient":""},"mobile":{"background-color":"","background-image":"","background-repeat":"repeat","background-position":"center center","background-size":"auto","background-attachment":"scroll","background-type":"","background-media":"","overlay-type":"","overlay-color":"","overlay-opacity":"","overlay-gradient":""}},"ast-content-background-meta":{"desktop":{"background-color":"var(--ast-global-color-5)","background-image":"","background-repeat":"repeat","background-position":"center center","background-size":"auto","background-attachment":"scroll","background-type":"","background-media":"","overlay-type":"","overlay-color":"","overlay-opacity":"","overlay-gradient":""},"tablet":{"background-color":"var(--ast-global-color-5)","background-image":"","background-repeat":"repeat","background-position":"center center","background-size":"auto","background-attachment":"scroll","background-type":"","background-media":"","overlay-type":"","overlay-color":"","overlay-opacity":"","overlay-gradient":""},"mobile":{"background-color":"var(--ast-global-color-5)","background-image":"","background-repeat":"repeat","background-position":"center center","background-size":"auto","background-attachment":"scroll","background-type":"","background-media":"","overlay-type":"","overlay-color":"","overlay-opacity":"","overlay-gradient":""}},"footnotes":""},"class_list":["post-24944","page","type-page","status-publish","hentry"],"acf":[],"_links":{"self":[{"href":"https:\/\/mcdonaldworley.com\/es\/wp-json\/wp\/v2\/pages\/24944","targetHints":{"allow":["GET"]}}],"collection":[{"href":"https:\/\/mcdonaldworley.com\/es\/wp-json\/wp\/v2\/pages"}],"about":[{"href":"https:\/\/mcdonaldworley.com\/es\/wp-json\/wp\/v2\/types\/page"}],"author":[{"embeddable":true,"href":"https:\/\/mcdonaldworley.com\/es\/wp-json\/wp\/v2\/users\/65"}],"replies":[{"embeddable":true,"href":"https:\/\/mcdonaldworley.com\/es\/wp-json\/wp\/v2\/comments?post=24944"}],"version-history":[{"count":0,"href":"https:\/\/mcdonaldworley.com\/es\/wp-json\/wp\/v2\/pages\/24944\/revisions"}],"up":[{"embeddable":true,"href":"https:\/\/mcdonaldworley.com\/es\/wp-json\/wp\/v2\/pages\/24889"}],"wp:attachment":[{"href":"https:\/\/mcdonaldworley.com\/es\/wp-json\/wp\/v2\/media?parent=24944"}],"curies":[{"name":"wp","href":"https:\/\/api.w.org\/{rel}","templated":true}]}}