{"id":24942,"date":"2018-11-01T19:52:33","date_gmt":"2018-11-01T19:52:33","guid":{"rendered":"https:\/\/abconlinehold.wpengine.com\/?page_id=24942"},"modified":"2021-08-09T16:12:11","modified_gmt":"2021-08-09T21:12:11","slug":"falla-del-implante-de-cadera-metalico","status":"publish","type":"page","link":"https:\/\/mcdonaldworley.com\/es\/productos-medicos-defectuosos\/falla-del-implante-de-cadera-metalico\/","title":{"rendered":"Falla del Implante de Cadera Met\u00e1lico"},"content":{"rendered":"<p><b>PELIGROSAS TASAS DE FRACASO DEL IMPLANTE DE CADERA<\/b><\/p>\n<p>Los implantes met\u00e1licos de cadera han estado fallando a un ritmo alarmante y los expertos m\u00e9dicos en el campo han diagnosticado un alto \u00edndice de fracaso que puede llegar a alcanzar un 50 por ciento, lo que lleva al dolor y las complicaciones de salud negativas. Si usted ha experimentado dolor o complicaciones resultado de su cirug\u00eda del implante, le sugerimos que contacte a un experimentado abogado implante de cadera para averiguar si califica para presentar una demanda.<\/p>\n<p>Las complicaciones posquir\u00fargicas asociadas con un implante de cadera defectuoso pueden consistir en:<\/p>\n<ul>\n<li>Hinchaz\u00f3n<\/li>\n<li>Incapacidad para soportar su propio peso<\/li>\n<li>Experimentar dolor al levantarse<\/li>\n<li>Experimentar dolor al caminar<\/li>\n<li>Dolor en la ingle o en los muslos<\/li>\n<li>Dolor de cadera<\/li>\n<\/ul>\n<p><b>\u00bfSE HA RETIRADO SU IMPLANTE?<\/b><\/p>\n<p>La cirug\u00eda de reemplazo de cadera es un procedimiento com\u00fan para pacientes que padecen problemas de cadera. Seg\u00fan el Departamento de Servicios Humanos y de Salud (HHS, por sus siglas en ingl\u00e9s), es el segundo procedimiento m\u00e1s com\u00fan despu\u00e9s de las cirug\u00edas de artroplastia de rodilla. El procedimiento es quitar las partes enfermas y da\u00f1adas de la articulaci\u00f3n de la cadera, especialmente despu\u00e9s de un combate de la osteoartritis y cambiarlos por las piezas mec\u00e1nicas que sustituyen los movimientos de las piezas naturales.<\/p>\n<p>Esta cirug\u00eda tiene como objetivo aliviar el dolor, hacer que sea posible moverse con facilidad y mejorar el funcionamiento de la articulaci\u00f3n de la cadera. Los especialistas ortop\u00e9dicos tambi\u00e9n recomiendan esta cirug\u00eda si usted est\u00e1 sufriendo de una lesi\u00f3n de la articulaci\u00f3n de la cadera, de tumores \u00f3seos, de osteonecrosis y de artritis reumatoide.<\/p>\n<p>Sin embargo, incluso con los avances tecnol\u00f3gicos que se han logrado en este campo de la medicina, los casos de fracasos de reemplazo de cadera todav\u00eda son comunes. DePuy, que es una filial ortop\u00e9dica de Johnson y Johnson (J&amp;J) y fabricante de los implantes de cadera de ASR y Pinnacle, se ha visto obligado a retirar una serie de sus implantes de cadera.<\/p>\n<p><b>QUEJAS DEL IMPLANTE DE CADERA<\/b><\/p>\n<p>De acuerdo con la Administraci\u00f3n de Alimentos y Medicamentos (FDA, por sus siglas en ingl\u00e9s), las quejas contra el implante de cadera Pinnacle de DePuy han estado aumentando constantemente. Dentro del 15 de abril y el 23 de junio del 2011, se presentaron alrededor de 270 quejas a la FDA acerca de estos productos de reemplazo de cadera. DePuy se ha enfrentado a unas 2,500 quejas.<\/p>\n<p>La situaci\u00f3n con el reemplazo de cadera de la marca ASR, tambi\u00e9n fabricada por DePuy, no es mejor. Las quejas sobre este producto en particular han dado lugar a un retiro a gran escala y a una serie de demandas que han sido presentadas.<\/p>\n<p>El dise\u00f1o de los implantes de cadera de DePuy, especialmente el componente acetabular, ha estado fallando y los especialistas ortop\u00e9dicos han forzado a que se haga un reemplazo de cadera. El implante de cadera DePuy ASR tiene componentes acetabulares poco profundas comparadas con otros productos similares de competidores que los hacen propensos a problemas.<\/p>\n<p>Finalmente, en el 26 de agosto del 2010, despu\u00e9s de haber vendido m\u00e1s de 93,000 implantes defectuosos, DePuy finalmente se dedic\u00f3 a retirar los implantes de reemplazo de cadera de ASR despu\u00e9s de que una investigaci\u00f3n interna revel\u00f3 que el 13 por ciento de todos los pacientes que hab\u00edan recibido el implante decidieron removerlo debido a un fracaso catastr\u00f3fico.<\/p>\n<p>El fracaso de la marca Pinnacle de implantes de cadera de DePuy fue el resultado de la degradaci\u00f3n del metal de los implantes, lo que result\u00f3 en hinchaz\u00f3n, dolor y la incapacidad de soportar el peso previsto en las v\u00edctimas de implantes.<\/p>\n<p>La mayor\u00eda de los implantes de metal que se les instalan a los pacientes que padecen osteoartritis y despu\u00e9s de someterse a una cirug\u00eda de cadera han registrado tasas de \u00e9xito deficientes. Seg\u00fan la Sociedad Brit\u00e1nica de la Cadera, algunos de estos implantes han registrado \u00edndices altos fatalidad de hasta 50 por ciento a los seis a\u00f1os.<\/p>\n<p><b>JUICIOS DE IMPLANTES DE CADERA DE METAL-EN-METAL<\/b><\/p>\n<p>DePuy se enfrenta actualmente a una ola de litigios de pacientes que han tenido que someterse a procedimientos quir\u00fargicos de revisi\u00f3n dolorosa para remover los implantes defectuosos.<\/p>\n<p>Los siguientes s\u00edntomas podr\u00edan ser una indicaci\u00f3n de que el implante de cadera tiene algunos problemas serios y que podr\u00eda estar enfrentando un fracaso inminente:<\/p>\n<ul>\n<li>Hinchaz\u00f3n<\/li>\n<li>Incapacidad para soportar su propio peso<\/li>\n<li>Experimentar dolor al levantarse<\/li>\n<li>Experimentar dolor al caminar<\/li>\n<li>Dolor en la ingle o en los muslos<\/li>\n<li>Dolor de cadera<\/li>\n<\/ul>\n<p>El deterioro de los implantes de cadera de ASR da como resultado la liberaci\u00f3n de piezas de metal t\u00f3xicas minuciosas en el torrente sangu\u00edneo. Posiblemente causando que se sufra de lesiones asociadas con linfocito-dominadas as\u00e9ptico de la vasculitis o ALVAL, una reacci\u00f3n seria del tejido a los objetos met\u00e1licos extranjeros o al metalosis.<\/p>\n<p>Aparte de la reacci\u00f3n del tejido, es posible que se experimente <i>pseudotumors<\/i>.<\/p>\n<p>Es importante visitar al doctor para un chequeo regular, aun si no se esta experimentando ninguna molestia o dolor y luego ponerse en contacto con nuestro abogado veterano de retiradas de caderas inmediatamente.<\/p>\n<p>En casos severos, los implantes ASR y Pinnacle podr\u00edan fallar completamente.<\/p>\n<p>Esto ocurre cuando el hueso que est\u00e1 sosteniendo las fracturas del implante de cadera, se desplaza resultando en una desalineaci\u00f3n de las partes m\u00f3viles o cuando el implante se afloja y no permanece en su posici\u00f3n prevista. Es importante estar atento a cualquiera de los s\u00edntomas anteriores, especialmente si usted o un ser querido tiene un implante de cadera.<\/p>\n<p>Si usted ha experimentado alguno de los s\u00edntomas mencionados anteriormente despu\u00e9s de un procedimiento de reemplazo de cadera, por favor contacte a nuestro abogado inmediatamente para discutir sus derechos legales.<\/p>\n<p>Un abogado veterano de retiradas de cadera de nuestro bufete le representar\u00e1 y le ayudar\u00e1 a que conozca todas las opciones legales disponibles. Si usted ha sufrido dolor de cadera o hinchaz\u00f3n, o su cirug\u00eda de reemplazo no fue un \u00e9xito, p\u00f3ngase en contacto con nosotros inmediatamente.<\/p>\n<p>Es importante actuar r\u00e1pido al presentar una demanda de retirada de cadera, ya que las regulaciones limitan la cantidad de tiempo que el demandante tiene para reportar una reclamaci\u00f3n y proteger sus derechos legales.<\/p>\n","protected":false},"excerpt":{"rendered":"<p>PELIGROSAS TASAS DE FRACASO DEL IMPLANTE DE CADERA Los implantes met\u00e1licos de cadera han estado fallando a un ritmo alarmante y los expertos m\u00e9dicos en el campo han diagnosticado un alto \u00edndice de fracaso que puede llegar a alcanzar un 50 por ciento, lo que lleva al dolor y las complicaciones de salud negativas. Si [&hellip;]<\/p>\n","protected":false},"author":65,"featured_media":0,"parent":24884,"menu_order":0,"comment_status":"closed","ping_status":"closed","template":"","meta":{"_acf_changed":false,"site-sidebar-layout":"default","site-content-layout":"","ast-site-content-layout":"default","site-content-style":"default","site-sidebar-style":"default","ast-global-header-display":"","ast-banner-title-visibility":"","ast-main-header-display":"","ast-hfb-above-header-display":"","ast-hfb-below-header-display":"","ast-hfb-mobile-header-display":"","site-post-title":"","ast-breadcrumbs-content":"","ast-featured-img":"","footer-sml-layout":"","ast-disable-related-posts":"","theme-transparent-header-meta":"","adv-header-id-meta":"","stick-header-meta":"","header-above-stick-meta":"","header-main-stick-meta":"","header-below-stick-meta":"","astra-migrate-meta-layouts":"default","ast-page-background-enabled":"default","ast-page-background-meta":{"desktop":{"background-color":"var(--ast-global-color-4)","background-image":"","background-repeat":"repeat","background-position":"center center","background-size":"auto","background-attachment":"scroll","background-type":"","background-media":"","overlay-type":"","overlay-color":"","overlay-opacity":"","overlay-gradient":""},"tablet":{"background-color":"","background-image":"","background-repeat":"repeat","background-position":"center center","background-size":"auto","background-attachment":"scroll","background-type":"","background-media":"","overlay-type":"","overlay-color":"","overlay-opacity":"","overlay-gradient":""},"mobile":{"background-color":"","background-image":"","background-repeat":"repeat","background-position":"center center","background-size":"auto","background-attachment":"scroll","background-type":"","background-media":"","overlay-type":"","overlay-color":"","overlay-opacity":"","overlay-gradient":""}},"ast-content-background-meta":{"desktop":{"background-color":"var(--ast-global-color-5)","background-image":"","background-repeat":"repeat","background-position":"center center","background-size":"auto","background-attachment":"scroll","background-type":"","background-media":"","overlay-type":"","overlay-color":"","overlay-opacity":"","overlay-gradient":""},"tablet":{"background-color":"var(--ast-global-color-5)","background-image":"","background-repeat":"repeat","background-position":"center center","background-size":"auto","background-attachment":"scroll","background-type":"","background-media":"","overlay-type":"","overlay-color":"","overlay-opacity":"","overlay-gradient":""},"mobile":{"background-color":"var(--ast-global-color-5)","background-image":"","background-repeat":"repeat","background-position":"center center","background-size":"auto","background-attachment":"scroll","background-type":"","background-media":"","overlay-type":"","overlay-color":"","overlay-opacity":"","overlay-gradient":""}},"footnotes":""},"class_list":["post-24942","page","type-page","status-publish","hentry"],"acf":[],"_links":{"self":[{"href":"https:\/\/mcdonaldworley.com\/es\/wp-json\/wp\/v2\/pages\/24942","targetHints":{"allow":["GET"]}}],"collection":[{"href":"https:\/\/mcdonaldworley.com\/es\/wp-json\/wp\/v2\/pages"}],"about":[{"href":"https:\/\/mcdonaldworley.com\/es\/wp-json\/wp\/v2\/types\/page"}],"author":[{"embeddable":true,"href":"https:\/\/mcdonaldworley.com\/es\/wp-json\/wp\/v2\/users\/65"}],"replies":[{"embeddable":true,"href":"https:\/\/mcdonaldworley.com\/es\/wp-json\/wp\/v2\/comments?post=24942"}],"version-history":[{"count":0,"href":"https:\/\/mcdonaldworley.com\/es\/wp-json\/wp\/v2\/pages\/24942\/revisions"}],"up":[{"embeddable":true,"href":"https:\/\/mcdonaldworley.com\/es\/wp-json\/wp\/v2\/pages\/24884"}],"wp:attachment":[{"href":"https:\/\/mcdonaldworley.com\/es\/wp-json\/wp\/v2\/media?parent=24942"}],"curies":[{"name":"wp","href":"https:\/\/api.w.org\/{rel}","templated":true}]}}