{"id":24940,"date":"2018-11-01T19:50:46","date_gmt":"2018-11-01T19:50:46","guid":{"rendered":"https:\/\/abconlinehold.wpengine.com\/?page_id=24940"},"modified":"2021-08-09T11:59:57","modified_gmt":"2021-08-09T16:59:57","slug":"demandas-del-mesotelioma","status":"publish","type":"page","link":"https:\/\/mcdonaldworley.com\/es\/juicio-civil\/demandas-del-mesotelioma\/","title":{"rendered":"Demandas del Mesotelioma"},"content":{"rendered":"<p><b>\u00bfDesarroll\u00f3 usted o un ser querido el mesotelioma despu\u00e9s de la exposici\u00f3n al asbesto?<\/b><\/p>\n<p>El mesotelioma es un tipo de c\u00e1ncer que se desarrolla en el mesotelio \u2014 el saco que recubre las cavidades internas del cuerpo, incluyendo los pulmones, por lo que tambi\u00e9n se conoce a veces como \u00abc\u00e1ncer de pulm\u00f3n de asbesto\u00bb.<\/p>\n<p>Mientras que el mesotelioma a menudo se desarrolla alrededor de los pulmones, no es lo mismo que el c\u00e1ncer de pulm\u00f3n y tener un abogado de mesotelioma con experiencia puede hacer toda la diferencia para su caso. El c\u00e1ncer de pulmon ocurre dentro del propio pulm\u00f3n; el mesotelioma se presenta en el revestimiento del pulm\u00f3n.<\/p>\n<p>Los asbestos se usan en m\u00faltiples <a href=\"https:\/\/mcdonaldworley.com\/es\/reclamos-salarios-petroleo-gas\/\" target=\"_blank\" rel=\"noopener\">industrias, incluyendo la construcci\u00f3n, el astillero y la industria del petr\u00f3leo<\/a> y el pl\u00e1stico..\u00a0Las fuerzas armadas utilizaron el asbesto extensivamente en el vig\u00e9simo siglo y debido a el per\u00edodo de la latencia largo, ahora son muchos veteranos que son diagnosticados con la enfermedad asbesto-relacionada.\u00a0Las personas fueron expuestas en todas las ramas del servicio y en una variedad de trabajos.<\/p>\n<p>Aproximadamente 100,000 personas han muerto o morir\u00e1n por el mesotelioma causada por la exposici\u00f3n a los asbestos en los astilleros. Esa cantidad no incluye a los expuestos a los asbestos en emplazamientos de construcci\u00f3n, asbestos en minas, en el lugar de trabajo o en sus hogares.<\/p>\n<p><b>Si usted o un ser querido fueron expuestos al asbesto y desarrollaron mesotelioma, usted necesita un abogado de mesotelioma de asbesto para luchar por sus derechos. P\u00f3ngase en contacto con los abogados con experiencia de mesotelioma en McDonald Worley hoy para una revisi\u00f3n de caso GRAUTIA.<\/b><\/p>\n<p><b>EXPOSICI\u00d3N AL ASBESTO<\/b><\/p>\n<p>El mesotelioma es causado por la exposici\u00f3n al asbesto. La mayor\u00eda de las personas expuestas al asbesto trabajaban en lugares donde se inhalaba. Otros fueron expuestos en un ambiente familiar, a menudo sin saberlo.<\/p>\n<p>El asbesto, una vez considerado como un mineral milagroso, era popular debido a sus caracter\u00edsticas ligeras pero resistentes, as\u00ed como por sus caracter\u00edsticas resistentes al calor y al fuego.<\/p>\n<p>Este mineral natural fue utilizado en muchos productos comerciales y de consumo, en los materiales de construcci\u00f3n tales como cemento, tejas del material para techos y aislamiento, a los usos del consumidor y industriales tales como secadores de pelo, zapatos de freno del autom\u00f3vil y tuber\u00eda de aislamiento.<\/p>\n<p><b>TIPOS DE MESOTELIOMA<\/b><\/p>\n<p><b>El Mesotelioma Pleural<\/b>\u00a0es el c\u00e1ncer causado por la exposici\u00f3n al asbesto, que afecta a la membrana delgada del pulm\u00f3n y es la forma m\u00e1s com\u00fan encontrada de\u00a0<a href=\"http:\/\/www.lung.org\/lung-disease\/mesothelioma\/understanding-mesothelioma.html\" target=\"_blank\" rel=\"nofollow noopener\"><b>Mesotelioma<\/b><\/a>. La tragedia es que, si usted es diagnosticado con mesotelioma, normalmente se puede rastrear a la exposici\u00f3n relacionada con el trabajo o la exposici\u00f3n industrial.<\/p>\n<p>Los principales s\u00edntomas incluyen:<\/p>\n<ol>\n<li>Dificultad respiratoria causada por la expansi\u00f3n de la efusi\u00f3n pleural<\/li>\n<li>Tos seca persistente<\/li>\n<\/ol>\n<p><b>El Mesotelioma Peric\u00e1rdico<\/b>\u00a0es un tumor de revestimiento causado por un\u00a0<b>Asbesto<\/b>\u00a0irritante que se presenta en el revestimiento del coraz\u00f3n. Aunque sea raro, esta forma de mesotelioma es insidiosa ya que los s\u00edntomas asociados a los tumores incluyen dolores del pecho, brevedad de la respiraci\u00f3n y se diagnostica a menudo porque los s\u00edntomas son similares a un ataque de coraz\u00f3n.\u00a0Los abogados del mesotelioma pueden ayudar si usted siente que no se ha hecho todo lo posible en cuanto a las opciones medicas despu\u00e9s de la exposici\u00f3n del asbesto y usted sospecha que usted tiene esta enfermedad.<\/p>\n<p><b>El Mesotelioma Peritoneal<\/b>\u00a0es la ocurrencia de\u00a0<b>c\u00e1ncer de mesotelio<\/b>\u00a0encontrada en la cavidad abdominal causada normalmente <a href=\"https:\/\/mcdonaldworley.com\/civil-litigation\/social-security-disability-denial\/\" target=\"_blank\" rel=\"noopener\">por la ingesti\u00f3n del<\/a> asbesto..\u00a0Similar a los casos del c\u00e1ncer peric\u00e1rdico del mesotelioma, el mesotelioma peritoneal se diagnostica com\u00fanmente como s\u00edndrome o indigesti\u00f3n irritable del intestino. Un bufete de abogados con experiencia en mesotelioma luchara para asegurar que usted reciba el tratamiento m\u00e9dico adecuado adem\u00e1s de buscar una indemnizaci\u00f3n por demanda de asbesto.<\/p>\n<p>Con muy poca exposici\u00f3n se puede dar lugar a un diagn\u00f3stico de mesotelioma y a menudo el desarrollo del c\u00e1ncer puede ser muchos a\u00f1os despu\u00e9s de la exposici\u00f3n inicial a las fibras de asbesto.\u00a0A veces las personas que trabajaban con asbesto por tan s\u00f3lo uno o dos meses desarrollan mesotelioma.<\/p>\n<p>El \u00abper\u00edodo de latencia\u00bb se refiere al tiempo entre la exposici\u00f3n al asbesto y el diagn\u00f3stico de la enfermedad. Para el mesotelioma, el per\u00edodo de latencia puede ser de d\u00e9cadas de duraci\u00f3n y las personas expuestas en los a\u00f1os 40, 50, 60 y 70 ahora est\u00e1n siendo diagnosticadas y pueden tener derecho a compensaci\u00f3n por medio de un acuerdo.<\/p>\n<p><b>PRESENTANDO UNA DEMANDA POR MESOTELIOMA DE ASBESTO<\/b><\/p>\n<p>Las demandas del mesotelioma del asbesto se presentan cada a\u00f1o en los Estados Unidos debido a las enfermedades tales como el mesotelioma que fueron causados por la exposici\u00f3n del asbesto. Algunos casos recientes del asbesto alegan que el mesotelioma es causado incluso por lo que se llama a la exposici\u00f3n de segunda mano del asbesto por las esposas de los hombres que lavaron la ropa asbesto-cargada.<\/p>\n<p>Si usted o un ser querido desarrollaron tumores cancerosos a partir de la exposici\u00f3n al asbesto, usted podr\u00eda tener derecho a una indemnizaci\u00f3n que pueda apoyarle en su lucha contra este agresivo c\u00e1ncer de pulm\u00f3n de asbesto.<\/p>\n<p>Una demanda de mesotelioma puede ayudarle a obtener una compensaci\u00f3n para que pueda concentrarse en su salud.<\/p>\n<p>Si usted ha sido diagnosticado con mesotelioma, nuestro abogado puede luchar por sus intereses, explore sus opciones legales con uno de los mejores abogados litigantes en los Estados Unidos.<\/p>\n<p>Nuestro equipo legal de mesotelioma est\u00e1 listo para representarle en su demanda de mesotelioma de asbesto y usted puede descansar tranquilo sabiendo que tiene uno de los mejores abogados litigantes de la naci\u00f3n luchando en su nombre.<\/p>\n","protected":false},"excerpt":{"rendered":"<p>\u00bfDesarroll\u00f3 usted o un ser querido el mesotelioma despu\u00e9s de la exposici\u00f3n al asbesto? El mesotelioma es un tipo de c\u00e1ncer que se desarrolla en el mesotelio \u2014 el saco que recubre las cavidades internas del cuerpo, incluyendo los pulmones, por lo que tambi\u00e9n se conoce a veces como \u00abc\u00e1ncer de pulm\u00f3n de asbesto\u00bb. Mientras [&hellip;]<\/p>\n","protected":false},"author":65,"featured_media":0,"parent":24871,"menu_order":0,"comment_status":"closed","ping_status":"closed","template":"","meta":{"_acf_changed":false,"site-sidebar-layout":"default","site-content-layout":"","ast-site-content-layout":"default","site-content-style":"default","site-sidebar-style":"default","ast-global-header-display":"","ast-banner-title-visibility":"","ast-main-header-display":"","ast-hfb-above-header-display":"","ast-hfb-below-header-display":"","ast-hfb-mobile-header-display":"","site-post-title":"","ast-breadcrumbs-content":"","ast-featured-img":"","footer-sml-layout":"","ast-disable-related-posts":"","theme-transparent-header-meta":"","adv-header-id-meta":"","stick-header-meta":"","header-above-stick-meta":"","header-main-stick-meta":"","header-below-stick-meta":"","astra-migrate-meta-layouts":"default","ast-page-background-enabled":"default","ast-page-background-meta":{"desktop":{"background-color":"var(--ast-global-color-4)","background-image":"","background-repeat":"repeat","background-position":"center center","background-size":"auto","background-attachment":"scroll","background-type":"","background-media":"","overlay-type":"","overlay-color":"","overlay-opacity":"","overlay-gradient":""},"tablet":{"background-color":"","background-image":"","background-repeat":"repeat","background-position":"center center","background-size":"auto","background-attachment":"scroll","background-type":"","background-media":"","overlay-type":"","overlay-color":"","overlay-opacity":"","overlay-gradient":""},"mobile":{"background-color":"","background-image":"","background-repeat":"repeat","background-position":"center center","background-size":"auto","background-attachment":"scroll","background-type":"","background-media":"","overlay-type":"","overlay-color":"","overlay-opacity":"","overlay-gradient":""}},"ast-content-background-meta":{"desktop":{"background-color":"var(--ast-global-color-5)","background-image":"","background-repeat":"repeat","background-position":"center center","background-size":"auto","background-attachment":"scroll","background-type":"","background-media":"","overlay-type":"","overlay-color":"","overlay-opacity":"","overlay-gradient":""},"tablet":{"background-color":"var(--ast-global-color-5)","background-image":"","background-repeat":"repeat","background-position":"center center","background-size":"auto","background-attachment":"scroll","background-type":"","background-media":"","overlay-type":"","overlay-color":"","overlay-opacity":"","overlay-gradient":""},"mobile":{"background-color":"var(--ast-global-color-5)","background-image":"","background-repeat":"repeat","background-position":"center center","background-size":"auto","background-attachment":"scroll","background-type":"","background-media":"","overlay-type":"","overlay-color":"","overlay-opacity":"","overlay-gradient":""}},"footnotes":""},"class_list":["post-24940","page","type-page","status-publish","hentry"],"acf":[],"_links":{"self":[{"href":"https:\/\/mcdonaldworley.com\/es\/wp-json\/wp\/v2\/pages\/24940","targetHints":{"allow":["GET"]}}],"collection":[{"href":"https:\/\/mcdonaldworley.com\/es\/wp-json\/wp\/v2\/pages"}],"about":[{"href":"https:\/\/mcdonaldworley.com\/es\/wp-json\/wp\/v2\/types\/page"}],"author":[{"embeddable":true,"href":"https:\/\/mcdonaldworley.com\/es\/wp-json\/wp\/v2\/users\/65"}],"replies":[{"embeddable":true,"href":"https:\/\/mcdonaldworley.com\/es\/wp-json\/wp\/v2\/comments?post=24940"}],"version-history":[{"count":0,"href":"https:\/\/mcdonaldworley.com\/es\/wp-json\/wp\/v2\/pages\/24940\/revisions"}],"up":[{"embeddable":true,"href":"https:\/\/mcdonaldworley.com\/es\/wp-json\/wp\/v2\/pages\/24871"}],"wp:attachment":[{"href":"https:\/\/mcdonaldworley.com\/es\/wp-json\/wp\/v2\/media?parent=24940"}],"curies":[{"name":"wp","href":"https:\/\/api.w.org\/{rel}","templated":true}]}}