{"id":24938,"date":"2018-11-01T19:49:17","date_gmt":"2018-11-01T19:49:17","guid":{"rendered":"https:\/\/abconlinehold.wpengine.com\/?page_id=24938"},"modified":"2021-08-09T14:21:45","modified_gmt":"2021-08-09T19:21:45","slug":"proteccion-al-consumidor-de-la-responsabilidad-del-prestamista","status":"publish","type":"page","link":"https:\/\/mcdonaldworley.com\/es\/ley-de-proteccion-al-consumidor\/proteccion-al-consumidor-de-la-responsabilidad-del-prestamista\/","title":{"rendered":"Protecci\u00f3n al Consumidor de la Responsabilidad del Prestamista"},"content":{"rendered":"<p><b>\u00bfQU\u00c9 ES LA RESPONSABILIDAD DEL PRESTAMISTA?<\/b><\/p>\n<p>La responsabilidad del prestamista se refiere a las leyes de protecci\u00f3n al consumidor que protegen a quienes piden dinero. Los bancos, las compa\u00f1\u00edas hipotecarias y otros prestamistas son monitoreados por ciertas leyes para asegurarse de que no se aprovechen de los prestatarios.<\/p>\n<p>Los prestamistas generalmente necesitan tratar a sus prestatarios justamente; Si no lo hacen, pueden estar sujetos a la responsabilidad del prestamista, lo que significa que un prestatario puede presentar una acci\u00f3n legal contra ellos. Hay varias maneras en que un prestamista puede violar las leyes, incluyendo el incumplimiento del contrato, el incumplimiento de la relaci\u00f3n fiduciaria y las ventas colaterales inapropiadas.<\/p>\n<p>Tambi\u00e9n hay leyes espec\u00edficas que regulan a los prestamistas, incluyendo;<\/p>\n<ul>\n<li>Ley de Procedimientos de Asentamientos Inmobiliarios (RESPA)<\/li>\n<li>Acto de la Verdad en el Pr\u00e9stamo (TILA)<\/li>\n<li>Regulaci\u00f3n X<\/li>\n<li>Regulaci\u00f3n Y<\/li>\n<\/ul>\n<p>Muchas de estas leyes fueron desarrolladas y realzadas despu\u00e9s de la crisis financiera a comienzos de la d\u00e9cada del 2000. Adem\u00e1s de mantener a los prestamistas a un nivel m\u00e1s alto, estas leyes tambi\u00e9n proporcionan multas por estatutos y da\u00f1os compensatorios para las v\u00edctimas de la injusticia de los prestamistas.<\/p>\n<p>Si usted se ha atrasado en su hipoteca o est\u00e1 considerando la bancarrota del cap\u00edtulo 13, usted debe saber que el Reglamento X de la Ley de Procedimientos de Liquidaci\u00f3n de Bienes Ra\u00edces (RESPA, por sus siglas en ingl\u00e9s) y la regla Z de la Ley de la Verdad en Pr\u00e9stamo (TILA, por sus siglas en ingl\u00e9s) pueden protegerle.<\/p>\n<p>Aprenda acerca de las maneras en que los prestamistas pueden violar las leyes de los prestamistas y c\u00f3mo usted puede protegerse.<\/p>\n<p><b>INCUMPLIMIENTO DEL CONTRATO<\/b><\/p>\n<p>En general, los prestamistas deben asegurarse de que el prestatario ha sido notificado de los t\u00e9rminos del acuerdo, incluyendo garant\u00edas y bajo qu\u00e9 circunstancias el prestamista puede tomar medidas para retener o reclamar esa garant\u00eda.<\/p>\n<p>La crisis de la ejecuci\u00f3n hipotecaria de la gran recesi\u00f3n en el 2008 destac\u00f3 las t\u00e1cticas injustas que muchas compa\u00f1\u00edas hipotecarias utilizaban para reclamar casas de personas que se esforzaban en pagar sus hipotecas.<\/p>\n<p>Los contratos se utilizan para gobernar los acuerdos entre prestamistas y prestatarios. Si un prestamista no sigue los t\u00e9rminos convenidos en el contrato, un prestatario puede alegar que est\u00e1 en incumplimiento del contrato y tomar acci\u00f3n legal para recuperar las p\u00e9rdidas que sufrieron como resultado.<\/p>\n<p>Los prestatarios tambi\u00e9n pueden acusar a los prestamistas de fraude si el prestatario no estuvo de acuerdo con los t\u00e9rminos de un contrato que el prestamista est\u00e1 tratando de hacer cumplir. El fraude tambi\u00e9n ocurre si un prestamista cambia los t\u00e9rminos de un contrato y no comunica esos cambios correctamente al prestatario.<\/p>\n<p>Despu\u00e9s de la recesi\u00f3n, el gobierno federal promulg\u00f3 leyes para proteger a\u00fan m\u00e1s a los prestatarios que entraban en contratos con los prestamistas despu\u00e9s de que los prestatarios acusaran a los prestamistas de comportamientos enga\u00f1osos, particularmente por parte de las compa\u00f1\u00edas hipotecarias y los bancos.<\/p>\n<p>Los prestatarios acusaron a los prestamistas de aplicar indebidamente los pagos hipotecarios a los honorarios y cargos atrasados, en lugar de los pagos principales y de intereses. Adem\u00e1s, los prestamistas fueron acusados de procesar incorrectamente las aplicaciones de mitigaci\u00f3n de p\u00e9rdidas, modificaciones de pr\u00e9stamos, solicitudes de venta corta y escritura en lugar de solicitudes de <a href=\"https:\/\/mcdonaldworley.com\/consumer-protection-law\/foreclosure-defense\/\" target=\"_blank\" rel=\"noopener\">ejecuci\u00f3n hipotecaria.<\/a>. Las duras leyes federales, incluyendo a RESPA y TILA, ahora protegen a los prestatarios y a los prestamistas sujetos a grandes multas y sanciones por tales violaciones.<\/p>\n<p><b>RELACIONES FIDUCIARIAS<\/b><\/p>\n<p>Bajo la ley de responsabilidad crediticia, los prestamistas deben de tratar a sus prestatarios justamente. Las leyes de responsabilidad del prestamista dicen que existe un deber fiduciario para el prestamista cuando los prestatarios tienen fe en el y mantener su acuerdo, ya cuando los prestatarios est\u00e1n en una posici\u00f3n de desigualdad o dependencia del prestamista y cuando este controla los asuntos de los prestatarios.<\/p>\n<p>Los bancos, las compa\u00f1\u00edas hipotecarias y otros prestamistas comerciales generalmente tienen un deber fiduciario para sus prestatarios. Estos pueden ser capaces de tomar medidas legales si su prestamista no est\u00e1 actuando en su mejor inter\u00e9s con respecto al pr\u00e9stamo \u2014 por ejemplo, al inducirlos al error o a no proporcionar informaci\u00f3n sobre sus pr\u00e9stamos.<\/p>\n<p>Los asesores financieros tambi\u00e9n tienen un deber fiduciario para con sus clientes y si un banco mezcla asesor\u00eda financiera con un pr\u00e9stamo, ellos tienen una obligaci\u00f3n adicional de trabajar en el mejor inter\u00e9s de sus clientes tanto para la inversi\u00f3n como para el pr\u00e9stamo.<\/p>\n<p>Las leyes federales, tales como TILA y RESPA, establecen est\u00e1ndares m\u00e1s altos para los prestamistas tambi\u00e9n. Estas leyes requieren que estos proporcionen informaci\u00f3n a los prestatarios dentro de los plazos especificados y las acciones de proceso eficientemente.<\/p>\n<p><b>COLATERAL<\/b><\/p>\n<p>Las <a href=\"https:\/\/mcdonaldworley.com\/es\/cuidado-evitar-reclamo-responsabilidad-local-este-halloween\/\" target=\"_blank\" rel=\"noopener\">reclamaciones de responsabilidad del<\/a> prestamista tambi\u00e9n pueden referirse al manejo incorrecto de garant\u00edas. El colateral es asegurado por un prestamista para ayudar a garantizar el pr\u00e9stamo; sin embargo, las leyes espec\u00edficas, as\u00ed como los t\u00e9rminos en el contrato dictan cuando el prestamista puede reclamar el colateral.<\/p>\n<p>Los prestamistas deben seguir las reglas con respecto a la garant\u00eda, incluso si un prestatario omite un pr\u00e9stamo. Los prestatarios pueden responsabilizar a los prestamistas si hay una reposesi\u00f3n incorrecta o una venta inapropiada de los bienes en garant\u00eda. Por ejemplo, si el prestamista utiliza una evaluaci\u00f3n injusta para establecer el valor de los bienes en garant\u00eda o no utiliza correctamente el colateral, el prestatario puede tomar medidas legales alegando que el prestamista manej\u00f3 el colateral incorrectamente.<\/p>\n<p>Los prestatarios deben saber que\u00a0la <a href=\"https:\/\/mcdonaldworley.com\/consumer-protection-law\/\"><b>Ley de responsabilidad del prestamista<\/b><\/a> protege su inter\u00e9s. Las nuevas regulaciones federales tambi\u00e9n proporcionan a los prestatarios victimizados para recuperar da\u00f1os, honorarios legales e incluso multas de estatutos de $1,000 a $4,000, dependiendo de la situaci\u00f3n.<\/p>\n","protected":false},"excerpt":{"rendered":"<p>\u00bfQU\u00c9 ES LA RESPONSABILIDAD DEL PRESTAMISTA? La responsabilidad del prestamista se refiere a las leyes de protecci\u00f3n al consumidor que protegen a quienes piden dinero. Los bancos, las compa\u00f1\u00edas hipotecarias y otros prestamistas son monitoreados por ciertas leyes para asegurarse de que no se aprovechen de los prestatarios. Los prestamistas generalmente necesitan tratar a sus [&hellip;]<\/p>\n","protected":false},"author":65,"featured_media":0,"parent":24873,"menu_order":0,"comment_status":"closed","ping_status":"closed","template":"","meta":{"_acf_changed":false,"site-sidebar-layout":"default","site-content-layout":"","ast-site-content-layout":"default","site-content-style":"default","site-sidebar-style":"default","ast-global-header-display":"","ast-banner-title-visibility":"","ast-main-header-display":"","ast-hfb-above-header-display":"","ast-hfb-below-header-display":"","ast-hfb-mobile-header-display":"","site-post-title":"","ast-breadcrumbs-content":"","ast-featured-img":"","footer-sml-layout":"","ast-disable-related-posts":"","theme-transparent-header-meta":"","adv-header-id-meta":"","stick-header-meta":"","header-above-stick-meta":"","header-main-stick-meta":"","header-below-stick-meta":"","astra-migrate-meta-layouts":"default","ast-page-background-enabled":"default","ast-page-background-meta":{"desktop":{"background-color":"var(--ast-global-color-4)","background-image":"","background-repeat":"repeat","background-position":"center center","background-size":"auto","background-attachment":"scroll","background-type":"","background-media":"","overlay-type":"","overlay-color":"","overlay-opacity":"","overlay-gradient":""},"tablet":{"background-color":"","background-image":"","background-repeat":"repeat","background-position":"center center","background-size":"auto","background-attachment":"scroll","background-type":"","background-media":"","overlay-type":"","overlay-color":"","overlay-opacity":"","overlay-gradient":""},"mobile":{"background-color":"","background-image":"","background-repeat":"repeat","background-position":"center center","background-size":"auto","background-attachment":"scroll","background-type":"","background-media":"","overlay-type":"","overlay-color":"","overlay-opacity":"","overlay-gradient":""}},"ast-content-background-meta":{"desktop":{"background-color":"var(--ast-global-color-5)","background-image":"","background-repeat":"repeat","background-position":"center center","background-size":"auto","background-attachment":"scroll","background-type":"","background-media":"","overlay-type":"","overlay-color":"","overlay-opacity":"","overlay-gradient":""},"tablet":{"background-color":"var(--ast-global-color-5)","background-image":"","background-repeat":"repeat","background-position":"center center","background-size":"auto","background-attachment":"scroll","background-type":"","background-media":"","overlay-type":"","overlay-color":"","overlay-opacity":"","overlay-gradient":""},"mobile":{"background-color":"var(--ast-global-color-5)","background-image":"","background-repeat":"repeat","background-position":"center center","background-size":"auto","background-attachment":"scroll","background-type":"","background-media":"","overlay-type":"","overlay-color":"","overlay-opacity":"","overlay-gradient":""}},"footnotes":""},"class_list":["post-24938","page","type-page","status-publish","hentry"],"acf":[],"_links":{"self":[{"href":"https:\/\/mcdonaldworley.com\/es\/wp-json\/wp\/v2\/pages\/24938","targetHints":{"allow":["GET"]}}],"collection":[{"href":"https:\/\/mcdonaldworley.com\/es\/wp-json\/wp\/v2\/pages"}],"about":[{"href":"https:\/\/mcdonaldworley.com\/es\/wp-json\/wp\/v2\/types\/page"}],"author":[{"embeddable":true,"href":"https:\/\/mcdonaldworley.com\/es\/wp-json\/wp\/v2\/users\/65"}],"replies":[{"embeddable":true,"href":"https:\/\/mcdonaldworley.com\/es\/wp-json\/wp\/v2\/comments?post=24938"}],"version-history":[{"count":0,"href":"https:\/\/mcdonaldworley.com\/es\/wp-json\/wp\/v2\/pages\/24938\/revisions"}],"up":[{"embeddable":true,"href":"https:\/\/mcdonaldworley.com\/es\/wp-json\/wp\/v2\/pages\/24873"}],"wp:attachment":[{"href":"https:\/\/mcdonaldworley.com\/es\/wp-json\/wp\/v2\/media?parent=24938"}],"curies":[{"name":"wp","href":"https:\/\/api.w.org\/{rel}","templated":true}]}}