{"id":24936,"date":"2018-11-01T19:46:48","date_gmt":"2018-11-01T19:46:48","guid":{"rendered":"https:\/\/abconlinehold.wpengine.com\/?page_id=24936"},"modified":"2021-08-09T16:09:54","modified_gmt":"2021-08-09T21:09:54","slug":"complicaciones-del-filtro-de-la-vena-inferior","status":"publish","type":"page","link":"https:\/\/mcdonaldworley.com\/es\/productos-medicos-defectuosos\/complicaciones-del-filtro-de-la-vena-inferior\/","title":{"rendered":"Complicaciones del Filtro de la Vena Inferior"},"content":{"rendered":"<p><b>\u00bfSUFRI\u00d3 USTED COMPLICACIONES CAUSADAS POR UN FILTRO DE CO\u00c1GULOS DE SANGRE DE LA VENA INFERIOR?<\/b><\/p>\n<p>Los filtros de vena cava inferior son dispositivos m\u00e9dicos que pueden ser implantados en pacientes que est\u00e1n en riesgo de desarrollar co\u00e1gulos de sangre potencialmente peligrosos para la vida. Los filtros de la vena cava inferior son especialmente populares para su uso en pacientes que no pueden tomar medicamentos adelgazantes de la sangre o que contin\u00faan teniendo problemas en la sangre mientras toman anticoagulantes.<\/p>\n<p>Algunas complicaciones serias se han asociado con los filtros de la vena cava inferior, causando que migren, que perforen los \u00f3rganos y que causan dolor de pecho, brevedad de la respiraci\u00f3n y a veces hasta la muerte. Si usted sufri\u00f3 complicaciones del filtro de co\u00e1gulos sangu\u00edneos, es posible que tenga una reclamaci\u00f3n legal a su alcance.<\/p>\n<p><b>\u00bfQU\u00c9 ES UN FILTRO DE LA VENA CAVA INFERIOR?<\/b><\/p>\n<p>Este filtro es un peque\u00f1o dispositivo met\u00e1lico que se implanta en la vena cava inferior, lo cual es la vena grande que transporta la sangre desde el cuerpo inferior al coraz\u00f3n, para evitar que los co\u00e1gulos de sangre viajen al coraz\u00f3n y los pulmones. Cuando un co\u00e1gulo de sangre llega al coraz\u00f3n o a los pulmones, puede causar complicaciones graves como embolia pulmonar, trombosis venosa profunda, derrame cerebral u otros problemas serios.<\/p>\n<p>Estos dispositivos en forma de ara\u00f1a est\u00e1n dise\u00f1ados para atrapar fragmentos de co\u00e1gulos sangu\u00edneos que se desarrollan en el cuerpo, reduciendo as\u00ed el riesgo de problemas de salud relacionados con el co\u00e1gulo sangu\u00edneo grave. Algunos filtros de co\u00e1gulos de sangre est\u00e1n dise\u00f1ados para ser implantados permanentemente mientras que otros son recuperables y dise\u00f1ados para ser removidos despu\u00e9s de un per\u00edodo de tiempo.<\/p>\n<p>Algunos de los tipos m\u00e1s comunes de filtros de co\u00e1gulos sangu\u00edneos incluyen:<\/p>\n<ul>\n<li>Filtro Bard G2 Express<\/li>\n<li>Filtro Bard G2<\/li>\n<li>Filtro de Recuperaci\u00f3n Bard<\/li>\n<li>Filtro de Boston Scientific Greenfield<\/li>\n<li>Filtro Cook Celect<\/li>\n<li>Filtro Cocinero Gunther Tulip<\/li>\n<\/ul>\n<p><b>\u00bfCU\u00c1NDO SE RECOMIENDA UN FILTRO DE CO\u00c1GULOS SANGU\u00cdNEOS?<\/b><\/p>\n<p>La trombosis venosa profunda es un tipo de co\u00e1gulo sangu\u00edneo que se desarrolla profundamente dentro de la pelvis y las extremidades del cuerpo. La TVP generalmente no es potencialmente mortal, pero si el co\u00e1gulo de sangre viaja a los pulmones, puede producir una embolia pulmonar, que puede ser fatal.<\/p>\n<p>Se reporta que la embolia pulmonar es la tercera causa m\u00e1s com\u00fan de muerte en pacientes de los hospitales. A los pacientes con riesgo de TVP o embolia pulmonar se les puede administrar un medicamento anticoagulante para prevenir la formaci\u00f3n de co\u00e1gulos sangu\u00edneos. Sin embargo, estos tipos de medicaciones no siempre son convenientes para todos los pacientes.<\/p>\n<p>Un m\u00e9dico puede recomendar un filtro para prevenir los co\u00e1gulos de sangre para los pacientes que no pueden tolerar los medicamentos anticoagulantes o que pueden estar en riesgo de sangrado excesivo. Los filtros tambi\u00e9n se pueden usar en pacientes con riesgo elevado de co\u00e1gulos sangu\u00edneos debido a un trauma grave o despu\u00e9s de una cirug\u00eda.<\/p>\n<p>Los m\u00e9dicos pueden recomendar un filtro de la vena cava inferior para los pacientes con las siguientes afecciones:<\/p>\n<ul>\n<li>Lesi\u00f3n medular<\/li>\n<li>Tratamiento del c\u00e1ncer<\/li>\n<li>Heridas de bala<\/li>\n<li><a href=\"https:\/\/mcdonaldworley.com\/es\/riverside\/abogado-accidentes-automovilisticos\/\" target=\"_blank\" rel=\"noopener\">Accidentes automovil\u00edsticos.<\/a><\/li>\n<li>Parto<\/li>\n<li>Pacientes de cirug\u00eda<\/li>\n<li>Los pacientes que est\u00e1n inm\u00f3viles<\/li>\n<li>Tratamiento de di\u00e1lisis<\/li>\n<\/ul>\n<p><b>LA FDA ADVIERTE DE LOS RIESGOS DEL FILTRO DE LA VENA CAVA INFERIOR<\/b><\/p>\n<p>Aunque el filtro es efectivo para evitar que los co\u00e1gulos de sangre viajen al coraz\u00f3n y los pulmones, el filtro de la vena cava inferior puede representar algunos riesgos serios.<\/p>\n<p>Seg\u00fan informes, la Administraci\u00f3n de Alimentos y Medicamentos de los Estados Unidos (FDA, por sus siglas en ingl\u00e9s) ha recibido cientos de informes de problemas de filtraci\u00f3n de la vena cava inferior, incluyendo:<\/p>\n<ul>\n<li>Migraci\u00f3n de filtros<\/li>\n<li>\u00d3rganos perforados<\/li>\n<li>Dolor tor\u00e1cico<\/li>\n<li>Dificultad respiratoria<\/li>\n<li>Muerte<\/li>\n<\/ul>\n<p>En el 2010, la FDA emiti\u00f3 una advertencia acerca de los riesgos del filtro de la vena cava inferior e insisti\u00f3 a los pacientes a someterse a un filtro de sangre, tan pronto como sus condiciones de co\u00e1gulos se deshicieran. La FDA actualiz\u00f3 su advertencia en el 2014 e inst\u00f3 a los pacientes a someterse al retiro del filtro de vena cava dentro de un cierto per\u00edodo de tiempo despu\u00e9s de la implantaci\u00f3n. Generalmente, el per\u00edodo de tiempo recomendado para la eliminaci\u00f3n del filtro de la vena cava inferior fue de uno a dos meses despu\u00e9s de que el dispositivo fuese implantado.<\/p>\n<p><b>LITIGIO DEL FILTRO DE LA VENA CAVA INFERIOR<\/b><\/p>\n<p>Desafortunadamente, el aviso del filtro del co\u00e1gulo de sangre de la FDA llego demasiado tarde para algunas personas que sufrieron complicaciones por este. Estas complicaciones del filtro de la vena cava inferior han incitado a algunos pacientes afectados a presentar una demanda, alegando que el filtro no detuvo los co\u00e1gulos de sangre que los hicieron sufrir lesiones.<\/p>\n<p>La demanda del filtro de la vena cava inferior puede implicar alegaciones contra los fabricantes de estos dispositivos, puede haber reclamaciones por defectos de dise\u00f1o, defectos de fabricaci\u00f3n, incumplimiento de la garant\u00eda impl\u00edcita, mala representaci\u00f3n negligente, falta de advertencia de los riesgos del filtro de la vena cava inferior previamente conocidas y\/o muerte injusta.<\/p>\n<p><b>\u00bfC\u00d3MO PUEDO SABER SI SOY ELEGIBLE PARA PRESENTAR UNA DEMANDA POR EL FILTRO DE LA VENA CAVA INFERIOR?<\/b><\/p>\n<p><b>Si usted o un ser querido sufri\u00f3 lesiones por un filtro de co\u00e1gulos de sangre, usted puede tener un reclamo legal a su disponibilidad. Comun\u00edquese con los abogados de responsabilidad civil <a href=\"https:\/\/mcdonaldworley.com\/civil-litigation\/social-security-disability-denial\/\" target=\"_blank\" rel=\"noopener\">por productos en McDonald Worley para una evaluaci\u00f3n gratuita del<\/a> caso..<\/b><\/p>\n<p>Nuestros abogados tienen experiencia en la investigaci\u00f3n de reclamaciones contra los fabricantes de los filtros de la vena cava inferior y le ayudar\u00e1n a determinar si la presentaci\u00f3n de una demanda de dicho filtro es la adecuada para usted. Una demanda del filtro de la vena cava inferior permite que las partes lesionadas busquen compensaci\u00f3n por sus lesiones.<\/p>\n","protected":false},"excerpt":{"rendered":"<p>\u00bfSUFRI\u00d3 USTED COMPLICACIONES CAUSADAS POR UN FILTRO DE CO\u00c1GULOS DE SANGRE DE LA VENA INFERIOR? Los filtros de vena cava inferior son dispositivos m\u00e9dicos que pueden ser implantados en pacientes que est\u00e1n en riesgo de desarrollar co\u00e1gulos de sangre potencialmente peligrosos para la vida. Los filtros de la vena cava inferior son especialmente populares para [&hellip;]<\/p>\n","protected":false},"author":65,"featured_media":0,"parent":24884,"menu_order":0,"comment_status":"closed","ping_status":"closed","template":"","meta":{"_acf_changed":false,"site-sidebar-layout":"default","site-content-layout":"","ast-site-content-layout":"default","site-content-style":"default","site-sidebar-style":"default","ast-global-header-display":"","ast-banner-title-visibility":"","ast-main-header-display":"","ast-hfb-above-header-display":"","ast-hfb-below-header-display":"","ast-hfb-mobile-header-display":"","site-post-title":"","ast-breadcrumbs-content":"","ast-featured-img":"","footer-sml-layout":"","ast-disable-related-posts":"","theme-transparent-header-meta":"","adv-header-id-meta":"","stick-header-meta":"","header-above-stick-meta":"","header-main-stick-meta":"","header-below-stick-meta":"","astra-migrate-meta-layouts":"default","ast-page-background-enabled":"default","ast-page-background-meta":{"desktop":{"background-color":"var(--ast-global-color-4)","background-image":"","background-repeat":"repeat","background-position":"center center","background-size":"auto","background-attachment":"scroll","background-type":"","background-media":"","overlay-type":"","overlay-color":"","overlay-opacity":"","overlay-gradient":""},"tablet":{"background-color":"","background-image":"","background-repeat":"repeat","background-position":"center center","background-size":"auto","background-attachment":"scroll","background-type":"","background-media":"","overlay-type":"","overlay-color":"","overlay-opacity":"","overlay-gradient":""},"mobile":{"background-color":"","background-image":"","background-repeat":"repeat","background-position":"center center","background-size":"auto","background-attachment":"scroll","background-type":"","background-media":"","overlay-type":"","overlay-color":"","overlay-opacity":"","overlay-gradient":""}},"ast-content-background-meta":{"desktop":{"background-color":"var(--ast-global-color-5)","background-image":"","background-repeat":"repeat","background-position":"center center","background-size":"auto","background-attachment":"scroll","background-type":"","background-media":"","overlay-type":"","overlay-color":"","overlay-opacity":"","overlay-gradient":""},"tablet":{"background-color":"var(--ast-global-color-5)","background-image":"","background-repeat":"repeat","background-position":"center center","background-size":"auto","background-attachment":"scroll","background-type":"","background-media":"","overlay-type":"","overlay-color":"","overlay-opacity":"","overlay-gradient":""},"mobile":{"background-color":"var(--ast-global-color-5)","background-image":"","background-repeat":"repeat","background-position":"center center","background-size":"auto","background-attachment":"scroll","background-type":"","background-media":"","overlay-type":"","overlay-color":"","overlay-opacity":"","overlay-gradient":""}},"footnotes":""},"class_list":["post-24936","page","type-page","status-publish","hentry"],"acf":[],"_links":{"self":[{"href":"https:\/\/mcdonaldworley.com\/es\/wp-json\/wp\/v2\/pages\/24936","targetHints":{"allow":["GET"]}}],"collection":[{"href":"https:\/\/mcdonaldworley.com\/es\/wp-json\/wp\/v2\/pages"}],"about":[{"href":"https:\/\/mcdonaldworley.com\/es\/wp-json\/wp\/v2\/types\/page"}],"author":[{"embeddable":true,"href":"https:\/\/mcdonaldworley.com\/es\/wp-json\/wp\/v2\/users\/65"}],"replies":[{"embeddable":true,"href":"https:\/\/mcdonaldworley.com\/es\/wp-json\/wp\/v2\/comments?post=24936"}],"version-history":[{"count":0,"href":"https:\/\/mcdonaldworley.com\/es\/wp-json\/wp\/v2\/pages\/24936\/revisions"}],"up":[{"embeddable":true,"href":"https:\/\/mcdonaldworley.com\/es\/wp-json\/wp\/v2\/pages\/24884"}],"wp:attachment":[{"href":"https:\/\/mcdonaldworley.com\/es\/wp-json\/wp\/v2\/media?parent=24936"}],"curies":[{"name":"wp","href":"https:\/\/api.w.org\/{rel}","templated":true}]}}